{"id":6652,"date":"2023-01-15T04:12:11","date_gmt":"2023-01-15T03:12:11","guid":{"rendered":"https:\/\/wellness4you.cz\/sk\/?post_type=product&#038;p=6652"},"modified":"2026-01-08T22:52:34","modified_gmt":"2026-01-08T21:52:34","slug":"prostovit","status":"publish","type":"product","link":"https:\/\/wellness4you.cz\/sk\/prostovit\/","title":{"rendered":"Prostovit"},"content":{"rendered":"<h2>Prostovit &#8211; \u00fa\u017easn\u00e9 kvapky proti prostatit\u00edde!<\/h2>\n<p>Ste jedn\u00fdm z mili\u00f3nov \u013eud\u00ed, ktor\u00ed trpia pr\u00edznakmi z\u00e1palu prostaty? T\u00fa\u017eite po \u00fa\u013eave, aby pre v\u00e1s rann\u00e9 vst\u00e1vanie z postele nemuselo by\u0165 tak\u00fdm bojom? Ak \u00e1no, zamilujete si Prostovit.<\/p>\n<p>Prostovit je \u00faplne pr\u00edrodn\u00fd patentovan\u00fd vzorec navrhnut\u00fd na zn\u00ed\u017eenie z\u00e1palu a poskytnutie r\u00fdchlej \u00fa\u013eavy od z\u00e1palu prostaty. V skuto\u010dnosti bol klinicky testovan\u00fd oproti placebu, aby sa zbavil aj t\u00fdch naj\u0165a\u017e\u0161\u00edch pr\u00edpadov u\u017e za dva t\u00fd\u017edne! S Prostovitom u\u017e nikdy nebudete musie\u0165 pre\u017ei\u0165 \u010fal\u0161iu bezsenn\u00fa noc!<\/p>\n<p>Jeho pou\u017eitie je jednoduch\u00e9 a \u00faplne bezbolestn\u00e9. V\u0161etko, \u010do mus\u00edte urobi\u0165, je prida\u0165 nieko\u013eko kvapiek Prostovitu do v\u00e1\u0161ho n\u00e1poja alebo ob\u013e\u00faben\u00e9ho ob\u010derstvenia trikr\u00e1t denne a v\u00fdsledky za\u010dnete vidie\u0165 v kr\u00e1tkom \u010dase! Neobsahuje \u017eiadne drsn\u00e9 chemik\u00e1lie ani skryt\u00e9 zlo\u017eky. Tak\u017ee si m\u00f4\u017eete by\u0165 ist\u00ed, \u017ee va\u0161e zdravie je s Prostovitom v dobr\u00fdch ruk\u00e1ch.<\/p>\n<p>Mysl\u00edme si, \u017ee ka\u017ed\u00fd by mal ma\u0165 mo\u017enos\u0165 u\u017e\u00edva\u0165 si \u017eivot bez toho, aby trpel prostatit\u00eddou, preto sme sa postarali o to, aby bol n\u00e1\u0161 v\u00fdrobok cenovo dostupn\u00fd a \u013eahko dostupn\u00fd priamo tu na na\u0161ej webovej str\u00e1nke alebo v ktorejko\u013evek miestnej lek\u00e1rni vo va\u0161om okol\u00ed. Tak\u017ee u\u017e ne\u010dakajte &#8211; vezmite si sp\u00e4\u0165 svoj \u017eivot e\u0161te dnes s Prostovit!<\/p>\n<h2>Na\u0161e pr\u00edrodn\u00e9 rie\u0161enie na lie\u010dbu prostatit\u00eddy.<\/h2>\n<p>Ako mu\u017ei starn\u00fa, ich prostata m\u00f4\u017ee trpie\u0165 z\u00e1palom. Prostatit\u00edda m\u00f4\u017ee by\u0165 bolestiv\u00fd, nepr\u00edjemn\u00fd stav, ktor\u00fd ovplyv\u0148uje kvalitu \u017eivota. Preto sme vyvinuli Prostovit, n\u00e1\u0161 pr\u00edrodn\u00fd liek, ktor\u00fd preuk\u00e1zate\u013ene zni\u017euje z\u00e1pal prostaty a zmier\u0148uje jej pr\u00edznaky.<\/p>\n<p>N\u00e1\u0161 roztok sa \u013eahko u\u017e\u00edva vo forme kvapiek, ktor\u00e9 si do tela zav\u00e1dzate trikr\u00e1t denne. Jeho bylinn\u00e9 zlo\u017eenie obsahuje lie\u010div\u00e9 rastliny, miner\u00e1ly a vitam\u00edny &#8211; v\u0161etky spolo\u010dne p\u00f4sobia na zn\u00ed\u017eenie opuchu a odstr\u00e1nenie nepr\u00edjemn\u00fdch pocitov. Na rozdiel od in\u00fdch alternat\u00edv neobsahuje chemick\u00e9 pr\u00edsady ani horm\u00f3ny, ktor\u00e9 by mohli naru\u0161i\u0165 in\u00e9 telesn\u00e9 funkcie, ale pon\u00faka \u0161etrn\u00fa a bezpe\u010dn\u00fa lie\u010dbu prostaty.<\/p>\n<p>Prevezmite kontrolu nad svoj\u00edm zdrav\u00edm e\u0161te dnes s diskr\u00e9tnou, r\u00fdchlo p\u00f4sobiacou \u00fa\u013eavou pre nepokojn\u00fa prostatu s Prostovitom! R\u00fdchlo zlep\u0161ite \u00farove\u0148 svojho komfortu len s jednou d\u00e1vkou a za\u010dnite sa r\u00fdchlo c\u00edti\u0165 lep\u0161ie, ke\u010f si objedn\u00e1te f\u013ea\u0161u e\u0161te dnes!<\/p>\n","protected":false},"excerpt":{"rendered":"<p>Prostovit &#8211; \u00fa\u017easn\u00e9 kvapky proti prostatit\u00edde! K\u00fapi\u0165 Prostovit v Slovenskej Republike za v\u00fdhodn\u00fa cenu. Hodnotenie. Kde k\u00fapi\u0165. Cena. Doru\u010denie na celom Slovensku: Trnava, Bansk\u00e1 Bystrica, Nitra, \u017dilina, Pre\u0161ov, Ko\u0161ice, Bratislava, Zvolen, Prievidza, Poprad, Martin, Tren\u010d\u00edn, Trebi\u0161ov, Topo\u013e\u010dany a Pezinok. Kontraindik\u00e1cie, Ako si tovar vzia\u0165, Indik\u00e1cie pre pou\u017eitie. K\u00fapte si Prostovit online.<\/p>\n","protected":false},"featured_media":6887,"comment_status":"open","ping_status":"closed","template":"","meta":{"site-sidebar-layout":"default","site-content-layout":"default","ast-site-content-layout":"default","site-content-style":"default","site-sidebar-style":"default","ast-global-header-display":"","ast-banner-title-visibility":"","ast-main-header-display":"","ast-hfb-above-header-display":"","ast-hfb-below-header-display":"","ast-hfb-mobile-header-display":"","site-post-title":"","ast-breadcrumbs-content":"","ast-featured-img":"","footer-sml-layout":"","ast-disable-related-posts":"","theme-transparent-header-meta":"default","adv-header-id-meta":"","stick-header-meta":"","header-above-stick-meta":"","header-main-stick-meta":"","header-below-stick-meta":"","astra-migrate-meta-layouts":"set","ast-page-background-enabled":"default","ast-page-background-meta":{"desktop":{"background-color":"","background-image":"","background-repeat":"repeat","background-position":"center center","background-size":"auto","background-attachment":"scroll","background-type":"","background-media":"","overlay-type":"","overlay-color":"","overlay-opacity":"","overlay-gradient":""},"tablet":{"background-color":"","background-image":"","background-repeat":"repeat","background-position":"center center","background-size":"auto","background-attachment":"scroll","background-type":"","background-media":"","overlay-type":"","overlay-color":"","overlay-opacity":"","overlay-gradient":""},"mobile":{"background-color":"","background-image":"","background-repeat":"repeat","background-position":"center center","background-size":"auto","background-attachment":"scroll","background-type":"","background-media":"","overlay-type":"","overlay-color":"","overlay-opacity":"","overlay-gradient":""}},"ast-content-background-meta":{"desktop":{"background-color":"var(--ast-global-color-5)","background-image":"","background-repeat":"repeat","background-position":"center center","background-size":"auto","background-attachment":"scroll","background-type":"","background-media":"","overlay-type":"","overlay-color":"","overlay-opacity":"","overlay-gradient":""},"tablet":{"background-color":"var(--ast-global-color-5)","background-image":"","background-repeat":"repeat","background-position":"center center","background-size":"auto","background-attachment":"scroll","background-type":"","background-media":"","overlay-type":"","overlay-color":"","overlay-opacity":"","overlay-gradient":""},"mobile":{"background-color":"var(--ast-global-color-5)","background-image":"","background-repeat":"repeat","background-position":"center center","background-size":"auto","background-attachment":"scroll","background-type":"","background-media":"","overlay-type":"","overlay-color":"","overlay-opacity":"","overlay-gradient":""}}},"product_brand":[],"product_cat":[40],"product_tag":[],"class_list":{"0":"post-6652","1":"product","2":"type-product","3":"status-publish","4":"has-post-thumbnail","6":"product_cat-produkty-pre-muzov","7":"desktop-align-left","8":"tablet-align-left","9":"mobile-align-left","11":"first","12":"instock","13":"sale","14":"taxable","15":"shipping-taxable","16":"purchasable","17":"product-type-simple"},"_links":{"self":[{"href":"https:\/\/wellness4you.cz\/sk\/wp-json\/wp\/v2\/product\/6652","targetHints":{"allow":["GET"]}}],"collection":[{"href":"https:\/\/wellness4you.cz\/sk\/wp-json\/wp\/v2\/product"}],"about":[{"href":"https:\/\/wellness4you.cz\/sk\/wp-json\/wp\/v2\/types\/product"}],"replies":[{"embeddable":true,"href":"https:\/\/wellness4you.cz\/sk\/wp-json\/wp\/v2\/comments?post=6652"}],"wp:featuredmedia":[{"embeddable":true,"href":"https:\/\/wellness4you.cz\/sk\/wp-json\/wp\/v2\/media\/6887"}],"wp:attachment":[{"href":"https:\/\/wellness4you.cz\/sk\/wp-json\/wp\/v2\/media?parent=6652"}],"wp:term":[{"taxonomy":"product_brand","embeddable":true,"href":"https:\/\/wellness4you.cz\/sk\/wp-json\/wp\/v2\/product_brand?post=6652"},{"taxonomy":"product_cat","embeddable":true,"href":"https:\/\/wellness4you.cz\/sk\/wp-json\/wp\/v2\/product_cat?post=6652"},{"taxonomy":"product_tag","embeddable":true,"href":"https:\/\/wellness4you.cz\/sk\/wp-json\/wp\/v2\/product_tag?post=6652"}],"curies":[{"name":"wp","href":"https:\/\/api.w.org\/{rel}","templated":true}]}}