{"id":6651,"date":"2023-01-15T04:12:10","date_gmt":"2023-01-15T03:12:10","guid":{"rendered":"https:\/\/wellness4you.cz\/sk\/?post_type=product&#038;p=6651"},"modified":"2026-01-08T22:52:36","modified_gmt":"2026-01-08T21:52:36","slug":"ketoexpert","status":"publish","type":"product","link":"https:\/\/wellness4you.cz\/sk\/ketoexpert\/","title":{"rendered":"KetoExpert"},"content":{"rendered":"<h2>Predstavujeme v\u00e1m KetoExpert &#8211; v\u00e1\u0161ho d\u00f4veryhodn\u00e9ho partnera na chudnutie!<\/h2>\n<p>Na\u0161e vlajkov\u00e9 kapsule poskytuj\u00fa bezpe\u010dn\u00fd a prirodzen\u00fd sp\u00f4sob, ako spa\u013eova\u0165 tuk a z\u00edska\u0165 telo svojich snov. Pri u\u017e\u00edvan\u00ed n\u00e1\u0161ho jedine\u010dn\u00e9ho zlo\u017eenia sa nebudete musie\u0165 ob\u00e1va\u0165 pocitu nedostatku alebo drastick\u00fdch zmien v stravovan\u00ed. S pr\u00edpravkom KetoExpert sta\u010d\u00ed u\u017e\u00edva\u0165 dve kapsuly ka\u017ed\u00fd de\u0148 spolu s ve\u013ek\u00fdm mno\u017estvom vody &#8211; to je v\u0161etko! \u017diadne hladn\u00e9 \u017eal\u00fadky, \u017eiadne chute, \u017eiadne nepr\u00edjemn\u00e9 ved\u013eaj\u0161ie \u00fa\u010dinky &#8211; len r\u00fdchle a jednoduch\u00e9 spa\u013eovanie tukov.<\/p>\n<p>KetoExpert bol navrhnut\u00fd tak, aby optimalizoval metabolizmus v\u00e1\u0161ho tela, tak\u017ee kone\u010dne m\u00f4\u017eete dosiahnu\u0165 dlhodob\u00e9 ciele v oblasti chudnutia, o ktor\u00fdch ste v\u017edy sn\u00edvali. Pom\u00f4\u017ee zredukova\u0165 tvrdohlav\u00e9 tukov\u00e9 bunky a z\u00e1rove\u0148 dod\u00e1 va\u0161im svalom prospe\u0161n\u00e9 \u017eiviny. A nielen to, dod\u00e1 v\u00e1\u0161mu mozgu aj d\u00f4le\u017eit\u00e9 stopov\u00e9 miner\u00e1ly, ktor\u00e9 zabezpe\u010dia v\u00fdnimo\u010dn\u00fa koncentr\u00e1ciu a s\u00fastredenie po\u010das cel\u00e9ho d\u0148a.<\/p>\n<p>V\u010faka \u010distej bylinnej zmesi kombinuje vysokokvalitn\u00e9 rastliny, ako je Garcinia Cambogia, extrakt z k\u00e1vov\u00fdch z\u0155n, extrakt z hork\u00e9ho pomaran\u010da a extrakt z bielych obli\u010diek &#8211; KetoExpert pon\u00faka maxim\u00e1lnu \u00fa\u010dinnos\u0165 bez ak\u00fdchko\u013evek ne\u017eiaducich n\u00e1sledkov. \u00da\u010dinnos\u0165 tohto pozoruhodn\u00e9ho pr\u00edpravku bola klinicky testovan\u00e1 v laborat\u00f3rnych podmienkach a preuk\u00e1zala mimoriadne v\u00fdsledky! Preto u\u017e ne\u010dakajte &#8211; vysk\u00fa\u0161ajte KetoExpert e\u0161te dnes a za\u017eite jeho overite\u013en\u00fd \u00faspech na vlastnej ko\u017ei!<\/p>\n<h2>Dosiahnite svoje ciele v oblasti chudnutia!<\/h2>\n<p>Na\u0161e kapsule na chudnutie u\u013eah\u010duj\u00fa udr\u017eanie spr\u00e1vneho smeru a zbavenie sa nadbyto\u010dn\u00fdch kilogramov. Kapsule obsahuj\u00fa pr\u00edrodn\u00e9 zlo\u017eky, ako je zelen\u00fd \u010daj a BHB (beta-hydroxybutyr\u00e1t), ktor\u00e9 pom\u00e1haj\u00fa udr\u017eiava\u0165 va\u0161e telo v stave &#8220;ket\u00f3zy&#8221; &#8211; prirodzen\u00e9ho metabolick\u00e9ho procesu, pri ktorom va\u0161e telo spa\u013euje tuk na energiu namiesto sacharidov. Pri ka\u017edodennom u\u017e\u00edvan\u00ed KetoExpert pom\u00e1ha zr\u00fdch\u013eova\u0165 metabolizmus a zvy\u0161ova\u0165 hladinu energie, tak\u017ee budete ma\u0165 viac el\u00e1nu do kroku. Nikdy nebolo jednoduch\u0161ie prejs\u0165 od tuku k skvel\u00e9mu telu!<\/p>\n<p>V KetoExpert je k\u013e\u00fa\u010dom k \u00faspechu sebad\u00f4vera. Na\u0161e produkty zostavujeme len z klinicky overen\u00fdch zlo\u017eiek ur\u010den\u00fdch na maxim\u00e1lnu \u00fa\u010dinnos\u0165. Na\u0161e doplnky pom\u00e1haj\u00fa zni\u017eova\u0165 chu\u0165 na jedlo a podporuj\u00fa zdravie tr\u00e1viaceho traktu, tak\u017ee nebudete musie\u0165 rie\u0161i\u0165 intenz\u00edvne n\u00e1valy hladu alebo nad\u00favanie.<\/p>\n<p>Vieme, \u017ee va\u0161a cesta za chudnut\u00edm m\u00f4\u017ee by\u0165 niekedy sk\u013eu\u010duj\u00faca. Preto je tu KetoExpert, aby v\u00e1s podporil na ka\u017edom kroku! S na\u0161imi kapsulami na chudnutie v\u00e1s chceme vybavi\u0165 v\u0161etk\u00fdmi n\u00e1strojmi potrebn\u00fdmi na dosiahnutie \u00faspechu, aby ste mohli dosiahnu\u0165 svoje ciele bez toho, aby ste museli robi\u0165 kompromisy v kvalite alebo bezpe\u010dnosti. Sta\u0148te sa silnej\u0161\u00edmi a zdrav\u0161\u00edmi t\u00fdm, \u017ee do seba investujete e\u0161te dnes!<\/p>\n","protected":false},"excerpt":{"rendered":"<p>KetoExpert &#8211; dosiahnite svoje ciele v oblasti chudnutia! K\u00fapi\u0165 KetoExpert v Slovenskej Republike za v\u00fdhodn\u00fa cenu. Kde k\u00fapi\u0165. Cena. Hodnotenie. Doru\u010denie na celom Slovensku: Bansk\u00e1 Bystrica, Nitra, \u017dilina, Pre\u0161ov, Ko\u0161ice, Bratislava, Zvolen, Prievidza, Poprad, Martin, Tren\u010d\u00edn, Trnava, Topo\u013e\u010dany, Pezinok a Lu\u010denec. Ako si tovar vzia\u0165, Indik\u00e1cie pre pou\u017eitie, Kontraindik\u00e1cie. K\u00fapte si KetoExpert online.<\/p>\n","protected":false},"featured_media":6885,"comment_status":"open","ping_status":"closed","template":"","meta":{"site-sidebar-layout":"default","site-content-layout":"default","ast-site-content-layout":"default","site-content-style":"default","site-sidebar-style":"default","ast-global-header-display":"","ast-banner-title-visibility":"","ast-main-header-display":"","ast-hfb-above-header-display":"","ast-hfb-below-header-display":"","ast-hfb-mobile-header-display":"","site-post-title":"","ast-breadcrumbs-content":"","ast-featured-img":"","footer-sml-layout":"","ast-disable-related-posts":"","theme-transparent-header-meta":"default","adv-header-id-meta":"","stick-header-meta":"","header-above-stick-meta":"","header-main-stick-meta":"","header-below-stick-meta":"","astra-migrate-meta-layouts":"default","ast-page-background-enabled":"default","ast-page-background-meta":{"desktop":{"background-color":"","background-image":"","background-repeat":"repeat","background-position":"center center","background-size":"auto","background-attachment":"scroll","background-type":"","background-media":"","overlay-type":"","overlay-color":"","overlay-opacity":"","overlay-gradient":""},"tablet":{"background-color":"","background-image":"","background-repeat":"repeat","background-position":"center center","background-size":"auto","background-attachment":"scroll","background-type":"","background-media":"","overlay-type":"","overlay-color":"","overlay-opacity":"","overlay-gradient":""},"mobile":{"background-color":"","background-image":"","background-repeat":"repeat","background-position":"center center","background-size":"auto","background-attachment":"scroll","background-type":"","background-media":"","overlay-type":"","overlay-color":"","overlay-opacity":"","overlay-gradient":""}},"ast-content-background-meta":{"desktop":{"background-color":"var(--ast-global-color-5)","background-image":"","background-repeat":"repeat","background-position":"center center","background-size":"auto","background-attachment":"scroll","background-type":"","background-media":"","overlay-type":"","overlay-color":"","overlay-opacity":"","overlay-gradient":""},"tablet":{"background-color":"var(--ast-global-color-5)","background-image":"","background-repeat":"repeat","background-position":"center center","background-size":"auto","background-attachment":"scroll","background-type":"","background-media":"","overlay-type":"","overlay-color":"","overlay-opacity":"","overlay-gradient":""},"mobile":{"background-color":"var(--ast-global-color-5)","background-image":"","background-repeat":"repeat","background-position":"center center","background-size":"auto","background-attachment":"scroll","background-type":"","background-media":"","overlay-type":"","overlay-color":"","overlay-opacity":"","overlay-gradient":""}}},"product_brand":[],"product_cat":[39],"product_tag":[],"class_list":{"0":"post-6651","1":"product","2":"type-product","3":"status-publish","4":"has-post-thumbnail","6":"product_cat-na-chudnutie","7":"desktop-align-left","8":"tablet-align-left","9":"mobile-align-left","11":"first","12":"instock","13":"sale","14":"taxable","15":"shipping-taxable","16":"purchasable","17":"product-type-simple"},"_links":{"self":[{"href":"https:\/\/wellness4you.cz\/sk\/wp-json\/wp\/v2\/product\/6651","targetHints":{"allow":["GET"]}}],"collection":[{"href":"https:\/\/wellness4you.cz\/sk\/wp-json\/wp\/v2\/product"}],"about":[{"href":"https:\/\/wellness4you.cz\/sk\/wp-json\/wp\/v2\/types\/product"}],"replies":[{"embeddable":true,"href":"https:\/\/wellness4you.cz\/sk\/wp-json\/wp\/v2\/comments?post=6651"}],"wp:featuredmedia":[{"embeddable":true,"href":"https:\/\/wellness4you.cz\/sk\/wp-json\/wp\/v2\/media\/6885"}],"wp:attachment":[{"href":"https:\/\/wellness4you.cz\/sk\/wp-json\/wp\/v2\/media?parent=6651"}],"wp:term":[{"taxonomy":"product_brand","embeddable":true,"href":"https:\/\/wellness4you.cz\/sk\/wp-json\/wp\/v2\/product_brand?post=6651"},{"taxonomy":"product_cat","embeddable":true,"href":"https:\/\/wellness4you.cz\/sk\/wp-json\/wp\/v2\/product_cat?post=6651"},{"taxonomy":"product_tag","embeddable":true,"href":"https:\/\/wellness4you.cz\/sk\/wp-json\/wp\/v2\/product_tag?post=6651"}],"curies":[{"name":"wp","href":"https:\/\/api.w.org\/{rel}","templated":true}]}}