{"id":6650,"date":"2023-01-15T04:12:10","date_gmt":"2023-01-15T03:12:10","guid":{"rendered":"https:\/\/wellness4you.cz\/sk\/?post_type=product&#038;p=6650"},"modified":"2026-01-08T22:52:36","modified_gmt":"2026-01-08T21:52:36","slug":"hair-perfecta","status":"publish","type":"product","link":"https:\/\/wellness4you.cz\/sk\/hair-perfecta\/","title":{"rendered":"Hair Perfecta"},"content":{"rendered":"<h2>Neust\u00e1le h\u013ead\u00e1te sp\u00f4soby, ako napravi\u0165 redn\u00face vlasy a matn\u00e9 f\u00fazy? Nech sa Hair Perfecta stane va\u0161\u00edm rie\u0161en\u00edm!<\/h2>\n<p>\u00da\u010dinn\u00e9 zlo\u017eenie pr\u00edpravku Hair Perfecta obsahuje vy\u017eivuj\u00face zlo\u017eky, ktor\u00e9 podporuj\u00fa rast vlasov a zanech\u00e1vaj\u00fa v\u00e1m pln\u0161ie a hustej\u0161ie vlasy. S\u00e9rum navy\u0161e sl\u00fa\u017ei aj ako posil\u0148ova\u010d f\u00fazov, v\u010faka \u010domu dosiahnete \u010do najpln\u0161ie f\u00fazy.<\/p>\n<p>Okrem podpory zdrav\u00e9ho rastu a hustoty je Hair Perfecta skvel\u00fd aj na starostlivos\u0165 o va\u0161e vlasy a bradu in\u00fdmi sp\u00f4sobmi. Na\u0161e pr\u00edrodn\u00e9 oleje pom\u00e1haj\u00fa udr\u017ea\u0165 vlhkos\u0165 v ka\u017edom prameni a vytv\u00e1raj\u00fa dodato\u010dn\u00fa bari\u00e9ru pred po\u0161koden\u00edm sp\u00f4soben\u00fdm tepeln\u00fdm stylingom alebo in\u00fdmi vonkaj\u0161\u00edmi vplyvmi &#8211; pre va\u0161e vlasy aj bradu! \u013dahk\u00e1 text\u00fara pr\u00edpravku navy\u0161e neza\u0165a\u017e\u00ed ani jednu z t\u00fdchto oblast\u00ed, \u010do umo\u017e\u0148uje \u013eahk\u00e9 vytv\u00e1ranie plnohodnotn\u00e9ho \u0161t\u00fdlu.<\/p>\n<p>Neh\u013eadajte \u010falej &#8211; Hair Perfecta je tu, aby radik\u00e1lne zmenila va\u0161u rutinu starostlivosti o vlasy. V\u010faka jedine\u010dnej zmesi esenci\u00e1lnych olejov poskytuje maxim\u00e1lne v\u00fdsledky pri minim\u00e1lnej n\u00e1mahe. Preto u\u017e ne\u010dakajte &#8211; vezmite si f\u013ea\u0161ti\u010dku teraz a objavte silu zdrav\u0161\u00edch a pln\u0161ie vyzeraj\u00facich vlasov e\u0161te dnes!<\/p>\n<h2>H\u013ead\u00e1te dokonal\u00fd sp\u00f4sob, ako podpori\u0165 zdrav\u0161\u00ed a pln\u0161\u00ed rast vlasov a brady?<\/h2>\n<p>H\u013eadajte Hair Perfecta, dokonal\u00e9 s\u00e9rum na rast vlasov a brady. Tento revolu\u010dn\u00fd v\u00fdrobok je navrhnut\u00fd tak, aby podporoval optim\u00e1lne zdravie vlasov a f\u00fazov, a m\u00f4\u017ee v\u00e1m pom\u00f4c\u0165 z\u00edska\u0165 hustej\u0161\u00ed a objemnej\u0161\u00ed vzh\u013ead, po ktorom ste v\u017edy t\u00fa\u017eili.<\/p>\n<p>Na\u0161e s\u00e9rum je pln\u00e9 \u00fa\u010dinn\u00fdch l\u00e1tok, o ktor\u00fdch je zn\u00e1me, \u017ee podporuj\u00fa celkov\u00e9 zdravie vlasov, vr\u00e1tane: biot\u00ednu, vitam\u00ednu E, vitam\u00ednu B6, extraktu z palmy p\u00edlovitej, rastlinn\u00fdch sterolov, oxidu zino\u010dnat\u00e9ho, extraktu z jojobov\u00e9ho oleja a tekvicov\u00e9ho oleja. Tieto jednotliv\u00e9 zlo\u017eky spolu harmonicky spolupracuj\u00fa, aby stimulovali rast nov\u00fdch a chr\u00e1nili existuj\u00face pramene vlasov pred po\u0161koden\u00edm vplyvom prostredia. Tieto vlastnosti m\u00f4\u017eu pom\u00f4c\u0165 doda\u0165 va\u0161im vlasom extra silu pre pln\u0161\u00ed vzh\u013ead \u00fa\u010desu.<\/p>\n<p>Doplnenie va\u0161ej ka\u017edodennej starostlivosti nebude \u00fapln\u00e9 bez n\u00e1\u0161ho s\u00e9ra Hair Perfecta. Jeho jedine\u010dn\u00e1 kombin\u00e1cia regenera\u010dn\u00fdch \u017eiv\u00edn pom\u00e1ha vy\u017eivova\u0165 poko\u017eku hlavy od korienkov nahor pre jemnej\u0161\u00ed a hlad\u0161\u00ed pocit. V\u010faka n\u00e1\u0161mu \u013eahko pou\u017eite\u013en\u00e9mu zlo\u017eeniu ho m\u00f4\u017eete \u013eahko nan\u00e1\u0161a\u0165 aj priamo na poko\u017eku hlavy alebo si touto pr\u00edrodnou k\u00farou dokonca pokry\u0165 cel\u00fa hlavu. V\u00e1\u0161 time management n\u00e1m nesk\u00f4r po\u010fakuje, preto\u017ee tieto produkty sa r\u00fdchlo vstreb\u00e1vaj\u00fa, tak\u017ee m\u00f4\u017eete bleskovo vyrazi\u0165 z dver\u00ed!<\/p>\n<p>Nechajte sa rozmazn\u00e1va\u0165 \u00faplne pr\u00edrodn\u00fdm vylep\u0161en\u00edm n\u00e1\u0161ho produktu Hair Perfecta e\u0161te dnes! Sta\u010d\u00ed si ka\u017ed\u00fd de\u0148 nanies\u0165 len nieko\u013eko kvapiek na\u0161ich luxusn\u00fdch pr\u00edpravkov &#8211; sk\u00f4r ne\u017e sa nazd\u00e1te, budete ma\u0165 hustej\u0161ie a zdrav\u0161ie vlasy, ktor\u00e9 vy\u017earuj\u00fa absol\u00fatnu sebad\u00f4veru bez oh\u013eadu na to, ak\u00e1 pr\u00edle\u017eitos\u0165 sa naskytne! Presta\u0148te dovoli\u0165, aby v\u00e1m vypad\u00e1vanie vlasov kradlo sebavedomie &#8211; preme\u0148te sa e\u0161te dnes s pr\u00edpravkom Hair Perfecta!<\/p>\n","protected":false},"excerpt":{"rendered":"<p>Hair Perfecta &#8211; dokonal\u00fd sp\u00f4sob, ako podpori\u0165 zdrav\u0161\u00ed a pln\u0161\u00ed rast vlasov. K\u00fapi\u0165 Hair Perfecta v Slovenskej Republike za v\u00fdhodn\u00fa cenu. Cena. Hodnotenie. Kde k\u00fapi\u0165. Doru\u010denie na celom Slovensku: Nitra, \u017dilina, Pre\u0161ov, Ko\u0161ice, Bratislava, Zvolen, Prievidza, Poprad, Martin, Tren\u010d\u00edn, Trnava, Bansk\u00e1 Bystrica, Pezinok, Lu\u010denec a Ru\u017eomberok. Indik\u00e1cie pre pou\u017eitie, Kontraindik\u00e1cie, Ako si tovar vzia\u0165. K\u00fapte si Hair Perfecta online.<\/p>\n","protected":false},"featured_media":6881,"comment_status":"open","ping_status":"closed","template":"","meta":{"site-sidebar-layout":"default","site-content-layout":"default","ast-site-content-layout":"default","site-content-style":"default","site-sidebar-style":"default","ast-global-header-display":"","ast-banner-title-visibility":"","ast-main-header-display":"","ast-hfb-above-header-display":"","ast-hfb-below-header-display":"","ast-hfb-mobile-header-display":"","site-post-title":"","ast-breadcrumbs-content":"","ast-featured-img":"","footer-sml-layout":"","ast-disable-related-posts":"","theme-transparent-header-meta":"default","adv-header-id-meta":"","stick-header-meta":"","header-above-stick-meta":"","header-main-stick-meta":"","header-below-stick-meta":"","astra-migrate-meta-layouts":"set","ast-page-background-enabled":"default","ast-page-background-meta":{"desktop":{"background-color":"","background-image":"","background-repeat":"repeat","background-position":"center center","background-size":"auto","background-attachment":"scroll","background-type":"","background-media":"","overlay-type":"","overlay-color":"","overlay-opacity":"","overlay-gradient":""},"tablet":{"background-color":"","background-image":"","background-repeat":"repeat","background-position":"center center","background-size":"auto","background-attachment":"scroll","background-type":"","background-media":"","overlay-type":"","overlay-color":"","overlay-opacity":"","overlay-gradient":""},"mobile":{"background-color":"","background-image":"","background-repeat":"repeat","background-position":"center center","background-size":"auto","background-attachment":"scroll","background-type":"","background-media":"","overlay-type":"","overlay-color":"","overlay-opacity":"","overlay-gradient":""}},"ast-content-background-meta":{"desktop":{"background-color":"var(--ast-global-color-5)","background-image":"","background-repeat":"repeat","background-position":"center center","background-size":"auto","background-attachment":"scroll","background-type":"","background-media":"","overlay-type":"","overlay-color":"","overlay-opacity":"","overlay-gradient":""},"tablet":{"background-color":"var(--ast-global-color-5)","background-image":"","background-repeat":"repeat","background-position":"center center","background-size":"auto","background-attachment":"scroll","background-type":"","background-media":"","overlay-type":"","overlay-color":"","overlay-opacity":"","overlay-gradient":""},"mobile":{"background-color":"var(--ast-global-color-5)","background-image":"","background-repeat":"repeat","background-position":"center center","background-size":"auto","background-attachment":"scroll","background-type":"","background-media":"","overlay-type":"","overlay-color":"","overlay-opacity":"","overlay-gradient":""}}},"product_brand":[],"product_cat":[43],"product_tag":[],"class_list":{"0":"post-6650","1":"product","2":"type-product","3":"status-publish","4":"has-post-thumbnail","6":"product_cat-proti-vypadavaniu-vlasov","7":"desktop-align-left","8":"tablet-align-left","9":"mobile-align-left","11":"first","12":"instock","13":"sale","14":"taxable","15":"shipping-taxable","16":"purchasable","17":"product-type-simple"},"_links":{"self":[{"href":"https:\/\/wellness4you.cz\/sk\/wp-json\/wp\/v2\/product\/6650","targetHints":{"allow":["GET"]}}],"collection":[{"href":"https:\/\/wellness4you.cz\/sk\/wp-json\/wp\/v2\/product"}],"about":[{"href":"https:\/\/wellness4you.cz\/sk\/wp-json\/wp\/v2\/types\/product"}],"replies":[{"embeddable":true,"href":"https:\/\/wellness4you.cz\/sk\/wp-json\/wp\/v2\/comments?post=6650"}],"wp:featuredmedia":[{"embeddable":true,"href":"https:\/\/wellness4you.cz\/sk\/wp-json\/wp\/v2\/media\/6881"}],"wp:attachment":[{"href":"https:\/\/wellness4you.cz\/sk\/wp-json\/wp\/v2\/media?parent=6650"}],"wp:term":[{"taxonomy":"product_brand","embeddable":true,"href":"https:\/\/wellness4you.cz\/sk\/wp-json\/wp\/v2\/product_brand?post=6650"},{"taxonomy":"product_cat","embeddable":true,"href":"https:\/\/wellness4you.cz\/sk\/wp-json\/wp\/v2\/product_cat?post=6650"},{"taxonomy":"product_tag","embeddable":true,"href":"https:\/\/wellness4you.cz\/sk\/wp-json\/wp\/v2\/product_tag?post=6650"}],"curies":[{"name":"wp","href":"https:\/\/api.w.org\/{rel}","templated":true}]}}