{"id":6648,"date":"2023-01-15T04:12:09","date_gmt":"2023-01-15T03:12:09","guid":{"rendered":"https:\/\/wellness4you.cz\/sk\/?post_type=product&#038;p=6648"},"modified":"2026-01-08T22:52:35","modified_gmt":"2026-01-08T21:52:35","slug":"delislim","status":"publish","type":"product","link":"https:\/\/wellness4you.cz\/sk\/delislim\/","title":{"rendered":"Delislim"},"content":{"rendered":"<h2>Delislim &#8211; nov\u00fd revolu\u010dn\u00fd doplnok na chudnutie.<\/h2>\n<p>Prevezmite kontrolu nad svojou hmotnos\u0165ou zdrav\u00fdm sp\u00f4sobom! Delislim je vyroben\u00fd z pr\u00edrodn\u00fdch zlo\u017eiek, tak\u017ee je bezpe\u010dn\u00fd a \u00fa\u010dinn\u00fd.<\/p>\n<p>Zamilujete si, ak\u00e9 r\u00fdchle a jednoduch\u00e9 je vidie\u0165 v\u00fdsledky s Delislimom. U\u017e\u00edvajte jednu kapsulu denne s ve\u013ek\u00fdm mno\u017estvom vody pre maxim\u00e1lnu absorpciu. Budete ohromen\u00ed r\u00fdchlymi a \u00fa\u010dinn\u00fdmi v\u00fdsledkami &#8211; zhodi\u0165 nepr\u00edjemn\u00e9 kil\u00e1 nebolo nikdy jednoduch\u0161ie! Va\u0161e \u0165a\u017eko zaroben\u00e9 peniaze tie\u017e nepr\u00eddu nazmar, preto\u017ee v\u00fdsledky sa dostavia r\u00fdchlo, \u010dasto u\u017e za nieko\u013eko t\u00fd\u017ed\u0148ov!<\/p>\n<p>Delislim nie je len o chudnut\u00ed, ale aj o zdrav\u0161\u00edch n\u00e1vykoch, ktor\u00e9 ved\u00fa k dlhodob\u00e9mu \u00faspechu. Na\u0161a zmes spolupracuje s vlastn\u00fdm metabolick\u00fdm syst\u00e9mom tela, aby ste sa vr\u00e1tili na spr\u00e1vnu cestu. T\u00e1to jedine\u010dn\u00e1 zmes tie\u017e zni\u017euje chu\u0165 na jedlo, tak\u017ee sa pri jedle c\u00edtite r\u00fdchlej\u0161ie s\u00fdti.<\/p>\n<p>Va\u0161e sny o \u013eahkom chudnut\u00ed bez n\u00e1mahy sa m\u00f4\u017eu sta\u0165 skuto\u010dnos\u0165ou v\u010faka na\u0161ej pokro\u010dilej recept\u00fare. Za\u010dnite vidie\u0165 vidite\u013en\u00e9 v\u00fdsledky \u010do najsk\u00f4r t\u00fdm, \u017ee d\u00e1te zbohom mal\u00e1tnosti a \u00fanave, ktor\u00e9 s\u00fa spojen\u00e9 s nadv\u00e1hou, a pozdrav\u00edte sa nov\u00e9mu energick\u00e9mu ja! Vysk\u00fa\u0161ajte Delislim e\u0161te dnes a z\u00edskajte neuverite\u013en\u00fd z\u00e1\u017eitok z chudnutia &#8211; nebudete \u013eutova\u0165!<\/p>\n<h2>Revolu\u010dn\u00e9 kapsule na chudnutie, ktor\u00e9 v\u00e1m pom\u00f4\u017eu dosiahnu\u0165 va\u0161e ciele v oblasti chudnutia v kr\u00e1tkom \u010dase!<\/h2>\n<p>V spolo\u010dnosti Delislim vieme, ak\u00e9 \u0165a\u017ek\u00e9 m\u00f4\u017ee by\u0165 schudn\u00fa\u0165 a dosiahnu\u0165 zdrav\u00fa telesn\u00fa hmotnos\u0165. Preto v\u00e1m v r\u00e1mci n\u00e1\u0161ho z\u00e1v\u00e4zku pom\u00e1ha\u0165 na\u0161im z\u00e1kazn\u00edkom zosta\u0165 fit a zdrav\u00fd prin\u00e1\u0161ame tie najkvalitnej\u0161ie pr\u00edrodn\u00e9 zlo\u017eky s na\u0161\u00edm nov\u00fdm zlo\u017een\u00edm, ktor\u00e9 skuto\u010dne pom\u00e1ha odb\u00farava\u0165 tuk v tele.<\/p>\n<p>\u00da\u010dinn\u00e1 zmes byl\u00edn v\u00e1m pom\u00f4\u017ee c\u00edti\u0165 sa dlh\u0161ie s\u00fdty a zn\u00ed\u017ei\u0165 pocit hladu, \u010do v\u00e1m umo\u017en\u00ed dodr\u017eiava\u0165 v\u00fd\u017eivn\u00e9 stravovacie n\u00e1vyky bez toho, aby ste sa spoliehali na chute a cukor. N\u00e1\u0161 jedine\u010dn\u00fd pr\u00edstup je navrhnut\u00fd tak, aby zvy\u0161oval hladinu energie, v\u010faka \u010domu sa cvi\u010denie u\u017e nestane nam\u00e1havou \u00falohou. Navy\u0161e sme do doplnkov stravy Delislim zahrnuli \u0161peci\u00e1lne vitam\u00edny, tak\u017ee sa kone\u010dne m\u00f4\u017eete zbavi\u0165 nadbyto\u010dn\u00fdch kilogramov a z\u00e1rove\u0148 sa stara\u0165 o svoje celkov\u00e9 zdravie.<\/p>\n<p>Tak\u017ee u\u017e ne\u010dakajte, pridajte sa k n\u00e1m teraz a pripravte sa za\u017ei\u0165, ako vyzeraj\u00fa \u0161t\u00edhlej\u0161ie dni s Delislim!<\/p>\n","protected":false},"excerpt":{"rendered":"<p>Delislim &#8211; nov\u00fd revolu\u010dn\u00fd doplnok na chudnutie. K\u00fapi\u0165 Delislim v Slovenskej Republike za v\u00fdhodn\u00fa cenu. Kde k\u00fapi\u0165. Cena. Hodnotenie. Doru\u010denie na celom Slovensku: Zvolen, Prievidza, Poprad, Martin, Tren\u010d\u00edn, Trnava, Bansk\u00e1 Bystrica, Nitra, \u017dilina, Pre\u0161ov, Ko\u0161ice, Bratislava, Ru\u017eomberok, Pie\u0161\u0165any a Liptovsk\u00fd Mikul\u00e1\u0161. Ako si tovar vzia\u0165, Indik\u00e1cie pre pou\u017eitie, Kontraindik\u00e1cie. K\u00fapte si Delislim online.<\/p>\n","protected":false},"featured_media":6879,"comment_status":"open","ping_status":"closed","template":"","meta":{"site-sidebar-layout":"default","site-content-layout":"default","ast-site-content-layout":"default","site-content-style":"default","site-sidebar-style":"default","ast-global-header-display":"","ast-banner-title-visibility":"","ast-main-header-display":"","ast-hfb-above-header-display":"","ast-hfb-below-header-display":"","ast-hfb-mobile-header-display":"","site-post-title":"","ast-breadcrumbs-content":"","ast-featured-img":"","footer-sml-layout":"","ast-disable-related-posts":"","theme-transparent-header-meta":"default","adv-header-id-meta":"","stick-header-meta":"","header-above-stick-meta":"","header-main-stick-meta":"","header-below-stick-meta":"","astra-migrate-meta-layouts":"set","ast-page-background-enabled":"default","ast-page-background-meta":{"desktop":{"background-color":"","background-image":"","background-repeat":"repeat","background-position":"center center","background-size":"auto","background-attachment":"scroll","background-type":"","background-media":"","overlay-type":"","overlay-color":"","overlay-opacity":"","overlay-gradient":""},"tablet":{"background-color":"","background-image":"","background-repeat":"repeat","background-position":"center center","background-size":"auto","background-attachment":"scroll","background-type":"","background-media":"","overlay-type":"","overlay-color":"","overlay-opacity":"","overlay-gradient":""},"mobile":{"background-color":"","background-image":"","background-repeat":"repeat","background-position":"center center","background-size":"auto","background-attachment":"scroll","background-type":"","background-media":"","overlay-type":"","overlay-color":"","overlay-opacity":"","overlay-gradient":""}},"ast-content-background-meta":{"desktop":{"background-color":"var(--ast-global-color-5)","background-image":"","background-repeat":"repeat","background-position":"center center","background-size":"auto","background-attachment":"scroll","background-type":"","background-media":"","overlay-type":"","overlay-color":"","overlay-opacity":"","overlay-gradient":""},"tablet":{"background-color":"var(--ast-global-color-5)","background-image":"","background-repeat":"repeat","background-position":"center center","background-size":"auto","background-attachment":"scroll","background-type":"","background-media":"","overlay-type":"","overlay-color":"","overlay-opacity":"","overlay-gradient":""},"mobile":{"background-color":"var(--ast-global-color-5)","background-image":"","background-repeat":"repeat","background-position":"center center","background-size":"auto","background-attachment":"scroll","background-type":"","background-media":"","overlay-type":"","overlay-color":"","overlay-opacity":"","overlay-gradient":""}}},"product_brand":[],"product_cat":[39],"product_tag":[],"class_list":{"0":"post-6648","1":"product","2":"type-product","3":"status-publish","4":"has-post-thumbnail","6":"product_cat-na-chudnutie","7":"desktop-align-left","8":"tablet-align-left","9":"mobile-align-left","11":"first","12":"instock","13":"sale","14":"taxable","15":"shipping-taxable","16":"purchasable","17":"product-type-simple"},"_links":{"self":[{"href":"https:\/\/wellness4you.cz\/sk\/wp-json\/wp\/v2\/product\/6648","targetHints":{"allow":["GET"]}}],"collection":[{"href":"https:\/\/wellness4you.cz\/sk\/wp-json\/wp\/v2\/product"}],"about":[{"href":"https:\/\/wellness4you.cz\/sk\/wp-json\/wp\/v2\/types\/product"}],"replies":[{"embeddable":true,"href":"https:\/\/wellness4you.cz\/sk\/wp-json\/wp\/v2\/comments?post=6648"}],"wp:featuredmedia":[{"embeddable":true,"href":"https:\/\/wellness4you.cz\/sk\/wp-json\/wp\/v2\/media\/6879"}],"wp:attachment":[{"href":"https:\/\/wellness4you.cz\/sk\/wp-json\/wp\/v2\/media?parent=6648"}],"wp:term":[{"taxonomy":"product_brand","embeddable":true,"href":"https:\/\/wellness4you.cz\/sk\/wp-json\/wp\/v2\/product_brand?post=6648"},{"taxonomy":"product_cat","embeddable":true,"href":"https:\/\/wellness4you.cz\/sk\/wp-json\/wp\/v2\/product_cat?post=6648"},{"taxonomy":"product_tag","embeddable":true,"href":"https:\/\/wellness4you.cz\/sk\/wp-json\/wp\/v2\/product_tag?post=6648"}],"curies":[{"name":"wp","href":"https:\/\/api.w.org\/{rel}","templated":true}]}}