{"id":6647,"date":"2023-01-15T04:12:09","date_gmt":"2023-01-15T03:12:09","guid":{"rendered":"https:\/\/wellness4you.cz\/sk\/?post_type=product&#038;p=6647"},"modified":"2026-01-08T22:52:36","modified_gmt":"2026-01-08T21:52:36","slug":"actiocomfort","status":"publish","type":"product","link":"https:\/\/wellness4you.cz\/sk\/actiocomfort\/","title":{"rendered":"ActioComfort"},"content":{"rendered":"<h2>Predstavujeme ActioComfort &#8211; revolu\u010dn\u00fd balzam na k\u013aby, ktor\u00fd v\u00e1m poskytne ak\u010dn\u00fa \u00fa\u013eavu od k\u013abov\u00fdch \u0165a\u017ekost\u00ed!<\/h2>\n<p>\u010ci u\u017e ste \u0161portovec, alebo len v\u00edkendov\u00fd bojovn\u00edk, nedovo\u013ete, aby v\u00e1s va\u0161e bolesti brzdili. S pr\u00edpravkom ActioComfort m\u00e1te r\u00fdchlu \u00fa\u013eavu na dosah ruky. Na\u0161a jedine\u010dn\u00e1 zmes rastlinn\u00fdch extraktov poskytuje dlhotrvaj\u00faci komfort, tak\u017ee sa m\u00f4\u017eete h\u00fdba\u0165 bez bolesti a stuhnutosti. Navy\u0161e m\u00e1 osvie\u017euj\u00facu v\u00f4\u0148u pomaran\u010da a m\u00e4ty, ktor\u00e1 pom\u00e1ha povzbudi\u0165 a omladi\u0165 va\u0161e telo po intenz\u00edvnej aktivite.<\/p>\n<p>Presta\u0148te ml\u010dky trpie\u0165 zaka\u017ed\u00fdm, ke\u010f v\u00e1s za\u010dn\u00fa bolie\u0165 k\u013aby &#8211; dajte silu ActioComfort na svoju stranu. Na\u0161e \u00fa\u010dinn\u00e9 zlo\u017eenie pom\u00e1ha zmier\u0148ova\u0165 z\u00e1paly a zni\u017euje boles\u0165 pre pohodlnej\u0161\u00ed pohyb. Navy\u0161e sa r\u00fdchlo vstreb\u00e1va pre r\u00fdchle v\u00fdsledky, \u010do znamen\u00e1 menej \u010dakania a menej ob\u00e1v, kedy sa nepohodlie vr\u00e1ti. Presk\u00famajte v\u0161etko, \u010do v\u00e1m \u017eivot pon\u00faka, vyzbrojen\u00ed pr\u00edpravkom ActioComfort &#8211; \u017eiadna boles\u0165, \u017eiadna stuhnutos\u0165 a \u017eiadne zdr\u017eiavanie!<\/p>\n<h2>Ste akt\u00edvny \u010dlovek, ktor\u00fd sa r\u00e1d udr\u017eiava v dobrej kond\u00edcii a zdrav\u00ed?<\/h2>\n<p>Br\u00e1ni v\u00e1m boles\u0165 k\u013abov v aktivit\u00e1ch, ktor\u00e9 ste kedysi radi vykon\u00e1vali? U\u017e sa nemus\u00edte ob\u00e1va\u0165 &#8211; ActioComfort m\u00e1 pre v\u00e1s ide\u00e1lne rie\u0161enie!<\/p>\n<p>ActioComfort je 100 % pr\u00edrodn\u00fd balzam na k\u013aby \u0161peci\u00e1lne vyvinut\u00fd na zmiernenie bolesti k\u013abov. Obsahuje ajurv\u00e9dske byliny a v\u00fd\u0165a\u017eky, ktor\u00e9 poskytuj\u00fa h\u013abkov\u00fa, hojiv\u00fa \u00fa\u013eavu a prinavracaj\u00fa pohyblivos\u0165 a flexibilitu. ActioComfort p\u00f4sob\u00ed ako tepl\u00e1 z\u00e1balov\u00e1 prikr\u00fdvka pohodlia na va\u0161ich bo\u013eav\u00fdch k\u013aboch, pom\u00e1ha zni\u017eova\u0165 opuchy a z\u00e1paly a z\u00e1rove\u0148 poskytuje maxim\u00e1lnu v\u00fd\u017eivu na ochranu pred \u010fal\u0161\u00edm opotrebovan\u00edm. Svoj\u00edm siln\u00fdm p\u00f4soben\u00edm sa postar\u00e1 o to, aby nepr\u00edjemn\u00e9 pocity sp\u00f4soben\u00e9 artrit\u00eddou alebo ak\u00fdmko\u013evek in\u00fdm probl\u00e9mom spolu s \u00fanavou v okamihu zmizli, tak\u017ee v\u00e1m u\u017e ni\u010d nebr\u00e1ni v aktivite.<\/p>\n<p>Balzam p\u00f4sob\u00ed okam\u017eite a vydr\u017e\u00ed dlh\u0161ie, \u010d\u00edm sa postar\u00e1 o to, aby nedo\u0161lo k \u017eiadnej prest\u00e1vke vo va\u0161om ka\u017edodennom cvi\u010den\u00ed alebo tr\u00e9ningu. Za\u017eite pohyb s \u013eahkos\u0165ou a nechajte vo\u013enos\u0165 plyn\u00fa\u0165 &#8211; to v\u0161etko v\u010faka balzamu ActioComfort! Jeho \u013eahk\u00e1 text\u00fara sa navy\u0161e r\u00fdchlo vstreb\u00e1va do poko\u017eky a nezanech\u00e1va za sebou \u017eiadne zvy\u0161ky, tak\u017ee m\u00e1te k dispoz\u00edcii v\u0161etok komfort sveta bez ak\u00e9hoko\u013evek neporiadku.<\/p>\n<p>Pripravte sa teda kedyko\u013evek na\u0161tartova\u0165 rann\u00fd beh alebo ve\u010dern\u00fa prech\u00e1dzku s ActioComfort k va\u0161im slu\u017eb\u00e1m! Urobte si ka\u017ed\u00fd de\u0148 d\u00f4le\u017eit\u00fdm, ke\u010f sa nadobro zbav\u00edte bolesti k\u013abov z rovnice!<\/p>\n","protected":false},"excerpt":{"rendered":"<p>ActioComfort &#8211; balzam, ktor\u00fd v\u00e1m poskytne ak\u010dn\u00fa \u00fa\u013eavu od k\u013abov\u00fdch \u0165a\u017ekost\u00ed! K\u00fapi\u0165 ActioComfort v Slovenskej Republike za v\u00fdhodn\u00fa cenu. Cena. Hodnotenie. Kde k\u00fapi\u0165. Doru\u010denie na celom Slovensku: Prievidza, Poprad, Martin, Tren\u010d\u00edn, Trnava, Bansk\u00e1 Bystrica, Nitra, \u017dilina, Pre\u0161ov, Ko\u0161ice, Bratislava, Zvolen, Pie\u0161\u0165any, Liptovsk\u00fd Mikul\u00e1\u0161 a Bardejov. Indik\u00e1cie pre pou\u017eitie, Kontraindik\u00e1cie, Ako si tovar vzia\u0165. K\u00fapte si ActioComfort online.<\/p>\n","protected":false},"featured_media":6877,"comment_status":"open","ping_status":"closed","template":"","meta":{"site-sidebar-layout":"default","site-content-layout":"default","ast-site-content-layout":"default","site-content-style":"default","site-sidebar-style":"default","ast-global-header-display":"","ast-banner-title-visibility":"","ast-main-header-display":"","ast-hfb-above-header-display":"","ast-hfb-below-header-display":"","ast-hfb-mobile-header-display":"","site-post-title":"","ast-breadcrumbs-content":"","ast-featured-img":"","footer-sml-layout":"","ast-disable-related-posts":"","theme-transparent-header-meta":"default","adv-header-id-meta":"","stick-header-meta":"","header-above-stick-meta":"","header-main-stick-meta":"","header-below-stick-meta":"","astra-migrate-meta-layouts":"default","ast-page-background-enabled":"default","ast-page-background-meta":{"desktop":{"background-color":"","background-image":"","background-repeat":"repeat","background-position":"center center","background-size":"auto","background-attachment":"scroll","background-type":"","background-media":"","overlay-type":"","overlay-color":"","overlay-opacity":"","overlay-gradient":""},"tablet":{"background-color":"","background-image":"","background-repeat":"repeat","background-position":"center center","background-size":"auto","background-attachment":"scroll","background-type":"","background-media":"","overlay-type":"","overlay-color":"","overlay-opacity":"","overlay-gradient":""},"mobile":{"background-color":"","background-image":"","background-repeat":"repeat","background-position":"center center","background-size":"auto","background-attachment":"scroll","background-type":"","background-media":"","overlay-type":"","overlay-color":"","overlay-opacity":"","overlay-gradient":""}},"ast-content-background-meta":{"desktop":{"background-color":"var(--ast-global-color-5)","background-image":"","background-repeat":"repeat","background-position":"center center","background-size":"auto","background-attachment":"scroll","background-type":"","background-media":"","overlay-type":"","overlay-color":"","overlay-opacity":"","overlay-gradient":""},"tablet":{"background-color":"var(--ast-global-color-5)","background-image":"","background-repeat":"repeat","background-position":"center center","background-size":"auto","background-attachment":"scroll","background-type":"","background-media":"","overlay-type":"","overlay-color":"","overlay-opacity":"","overlay-gradient":""},"mobile":{"background-color":"var(--ast-global-color-5)","background-image":"","background-repeat":"repeat","background-position":"center center","background-size":"auto","background-attachment":"scroll","background-type":"","background-media":"","overlay-type":"","overlay-color":"","overlay-opacity":"","overlay-gradient":""}}},"product_brand":[],"product_cat":[41],"product_tag":[],"class_list":{"0":"post-6647","1":"product","2":"type-product","3":"status-publish","4":"has-post-thumbnail","6":"product_cat-produkty-pre-zdravie","7":"desktop-align-left","8":"tablet-align-left","9":"mobile-align-left","11":"first","12":"instock","13":"sale","14":"taxable","15":"shipping-taxable","16":"purchasable","17":"product-type-simple"},"_links":{"self":[{"href":"https:\/\/wellness4you.cz\/sk\/wp-json\/wp\/v2\/product\/6647","targetHints":{"allow":["GET"]}}],"collection":[{"href":"https:\/\/wellness4you.cz\/sk\/wp-json\/wp\/v2\/product"}],"about":[{"href":"https:\/\/wellness4you.cz\/sk\/wp-json\/wp\/v2\/types\/product"}],"replies":[{"embeddable":true,"href":"https:\/\/wellness4you.cz\/sk\/wp-json\/wp\/v2\/comments?post=6647"}],"wp:featuredmedia":[{"embeddable":true,"href":"https:\/\/wellness4you.cz\/sk\/wp-json\/wp\/v2\/media\/6877"}],"wp:attachment":[{"href":"https:\/\/wellness4you.cz\/sk\/wp-json\/wp\/v2\/media?parent=6647"}],"wp:term":[{"taxonomy":"product_brand","embeddable":true,"href":"https:\/\/wellness4you.cz\/sk\/wp-json\/wp\/v2\/product_brand?post=6647"},{"taxonomy":"product_cat","embeddable":true,"href":"https:\/\/wellness4you.cz\/sk\/wp-json\/wp\/v2\/product_cat?post=6647"},{"taxonomy":"product_tag","embeddable":true,"href":"https:\/\/wellness4you.cz\/sk\/wp-json\/wp\/v2\/product_tag?post=6647"}],"curies":[{"name":"wp","href":"https:\/\/api.w.org\/{rel}","templated":true}]}}