{"id":6646,"date":"2023-01-15T04:12:09","date_gmt":"2023-01-15T03:12:09","guid":{"rendered":"https:\/\/wellness4you.cz\/sk\/?post_type=product&#038;p=6646"},"modified":"2026-01-08T22:52:35","modified_gmt":"2026-01-08T21:52:35","slug":"wortex","status":"publish","type":"product","link":"https:\/\/wellness4you.cz\/sk\/wortex\/","title":{"rendered":"Wortex"},"content":{"rendered":"<h2>Predstavujeme v\u00e1m Wortex, nov\u00fd inovat\u00edvny sp\u00f4sob, ako udr\u017ea\u0165 va\u0161e telo bez nepr\u00edjemn\u00fdch a ne\u017eiaducich helmintov!<\/h2>\n<p>Na\u0161e kapsuly s\u00fa vyroben\u00e9 z pr\u00edrodn\u00fdch zlo\u017eiek, ktor\u00e9 poskytuj\u00fa komplexn\u00fa ochranu v\u00e1\u0161ho zdravia.\u00a0V spolo\u010dnosti Wortex ch\u00e1peme, \u017ee helminty m\u00f4\u017eu by\u0165 niekedy \u0165a\u017ek\u00fdm a nepr\u00edjemn\u00fdm probl\u00e9mom. Preto sme vyvinuli tento na mieru \u0161it\u00fd pr\u00edpravok, ktor\u00fd je navrhnut\u00fd tak, aby bojoval aj proti naj\u0165a\u017e\u0161\u00edm druhom ve\u013ek\u00fdch \u010dervov. V\u010faka na\u0161im pr\u00edrodn\u00fdm kapsul\u00e1m je boj proti helmintom jednoduch\u00fd proces, nad ktor\u00fdm nebudete musie\u0165 dvakr\u00e1t prem\u00fd\u0161\u013ea\u0165.<\/p>\n<p>Hlavnou zlo\u017ekou pr\u00edpravku Wortex je v\u00fd\u0165a\u017eok z listov ohrozenej sekvoje, ktor\u00fd je zn\u00e1my svojimi antihelmintick\u00fdmi vlastnos\u0165ami. Jedine\u010dn\u00e1 zmes \u010fal\u0161\u00edch \u00fa\u010dinn\u00fdch zlo\u017eiek len posil\u0148uje jeho schopnos\u0165 r\u00fdchlo a \u00fa\u010dinne bojova\u0165 proti ve\u013ek\u00fdm \u010dervom. Navy\u0161e, na\u0161a pohodln\u00e1 kapsulov\u00e1 forma v\u00e1m u\u013eah\u010d\u00ed zaradenie Wortexu do v\u00e1\u0161ho ka\u017edodenn\u00e9ho re\u017eimu bez ak\u00fdchko\u013evek starost\u00ed &#8211; sta\u010d\u00ed ho zapi\u0165 vodou a je to!<\/p>\n<p>Objavte silu najlep\u0161ieho tajomstva pr\u00edrody v na\u0161ej patentovanej recept\u00fare! K\u00fapte si Wortex e\u0161te dnes a poc\u00ed\u0165te \u00fa\u013eavu od otravn\u00fdch helmintov u\u017e zajtra!<\/p>\n<h2>Zbavte sa t\u00fdchto otravn\u00fdch parazitov a c\u00ed\u0165te sa najlep\u0161ie s Wortexom!<\/h2>\n<p>Na\u0161e \u00faplne pr\u00edrodn\u00e9 bylinn\u00e9 kapsule s\u00fa ide\u00e1lne na odstr\u00e1nenie helmintov pomocou jednoduch\u00e9ho, \u013eahko dodr\u017eiavan\u00e9ho doplnkov\u00e9ho pl\u00e1nu. Zabudnite na drah\u00e9 n\u00e1v\u0161tevy lek\u00e1ra a nepr\u00edjemn\u00e9 rozhovory. Wortex sa o v\u00e1s postar\u00e1. V\u010faka energetick\u00fdm zlo\u017ek\u00e1m, ako je palina, Houttuynia Cordata a kore\u0148 sladk\u00e9ho drievka, viete, \u017ee rie\u0161enie tejto z\u00e1hadnej \u00fanavy je vzdialen\u00e9 len jednu tabletku.<\/p>\n<p>Vytvoren\u00e9 s oh\u013eadom na bezpe\u010dnos\u0165, pou\u017e\u00edvame jemn\u00e9, ale \u00fa\u010dinn\u00e9 bylinky, aby sme zaistili, \u017ee va\u0161e telo je v bezpe\u010d\u00ed a z\u00e1rove\u0148 dostane pomoc, ktor\u00fa potrebuje na boj so \u0161kodliv\u00fdmi parazitmi. U\u017e sa nemus\u00edte tr\u00e1pi\u0165 so z\u00e1chvatmi \u00fanavy a n\u00edzkej energie, ktor\u00fdm sa d\u00e1 pred\u00eds\u0165. Tento produkt je tu, aby v\u00e1s zachr\u00e1nil. V\u010faka praktick\u00e9mu baleniu Wortex je navy\u0161e jednoduch\u0161ie ako kedyko\u013evek predt\u00fdm zabezpe\u010di\u0165, aby ste dodr\u017eali svoj re\u017eim odstra\u0148ovania parazitov &#8211; u\u017e \u017eiadne vynechan\u00e9 d\u00e1vky alebo no\u010dn\u00e9 mory pri pl\u00e1novan\u00ed!<\/p>\n<p>D\u00f4verujte Wortexu a z\u00edskajte komplexn\u00fa podporu vo v\u0161etk\u00fdch aspektoch boja proti helmintom. N\u00e1\u0161 mimoriadne \u00faspe\u0161n\u00fd doplnok poskytne potrebn\u00e9 n\u00e1stroje pre zdrav\u0161\u00ed a \u0161\u0165astnej\u0161\u00ed \u017eivot &#8211; nie s\u00fa potrebn\u00ed \u017eiadni lek\u00e1ri ani nepr\u00edjemn\u00e9 rozhovory!<\/p>\n","protected":false},"excerpt":{"rendered":"<p>Wortex &#8211; inovat\u00edvny sp\u00f4sob, ako udr\u017ea\u0165 va\u0161e telo bez nepr\u00edjemn\u00fdch a ne\u017eiaducich helmintov! K\u00fapi\u0165 Wortex v Slovenskej Republike za v\u00fdhodn\u00fa cenu. Hodnotenie. Kde k\u00fapi\u0165. Cena. Doru\u010denie na celom Slovensku: Poprad, Martin, Tren\u010d\u00edn, Trnava, Bansk\u00e1 Bystrica, Nitra, \u017dilina, Pre\u0161ov, Ko\u0161ice, Bratislava, Zvolen, Prievidza, Liptovsk\u00fd Mikul\u00e1\u0161, Bardejov a Humenn\u00e9. Ako si tovar vzia\u0165, Indik\u00e1cie pre pou\u017eitie, Kontraindik\u00e1cie. K\u00fapte si Wortex online.<\/p>\n","protected":false},"featured_media":6876,"comment_status":"open","ping_status":"closed","template":"","meta":{"site-sidebar-layout":"default","site-content-layout":"default","ast-site-content-layout":"default","site-content-style":"default","site-sidebar-style":"default","ast-global-header-display":"","ast-banner-title-visibility":"","ast-main-header-display":"","ast-hfb-above-header-display":"","ast-hfb-below-header-display":"","ast-hfb-mobile-header-display":"","site-post-title":"","ast-breadcrumbs-content":"","ast-featured-img":"","footer-sml-layout":"","ast-disable-related-posts":"","theme-transparent-header-meta":"default","adv-header-id-meta":"","stick-header-meta":"","header-above-stick-meta":"","header-main-stick-meta":"","header-below-stick-meta":"","astra-migrate-meta-layouts":"default","ast-page-background-enabled":"default","ast-page-background-meta":{"desktop":{"background-color":"","background-image":"","background-repeat":"repeat","background-position":"center center","background-size":"auto","background-attachment":"scroll","background-type":"","background-media":"","overlay-type":"","overlay-color":"","overlay-opacity":"","overlay-gradient":""},"tablet":{"background-color":"","background-image":"","background-repeat":"repeat","background-position":"center center","background-size":"auto","background-attachment":"scroll","background-type":"","background-media":"","overlay-type":"","overlay-color":"","overlay-opacity":"","overlay-gradient":""},"mobile":{"background-color":"","background-image":"","background-repeat":"repeat","background-position":"center center","background-size":"auto","background-attachment":"scroll","background-type":"","background-media":"","overlay-type":"","overlay-color":"","overlay-opacity":"","overlay-gradient":""}},"ast-content-background-meta":{"desktop":{"background-color":"var(--ast-global-color-5)","background-image":"","background-repeat":"repeat","background-position":"center center","background-size":"auto","background-attachment":"scroll","background-type":"","background-media":"","overlay-type":"","overlay-color":"","overlay-opacity":"","overlay-gradient":""},"tablet":{"background-color":"var(--ast-global-color-5)","background-image":"","background-repeat":"repeat","background-position":"center center","background-size":"auto","background-attachment":"scroll","background-type":"","background-media":"","overlay-type":"","overlay-color":"","overlay-opacity":"","overlay-gradient":""},"mobile":{"background-color":"var(--ast-global-color-5)","background-image":"","background-repeat":"repeat","background-position":"center center","background-size":"auto","background-attachment":"scroll","background-type":"","background-media":"","overlay-type":"","overlay-color":"","overlay-opacity":"","overlay-gradient":""}}},"product_brand":[],"product_cat":[41],"product_tag":[],"class_list":{"0":"post-6646","1":"product","2":"type-product","3":"status-publish","4":"has-post-thumbnail","6":"product_cat-produkty-pre-zdravie","7":"desktop-align-left","8":"tablet-align-left","9":"mobile-align-left","11":"first","12":"instock","13":"taxable","14":"shipping-taxable","15":"purchasable","16":"product-type-simple"},"_links":{"self":[{"href":"https:\/\/wellness4you.cz\/sk\/wp-json\/wp\/v2\/product\/6646","targetHints":{"allow":["GET"]}}],"collection":[{"href":"https:\/\/wellness4you.cz\/sk\/wp-json\/wp\/v2\/product"}],"about":[{"href":"https:\/\/wellness4you.cz\/sk\/wp-json\/wp\/v2\/types\/product"}],"replies":[{"embeddable":true,"href":"https:\/\/wellness4you.cz\/sk\/wp-json\/wp\/v2\/comments?post=6646"}],"wp:featuredmedia":[{"embeddable":true,"href":"https:\/\/wellness4you.cz\/sk\/wp-json\/wp\/v2\/media\/6876"}],"wp:attachment":[{"href":"https:\/\/wellness4you.cz\/sk\/wp-json\/wp\/v2\/media?parent=6646"}],"wp:term":[{"taxonomy":"product_brand","embeddable":true,"href":"https:\/\/wellness4you.cz\/sk\/wp-json\/wp\/v2\/product_brand?post=6646"},{"taxonomy":"product_cat","embeddable":true,"href":"https:\/\/wellness4you.cz\/sk\/wp-json\/wp\/v2\/product_cat?post=6646"},{"taxonomy":"product_tag","embeddable":true,"href":"https:\/\/wellness4you.cz\/sk\/wp-json\/wp\/v2\/product_tag?post=6646"}],"curies":[{"name":"wp","href":"https:\/\/api.w.org\/{rel}","templated":true}]}}