{"id":6645,"date":"2023-01-15T04:12:08","date_gmt":"2023-01-15T03:12:08","guid":{"rendered":"https:\/\/wellness4you.cz\/sk\/?post_type=product&#038;p=6645"},"modified":"2026-01-08T22:52:35","modified_gmt":"2026-01-08T21:52:35","slug":"vermixin","status":"publish","type":"product","link":"https:\/\/wellness4you.cz\/sk\/vermixin\/","title":{"rendered":"Vermixin"},"content":{"rendered":"<h2>Vermixin je \u010distiaci prostriedok pre va\u0161e telo.<\/h2>\n<p>Jeho v\u0161estrann\u00e9 zlo\u017eky a pr\u00edrodn\u00e9 byliny pom\u00e1haj\u00fa odstra\u0148ova\u0165 odoln\u00e9 tox\u00edny, jedy a ne\u010distoty sp\u00f4soben\u00e9 parazitmi v tele. S Vermixinom si \u013eahko vychutn\u00e1te zdrav\u0161\u00ed \u017eivotn\u00fd \u0161t\u00fdl s v\u00e4\u010d\u0161\u00edm mno\u017estvom energie a vitality.<\/p>\n<p>Jednoducho pridajte Vermixin do svojej ka\u017edodennej stravy a za\u017eijete o\u010distn\u00e9 \u00fa\u010dinky, ktor\u00e9 s\u00fa siln\u00e9 a z\u00e1rove\u0148 \u0161etrn\u00e9 k v\u00e1\u0161mu telu. Na\u0161a patentovan\u00e1 zmes obsahuje pr\u00edrodn\u00e9 byliny, ktor\u00e9 podporuj\u00fa zdravie tr\u00e1viaceho traktu. To umo\u017e\u0148uje Vermixinu pracova\u0165 v harm\u00f3nii s va\u0161\u00edm vlastn\u00fdm syst\u00e9mom.<\/p>\n<p>Dovo\u013ete Vermixinu, aby v\u00e1m prinavr\u00e1til optim\u00e1lne zdravie a vy ste mohli ka\u017ed\u00fd de\u0148 vyzera\u0165 \u010do najlep\u0161ie! Dodajte svojmu telu ch\u00fdbaj\u00face \u017eiviny, ktor\u00e9 potrebuje, ako aj tr\u00e1viace enz\u00fdmy.<\/p>\n<h2>Pri n\u00e1kupe Vermixinu budete ma\u0165 istotu, \u017ee si za svoj\u00edm v\u00fdrobkom 100 % stoj\u00edme.<\/h2>\n<p>Vyu\u017eite t\u00fato jedine\u010dn\u00fa \u0161ancu dopria\u0165 si o\u010distu, ktor\u00fa si zasl\u00fa\u017eite, bez toho, aby ste ohrozili svoje potreby alebo pe\u0148a\u017eenku!<\/p>\n<p>Vermixin je rie\u0161enie, ako sa zbavi\u0165 tox\u00ednov, jedov a ne\u010dist\u00f4t, ktor\u00e9 m\u00f4\u017eu negat\u00edvne ovplyvni\u0165 va\u0161u pohodu. Na\u0161e pr\u00edrodn\u00e9 zlo\u017eenie \u0161etr\u00ed va\u0161e telo a \u00faplne zbavuje nebezpe\u010dn\u00fdch parazitov, odstra\u0148uje ich \u0161kodliv\u00e9 \u00fa\u010dinky a pom\u00e1ha v\u00e1m \u017ei\u0165 \u010disto.<\/p>\n<p>V spolo\u010dnosti Vermixin ch\u00e1peme, ako ve\u013ea pre v\u00e1s m\u00f4\u017ee urobi\u0165 jednoduch\u00e1 o\u010dista; preto n\u00e1\u0161 pokro\u010dil\u00fd vzorec obsahuje \u00faplne pr\u00edrodn\u00e9 zlo\u017eky, ktor\u00e9 systematicky vyplavuj\u00fa tox\u00edny z v\u00e1\u0161ho tela a z\u00e1rove\u0148 zachov\u00e1vaj\u00fa v\u0161etky dobr\u00e9 veci. S jednou silnou tabletkou budete m\u00f4c\u0165 r\u00fdchlo obnovi\u0165 rovnov\u00e1hu a stabilitu vo svojom \u017eivote.<\/p>\n<p>Navy\u0161e na rozdiel od in\u00fdch rie\u0161en\u00ed nevy\u017eaduje zlo\u017eit\u00e9 kroky ani komplikovan\u00e9 procesy; namiesto toho si Vermixin vy\u017eaduje len nieko\u013ekod\u0148ov\u00e9 odhodlanie s jedn\u00fdm jednoduch\u00fdm krokom. A pravideln\u00fdm vyu\u017e\u00edvan\u00edm jeho o\u010distn\u00fdch schopnost\u00ed si m\u00f4\u017eete by\u0165 ist\u00ed, \u017ee ak\u00fdko\u013evek negat\u00edvny vplyv parazitov bude odstr\u00e1nen\u00fd bez toho, aby po\u0161kodil telo hostite\u013ea. To v\u0161etko v tabletke, ktor\u00e1 sa d\u00e1 \u013eahko prehltn\u00fa\u0165!<\/p>\n<p>Zabudnite teda na tie drsn\u00e9 o\u010distn\u00e9 pr\u00edpravky a vyberte si Vermixin pre \u00fa\u010dinn\u00fd a spo\u013eahliv\u00fd sp\u00f4sob ochrany pred parazitmi. S t\u00fdmto \u00fa\u010dinn\u00fdm produktom vo svojom rohu m\u00f4\u017eete prevzia\u0165 kontrolu nad svojou pohodou a vies\u0165 \u017eivot bez toxick\u00fdch hrozieb. Zaobstarajte si Vermixin e\u0161te dnes, aby ste mohli za\u010da\u0165 \u010disto a svie\u017eo!<\/p>\n","protected":false},"excerpt":{"rendered":"<p>Vermixin je \u010distiaci prostriedok pre va\u0161e telo. K\u00fapi\u0165 Vermixin v Slovenskej Republike za v\u00fdhodn\u00fa cenu. Kde k\u00fapi\u0165. Cena. Hodnotenie. Doru\u010denie na celom Slovensku: Martin, Tren\u010d\u00edn, Trnava, Bansk\u00e1 Bystrica, Nitra, \u017dilina, Pre\u0161ov, Ko\u0161ice, Bratislava, Zvolen, Prievidza, Poprad, Bardejov, Humenn\u00e9 a Levice. Indik\u00e1cie pre pou\u017eitie, Kontraindik\u00e1cie, Ako si tovar vzia\u0165. K\u00fapte si Vermixin online.<\/p>\n","protected":false},"featured_media":6874,"comment_status":"open","ping_status":"closed","template":"","meta":{"site-sidebar-layout":"default","site-content-layout":"default","ast-site-content-layout":"default","site-content-style":"default","site-sidebar-style":"default","ast-global-header-display":"","ast-banner-title-visibility":"","ast-main-header-display":"","ast-hfb-above-header-display":"","ast-hfb-below-header-display":"","ast-hfb-mobile-header-display":"","site-post-title":"","ast-breadcrumbs-content":"","ast-featured-img":"","footer-sml-layout":"","ast-disable-related-posts":"","theme-transparent-header-meta":"default","adv-header-id-meta":"","stick-header-meta":"","header-above-stick-meta":"","header-main-stick-meta":"","header-below-stick-meta":"","astra-migrate-meta-layouts":"set","ast-page-background-enabled":"default","ast-page-background-meta":{"desktop":{"background-color":"","background-image":"","background-repeat":"repeat","background-position":"center center","background-size":"auto","background-attachment":"scroll","background-type":"","background-media":"","overlay-type":"","overlay-color":"","overlay-opacity":"","overlay-gradient":""},"tablet":{"background-color":"","background-image":"","background-repeat":"repeat","background-position":"center center","background-size":"auto","background-attachment":"scroll","background-type":"","background-media":"","overlay-type":"","overlay-color":"","overlay-opacity":"","overlay-gradient":""},"mobile":{"background-color":"","background-image":"","background-repeat":"repeat","background-position":"center center","background-size":"auto","background-attachment":"scroll","background-type":"","background-media":"","overlay-type":"","overlay-color":"","overlay-opacity":"","overlay-gradient":""}},"ast-content-background-meta":{"desktop":{"background-color":"var(--ast-global-color-5)","background-image":"","background-repeat":"repeat","background-position":"center center","background-size":"auto","background-attachment":"scroll","background-type":"","background-media":"","overlay-type":"","overlay-color":"","overlay-opacity":"","overlay-gradient":""},"tablet":{"background-color":"var(--ast-global-color-5)","background-image":"","background-repeat":"repeat","background-position":"center center","background-size":"auto","background-attachment":"scroll","background-type":"","background-media":"","overlay-type":"","overlay-color":"","overlay-opacity":"","overlay-gradient":""},"mobile":{"background-color":"var(--ast-global-color-5)","background-image":"","background-repeat":"repeat","background-position":"center center","background-size":"auto","background-attachment":"scroll","background-type":"","background-media":"","overlay-type":"","overlay-color":"","overlay-opacity":"","overlay-gradient":""}}},"product_brand":[],"product_cat":[41],"product_tag":[],"class_list":{"0":"post-6645","1":"product","2":"type-product","3":"status-publish","4":"has-post-thumbnail","6":"product_cat-produkty-pre-zdravie","7":"desktop-align-left","8":"tablet-align-left","9":"mobile-align-left","11":"first","12":"instock","13":"sale","14":"taxable","15":"shipping-taxable","16":"purchasable","17":"product-type-simple"},"_links":{"self":[{"href":"https:\/\/wellness4you.cz\/sk\/wp-json\/wp\/v2\/product\/6645","targetHints":{"allow":["GET"]}}],"collection":[{"href":"https:\/\/wellness4you.cz\/sk\/wp-json\/wp\/v2\/product"}],"about":[{"href":"https:\/\/wellness4you.cz\/sk\/wp-json\/wp\/v2\/types\/product"}],"replies":[{"embeddable":true,"href":"https:\/\/wellness4you.cz\/sk\/wp-json\/wp\/v2\/comments?post=6645"}],"wp:featuredmedia":[{"embeddable":true,"href":"https:\/\/wellness4you.cz\/sk\/wp-json\/wp\/v2\/media\/6874"}],"wp:attachment":[{"href":"https:\/\/wellness4you.cz\/sk\/wp-json\/wp\/v2\/media?parent=6645"}],"wp:term":[{"taxonomy":"product_brand","embeddable":true,"href":"https:\/\/wellness4you.cz\/sk\/wp-json\/wp\/v2\/product_brand?post=6645"},{"taxonomy":"product_cat","embeddable":true,"href":"https:\/\/wellness4you.cz\/sk\/wp-json\/wp\/v2\/product_cat?post=6645"},{"taxonomy":"product_tag","embeddable":true,"href":"https:\/\/wellness4you.cz\/sk\/wp-json\/wp\/v2\/product_tag?post=6645"}],"curies":[{"name":"wp","href":"https:\/\/api.w.org\/{rel}","templated":true}]}}