{"id":6644,"date":"2023-01-15T04:12:08","date_gmt":"2023-01-15T03:12:08","guid":{"rendered":"https:\/\/wellness4you.cz\/sk\/?post_type=product&#038;p=6644"},"modified":"2026-01-08T22:52:35","modified_gmt":"2026-01-08T21:52:35","slug":"urotrin","status":"publish","type":"product","link":"https:\/\/wellness4you.cz\/sk\/urotrin\/","title":{"rendered":"Urotrin"},"content":{"rendered":"<h2>Trp\u00edte zv\u00e4\u010d\u0161enou prostatou? Ak \u00e1no, potom je Urotrin rie\u0161en\u00edm pre v\u00e1s!<\/h2>\n<p>Urotrin bol \u0161peci\u00e1lne navrhnut\u00fd tak, aby pomohol zmierni\u0165 a zmierni\u0165 pr\u00edznaky zv\u00e4\u010d\u0161enej prostaty.<\/p>\n<p>Urotrin preuk\u00e1zate\u013ene zni\u017euje nepr\u00edjemn\u00e9 pocity spojen\u00e9 so zv\u00e4\u010d\u0161enou prostatou. V\u010faka svojim pr\u00edrodn\u00fdm zlo\u017ek\u00e1m a patentovanej zmesi dok\u00e1\u017ee \u00fa\u010dinne poskytn\u00fa\u0165 komfort, zlep\u0161i\u0165 kvalitu \u017eivota a zn\u00ed\u017ei\u0165 rizik\u00e1 spojen\u00e9 s t\u00fdmto ochoren\u00edm. A nielen to, Urotrin dok\u00e1\u017ee zlep\u0161i\u0165 sp\u00e1nkov\u00fd re\u017eim a zlep\u0161i\u0165 kontrolu mo\u010dov\u00e9ho mech\u00fara, \u010d\u00edm v\u00e1m u\u013eah\u010d\u00ed kontrolu nad pr\u00edznakmi mo\u010denia.<\/p>\n<p>Ch\u00e1peme, \u017ee zn\u00e1\u0161anie zv\u00e4\u010d\u0161enej prostaty m\u00f4\u017ee by\u0165 ve\u013emi bolestiv\u00e9 a nepr\u00edjemn\u00e9. Preto sme hrd\u00ed na to, \u017ee m\u00f4\u017eeme poskytn\u00fa\u0165 bezpe\u010dn\u00e9 a \u00fa\u010dinn\u00e9 rie\u0161enie v podobe Urotr\u00ednu. Tento v\u00fdrobok je bezprobl\u00e9mov\u00fd a poskytuje spo\u013eahliv\u00e9 v\u00fdsledky, ktor\u00e9 zaru\u010dene zmenia va\u0161e zdravie a pohodu.<\/p>\n<p>Ak ste pripraven\u00ed z\u00edska\u0165 sp\u00e4\u0165 kontrolu nad svoj\u00edm mo\u010dov\u00fdm mech\u00farom, potom u\u017e neh\u013eadajte ni\u010d in\u00e9 ako Urotrin! S t\u00fdmto revolu\u010dn\u00fdm produktom na va\u0161ej strane budete m\u00f4c\u0165 za\u017ei\u0165 \u00fa\u013eavu od pr\u00edznakov bez ob\u00e1v z nepr\u00edjemn\u00fdch ved\u013eaj\u0161\u00edch \u00fa\u010dinkov alebo nebezpe\u010dn\u00fdch chemick\u00fdch pr\u00edsad. Zaobstarajte si svoj e\u0161te dnes a za\u010dnite sa c\u00edti\u0165 lep\u0161ie!<\/p>\n<h2>N\u00e1\u0161 pr\u00edpravok pom\u00e1ha podporova\u0165 optim\u00e1lnu ve\u013ekos\u0165 a v\u00fdkonnos\u0165 va\u0161ej prostaty, \u010d\u00edm zabezpe\u010duje, \u017ee zostanete zdrav\u00ed a v najlep\u0161ej kond\u00edcii.<\/h2>\n<p>Urotrin je dokonal\u00fdm prostriedkom na zlep\u0161enie zdravia va\u0161ej prostaty. Zlo\u017eenie Urotrinu obsahuje \u00fa\u010dinn\u00e9 rastlinn\u00e9 v\u00fd\u0165a\u017eky, ktor\u00e9 poskytuj\u00fa prirodzen\u00e9 rie\u0161enie \u00faporn\u00fdch probl\u00e9mov s mo\u010den\u00edm, ktor\u00e9 vznikaj\u00fa v d\u00f4sledku zl\u00e9ho stavu prostaty.<\/p>\n<p>N\u00e1\u0161 vzorec poskytuje viacero v\u00fdhod vr\u00e1tane zn\u00ed\u017eenia naliehavosti a \u00faniku mo\u010du, zlep\u0161enia celkov\u00e9ho prietoku mo\u010du a zn\u00ed\u017eenia frekvencie no\u010dn\u00e9ho mo\u010denia. Navy\u0161e n\u00e1\u0161 extrakt pom\u00e1ha zvy\u0161ova\u0165 aj \u00farove\u0148 vitality, aby ste mohli \u017ei\u0165 naplno! U\u017e\u00edvan\u00edm iba jednej kapsuly Urotrinu dvakr\u00e1t denne budete m\u00f4c\u0165 o\u017eivi\u0165 kvalitu svojho \u017eivota s vidite\u013en\u00fdmi v\u00fdsledkami u\u017e od \u0161tyroch dn\u00ed!<\/p>\n<p>Nedovo\u013ete, aby zl\u00e9 zdravie prostaty zni\u010dilo v\u00e1\u0161 \u017eivotn\u00fd \u0161t\u00fdl &#8211; zvo\u013ete rad\u0161ej Urotrin! V\u010faka v\u00fdlu\u010dne pr\u00edrodn\u00fdm zlo\u017ek\u00e1m vr\u00e1tane extraktu z k\u00f4ry Pygeum, sel\u00e9nu, glycin\u00e1tu zinku, vitam\u00ednu B6 a extraktu z gravioly a mnoh\u00fdm \u010fal\u0161\u00edm, ktor\u00e9 s\u00fa obsiahnut\u00e9 v jednom pr\u00edpravku, sa \u013eahko u\u017e\u00edva a je \u00faplne bezpe\u010dn\u00fd na ka\u017edodenn\u00e9 u\u017e\u00edvanie. Prevezmite kontrolu nad zdrav\u00edm svojej prostaty teraz s Urotrinom: pr\u00edrodn\u00fd sp\u00f4sob obnovy energie a vitality!<\/p>\n","protected":false},"excerpt":{"rendered":"<p>Urotrin zni\u017euje nepr\u00edjemn\u00e9 pocity spojen\u00e9 so zv\u00e4\u010d\u0161enou prostatou. \u00a0K\u00fapi\u0165 Urotrin v Slovenskej Republike za v\u00fdhodn\u00fa cenu. Cena. Hodnotenie. Kde k\u00fapi\u0165. Doru\u010denie na celom Slovensku: Tren\u010d\u00edn, Trnava, Bansk\u00e1 Bystrica, Nitra, \u017dilina, Pre\u0161ov, Ko\u0161ice, Bratislava, Zvolen, Prievidza, Poprad, Martin, Humenn\u00e9, Levice a Kom\u00e1rno. Kontraindik\u00e1cie, Ako si tovar vzia\u0165, Indik\u00e1cie pre pou\u017eitie. K\u00fapte si Urotrin online.<\/p>\n","protected":false},"featured_media":6872,"comment_status":"open","ping_status":"closed","template":"","meta":{"site-sidebar-layout":"default","site-content-layout":"default","ast-site-content-layout":"default","site-content-style":"default","site-sidebar-style":"default","ast-global-header-display":"","ast-banner-title-visibility":"","ast-main-header-display":"","ast-hfb-above-header-display":"","ast-hfb-below-header-display":"","ast-hfb-mobile-header-display":"","site-post-title":"","ast-breadcrumbs-content":"","ast-featured-img":"","footer-sml-layout":"","ast-disable-related-posts":"","theme-transparent-header-meta":"default","adv-header-id-meta":"","stick-header-meta":"","header-above-stick-meta":"","header-main-stick-meta":"","header-below-stick-meta":"","astra-migrate-meta-layouts":"default","ast-page-background-enabled":"default","ast-page-background-meta":{"desktop":{"background-color":"","background-image":"","background-repeat":"repeat","background-position":"center center","background-size":"auto","background-attachment":"scroll","background-type":"","background-media":"","overlay-type":"","overlay-color":"","overlay-opacity":"","overlay-gradient":""},"tablet":{"background-color":"","background-image":"","background-repeat":"repeat","background-position":"center center","background-size":"auto","background-attachment":"scroll","background-type":"","background-media":"","overlay-type":"","overlay-color":"","overlay-opacity":"","overlay-gradient":""},"mobile":{"background-color":"","background-image":"","background-repeat":"repeat","background-position":"center center","background-size":"auto","background-attachment":"scroll","background-type":"","background-media":"","overlay-type":"","overlay-color":"","overlay-opacity":"","overlay-gradient":""}},"ast-content-background-meta":{"desktop":{"background-color":"var(--ast-global-color-5)","background-image":"","background-repeat":"repeat","background-position":"center center","background-size":"auto","background-attachment":"scroll","background-type":"","background-media":"","overlay-type":"","overlay-color":"","overlay-opacity":"","overlay-gradient":""},"tablet":{"background-color":"var(--ast-global-color-5)","background-image":"","background-repeat":"repeat","background-position":"center center","background-size":"auto","background-attachment":"scroll","background-type":"","background-media":"","overlay-type":"","overlay-color":"","overlay-opacity":"","overlay-gradient":""},"mobile":{"background-color":"var(--ast-global-color-5)","background-image":"","background-repeat":"repeat","background-position":"center center","background-size":"auto","background-attachment":"scroll","background-type":"","background-media":"","overlay-type":"","overlay-color":"","overlay-opacity":"","overlay-gradient":""}}},"product_brand":[],"product_cat":[40],"product_tag":[],"class_list":{"0":"post-6644","1":"product","2":"type-product","3":"status-publish","4":"has-post-thumbnail","6":"product_cat-produkty-pre-muzov","7":"desktop-align-left","8":"tablet-align-left","9":"mobile-align-left","11":"first","12":"instock","13":"sale","14":"taxable","15":"shipping-taxable","16":"purchasable","17":"product-type-simple"},"_links":{"self":[{"href":"https:\/\/wellness4you.cz\/sk\/wp-json\/wp\/v2\/product\/6644","targetHints":{"allow":["GET"]}}],"collection":[{"href":"https:\/\/wellness4you.cz\/sk\/wp-json\/wp\/v2\/product"}],"about":[{"href":"https:\/\/wellness4you.cz\/sk\/wp-json\/wp\/v2\/types\/product"}],"replies":[{"embeddable":true,"href":"https:\/\/wellness4you.cz\/sk\/wp-json\/wp\/v2\/comments?post=6644"}],"wp:featuredmedia":[{"embeddable":true,"href":"https:\/\/wellness4you.cz\/sk\/wp-json\/wp\/v2\/media\/6872"}],"wp:attachment":[{"href":"https:\/\/wellness4you.cz\/sk\/wp-json\/wp\/v2\/media?parent=6644"}],"wp:term":[{"taxonomy":"product_brand","embeddable":true,"href":"https:\/\/wellness4you.cz\/sk\/wp-json\/wp\/v2\/product_brand?post=6644"},{"taxonomy":"product_cat","embeddable":true,"href":"https:\/\/wellness4you.cz\/sk\/wp-json\/wp\/v2\/product_cat?post=6644"},{"taxonomy":"product_tag","embeddable":true,"href":"https:\/\/wellness4you.cz\/sk\/wp-json\/wp\/v2\/product_tag?post=6644"}],"curies":[{"name":"wp","href":"https:\/\/api.w.org\/{rel}","templated":true}]}}