{"id":6643,"date":"2023-01-15T04:12:07","date_gmt":"2023-01-15T03:12:07","guid":{"rendered":"https:\/\/wellness4you.cz\/sk\/?post_type=product&#038;p=6643"},"modified":"2026-01-08T22:52:35","modified_gmt":"2026-01-08T21:52:35","slug":"ottomax","status":"publish","type":"product","link":"https:\/\/wellness4you.cz\/sk\/ottomax\/","title":{"rendered":"Ottomax+"},"content":{"rendered":"<p>S nov\u00fdm revolu\u010dn\u00fdm prostriedkom na ochranu sluchu s n\u00e1zvom Ottomax teraz m\u00f4\u017eete vst\u00fapi\u0165 do nov\u00e9ho sveta sluchov\u00fdch z\u00e1\u017eitkov. Tento \u013eahko pou\u017eite\u013en\u00fd v\u00fdrobok, ktor\u00fd je komplexn\u00fdm rie\u0161en\u00edm navrhnut\u00fdm na obnovenie zdravia v\u00e1\u0161ho sluchu, v\u00e1m vracia kontrolu nad va\u0161\u00edm sluchom a zosil\u0148uje ka\u017edodenn\u00fd zvuk okolo v\u00e1s.<\/p>\n<p>Jednou z najv\u00e4\u010d\u0161\u00edch v\u00fdhod pou\u017e\u00edvania Ottomaxu je jeho pokro\u010dil\u00e1 technol\u00f3gia potl\u00e1\u010dania hluku, ktor\u00e1 odborne zvl\u00e1da ne\u017eiaduci hluk z prostredia. A z\u00e1rove\u0148 v\u00e1m umo\u017e\u0148uje s\u00fastredi\u0165 sa na re\u010d, hudbu a in\u00e9 d\u00f4le\u017eit\u00e9 zvuky. Nedovo\u013ete, aby ru\u0161iv\u00e9 alebo hlasn\u00e9 zvuky prehlu\u0161ili to, \u010do je pre v\u00e1s d\u00f4le\u017eit\u00e9. V\u010faka prec\u00edznemu filtrovaniu Ottomax zostan\u00fa kri\u0161t\u00e1\u013eovo \u010dist\u00e9 len tie zvuky, na ktor\u00fdch v\u00e1m z\u00e1le\u017e\u00ed.<\/p>\n<p>V\u010faka dlhej v\u00fddr\u017ei bat\u00e9rie, \u013eahk\u00e9mu dizajnu a viacer\u00fdm prisp\u00f4sobite\u013en\u00fdm nastaveniam sa Ottomax postar\u00e1 o to. Aby boli v\u017edy splnen\u00e9 va\u0161e jedine\u010dn\u00e9 po\u017eiadavky na komfort a pohodlie. \u010ci u\u017e ide o de\u0148 v \u0161kole alebo sobot\u0148aj\u0161\u00ed ve\u010dern\u00fd koncert s priate\u013emi, m\u00f4\u017eete sa spo\u013eahn\u00fa\u0165, \u017ee Ottomax v\u00e1m v\u017edy poskytne \u0161pi\u010dkov\u00fa kvalitu zvuku a pom\u00f4\u017ee udr\u017ea\u0165 v\u00e1\u0161 sluch vo v\u00fdbornej kond\u00edcii. Z\u00edskajte d\u00e1vku sebad\u00f4very, ktor\u00e1 pramen\u00ed z d\u00f4very a spo\u013eahnutia sa na tak\u00e9to inovat\u00edvne zariadenie! Vysk\u00fa\u0161ajte t\u00fato revolu\u010dn\u00fa novinku e\u0161te dnes &#8211; Ottomax nav\u017edy zmen\u00ed va\u0161e sluchov\u00e9 z\u00e1\u017eitky!<\/p>\n<h2>St\u00e1va sa v\u00e1m, \u017ee \u010dastej\u0161ie \u017eiadate \u013eud\u00ed, aby sa opakovali? M\u00e1te pocit, \u017ee svet okolo v\u00e1s je \u010doraz hlu\u010dnej\u0161\u00ed a je pre v\u00e1s \u010doraz \u0165a\u017e\u0161ie porozumie\u0165 tomu, \u010do \u013eudia hovoria? Ak \u00e1no, potom je Ottomax pre v\u00e1s ide\u00e1lnym liekom na zdravie sluchu!<\/h2>\n<p>Ottomax bol \u0161peci\u00e1lne navrhnut\u00fd na pomoc v boji proti strate sluchu a in\u00fdm be\u017en\u00fdm probl\u00e9mom s\u00favisiacim s u\u0161ami. Jeho \u00faplne pr\u00edrodn\u00e1 zmes bylinn\u00fdch extraktov, vitam\u00ednov, miner\u00e1lov a antioxidantov pom\u00e1ha podporova\u0165 \u010dist\u00fd sluch a zni\u017eova\u0165 vibr\u00e1cie a hlasn\u00e9 zvuky, ktor\u00e9 m\u00f4\u017eu sp\u00f4sobova\u0165 nepr\u00edjemn\u00e9 pocity. Navy\u0161e sa ve\u013emi \u013eahko u\u017e\u00edva &#8211; sta\u010d\u00ed jedna jednoduch\u00e1 kapsula s vodou ka\u017ed\u00fd de\u0148!<\/p>\n<p>Na rozdiel od in\u00fdch produktov na trhu Ottomax pou\u017e\u00edva pr\u00edrodn\u00e9 zlo\u017eky bez agres\u00edvnych chemik\u00e1li\u00ed alebo bioproduktov &#8211; to znamen\u00e1, \u017ee je bezpe\u010dn\u00fd, \u00fa\u010dinn\u00fd a nezanech\u00e1 na v\u00e1s nepr\u00edjemn\u00e9 ved\u013eaj\u0161ie \u00fa\u010dinky. Jednoducho povedan\u00e9 &#8211; va\u0161e zdravie je na\u0161ou najvy\u0161\u0161ou prioritou. V skuto\u010dnosti garantujeme, \u017ee Ottomax v\u00e1m poskytne r\u00fdchlu \u00fa\u013eavu od va\u0161ich \u0165a\u017ekost\u00ed s\u00favisiacich so sluchom do 30 dn\u00ed alebo v\u00e1m vr\u00e1time peniaze &#8211; bez ot\u00e1zok!<\/p>\n<p>Tak u\u017e ne\u010dakajte &#8211; s Ottomaxom budete ma\u0165 \u010dist\u00fd sluch v kr\u00e1tkom \u010dase! Pokra\u010dujte a vyu\u017eite na\u0161u \u0161peci\u00e1lnu ponuku e\u0161te dnes &#8211; z\u00edskajte f\u013ea\u0161u len za 19,95 USD teraz!<\/p>\n","protected":false},"excerpt":{"rendered":"<p>Ottomax pre v\u00e1s ide\u00e1lnym liekom na zdravie sluchu! K\u00fapi\u0165 Ottomax+ v Slovenskej Republike za v\u00fdhodn\u00fa cenu. Hodnotenie. Kde k\u00fapi\u0165. Cena. Doru\u010denie na celom Slovensku: Trnava, Bansk\u00e1 Bystrica, Nitra, \u017dilina, Pre\u0161ov, Ko\u0161ice, Bratislava, Zvolen, Prievidza, Poprad, Martin, Tren\u010d\u00edn, Levice, Kom\u00e1rno a Spi\u0161sk\u00e1 Nov\u00e1 Ves. Ako si tovar vzia\u0165, Indik\u00e1cie pre pou\u017eitie, Kontraindik\u00e1cie. K\u00fapte si Ottomax+ online.<\/p>\n","protected":false},"featured_media":6870,"comment_status":"open","ping_status":"closed","template":"","meta":{"site-sidebar-layout":"default","site-content-layout":"default","ast-site-content-layout":"default","site-content-style":"default","site-sidebar-style":"default","ast-global-header-display":"","ast-banner-title-visibility":"","ast-main-header-display":"","ast-hfb-above-header-display":"","ast-hfb-below-header-display":"","ast-hfb-mobile-header-display":"","site-post-title":"","ast-breadcrumbs-content":"","ast-featured-img":"","footer-sml-layout":"","ast-disable-related-posts":"","theme-transparent-header-meta":"default","adv-header-id-meta":"","stick-header-meta":"","header-above-stick-meta":"","header-main-stick-meta":"","header-below-stick-meta":"","astra-migrate-meta-layouts":"set","ast-page-background-enabled":"default","ast-page-background-meta":{"desktop":{"background-color":"","background-image":"","background-repeat":"repeat","background-position":"center center","background-size":"auto","background-attachment":"scroll","background-type":"","background-media":"","overlay-type":"","overlay-color":"","overlay-opacity":"","overlay-gradient":""},"tablet":{"background-color":"","background-image":"","background-repeat":"repeat","background-position":"center center","background-size":"auto","background-attachment":"scroll","background-type":"","background-media":"","overlay-type":"","overlay-color":"","overlay-opacity":"","overlay-gradient":""},"mobile":{"background-color":"","background-image":"","background-repeat":"repeat","background-position":"center center","background-size":"auto","background-attachment":"scroll","background-type":"","background-media":"","overlay-type":"","overlay-color":"","overlay-opacity":"","overlay-gradient":""}},"ast-content-background-meta":{"desktop":{"background-color":"var(--ast-global-color-5)","background-image":"","background-repeat":"repeat","background-position":"center center","background-size":"auto","background-attachment":"scroll","background-type":"","background-media":"","overlay-type":"","overlay-color":"","overlay-opacity":"","overlay-gradient":""},"tablet":{"background-color":"var(--ast-global-color-5)","background-image":"","background-repeat":"repeat","background-position":"center center","background-size":"auto","background-attachment":"scroll","background-type":"","background-media":"","overlay-type":"","overlay-color":"","overlay-opacity":"","overlay-gradient":""},"mobile":{"background-color":"var(--ast-global-color-5)","background-image":"","background-repeat":"repeat","background-position":"center center","background-size":"auto","background-attachment":"scroll","background-type":"","background-media":"","overlay-type":"","overlay-color":"","overlay-opacity":"","overlay-gradient":""}}},"product_brand":[],"product_cat":[41],"product_tag":[],"class_list":{"0":"post-6643","1":"product","2":"type-product","3":"status-publish","4":"has-post-thumbnail","6":"product_cat-produkty-pre-zdravie","7":"desktop-align-left","8":"tablet-align-left","9":"mobile-align-left","11":"first","12":"instock","13":"sale","14":"taxable","15":"shipping-taxable","16":"purchasable","17":"product-type-simple"},"_links":{"self":[{"href":"https:\/\/wellness4you.cz\/sk\/wp-json\/wp\/v2\/product\/6643","targetHints":{"allow":["GET"]}}],"collection":[{"href":"https:\/\/wellness4you.cz\/sk\/wp-json\/wp\/v2\/product"}],"about":[{"href":"https:\/\/wellness4you.cz\/sk\/wp-json\/wp\/v2\/types\/product"}],"replies":[{"embeddable":true,"href":"https:\/\/wellness4you.cz\/sk\/wp-json\/wp\/v2\/comments?post=6643"}],"wp:featuredmedia":[{"embeddable":true,"href":"https:\/\/wellness4you.cz\/sk\/wp-json\/wp\/v2\/media\/6870"}],"wp:attachment":[{"href":"https:\/\/wellness4you.cz\/sk\/wp-json\/wp\/v2\/media?parent=6643"}],"wp:term":[{"taxonomy":"product_brand","embeddable":true,"href":"https:\/\/wellness4you.cz\/sk\/wp-json\/wp\/v2\/product_brand?post=6643"},{"taxonomy":"product_cat","embeddable":true,"href":"https:\/\/wellness4you.cz\/sk\/wp-json\/wp\/v2\/product_cat?post=6643"},{"taxonomy":"product_tag","embeddable":true,"href":"https:\/\/wellness4you.cz\/sk\/wp-json\/wp\/v2\/product_tag?post=6643"}],"curies":[{"name":"wp","href":"https:\/\/api.w.org\/{rel}","templated":true}]}}