{"id":6641,"date":"2023-01-15T04:12:06","date_gmt":"2023-01-15T03:12:06","guid":{"rendered":"https:\/\/wellness4you.cz\/sk\/?post_type=product&#038;p=6641"},"modified":"2026-01-08T22:52:35","modified_gmt":"2026-01-08T21:52:35","slug":"nine-eyed-dzi-bead-amulet","status":"publish","type":"product","link":"https:\/\/wellness4you.cz\/sk\/nine-eyed-dzi-bead-amulet\/","title":{"rendered":"Nine Eyed Dzi Bead Amulet"},"content":{"rendered":"<h2>Vitajte na str\u00e1nkach tibetsk\u00e9ho amuletu s kor\u00e1lkami Nine Eyed Dzi Bead Amulet!<\/h2>\n<p>Tento mystick\u00fd, kr\u00e1sny amulet je opraden\u00fd legendami a mystikou, tak\u017ee je skuto\u010dne jedine\u010dn\u00fdm doplnkom v\u00e1\u0161ho \u0161atn\u00edka. Nine Eyed Dzi Bead Amulet\u00a0je vyroben\u00fd zru\u010dne a s d\u00f4razom na detail. \u010cierny kor\u00e1lik je vyroben\u00fd z ach\u00e1tu &#8211; pr\u00edrodn\u00e9ho kame\u0148a, ktor\u00fd sa v tibetskom budhizme hojne pou\u017e\u00edva. M\u00e1 dev\u00e4\u0165 r\u00f4znych o\u010diek, z ktor\u00fdch ka\u017ed\u00e9 predstavuje jeden z deviatich atrib\u00fatov, ktor\u00e9 s\u00fa z\u00e1kladom tibetskej budhistickej viery: odvahu, poznanie, silu, zdravie, medit\u00e1ciu, prosperitu, silu, \u00factu a dlhovekos\u0165.<\/p>\n<p>Amulet s kor\u00e1lkami s deviatimi o\u010dami Dzi je to v\u00fdraz duchovnej oddanosti, ktor\u00fd v\u00e1m poskytne ochranu a prinesie \u0161\u0165astie. Tento mocn\u00fd talizman sl\u00fa\u017ei ako vynikaj\u00faci n\u00e1stroj na upokojenie mysle a otvorenie srdca pri medit\u00e1cii.<\/p>\n<p>Amulet s kor\u00e1lkami Nine Eyed Dzi Bead Amulet z Tibetu je pre v\u00e1s ako stvoren\u00fd! V\u010faka 9 symbolick\u00fdm o\u010diam, ktor\u00e9 predstavuj\u00fa k\u013e\u00fa\u010dov\u00e9 budhistick\u00e9 hodnoty, bude ur\u010dite p\u00fatav\u00fdm k\u00faskom.<\/p>\n<h2>Zaobstarajte si ho e\u0161te dnes a obdivujte jeho kr\u00e1su aj to, \u010do symbolizuje!<\/h2>\n<p>Objavte pocit pokoja a omladenia s kor\u00e1lkov\u00fdm amuletom Nine Eyed Dzi Bead Amulet. Tento n\u00e1dhern\u00fd kor\u00e1lik je vyroben\u00fd so starobyl\u00fdm a osobit\u00fdm vzh\u013eadom &#8211; dev\u00e4\u0165 o\u010d\u00ed, ktor\u00e9 chr\u00e1nia a z\u00e1rove\u0148 prin\u00e1\u0161aj\u00fa nosite\u013eovi jasnos\u0165, harm\u00f3niu a rados\u0165. Zavesen\u00fd na n\u00e1ramku alebo na krku je tento amulet dokonal\u00fdm spolo\u010dn\u00edkom, ktor\u00fd do v\u00e1\u0161ho \u017eivota prinesie pokoj a trval\u00e9 \u0161\u0165astie.<\/p>\n<p>Archetyp\u00e1lne symboly v kombin\u00e1cii s modernou estetikou dizajnu robia z tohto amuletu nie\u010do v\u00fdnimo\u010dn\u00e9. V\u010faka svojmu elegantn\u00e9mu zakriven\u00e9mu jedine\u010dn\u00e9mu tvaru a hlbok\u00e9mu hnedo\u010diernemu odtie\u0148u vyd\u00e1va drahokam starostlivo vlo\u017een\u00fd uprostred \u00e9terick\u00fd lesk svetla. U\u017eite si nosenie tohto amuletu s kor\u00e1lkami Nine Eyed Dzi, ke\u010f sa vyd\u00e1te na cestu pln\u00fa novoobjavenej d\u00f4very v seba sam\u00e9ho a \u013eud\u00ed okolo v\u00e1s.<\/p>\n<p>Nosen\u00edm tohto amuletu Nine Eyed Dzi vnesiete do svojho ka\u017edodenn\u00e9ho \u017eivota pozitivitu, \u0161\u0165astie, pokoj a m\u00fadros\u0165. Osvie\u0165te si \u00faspech prostredn\u00edctvom jeho mocnej symboliky, ktor\u00e1 v\u00e1m poskytuje ochranu pred ne\u0161\u0165ast\u00edm, ke\u010f budete kr\u00e1\u010da\u0165 svojimi d\u0148ami a nanovo objavova\u0165 sam\u00fdch seba. Odomknite nov\u00fa r\u00ed\u0161u mieru vo svojej realite e\u0161te dnes s t\u00fdmto nezabudnute\u013en\u00fdm doplnkom vyroben\u00fdm \u0161peci\u00e1lne pre v\u00e1s!<\/p>\n","protected":false},"excerpt":{"rendered":"<p>Nine Eyed Dzi Bead Amulet je to v\u00fdraz duchovnej oddanosti, ktor\u00fd v\u00e1m poskytne ochranu a prinesie \u0161\u0165astie. K\u00fapi\u0165 Nine Eyed Dzi Bead Amulet v Slovenskej Republike za v\u00fdhodn\u00fa cenu. Cena. Hodnotenie. Kde k\u00fapi\u0165. Doru\u010denie na celom Slovensku: Nitra, \u017dilina, Pre\u0161ov, Ko\u0161ice, Bratislava, Zvolen, Prievidza, Poprad, Martin, Tren\u010d\u00edn, Trnava, Bansk\u00e1 Bystrica, Spi\u0161sk\u00e1 Nov\u00e1 Ves, Michalovce a Nov\u00e9 Z\u00e1mky. Kontraindik\u00e1cie, Ako si tovar vzia\u0165, Indik\u00e1cie pre pou\u017eitie. K\u00fapte si Nine Eyed Dzi Bead Amulet online.<\/p>\n","protected":false},"featured_media":6865,"comment_status":"open","ping_status":"closed","template":"","meta":{"site-sidebar-layout":"default","site-content-layout":"default","ast-site-content-layout":"default","site-content-style":"default","site-sidebar-style":"default","ast-global-header-display":"","ast-banner-title-visibility":"","ast-main-header-display":"","ast-hfb-above-header-display":"","ast-hfb-below-header-display":"","ast-hfb-mobile-header-display":"","site-post-title":"","ast-breadcrumbs-content":"","ast-featured-img":"","footer-sml-layout":"","ast-disable-related-posts":"","theme-transparent-header-meta":"default","adv-header-id-meta":"","stick-header-meta":"","header-above-stick-meta":"","header-main-stick-meta":"","header-below-stick-meta":"","astra-migrate-meta-layouts":"default","ast-page-background-enabled":"default","ast-page-background-meta":{"desktop":{"background-color":"","background-image":"","background-repeat":"repeat","background-position":"center center","background-size":"auto","background-attachment":"scroll","background-type":"","background-media":"","overlay-type":"","overlay-color":"","overlay-opacity":"","overlay-gradient":""},"tablet":{"background-color":"","background-image":"","background-repeat":"repeat","background-position":"center center","background-size":"auto","background-attachment":"scroll","background-type":"","background-media":"","overlay-type":"","overlay-color":"","overlay-opacity":"","overlay-gradient":""},"mobile":{"background-color":"","background-image":"","background-repeat":"repeat","background-position":"center center","background-size":"auto","background-attachment":"scroll","background-type":"","background-media":"","overlay-type":"","overlay-color":"","overlay-opacity":"","overlay-gradient":""}},"ast-content-background-meta":{"desktop":{"background-color":"var(--ast-global-color-5)","background-image":"","background-repeat":"repeat","background-position":"center center","background-size":"auto","background-attachment":"scroll","background-type":"","background-media":"","overlay-type":"","overlay-color":"","overlay-opacity":"","overlay-gradient":""},"tablet":{"background-color":"var(--ast-global-color-5)","background-image":"","background-repeat":"repeat","background-position":"center center","background-size":"auto","background-attachment":"scroll","background-type":"","background-media":"","overlay-type":"","overlay-color":"","overlay-opacity":"","overlay-gradient":""},"mobile":{"background-color":"var(--ast-global-color-5)","background-image":"","background-repeat":"repeat","background-position":"center center","background-size":"auto","background-attachment":"scroll","background-type":"","background-media":"","overlay-type":"","overlay-color":"","overlay-opacity":"","overlay-gradient":""}}},"product_brand":[],"product_cat":[21],"product_tag":[],"class_list":{"0":"post-6641","1":"product","2":"type-product","3":"status-publish","4":"has-post-thumbnail","6":"product_cat-ziadna-kategoria","7":"desktop-align-left","8":"tablet-align-left","9":"mobile-align-left","11":"first","12":"instock","13":"taxable","14":"shipping-taxable","15":"purchasable","16":"product-type-simple"},"_links":{"self":[{"href":"https:\/\/wellness4you.cz\/sk\/wp-json\/wp\/v2\/product\/6641","targetHints":{"allow":["GET"]}}],"collection":[{"href":"https:\/\/wellness4you.cz\/sk\/wp-json\/wp\/v2\/product"}],"about":[{"href":"https:\/\/wellness4you.cz\/sk\/wp-json\/wp\/v2\/types\/product"}],"replies":[{"embeddable":true,"href":"https:\/\/wellness4you.cz\/sk\/wp-json\/wp\/v2\/comments?post=6641"}],"wp:featuredmedia":[{"embeddable":true,"href":"https:\/\/wellness4you.cz\/sk\/wp-json\/wp\/v2\/media\/6865"}],"wp:attachment":[{"href":"https:\/\/wellness4you.cz\/sk\/wp-json\/wp\/v2\/media?parent=6641"}],"wp:term":[{"taxonomy":"product_brand","embeddable":true,"href":"https:\/\/wellness4you.cz\/sk\/wp-json\/wp\/v2\/product_brand?post=6641"},{"taxonomy":"product_cat","embeddable":true,"href":"https:\/\/wellness4you.cz\/sk\/wp-json\/wp\/v2\/product_cat?post=6641"},{"taxonomy":"product_tag","embeddable":true,"href":"https:\/\/wellness4you.cz\/sk\/wp-json\/wp\/v2\/product_tag?post=6641"}],"curies":[{"name":"wp","href":"https:\/\/api.w.org\/{rel}","templated":true}]}}