{"id":6640,"date":"2023-01-15T04:12:06","date_gmt":"2023-01-15T03:12:06","guid":{"rendered":"https:\/\/wellness4you.cz\/sk\/?post_type=product&#038;p=6640"},"modified":"2026-01-08T22:52:35","modified_gmt":"2026-01-08T21:52:35","slug":"neoveris","status":"publish","type":"product","link":"https:\/\/wellness4you.cz\/sk\/neoveris\/","title":{"rendered":"Neoveris"},"content":{"rendered":"<h2>Preme\u0148te svoje nohy pomocou revolu\u010dn\u00e9ho lieku na k\u0155\u010dov\u00e9 \u017eily: Neoveris!<\/h2>\n<p>Pre\u010d s\u00fa \u010dasy, ke\u010f v\u00e1m tieto \u0161kared\u00e9 a bolestiv\u00e9 \u017eily sp\u00f4sobovali utrpenie. S Neoveris sa kone\u010dne m\u00f4\u017eete zbavi\u0165 t\u00fdchto nepr\u00edjemn\u00fdch k\u0155\u010dov\u00fdch \u017e\u00edl &#8211; bez rizika a nepohodlia chirurgick\u00e9ho z\u00e1kroku! Tento prelomov\u00fd pr\u00edpravok p\u00f4sob\u00ed magicky a zameriava sa na probl\u00e9mov\u00e9 oblasti, \u010d\u00edm pom\u00e1ha redukova\u0165 nevzh\u013eadn\u00e9 vypukl\u00e9 \u017eily a z\u00e1rove\u0148 zvy\u0161uje cirkul\u00e1ciu krvi, tak\u017ee sa va\u0161e nohy c\u00edtia pohodlnej\u0161ie.<\/p>\n<p>Jemn\u00e9, ale \u00fa\u010dinn\u00e9 zlo\u017eky tohto lok\u00e1lneho prostriedku u\u013eah\u010duj\u00fa jeho pou\u017e\u00edvanie a dokonale sa kombinuj\u00fa s pravideln\u00fdm cvi\u010den\u00edm. Navy\u0161e, ke\u010f\u017ee sa aplikuje priamo na poko\u017eku, pom\u00e1ha o\u0161etrova\u0165 a tlmi\u0165 jemn\u00e9 ko\u017en\u00e9 tkanivo pre celkovo lep\u0161\u00ed zdravotn\u00fd stav.<\/p>\n<h2>Rozl\u00fa\u010dte sa s k\u0155\u010dov\u00fdmi \u017eilami pomocou Neoverisu!<\/h2>\n<p>Neoveris je nov\u00fd revolu\u010dn\u00fd liek pre t\u00fdch, ktor\u00ed trpia nevzh\u013eadn\u00fdmi a niekedy nepr\u00edjemn\u00fdmi k\u0155\u010dov\u00fdmi \u017eilami. Na\u0161e \u0161peci\u00e1lne zlo\u017eenie je navrhnut\u00e9 tak, aby vidite\u013ene zn\u00ed\u017eilo v\u00fdskyt pav\u00fa\u010d\u00edch a sie\u0165ov\u00fdch \u017e\u00edl, \u010d\u00edm pou\u017e\u00edvate\u013eom op\u00e4\u0165 vr\u00e1tilo sebavedomie a hladk\u00e9 nohy.<\/p>\n<p>Neoveris je r\u00fdchlo \u00fa\u010dinn\u00fd, s vidite\u013en\u00fdmi v\u00fdsledkami do 48 hod\u00edn. Zlo\u017eky pou\u017eit\u00e9 v Neoverise s\u00fa \u0161peci\u00e1lne vybran\u00e9 tak, aby pom\u00e1hali posil\u0148ova\u0165 cievne steny, v\u010faka \u010domu s\u00fa \u00fa\u010dinky dlhodob\u00e9. Neoveris mo\u017eno \u013eahko zaradi\u0165 do ka\u017edodennej rutiny ka\u017ed\u00e9ho \u010dloveka &#8211; sta\u010d\u00ed jedna d\u00e1vka denne, aby sa dosiahol ve\u013ek\u00fd rozdiel. Navy\u0161e je jeho pou\u017eitie neuverite\u013ene jednoduch\u00e9 &#8211; sta\u010d\u00ed ho nanies\u0165 priamo na oblas\u0165 poko\u017eky postihnut\u00fa k\u0155\u010dov\u00fdmi \u017eilami.<\/p>\n<p>V\u010faka \u00fa\u010dinnej zmesi pr\u00edrodn\u00fdch zlo\u017eiek a klinicky overen\u00fdm v\u00fdsledkom predstavuje Neoveris dokonal\u00e9 rie\u0161enie pre ka\u017ed\u00e9ho, kto sa chce r\u00fdchlo a \u00fa\u010dinne zbavi\u0165 k\u0155\u010dov\u00fdch \u017e\u00edl. Rozl\u00fa\u010dte sa nadobro s nepr\u00edjemn\u00fdmi \u0161kvrnami &#8211; vysk\u00fa\u0161ajte Neoveris e\u0161te dnes!<\/p>\n","protected":false},"excerpt":{"rendered":"<p>Neoveris &#8211; rozl\u00fa\u010dte sa s k\u0155\u010dov\u00fdmi \u017eilami! K\u00fapi\u0165 Neoveris v Slovenskej Republike za v\u00fdhodn\u00fa cenu. Hodnotenie. Kde k\u00fapi\u0165. Cena. Doru\u010denie na celom Slovensku: \u017dilina, Pre\u0161ov, Ko\u0161ice, Bratislava, Zvolen, Prievidza, Poprad, Martin, Tren\u010d\u00edn, Trnava, Bansk\u00e1 Bystrica, Nitra, Michalovce, Nov\u00e9 Z\u00e1mky a Pova\u017esk\u00e1 Bystrica. Indik\u00e1cie pre pou\u017eitie, Kontraindik\u00e1cie, Ako si tovar vzia\u0165. K\u00fapte si Neoveris online.<\/p>\n","protected":false},"featured_media":6863,"comment_status":"open","ping_status":"closed","template":"","meta":{"site-sidebar-layout":"default","site-content-layout":"default","ast-site-content-layout":"default","site-content-style":"default","site-sidebar-style":"default","ast-global-header-display":"","ast-banner-title-visibility":"","ast-main-header-display":"","ast-hfb-above-header-display":"","ast-hfb-below-header-display":"","ast-hfb-mobile-header-display":"","site-post-title":"","ast-breadcrumbs-content":"","ast-featured-img":"","footer-sml-layout":"","ast-disable-related-posts":"","theme-transparent-header-meta":"default","adv-header-id-meta":"","stick-header-meta":"","header-above-stick-meta":"","header-main-stick-meta":"","header-below-stick-meta":"","astra-migrate-meta-layouts":"default","ast-page-background-enabled":"default","ast-page-background-meta":{"desktop":{"background-color":"","background-image":"","background-repeat":"repeat","background-position":"center center","background-size":"auto","background-attachment":"scroll","background-type":"","background-media":"","overlay-type":"","overlay-color":"","overlay-opacity":"","overlay-gradient":""},"tablet":{"background-color":"","background-image":"","background-repeat":"repeat","background-position":"center center","background-size":"auto","background-attachment":"scroll","background-type":"","background-media":"","overlay-type":"","overlay-color":"","overlay-opacity":"","overlay-gradient":""},"mobile":{"background-color":"","background-image":"","background-repeat":"repeat","background-position":"center center","background-size":"auto","background-attachment":"scroll","background-type":"","background-media":"","overlay-type":"","overlay-color":"","overlay-opacity":"","overlay-gradient":""}},"ast-content-background-meta":{"desktop":{"background-color":"var(--ast-global-color-5)","background-image":"","background-repeat":"repeat","background-position":"center center","background-size":"auto","background-attachment":"scroll","background-type":"","background-media":"","overlay-type":"","overlay-color":"","overlay-opacity":"","overlay-gradient":""},"tablet":{"background-color":"var(--ast-global-color-5)","background-image":"","background-repeat":"repeat","background-position":"center center","background-size":"auto","background-attachment":"scroll","background-type":"","background-media":"","overlay-type":"","overlay-color":"","overlay-opacity":"","overlay-gradient":""},"mobile":{"background-color":"var(--ast-global-color-5)","background-image":"","background-repeat":"repeat","background-position":"center center","background-size":"auto","background-attachment":"scroll","background-type":"","background-media":"","overlay-type":"","overlay-color":"","overlay-opacity":"","overlay-gradient":""}}},"product_brand":[],"product_cat":[41],"product_tag":[],"class_list":{"0":"post-6640","1":"product","2":"type-product","3":"status-publish","4":"has-post-thumbnail","6":"product_cat-produkty-pre-zdravie","7":"desktop-align-left","8":"tablet-align-left","9":"mobile-align-left","11":"first","12":"instock","13":"sale","14":"taxable","15":"shipping-taxable","16":"purchasable","17":"product-type-simple"},"_links":{"self":[{"href":"https:\/\/wellness4you.cz\/sk\/wp-json\/wp\/v2\/product\/6640","targetHints":{"allow":["GET"]}}],"collection":[{"href":"https:\/\/wellness4you.cz\/sk\/wp-json\/wp\/v2\/product"}],"about":[{"href":"https:\/\/wellness4you.cz\/sk\/wp-json\/wp\/v2\/types\/product"}],"replies":[{"embeddable":true,"href":"https:\/\/wellness4you.cz\/sk\/wp-json\/wp\/v2\/comments?post=6640"}],"wp:featuredmedia":[{"embeddable":true,"href":"https:\/\/wellness4you.cz\/sk\/wp-json\/wp\/v2\/media\/6863"}],"wp:attachment":[{"href":"https:\/\/wellness4you.cz\/sk\/wp-json\/wp\/v2\/media?parent=6640"}],"wp:term":[{"taxonomy":"product_brand","embeddable":true,"href":"https:\/\/wellness4you.cz\/sk\/wp-json\/wp\/v2\/product_brand?post=6640"},{"taxonomy":"product_cat","embeddable":true,"href":"https:\/\/wellness4you.cz\/sk\/wp-json\/wp\/v2\/product_cat?post=6640"},{"taxonomy":"product_tag","embeddable":true,"href":"https:\/\/wellness4you.cz\/sk\/wp-json\/wp\/v2\/product_tag?post=6640"}],"curies":[{"name":"wp","href":"https:\/\/api.w.org\/{rel}","templated":true}]}}