{"id":6639,"date":"2023-01-15T04:12:05","date_gmt":"2023-01-15T03:12:05","guid":{"rendered":"https:\/\/wellness4you.cz\/sk\/?post_type=product&#038;p=6639"},"modified":"2026-01-08T22:52:35","modified_gmt":"2026-01-08T21:52:35","slug":"money-amulet","status":"publish","type":"product","link":"https:\/\/wellness4you.cz\/sk\/money-amulet\/","title":{"rendered":"Money Amulet"},"content":{"rendered":"<h2>Chcete pril\u00e1ka\u0165 viac bohatstva, \u0161\u0165astia a priazne? Money Amulet je pre v\u00e1s ide\u00e1lnym produktom!<\/h2>\n<p>Tento kr\u00e1sny amulet sa u\u017e po st\u00e1ro\u010dia pou\u017e\u00edva v mnoh\u00fdch kult\u00farach, aby priniesol do \u017eivota prosperitu a \u00faspech. Sila tohto Money Amulet spo\u010d\u00edva v jeho sile kozmickej energie a manifest\u00e1cie. Pri nosen\u00ed bud\u00fa energie vy\u017earuj\u00face z Money Amulet p\u00f4sobi\u0165 tak, aby v\u00e1m pomohli otvori\u0165 sa nov\u00fdm sf\u00e9ram pozit\u00edvnych mo\u017enost\u00ed.<\/p>\n<p>Tento mocn\u00fd amulet prich\u00e1dza s \u00fa\u017easn\u00fdm radom funkci\u00ed a v\u00fdhod. V\u010faka nemu m\u00f4\u017eete:<\/p>\n<p>-Pri\u0165ahova\u0165 hojnos\u0165 do v\u0161etk\u00fdch oblast\u00ed svojho \u017eivota<br \/>\n-Otvori\u0165 sa v\u00e4\u010d\u0161iemu mno\u017estvu \u0161\u0165astia a prosperity<br \/>\n-Prinies\u0165 hlb\u0161\u00ed pocit sebad\u00f4very a jasnosti<br \/>\n-Z\u00edska\u0165 ochranu pred negat\u00edvnymi energiami vo svojom \u017eivote<\/p>\n<p>Money Amulet nie je len oby\u010dajn\u00fd \u0161perk ako ostatn\u00e9. Ka\u017ed\u00fd jedine\u010dn\u00fd dizajn je \u0161peci\u00e1lne vytvoren\u00fd so starobylou symbolikou, ktor\u00e1 pom\u00e1ha vyvola\u0165 jeho prirodzen\u00e9 lie\u010div\u00e9 energie. V\u010faka svojmu kr\u00e1snemu spracovaniu m\u00f4\u017ee st\u00e1\u0165 ako \u0161t\u00fdlov\u00fd doplnok, ktor\u00fd dod\u00e1 jedine\u010dn\u00fd n\u00e1dych bez oh\u013eadu na to, s \u010d\u00edm ho budete nosi\u0165!<\/p>\n<h2>Preto u\u017e ne\u010dakajte &#8211; prijmite svoje novonadobudnut\u00e9 bohatstvo a zaobstarajte si vlastn\u00fd amulet pe\u0148az\u00ed e\u0161te dnes!<\/h2>\n<p>Nebudete \u013eutova\u0165, \u017ee ste sa dostali do novoobjaven\u00fdch sf\u00e9r finan\u010dn\u00e9ho aj duchovn\u00e9ho rastu.<\/p>\n<p>Predstavujeme jedine\u010dn\u00fd a mocn\u00fd Money Amulet! Tento v\u00fdznamn\u00fd symbol bol obdaren\u00fd mocou posiela\u0165 \u0161\u0165astie, bohatstvo a prosperitu. Je vyroben\u00fd z pr\u00edrodn\u00fdch miner\u00e1lov, ktor\u00e9 boli naplnen\u00e9 \u0161peci\u00e1lnou energiou, aby do v\u00e1\u0161ho \u017eivota priniesli hojnos\u0165. V\u010faka jednoduch\u00e9mu dizajnu a ohromuj\u00facej zlatej farbe je amulet Money Amulet rovnako kr\u00e1sny ako \u00fa\u010dinn\u00fd &#8211; je preto ide\u00e1lnym doplnkom do ka\u017edej dom\u00e1cnosti alebo kancel\u00e1rie.<\/p>\n<p>C\u00ed\u0165te sa ist\u00ed t\u00fdm, \u017ee po\u010das nosenia tohto amuletu si zlep\u0161\u00edte svoju finan\u010dn\u00fa situ\u00e1ciu. Nielen\u017ee bud\u00fa zdroje \u013eah\u0161ie dostupn\u00e9, ale aj v\u0161etky probl\u00e9my, ktor\u00e9 sa vo va\u0161om \u017eivote objavia z finan\u010dn\u00e9ho h\u013eadiska, sa m\u00f4\u017eu okam\u017eite vyrie\u0161i\u0165. Umiestnite amulet do bl\u00edzkosti oblast\u00ed, ktor\u00e9 generuj\u00fa peniaze, ako s\u00fa sporiace \u00fa\u010dty alebo podnikate\u013esk\u00e9 invest\u00edcie, aby ste aj do nich privolali \u0161\u0165astie.<\/p>\n<p>Za\u017eite rados\u0165 z toho, \u017ee m\u00e1te peniaze na dosah ruky! S Money Amulet sa budete te\u0161i\u0165 z posilnenej stability a istoty, z ktor\u00fdch sa m\u00f4\u017eu vynori\u0165 lep\u0161ie pr\u00edle\u017eitosti. Odomknite toto \u00fa\u017easn\u00e9 tajomstvo \u00faspechu e\u0161te dnes a vydajte sa na cestu k finan\u010dnej slobode! Verte n\u00e1m, \u017ee v\u00e1s \u010dak\u00e1 \u017eiariv\u00e1 bud\u00facnos\u0165, ke\u010f sa tento amulet stane s\u00fa\u010das\u0165ou va\u0161ej cesty vpred.<\/p>\n","protected":false},"excerpt":{"rendered":"<p>Money Amulet v\u00fdznamn\u00fd symbol bol obdaren\u00fd mocou posiela\u0165 \u0161\u0165astie, bohatstvo a prosperitu. K\u00fapi\u0165 Money Amulet v Slovenskej Republike za v\u00fdhodn\u00fa cenu. Kde k\u00fapi\u0165. Cena. Hodnotenie. Doru\u010denie na celom Slovensku: Pre\u0161ov, Ko\u0161ice, Bratislava, Zvolen, Prievidza, Poprad, Martin, Tren\u010d\u00edn, Trnava, Bansk\u00e1 Bystrica, Nitra, \u017dilina, Nov\u00e9 Z\u00e1mky, Pova\u017esk\u00e1 Bystrica a Malacky. Kontraindik\u00e1cie, Ako si tovar vzia\u0165, Indik\u00e1cie pre pou\u017eitie. K\u00fapte si Money Amulet online.<\/p>\n","protected":false},"featured_media":6861,"comment_status":"open","ping_status":"closed","template":"","meta":{"site-sidebar-layout":"default","site-content-layout":"default","ast-site-content-layout":"default","site-content-style":"default","site-sidebar-style":"default","ast-global-header-display":"","ast-banner-title-visibility":"","ast-main-header-display":"","ast-hfb-above-header-display":"","ast-hfb-below-header-display":"","ast-hfb-mobile-header-display":"","site-post-title":"","ast-breadcrumbs-content":"","ast-featured-img":"","footer-sml-layout":"","ast-disable-related-posts":"","theme-transparent-header-meta":"default","adv-header-id-meta":"","stick-header-meta":"","header-above-stick-meta":"","header-main-stick-meta":"","header-below-stick-meta":"","astra-migrate-meta-layouts":"set","ast-page-background-enabled":"default","ast-page-background-meta":{"desktop":{"background-color":"","background-image":"","background-repeat":"repeat","background-position":"center center","background-size":"auto","background-attachment":"scroll","background-type":"","background-media":"","overlay-type":"","overlay-color":"","overlay-opacity":"","overlay-gradient":""},"tablet":{"background-color":"","background-image":"","background-repeat":"repeat","background-position":"center center","background-size":"auto","background-attachment":"scroll","background-type":"","background-media":"","overlay-type":"","overlay-color":"","overlay-opacity":"","overlay-gradient":""},"mobile":{"background-color":"","background-image":"","background-repeat":"repeat","background-position":"center center","background-size":"auto","background-attachment":"scroll","background-type":"","background-media":"","overlay-type":"","overlay-color":"","overlay-opacity":"","overlay-gradient":""}},"ast-content-background-meta":{"desktop":{"background-color":"var(--ast-global-color-5)","background-image":"","background-repeat":"repeat","background-position":"center center","background-size":"auto","background-attachment":"scroll","background-type":"","background-media":"","overlay-type":"","overlay-color":"","overlay-opacity":"","overlay-gradient":""},"tablet":{"background-color":"var(--ast-global-color-5)","background-image":"","background-repeat":"repeat","background-position":"center center","background-size":"auto","background-attachment":"scroll","background-type":"","background-media":"","overlay-type":"","overlay-color":"","overlay-opacity":"","overlay-gradient":""},"mobile":{"background-color":"var(--ast-global-color-5)","background-image":"","background-repeat":"repeat","background-position":"center center","background-size":"auto","background-attachment":"scroll","background-type":"","background-media":"","overlay-type":"","overlay-color":"","overlay-opacity":"","overlay-gradient":""}}},"product_brand":[],"product_cat":[21],"product_tag":[],"class_list":{"0":"post-6639","1":"product","2":"type-product","3":"status-publish","4":"has-post-thumbnail","6":"product_cat-ziadna-kategoria","7":"desktop-align-left","8":"tablet-align-left","9":"mobile-align-left","11":"first","12":"instock","13":"sale","14":"taxable","15":"shipping-taxable","16":"purchasable","17":"product-type-simple"},"_links":{"self":[{"href":"https:\/\/wellness4you.cz\/sk\/wp-json\/wp\/v2\/product\/6639","targetHints":{"allow":["GET"]}}],"collection":[{"href":"https:\/\/wellness4you.cz\/sk\/wp-json\/wp\/v2\/product"}],"about":[{"href":"https:\/\/wellness4you.cz\/sk\/wp-json\/wp\/v2\/types\/product"}],"replies":[{"embeddable":true,"href":"https:\/\/wellness4you.cz\/sk\/wp-json\/wp\/v2\/comments?post=6639"}],"wp:featuredmedia":[{"embeddable":true,"href":"https:\/\/wellness4you.cz\/sk\/wp-json\/wp\/v2\/media\/6861"}],"wp:attachment":[{"href":"https:\/\/wellness4you.cz\/sk\/wp-json\/wp\/v2\/media?parent=6639"}],"wp:term":[{"taxonomy":"product_brand","embeddable":true,"href":"https:\/\/wellness4you.cz\/sk\/wp-json\/wp\/v2\/product_brand?post=6639"},{"taxonomy":"product_cat","embeddable":true,"href":"https:\/\/wellness4you.cz\/sk\/wp-json\/wp\/v2\/product_cat?post=6639"},{"taxonomy":"product_tag","embeddable":true,"href":"https:\/\/wellness4you.cz\/sk\/wp-json\/wp\/v2\/product_tag?post=6639"}],"curies":[{"name":"wp","href":"https:\/\/api.w.org\/{rel}","templated":true}]}}