{"id":6638,"date":"2023-01-15T04:12:05","date_gmt":"2023-01-15T03:12:05","guid":{"rendered":"https:\/\/wellness4you.cz\/sk\/?post_type=product&#038;p=6638"},"modified":"2026-01-08T22:52:35","modified_gmt":"2026-01-08T21:52:35","slug":"ketolightnight-complex","status":"publish","type":"product","link":"https:\/\/wellness4you.cz\/sk\/ketolightnight-complex\/","title":{"rendered":"Keto+LightNight Complex"},"content":{"rendered":"<h2>Chcete si upravi\u0165 hmotnos\u0165 a c\u00edti\u0165 sa zdrav\u0161ie? Neh\u013eadajte ni\u010d in\u00e9 ako Keto+LightNight Complex!<\/h2>\n<p>N\u00e1\u0161 komplex je ide\u00e1lnym rie\u0161en\u00edm pre v\u0161etk\u00fdch, ktor\u00ed chc\u00fa vidie\u0165 v\u00e1\u017ene zmeny v p\u00e1se. Keto+LightNight Complex bol navrhnut\u00fd s vyu\u017eit\u00edm najnov\u0161\u00edch prelomov\u00fdch poznatkov podporen\u00fdch v\u00fdskumom, v\u010faka \u010domu je \u00fa\u010dinn\u00fd a bezpe\u010dn\u00fd, pokia\u013e ide o dosiahnutie optim\u00e1lnej regul\u00e1cie hmotnosti. Tento komplex bohat\u00fd na kombin\u00e1ciu \u017eiv\u00edn obsahuje \u00fa\u010dinn\u00e9 zl\u00fa\u010deniny, ktor\u00e9 pom\u00e1haj\u00fa aktivova\u0165 produkciu energie v bunk\u00e1ch. T\u00fdm sa aktivuje metabolizmus, \u010do znamen\u00e1, \u017ee va\u0161e telo si dok\u00e1\u017ee udr\u017ea\u0165 zdrav\u00fa hmotnos\u0165 aj pri pravidelnom cvi\u010den\u00ed. A s men\u0161\u00edm mno\u017estvom chut\u00ed na z\u00e1vesn\u00e9 jedlo a zv\u00fd\u0161enou hladinou energie budete pripraven\u00ed na v\u0161etko, \u010do v\u00e1m \u017eivot priprav\u00ed!<\/p>\n<p>Navy\u0161e, Keto+LightNight Complex tie\u017e pom\u00e1ha dr\u017ea\u0165 pre\u010d ne\u017eiaduce tukov\u00e9 z\u00e1soby t\u00fdm, \u017ee zvy\u0161uje po\u010det sp\u00e1len\u00fdch kal\u00f3ri\u00ed po\u010das d\u0148a &#8211; dokonca aj po\u010das odpo\u010dinku! V\u010faka vlastnostiam n\u00e1\u0161ho komplexu, ktor\u00e9 potl\u00e1\u010daj\u00fa chu\u0165 do jedla, a jeho schopnosti regulova\u0165 hladinu cukru v krvi budete zvl\u00e1da\u0165 svoje chute na jedlo ako nikdy predt\u00fdm!<\/p>\n<p>Bez oh\u013eadu na va\u0161e s\u00fa\u010dasn\u00e9 \u017eivotn\u00e9 n\u00e1vyky alebo stravovacie rozhodnutia je tu Keto+LightNight Complex, ktor\u00fd na\u0161tartuje zdrav\u00fa kontrolu chuti do jedla a u\u013eah\u010d\u00ed v\u00e1m chudnutie. Uistite sa, \u017ee si svoj zaobstar\u00e1te e\u0161te dnes, aby ste mohli sami za\u010da\u0165 za\u017e\u00edva\u0165 skuto\u010dn\u00e9 trval\u00e9 v\u00fdsledky!<\/p>\n<p>Keto + LightNight Complex: Tajn\u00fd pomocn\u00edk pr\u00edrody pri regul\u00e1cii hmotnosti!<\/p>\n<h2>M\u00e1te probl\u00e9my s regul\u00e1ciou hmotnosti? Nar\u00e1\u017eate na plat\u00f3 a m\u00e1te probl\u00e9m prekona\u0165 ho?<\/h2>\n<p>Alebo mo\u017eno len nem\u00e1te pocit, \u017ee zmeny v zdravom \u017eivotnom \u0161t\u00fdle, ktor\u00e9 neust\u00e1le sk\u00fa\u0161ate, prin\u00e1\u0161aj\u00fa zmenu. Na\u0161\u0165astie n\u00e1m pr\u00edroda poskytla najjednoduch\u0161\u00ed, ale z\u00e1rove\u0148 naj\u00fa\u010dinnej\u0161\u00ed komplex na rie\u0161enie tohto boja.<\/p>\n<p>Predstavujeme v\u00e1m Keto+LightNight Complex &#8211; \u00faplne pr\u00edrodn\u00fa kombin\u00e1ciu vysokokvalitn\u00fdch pr\u00edrodn\u00fdch zlo\u017eiek, ktor\u00e9 pom\u00e1haj\u00fa udr\u017eiava\u0165 zdrav\u00fa regul\u00e1ciu hmotnosti. T\u00e1to adaptog\u00e9nna zmes je \u0161peci\u00e1lne zostaven\u00e1 z byl\u00edn, extraktov a vitam\u00ednov. Ktor\u00e9 podporuj\u00fa kontrolu chuti do jedla a podporuj\u00fa metabolizmus tukov. Pom\u00e1haj\u00fa zni\u017eova\u0165 chu\u0165 na cukor, emo\u010dn\u00e9 prejedanie, pred\u010dasn\u00e9 starnutie a \u00fanavu. V\u010faka vyv\u00e1\u017eenej zmesi antioxidantov a protiz\u00e1palov\u00fdch l\u00e1tok v ka\u017edej kapsule pom\u00e1ha Keto+LightNight Complex vyplavova\u0165 tox\u00edny z tela.<\/p>\n<p>Na rozdiel od nechutn\u00fdch di\u00e9tnych pl\u00e1nov alebo drah\u00fdch doplnkov stravy, ktor\u00e9 s\u013eubuj\u00fa r\u00fdchle v\u00fdsledky, ale neprin\u00e1\u0161aj\u00fa \u017eiadne dlhodob\u00e9 zlep\u0161enie, Keto+Lightnight Complex poskytuje pou\u017e\u00edvate\u013eom zmenu bez n\u00e1mahy, ktor\u00e1 trv\u00e1 dlh\u0161\u00ed \u010das. Vysk\u00fa\u0161ajte si ho e\u0161te dnes &#8211; z pohodlia domova &#8211; a navy\u0161e si vychutnajte v\u00fdznamn\u00e9 v\u00fdhody, ktor\u00e9 sprev\u00e1dzaj\u00fa jeho pou\u017e\u00edvanie: celkov\u00fa regul\u00e1ciu hmotnosti bez po\u010d\u00edtania kal\u00f3ri\u00ed alebo ka\u017edodennej posadnutosti etiketami potrav\u00edn! Urobte t\u00fato inteligentn\u00fa zdravotn\u00fa vo\u013ebu teraz!<\/p>\n","protected":false},"excerpt":{"rendered":"<p>Keto+LightNight Complex na\u0161tartuje zdrav\u00fa kontrolu chuti do jedla a u\u013eah\u010d\u00ed v\u00e1m chudnutie. K\u00fapi\u0165 Keto+LightNight Complex v Slovenskej Republike za v\u00fdhodn\u00fa cenu. Cena. Hodnotenie. Kde k\u00fapi\u0165. Doru\u010denie na celom Slovensku: Ko\u0161ice, Bratislava, Zvolen, Prievidza, Poprad, Martin, Tren\u010d\u00edn, Trnava, Bansk\u00e1 Bystrica, Nitra, \u017dilina, Pre\u0161ov, Pova\u017esk\u00e1 Bystrica, Malacky a Nov\u00e9 Mesto nad V\u00e1hom. Ako si tovar vzia\u0165, Indik\u00e1cie pre pou\u017eitie, Kontraindik\u00e1cie. K\u00fapte si Keto+LightNight Complex online.<\/p>\n","protected":false},"featured_media":6857,"comment_status":"open","ping_status":"closed","template":"","meta":{"site-sidebar-layout":"default","site-content-layout":"default","ast-site-content-layout":"default","site-content-style":"default","site-sidebar-style":"default","ast-global-header-display":"","ast-banner-title-visibility":"","ast-main-header-display":"","ast-hfb-above-header-display":"","ast-hfb-below-header-display":"","ast-hfb-mobile-header-display":"","site-post-title":"","ast-breadcrumbs-content":"","ast-featured-img":"","footer-sml-layout":"","ast-disable-related-posts":"","theme-transparent-header-meta":"default","adv-header-id-meta":"","stick-header-meta":"","header-above-stick-meta":"","header-main-stick-meta":"","header-below-stick-meta":"","astra-migrate-meta-layouts":"default","ast-page-background-enabled":"default","ast-page-background-meta":{"desktop":{"background-color":"","background-image":"","background-repeat":"repeat","background-position":"center center","background-size":"auto","background-attachment":"scroll","background-type":"","background-media":"","overlay-type":"","overlay-color":"","overlay-opacity":"","overlay-gradient":""},"tablet":{"background-color":"","background-image":"","background-repeat":"repeat","background-position":"center center","background-size":"auto","background-attachment":"scroll","background-type":"","background-media":"","overlay-type":"","overlay-color":"","overlay-opacity":"","overlay-gradient":""},"mobile":{"background-color":"","background-image":"","background-repeat":"repeat","background-position":"center center","background-size":"auto","background-attachment":"scroll","background-type":"","background-media":"","overlay-type":"","overlay-color":"","overlay-opacity":"","overlay-gradient":""}},"ast-content-background-meta":{"desktop":{"background-color":"var(--ast-global-color-5)","background-image":"","background-repeat":"repeat","background-position":"center center","background-size":"auto","background-attachment":"scroll","background-type":"","background-media":"","overlay-type":"","overlay-color":"","overlay-opacity":"","overlay-gradient":""},"tablet":{"background-color":"var(--ast-global-color-5)","background-image":"","background-repeat":"repeat","background-position":"center center","background-size":"auto","background-attachment":"scroll","background-type":"","background-media":"","overlay-type":"","overlay-color":"","overlay-opacity":"","overlay-gradient":""},"mobile":{"background-color":"var(--ast-global-color-5)","background-image":"","background-repeat":"repeat","background-position":"center center","background-size":"auto","background-attachment":"scroll","background-type":"","background-media":"","overlay-type":"","overlay-color":"","overlay-opacity":"","overlay-gradient":""}}},"product_brand":[],"product_cat":[39],"product_tag":[],"class_list":{"0":"post-6638","1":"product","2":"type-product","3":"status-publish","4":"has-post-thumbnail","6":"product_cat-na-chudnutie","7":"desktop-align-left","8":"tablet-align-left","9":"mobile-align-left","11":"first","12":"instock","13":"sale","14":"taxable","15":"shipping-taxable","16":"purchasable","17":"product-type-simple"},"_links":{"self":[{"href":"https:\/\/wellness4you.cz\/sk\/wp-json\/wp\/v2\/product\/6638","targetHints":{"allow":["GET"]}}],"collection":[{"href":"https:\/\/wellness4you.cz\/sk\/wp-json\/wp\/v2\/product"}],"about":[{"href":"https:\/\/wellness4you.cz\/sk\/wp-json\/wp\/v2\/types\/product"}],"replies":[{"embeddable":true,"href":"https:\/\/wellness4you.cz\/sk\/wp-json\/wp\/v2\/comments?post=6638"}],"wp:featuredmedia":[{"embeddable":true,"href":"https:\/\/wellness4you.cz\/sk\/wp-json\/wp\/v2\/media\/6857"}],"wp:attachment":[{"href":"https:\/\/wellness4you.cz\/sk\/wp-json\/wp\/v2\/media?parent=6638"}],"wp:term":[{"taxonomy":"product_brand","embeddable":true,"href":"https:\/\/wellness4you.cz\/sk\/wp-json\/wp\/v2\/product_brand?post=6638"},{"taxonomy":"product_cat","embeddable":true,"href":"https:\/\/wellness4you.cz\/sk\/wp-json\/wp\/v2\/product_cat?post=6638"},{"taxonomy":"product_tag","embeddable":true,"href":"https:\/\/wellness4you.cz\/sk\/wp-json\/wp\/v2\/product_tag?post=6638"}],"curies":[{"name":"wp","href":"https:\/\/api.w.org\/{rel}","templated":true}]}}