{"id":6637,"date":"2023-01-15T04:12:05","date_gmt":"2023-01-15T03:12:05","guid":{"rendered":"https:\/\/wellness4you.cz\/sk\/?post_type=product&#038;p=6637"},"modified":"2026-01-08T22:52:35","modified_gmt":"2026-01-08T21:52:35","slug":"keramin","status":"publish","type":"product","link":"https:\/\/wellness4you.cz\/sk\/keramin\/","title":{"rendered":"Keramin"},"content":{"rendered":"<h2>Rozl\u00fa\u010dte sa so svrbiv\u00fdmi, nepr\u00edjemn\u00fdmi ples\u0148ov\u00fdmi infekciami &#8211; a priv\u00edtajte Keramin!<\/h2>\n<p>Vytvorili sme revolu\u010dn\u00fd vzorec, ktor\u00fd kombinuje \u00fa\u010dinn\u00e9 rastlinn\u00e9 v\u00fd\u0165a\u017eky a miner\u00e1ly na upokojuj\u00facu, \u00faplne pr\u00edrodn\u00fa lok\u00e1lnu lie\u010dbu.\u00a0Keramin je dokonal\u00fd sp\u00f4sob, ako bojova\u0165 s \u00faporn\u00fdmi ples\u0148ov\u00fdmi infekciami. Jeho jedine\u010dn\u00e1 kombin\u00e1cia antimykotick\u00fdch zlo\u017eiek dok\u00e1\u017ee poskytn\u00fa\u0165 r\u00fdchlu \u00fa\u013eavu od svrbenia a bolesti. Navy\u0161e toto jemn\u00e9 zlo\u017eenie nezanech\u00e1 na va\u0161ej poko\u017eke pocit suchosti alebo nap\u00e4tia; namiesto toho si budete m\u00f4c\u0165 vychutna\u0165 vy\u017eivuj\u00face \u00fa\u010dinky najlep\u0161\u00edch pr\u00edrodn\u00fdch zlo\u017eiek!<\/p>\n<p>Cho\u010fte do toho a doprajte si to: vyme\u0148te tie drsn\u00e9 chemick\u00e9 pr\u00edpravky za pr\u00edrodn\u00e9 rie\u0161enie Keramin. A s na\u0161imi dlhotrvaj\u00facimi \u00fa\u010dinkami a jednoduch\u00fdm procesom svie\u017eej aplik\u00e1cie budete pripraven\u00ed hravo zvl\u00e1dnu\u0165 ak\u00fdko\u013evek stav poko\u017eky! Za\u010dnite sa stara\u0165 o svoju poko\u017eku e\u0161te dnes s Keraminom &#8211; \u00faplne pr\u00edrodn\u00fdm sp\u00f4sobom boja proti ples\u0148ov\u00fdm infekci\u00e1m!<\/p>\n<h2>Va\u0161e h\u013eadanie bezprobl\u00e9mov\u00e9ho rie\u0161enia na \u00fa\u013eavu od ples\u0148ov\u00fdch infekci\u00ed je na konci!<\/h2>\n<p>Keramin je \u00faplne pr\u00edrodn\u00fd produkt na b\u00e1ze rastl\u00edn a miner\u00e1lov, ktor\u00fd je ur\u010den\u00fd na lie\u010denie poko\u017eky. Na rozdiel od syntetick\u00fdch liekov, tento pr\u00edrodn\u00fd pr\u00edpravok funguje bezpe\u010dne a \u00fa\u010dinne bez ak\u00fdchko\u013evek nepr\u00edjemnost\u00ed.<\/p>\n<p>Keramin je v\u00fdnimo\u010dn\u00fd v\u010faka jedine\u010dnej kombin\u00e1cii rastlinn\u00fdch v\u00fd\u0165a\u017ekov, ka\u017ed\u00fd z nich poskytuje mega v\u00fdhody! T\u00e1to zmes m\u00e1 antioxida\u010dn\u00e9 a upokojuj\u00face vlastnosti, ktor\u00e9 okam\u017eite upokojia podr\u00e1\u017edenie. Obsahuje aj miner\u00e1ly, ako je oxid zino\u010dnat\u00fd, ktor\u00fd p\u00f4sob\u00ed priamo na infikovan\u00e9 miesto, aby pomohol obnovi\u0165 jeho zdrav\u00fd stav.<\/p>\n<p>Pokia\u013e ide o \u00fa\u010dinn\u00fa a prirodzen\u00fa starostlivos\u0165 o va\u0161u poko\u017eku, nikto to nerob\u00ed lep\u0161ie ako Keramin! Za\u010dnite sa lie\u010di\u0165 s Keraminom e\u0161te dnes &#8211; budete radi, \u017ee ste tak urobili.<\/p>\n","protected":false},"excerpt":{"rendered":"<p>Keramin &#8211; rozl\u00fa\u010dte sa so svrbiv\u00fdmi, nepr\u00edjemn\u00fdmi ples\u0148ov\u00fdmi infekciami! K\u00fapi\u0165 Keramin v Slovenskej Republike za v\u00fdhodn\u00fa cenu. Hodnotenie. Kde k\u00fapi\u0165. Cena. Doru\u010denie na celom Slovensku: Tren\u010d\u00edn, Trnava, Bansk\u00e1 Bystrica, Nitra, \u017dilina, Pre\u0161ov, Ko\u0161ice, Bratislava, Zvolen, Prievidza, Poprad, Martin, Malacky, Nov\u00e9 Mesto nad V\u00e1hom a Senica. Ako si tovar vzia\u0165, Indik\u00e1cie pre pou\u017eitie, Kontraindik\u00e1cie. K\u00fapte si Keramin online.<\/p>\n","protected":false},"featured_media":6855,"comment_status":"open","ping_status":"closed","template":"","meta":{"site-sidebar-layout":"default","site-content-layout":"default","ast-site-content-layout":"default","site-content-style":"default","site-sidebar-style":"default","ast-global-header-display":"","ast-banner-title-visibility":"","ast-main-header-display":"","ast-hfb-above-header-display":"","ast-hfb-below-header-display":"","ast-hfb-mobile-header-display":"","site-post-title":"","ast-breadcrumbs-content":"","ast-featured-img":"","footer-sml-layout":"","ast-disable-related-posts":"","theme-transparent-header-meta":"default","adv-header-id-meta":"","stick-header-meta":"","header-above-stick-meta":"","header-main-stick-meta":"","header-below-stick-meta":"","astra-migrate-meta-layouts":"set","ast-page-background-enabled":"default","ast-page-background-meta":{"desktop":{"background-color":"","background-image":"","background-repeat":"repeat","background-position":"center center","background-size":"auto","background-attachment":"scroll","background-type":"","background-media":"","overlay-type":"","overlay-color":"","overlay-opacity":"","overlay-gradient":""},"tablet":{"background-color":"","background-image":"","background-repeat":"repeat","background-position":"center center","background-size":"auto","background-attachment":"scroll","background-type":"","background-media":"","overlay-type":"","overlay-color":"","overlay-opacity":"","overlay-gradient":""},"mobile":{"background-color":"","background-image":"","background-repeat":"repeat","background-position":"center center","background-size":"auto","background-attachment":"scroll","background-type":"","background-media":"","overlay-type":"","overlay-color":"","overlay-opacity":"","overlay-gradient":""}},"ast-content-background-meta":{"desktop":{"background-color":"var(--ast-global-color-5)","background-image":"","background-repeat":"repeat","background-position":"center center","background-size":"auto","background-attachment":"scroll","background-type":"","background-media":"","overlay-type":"","overlay-color":"","overlay-opacity":"","overlay-gradient":""},"tablet":{"background-color":"var(--ast-global-color-5)","background-image":"","background-repeat":"repeat","background-position":"center center","background-size":"auto","background-attachment":"scroll","background-type":"","background-media":"","overlay-type":"","overlay-color":"","overlay-opacity":"","overlay-gradient":""},"mobile":{"background-color":"var(--ast-global-color-5)","background-image":"","background-repeat":"repeat","background-position":"center center","background-size":"auto","background-attachment":"scroll","background-type":"","background-media":"","overlay-type":"","overlay-color":"","overlay-opacity":"","overlay-gradient":""}}},"product_brand":[],"product_cat":[41],"product_tag":[],"class_list":{"0":"post-6637","1":"product","2":"type-product","3":"status-publish","4":"has-post-thumbnail","6":"product_cat-produkty-pre-zdravie","7":"desktop-align-left","8":"tablet-align-left","9":"mobile-align-left","11":"first","12":"instock","13":"sale","14":"taxable","15":"shipping-taxable","16":"purchasable","17":"product-type-simple"},"_links":{"self":[{"href":"https:\/\/wellness4you.cz\/sk\/wp-json\/wp\/v2\/product\/6637","targetHints":{"allow":["GET"]}}],"collection":[{"href":"https:\/\/wellness4you.cz\/sk\/wp-json\/wp\/v2\/product"}],"about":[{"href":"https:\/\/wellness4you.cz\/sk\/wp-json\/wp\/v2\/types\/product"}],"replies":[{"embeddable":true,"href":"https:\/\/wellness4you.cz\/sk\/wp-json\/wp\/v2\/comments?post=6637"}],"wp:featuredmedia":[{"embeddable":true,"href":"https:\/\/wellness4you.cz\/sk\/wp-json\/wp\/v2\/media\/6855"}],"wp:attachment":[{"href":"https:\/\/wellness4you.cz\/sk\/wp-json\/wp\/v2\/media?parent=6637"}],"wp:term":[{"taxonomy":"product_brand","embeddable":true,"href":"https:\/\/wellness4you.cz\/sk\/wp-json\/wp\/v2\/product_brand?post=6637"},{"taxonomy":"product_cat","embeddable":true,"href":"https:\/\/wellness4you.cz\/sk\/wp-json\/wp\/v2\/product_cat?post=6637"},{"taxonomy":"product_tag","embeddable":true,"href":"https:\/\/wellness4you.cz\/sk\/wp-json\/wp\/v2\/product_tag?post=6637"}],"curies":[{"name":"wp","href":"https:\/\/api.w.org\/{rel}","templated":true}]}}