{"id":6636,"date":"2023-01-15T04:12:04","date_gmt":"2023-01-15T03:12:04","guid":{"rendered":"https:\/\/wellness4you.cz\/sk\/?post_type=product&#038;p=6636"},"modified":"2026-01-08T22:52:35","modified_gmt":"2026-01-08T21:52:35","slug":"friocard","status":"publish","type":"product","link":"https:\/\/wellness4you.cz\/sk\/friocard\/","title":{"rendered":"Friocard"},"content":{"rendered":"<h2>H\u013ead\u00e1te pr\u00edrodn\u00fd bylinn\u00fd doplnok, ktor\u00fd by v\u00e1m pomohol kontrolova\u0165 hypertenziu?<\/h2>\n<p>Neh\u013eadajte \u010falej ako Friocard! Je vyroben\u00fd zo starostlivo vybran\u00fdch pr\u00edrodn\u00fdch zlo\u017eiek. Friocard pon\u00faka \u00fa\u013eavu od nepr\u00edjemn\u00fdch \u00fa\u010dinkov vysok\u00e9ho krvn\u00e9ho tlaku bezpe\u010dn\u00fdm a \u0161etrn\u00fdm sp\u00f4sobom.<\/p>\n<p>Hoci vysok\u00fd krvn\u00fd tlak m\u00f4\u017ee by\u0165 nepr\u00edjemn\u00fd a v\u00e1\u017eny, nie ka\u017ed\u00fd sa chce v boji proti nemu obr\u00e1ti\u0165 na lieky na predpis alebo chemick\u00e9 l\u00e1tky. Preto sme vytvorili recept\u00faru z byl\u00edn a rastl\u00edn presl\u00e1ven\u00fdch v tradi\u010dnej medic\u00edne. Ke\u010f\u017ee ka\u017ed\u00e1 zlo\u017eka m\u00e1 svoje vlastn\u00e9 prospe\u0161n\u00e9 vlastnosti, na\u0161a starostlivo navrhnut\u00e1 zmes p\u00f4sob\u00ed ako \u00fa\u010dinn\u00fd dom\u00e1ci liek na hypertenziu.<\/p>\n<p>N\u00e1\u0161 doplnok je ide\u00e1lny pre t\u00fdch, ktor\u00ed h\u013eadaj\u00fa jednoduch\u00e9 rie\u0161enie bez toho, aby sa museli uchy\u013eova\u0165 k extr\u00e9mnym zmen\u00e1m \u017eivotn\u00e9ho \u0161t\u00fdlu alebo n\u00e1v\u0161tev\u00e1m lek\u00e1ra &#8211; hoci st\u00e1le odpor\u00fa\u010dame, aby ste sa o pr\u00edpadn\u00fdch ne\u017eiaducich \u00fa\u010dinkoch alebo ved\u013eaj\u0161\u00edch \u00fa\u010dinkoch poradili s poskytovate\u013emi zdravotnej starostlivosti. Pri pravidelnom u\u017e\u00edvan\u00ed m\u00f4\u017ee Friocard pom\u00f4c\u0165 zn\u00ed\u017ei\u0165 krvn\u00fd tlak a normalizova\u0165 jeho hladinu, aby ste sa mohli op\u00e4\u0165 c\u00edti\u0165 sami sebou!<\/p>\n<h2>Nedovo\u013ete teda, aby v\u00e1m hypertenzia br\u00e1nila \u017ei\u0165 svoj najlep\u0161\u00ed \u017eivot. Vysk\u00fa\u0161ajte Friocard e\u0161te dnes a presved\u010dte sa, \u017ee na\u0161e pr\u00edrodn\u00e9 lieky m\u00f4\u017eu v\u0161etko zmeni\u0165.<\/h2>\n<p>H\u013ead\u00e1te prirodzen\u00fd sp\u00f4sob, ako zn\u00ed\u017ei\u0165 krvn\u00fd tlak? Neh\u013eadajte ni\u010d in\u00e9 ako Friocard, nov\u00fd revolu\u010dn\u00fd bylinn\u00fd doplnok, ktor\u00fd men\u00ed sp\u00f4sob lie\u010dby hypertenzie! Friocard, vyvinut\u00fd vedcami a odborn\u00edkmi na naturopatiu na \u00fa\u010dinn\u00fd a prirodzen\u00fd boj proti vysok\u00e9mu krvn\u00e9mu tlaku, vyu\u017e\u00edva starod\u00e1vne byliny a zlo\u017eky, ktor\u00e9 pom\u00e1haj\u00fa zlep\u0161ova\u0165 krvn\u00fd obeh a zni\u017eova\u0165 stres. Obsahuje miner\u00e1ly bohat\u00e9 na antioxidanty, pom\u00e1ha zni\u017eova\u0165 z\u00e1pal &#8211; d\u00f4le\u017eit\u00fd faktor pri kontrole hypertenzie &#8211; a z\u00e1rove\u0148 podporuje zdravie kardiovaskul\u00e1rneho syst\u00e9mu. Najlep\u0161ie zo v\u0161etk\u00e9ho je, \u017ee Friocard mo\u017eno \u013eahko prida\u0165 do akejko\u013evek stravy bez komplikovan\u00fdch protokolov alebo drastick\u00fdch zmien v \u017eivotnom \u0161t\u00fdle.<\/p>\n<p>S Friocardom sa nemus\u00edte ob\u00e1va\u0165 n\u00e1kladn\u00fdch n\u00e1v\u0161tev u lek\u00e1ra ani desiv\u00fdch ved\u013eaj\u0161\u00edch \u00fa\u010dinkov. V skuto\u010dnosti sa klinicky preuk\u00e1zalo, \u017ee tento pr\u00edrodn\u00fd prostriedok je bezpe\u010dn\u00fd a \u00fa\u010dinn\u00fd pri kr\u00e1tkodobom aj dlhodobom zni\u017eovan\u00ed systolick\u00e9ho aj diastolick\u00e9ho tlaku. Ak chcete za\u010da\u0165 so zlep\u0161ovan\u00edm kardiovaskul\u00e1rneho zdravia e\u0161te dnes, vysk\u00fa\u0161ajte Friocard! V\u010faka \u00fa\u010dinnej kombin\u00e1cii \u017eiv\u00edn a antioxidantov nebolo nikdy jednoduch\u0161ie z\u00edska\u0165 kontrolu nad svoj\u00edm telom &#8211; zvn\u00fatra!<\/p>\n","protected":false},"excerpt":{"rendered":"<p>Friocard pon\u00faka \u00fa\u013eavu od nepr\u00edjemn\u00fdch \u00fa\u010dinkov vysok\u00e9ho krvn\u00e9ho tlaku. K\u00fapi\u0165 Friocard v Slovenskej Republike za v\u00fdhodn\u00fa cenu. Kde k\u00fapi\u0165. Cena. Hodnotenie. Doru\u010denie na celom Slovensku: Trnava, Bansk\u00e1 Bystrica, Nitra, \u017dilina, Pre\u0161ov, Ko\u0161ice, Bratislava, Zvolen, Prievidza, Poprad, Martin, Tren\u010d\u00edn, Nov\u00e9 Mesto nad V\u00e1hom, Senica a Brezno. Indik\u00e1cie pre pou\u017eitie, Kontraindik\u00e1cie, Ako si tovar vzia\u0165. K\u00fapte si Friocard online.<\/p>\n","protected":false},"featured_media":6853,"comment_status":"open","ping_status":"closed","template":"","meta":{"site-sidebar-layout":"default","site-content-layout":"default","ast-site-content-layout":"default","site-content-style":"default","site-sidebar-style":"default","ast-global-header-display":"","ast-banner-title-visibility":"","ast-main-header-display":"","ast-hfb-above-header-display":"","ast-hfb-below-header-display":"","ast-hfb-mobile-header-display":"","site-post-title":"","ast-breadcrumbs-content":"","ast-featured-img":"","footer-sml-layout":"","ast-disable-related-posts":"","theme-transparent-header-meta":"default","adv-header-id-meta":"","stick-header-meta":"","header-above-stick-meta":"","header-main-stick-meta":"","header-below-stick-meta":"","astra-migrate-meta-layouts":"default","ast-page-background-enabled":"default","ast-page-background-meta":{"desktop":{"background-color":"","background-image":"","background-repeat":"repeat","background-position":"center center","background-size":"auto","background-attachment":"scroll","background-type":"","background-media":"","overlay-type":"","overlay-color":"","overlay-opacity":"","overlay-gradient":""},"tablet":{"background-color":"","background-image":"","background-repeat":"repeat","background-position":"center center","background-size":"auto","background-attachment":"scroll","background-type":"","background-media":"","overlay-type":"","overlay-color":"","overlay-opacity":"","overlay-gradient":""},"mobile":{"background-color":"","background-image":"","background-repeat":"repeat","background-position":"center center","background-size":"auto","background-attachment":"scroll","background-type":"","background-media":"","overlay-type":"","overlay-color":"","overlay-opacity":"","overlay-gradient":""}},"ast-content-background-meta":{"desktop":{"background-color":"var(--ast-global-color-5)","background-image":"","background-repeat":"repeat","background-position":"center center","background-size":"auto","background-attachment":"scroll","background-type":"","background-media":"","overlay-type":"","overlay-color":"","overlay-opacity":"","overlay-gradient":""},"tablet":{"background-color":"var(--ast-global-color-5)","background-image":"","background-repeat":"repeat","background-position":"center center","background-size":"auto","background-attachment":"scroll","background-type":"","background-media":"","overlay-type":"","overlay-color":"","overlay-opacity":"","overlay-gradient":""},"mobile":{"background-color":"var(--ast-global-color-5)","background-image":"","background-repeat":"repeat","background-position":"center center","background-size":"auto","background-attachment":"scroll","background-type":"","background-media":"","overlay-type":"","overlay-color":"","overlay-opacity":"","overlay-gradient":""}}},"product_brand":[],"product_cat":[41],"product_tag":[],"class_list":{"0":"post-6636","1":"product","2":"type-product","3":"status-publish","4":"has-post-thumbnail","6":"product_cat-produkty-pre-zdravie","7":"desktop-align-left","8":"tablet-align-left","9":"mobile-align-left","11":"first","12":"instock","13":"sale","14":"taxable","15":"shipping-taxable","16":"purchasable","17":"product-type-simple"},"_links":{"self":[{"href":"https:\/\/wellness4you.cz\/sk\/wp-json\/wp\/v2\/product\/6636","targetHints":{"allow":["GET"]}}],"collection":[{"href":"https:\/\/wellness4you.cz\/sk\/wp-json\/wp\/v2\/product"}],"about":[{"href":"https:\/\/wellness4you.cz\/sk\/wp-json\/wp\/v2\/types\/product"}],"replies":[{"embeddable":true,"href":"https:\/\/wellness4you.cz\/sk\/wp-json\/wp\/v2\/comments?post=6636"}],"wp:featuredmedia":[{"embeddable":true,"href":"https:\/\/wellness4you.cz\/sk\/wp-json\/wp\/v2\/media\/6853"}],"wp:attachment":[{"href":"https:\/\/wellness4you.cz\/sk\/wp-json\/wp\/v2\/media?parent=6636"}],"wp:term":[{"taxonomy":"product_brand","embeddable":true,"href":"https:\/\/wellness4you.cz\/sk\/wp-json\/wp\/v2\/product_brand?post=6636"},{"taxonomy":"product_cat","embeddable":true,"href":"https:\/\/wellness4you.cz\/sk\/wp-json\/wp\/v2\/product_cat?post=6636"},{"taxonomy":"product_tag","embeddable":true,"href":"https:\/\/wellness4you.cz\/sk\/wp-json\/wp\/v2\/product_tag?post=6636"}],"curies":[{"name":"wp","href":"https:\/\/api.w.org\/{rel}","templated":true}]}}