{"id":6634,"date":"2023-01-15T04:12:04","date_gmt":"2023-01-15T03:12:04","guid":{"rendered":"https:\/\/wellness4you.cz\/sk\/?post_type=product&#038;p=6634"},"modified":"2026-01-08T22:52:35","modified_gmt":"2026-01-08T21:52:35","slug":"diaform","status":"publish","type":"product","link":"https:\/\/wellness4you.cz\/sk\/diaform\/","title":{"rendered":"Diaform+"},"content":{"rendered":"<h2>Sna\u017e\u00edte sa vy alebo niekto z va\u0161ich bl\u00edzkych udr\u017ea\u0165 hladinu cukru v krvi v norm\u00e1lnom rozmedz\u00ed?<\/h2>\n<p>Diaform + v\u00e1m m\u00f4\u017ee pom\u00f4c\u0165! N\u00e1\u0161 liek je pln\u00fd pr\u00edrodn\u00fdch zlo\u017eiek a poskytuje v\u00e1m bezpe\u010dn\u00fd a jednoduch\u00fd sp\u00f4sob, ako si udr\u017ea\u0165 optim\u00e1lnu hladinu cukru.<\/p>\n<p>Prevezmite sp\u00e4\u0165 kontrolu nad svoj\u00edm telom v\u010faka n\u00e1\u0161mu inovat\u00edvnemu zlo\u017eeniu. S Diaform+ v\u00e1s u\u017e hladina cukru nemus\u00ed brzdi\u0165 v tom, aby ste \u017eili svoj najlep\u0161\u00ed \u017eivot. V\u00fdkonn\u00e9 superpotraviny ako kakao, vanilka, sladk\u00fd kore\u0148 yacon a \u0161korica spolo\u010dne potl\u00e1\u010daj\u00fa chu\u0165 do jedla a prin\u00e1\u0161aj\u00fa rovnov\u00e1hu do v\u00e1\u0161ho syst\u00e9mu. P\u00f4sob\u00ed r\u00fdchlo a dlhodobo, tak\u017ee si m\u00f4\u017eete by\u0165 ist\u00ed, \u017ee nebudete potrebova\u0165 neust\u00e1le prestavovanie. U\u017e\u00edvajte si pokoj s vedom\u00edm, \u017ee k\u00fdm sa va\u0161e zdravie vr\u00e1ti do spr\u00e1vnych ko\u013eaj\u00ed, tento produkt nesp\u00f4sob\u00ed \u017eiadne nepr\u00edjemn\u00e9 ved\u013eaj\u0161ie \u00fa\u010dinky, ako s\u00fa \u017eal\u00fado\u010dn\u00e9 \u0165a\u017ekosti alebo \u00fanava.<\/p>\n<p>Diaform + je navy\u0161e maxim\u00e1lne jednoduch\u00fd a pohodln\u00fd &#8211; sta\u010d\u00ed rozmie\u0161a\u0165 1-2 \u010dajov\u00e9 ly\u017ei\u010dky s vodou alebo v smoothie 1-3-kr\u00e1t denne pred jedlom a ob\u010derstven\u00edm a u\u017e\u00edva\u0165 si v\u0161etky jeho v\u00fdhody. Rozl\u00fa\u010dte sa so znepokojuj\u00facimi v\u00fdkyvmi hladiny cukru! Zbavte sa u\u017e nikdy ob\u00e1v o hladinu cukru v krvi t\u00fdm, \u017ee si vyberiete Diaform +.<\/p>\n<p>H\u013ead\u00e1te \u00fa\u013eavu od nepr\u00edjemnej hladiny cukru? S Diaformom + m\u00e1te ist\u00fd sp\u00f4sob, ako normalizova\u0165 hladinu cukru a z\u00e1rove\u0148 si u\u017e\u00edva\u0165 bezpe\u010dn\u00fd liek bez chemick\u00fdch l\u00e1tok. Tento pr\u00edrodn\u00fd produkt prin\u00e1\u0161a siln\u00fd \u00fader v boji za regul\u00e1ciu hladiny cukru.<\/p>\n<h2>Diaform+ p\u00f4sob\u00ed tak, \u017ee vyrovn\u00e1va endokrinn\u00fd syst\u00e9m, podporuje metabolick\u00fa rovnov\u00e1hu a kontroluje nedostatok inzul\u00ednu, ktor\u00fd m\u00f4\u017ee vies\u0165 k prudk\u00fdm v\u00fdkyvom alebo poklesom hladiny gluk\u00f3zy v krvi.<\/h2>\n<p>\u00da\u010dinnou zlo\u017ekou je list hork\u00e9ho mel\u00f3na, ktor\u00fd prirodzene pom\u00e1ha \u0161tandardizova\u0165 pr\u00edjem gluk\u00f3zy, tak\u017ee sa nemus\u00edte vystavova\u0165 potenci\u00e1lne nebezpe\u010dn\u00fdm chemik\u00e1li\u00e1m. Okrem toho Diaform + svojimi protiz\u00e1palov\u00fdmi vlastnos\u0165ami pom\u00e1ha zni\u017eova\u0165 z\u00e1paly, \u010d\u00edm pom\u00e1ha udr\u017eiava\u0165 va\u0161e zdravie.<\/p>\n<p>Ka\u017edodenn\u00e9 u\u017e\u00edvanie Diaform+ je jednoduch\u00e9: sta\u010d\u00ed u\u017ei\u0165 dve tablety raz denne r\u00e1no s jedlom. Z\u00edskate v\u0161etky v\u00fdhody tohto organick\u00e9ho lieku bez toho, aby ste sa museli stara\u0165 o zlo\u017eit\u00e9 pokyny alebo rutinn\u00e9 postupy. Navy\u0161e nie s\u00fa zn\u00e1me \u017eiadne ved\u013eaj\u0161ie \u00fa\u010dinky u\u017e\u00edvania Diaform+, tak\u017ee m\u00f4\u017eete pokojne vedie\u0165, \u017ee metabolick\u00e1 harm\u00f3nia je bez rizika.<\/p>\n<p>Pri pravidelnom u\u017e\u00edvan\u00ed po\u010das ur\u010dit\u00e9ho obdobia Diaform+ s\u013eubuje menej v\u00fdkyvov hladiny cukru na horskej dr\u00e1he a dlhodob\u00fa rovnov\u00e1hu &#8211; bez toho, aby ste obetovali chu\u0165 alebo v\u00fd\u017eivu! Za\u017eite teda pokoj, ktor\u00fd prin\u00e1\u0161a obnovenie rovnov\u00e1hy s bezpe\u010dn\u00fdm a bezchemick\u00fdm Diaform+. Vysk\u00fa\u0161ajte ho e\u0161te dnes!<\/p>\n","protected":false},"excerpt":{"rendered":"<p>Diaform+ ist\u00fd sp\u00f4sob, ako normalizova\u0165 hladinu cukru. K\u00fapi\u0165 Diaform+ v Slovenskej Republike za v\u00fdhodn\u00fa cenu. Hodnotenie. Kde k\u00fapi\u0165. Cena. Doru\u010denie na celom Slovensku: Nitra, \u017dilina, Pre\u0161ov, Ko\u0161ice, Bratislava, Zvolen, Prievidza, Poprad, Martin, Tren\u010d\u00edn, Trnava, Bansk\u00e1 Bystrica, Brezno, Senec a Hlohovec. Indik\u00e1cie pre pou\u017eitie, Kontraindik\u00e1cie, Ako si tovar vzia\u0165. K\u00fapte si Diaform+ online.<\/p>\n","protected":false},"featured_media":6849,"comment_status":"open","ping_status":"closed","template":"","meta":{"site-sidebar-layout":"default","site-content-layout":"default","ast-site-content-layout":"default","site-content-style":"default","site-sidebar-style":"default","ast-global-header-display":"","ast-banner-title-visibility":"","ast-main-header-display":"","ast-hfb-above-header-display":"","ast-hfb-below-header-display":"","ast-hfb-mobile-header-display":"","site-post-title":"","ast-breadcrumbs-content":"","ast-featured-img":"","footer-sml-layout":"","ast-disable-related-posts":"","theme-transparent-header-meta":"default","adv-header-id-meta":"","stick-header-meta":"","header-above-stick-meta":"","header-main-stick-meta":"","header-below-stick-meta":"","astra-migrate-meta-layouts":"set","ast-page-background-enabled":"default","ast-page-background-meta":{"desktop":{"background-color":"","background-image":"","background-repeat":"repeat","background-position":"center center","background-size":"auto","background-attachment":"scroll","background-type":"","background-media":"","overlay-type":"","overlay-color":"","overlay-opacity":"","overlay-gradient":""},"tablet":{"background-color":"","background-image":"","background-repeat":"repeat","background-position":"center center","background-size":"auto","background-attachment":"scroll","background-type":"","background-media":"","overlay-type":"","overlay-color":"","overlay-opacity":"","overlay-gradient":""},"mobile":{"background-color":"","background-image":"","background-repeat":"repeat","background-position":"center center","background-size":"auto","background-attachment":"scroll","background-type":"","background-media":"","overlay-type":"","overlay-color":"","overlay-opacity":"","overlay-gradient":""}},"ast-content-background-meta":{"desktop":{"background-color":"var(--ast-global-color-5)","background-image":"","background-repeat":"repeat","background-position":"center center","background-size":"auto","background-attachment":"scroll","background-type":"","background-media":"","overlay-type":"","overlay-color":"","overlay-opacity":"","overlay-gradient":""},"tablet":{"background-color":"var(--ast-global-color-5)","background-image":"","background-repeat":"repeat","background-position":"center center","background-size":"auto","background-attachment":"scroll","background-type":"","background-media":"","overlay-type":"","overlay-color":"","overlay-opacity":"","overlay-gradient":""},"mobile":{"background-color":"var(--ast-global-color-5)","background-image":"","background-repeat":"repeat","background-position":"center center","background-size":"auto","background-attachment":"scroll","background-type":"","background-media":"","overlay-type":"","overlay-color":"","overlay-opacity":"","overlay-gradient":""}}},"product_brand":[],"product_cat":[41],"product_tag":[],"class_list":{"0":"post-6634","1":"product","2":"type-product","3":"status-publish","4":"has-post-thumbnail","6":"product_cat-produkty-pre-zdravie","7":"desktop-align-left","8":"tablet-align-left","9":"mobile-align-left","11":"first","12":"instock","13":"sale","14":"taxable","15":"shipping-taxable","16":"purchasable","17":"product-type-simple"},"_links":{"self":[{"href":"https:\/\/wellness4you.cz\/sk\/wp-json\/wp\/v2\/product\/6634","targetHints":{"allow":["GET"]}}],"collection":[{"href":"https:\/\/wellness4you.cz\/sk\/wp-json\/wp\/v2\/product"}],"about":[{"href":"https:\/\/wellness4you.cz\/sk\/wp-json\/wp\/v2\/types\/product"}],"replies":[{"embeddable":true,"href":"https:\/\/wellness4you.cz\/sk\/wp-json\/wp\/v2\/comments?post=6634"}],"wp:featuredmedia":[{"embeddable":true,"href":"https:\/\/wellness4you.cz\/sk\/wp-json\/wp\/v2\/media\/6849"}],"wp:attachment":[{"href":"https:\/\/wellness4you.cz\/sk\/wp-json\/wp\/v2\/media?parent=6634"}],"wp:term":[{"taxonomy":"product_brand","embeddable":true,"href":"https:\/\/wellness4you.cz\/sk\/wp-json\/wp\/v2\/product_brand?post=6634"},{"taxonomy":"product_cat","embeddable":true,"href":"https:\/\/wellness4you.cz\/sk\/wp-json\/wp\/v2\/product_cat?post=6634"},{"taxonomy":"product_tag","embeddable":true,"href":"https:\/\/wellness4you.cz\/sk\/wp-json\/wp\/v2\/product_tag?post=6634"}],"curies":[{"name":"wp","href":"https:\/\/api.w.org\/{rel}","templated":true}]}}