{"id":6633,"date":"2023-01-15T04:12:03","date_gmt":"2023-01-15T03:12:03","guid":{"rendered":"https:\/\/wellness4you.cz\/sk\/?post_type=product&#038;p=6633"},"modified":"2026-01-08T22:52:35","modified_gmt":"2026-01-08T21:52:35","slug":"cbdus","status":"publish","type":"product","link":"https:\/\/wellness4you.cz\/sk\/cbdus\/","title":{"rendered":"CBDus+"},"content":{"rendered":"<h2>H\u013ead\u00e1te sp\u00f4sob, ako zmierni\u0165 pr\u00edznaky prostatit\u00eddy? CBDus+ je pre v\u00e1s ide\u00e1lnou vo\u013ebou!<\/h2>\n<p>Tento vysoko modern\u00fd a \u00fa\u010dinn\u00fd produkt pom\u00e1ha okam\u017eite zastavi\u0165 z\u00e1pal, zn\u00ed\u017ei\u0165 boles\u0165 a nepohodlie prostaty, podporuje lep\u0161ie vylu\u010dovanie mo\u010du, zotavuje sa z ved\u013eaj\u0161\u00edch \u00fa\u010dinkov lie\u010dby chronickej prostatit\u00eddy.\u00a0CBDus+ obsahuje origin\u00e1lny extrakt nano-CBD v kombin\u00e1cii s prvotriednym extraktom z kore\u0148a americk\u00e9ho \u017een\u0161enu. Pon\u00faka maxim\u00e1lnu biologick\u00fa dostupnos\u0165, v\u010faka ktorej sa \u00fa\u010dinn\u00e1 l\u00e1tka \u013eahko vstreb\u00e1va bez toho, aby ste poci\u0165ovali ak\u00e9ko\u013evek gastrointestin\u00e1lne \u0165a\u017ekosti alebo dodato\u010dn\u00fa z\u00e1\u0165a\u017e organizmu. Okrem zn\u00ed\u017eenia bolestiv\u00fdch pr\u00edznakov spojen\u00fdch so z\u00e1palom prostaty pom\u00e1ha CBDus+ aj zlep\u0161i\u0165 imunitu a posilni\u0165 odolnos\u0165 na elimin\u00e1ciu infekci\u00ed.<\/p>\n<p>N\u00e1\u0161 produkt sa sna\u017e\u00ed pon\u00faka\u0165 maxim\u00e1lnu \u00fa\u010dinnos\u0165 a nie je n\u00e1vykov\u00fd ani \u0161kodliv\u00fd pre va\u0161e zdravie. Tak na \u010do e\u0161te \u010dak\u00e1te? Vsta\u0148te a vr\u00e1\u0165te sa k akt\u00edvnemu \u017eivotu s CBDus+. Tento \u00fa\u017easn\u00fd doplnok funguje r\u00fdchlo a dlhodobo, \u010d\u00edm v\u00e1m vracia stabilitu a pln\u00fa kontrolu nad probl\u00e9mami s\u00favisiacimi s prostatou. Va\u0161e zdravie je na\u0161ou prioritou, preto vysk\u00fa\u0161ajte silu CBD plus extraktu z americk\u00e9ho \u017een\u0161enu e\u0161te dnes!<\/p>\n<h2>M\u00e1te u\u017e dos\u0165 bolesti a nepr\u00edjemn\u00fdch pocitov spojen\u00fdch so z\u00e1palom prostaty?<\/h2>\n<p>\u0164a\u017eko h\u013ead\u00e1te \u00fa\u013eavu? Ak ste pripraven\u00ed rozl\u00fa\u010di\u0165 sa s t\u00fdmito nepr\u00edjemn\u00fdmi probl\u00e9mami, neh\u013eadajte \u010falej ako CBDus+! N\u00e1\u0161 produkt je navrhnut\u00fd tak, aby poskytoval komplexn\u00fa podporu zdravia va\u0161ej prostaty prostredn\u00edctvom pr\u00edrodn\u00fdch rastlinn\u00fdch l\u00e1tok.<\/p>\n<p>Na\u0161e exkluz\u00edvne zlo\u017eenie obsahuje jedine\u010dn\u00fa zmes prirodzene sa vyskytuj\u00faceho kanabidiolu (CBD) a \u010fal\u0161\u00edch \u00fa\u010dinn\u00fdch rastlinn\u00fdch extraktov. T\u00e1to \u00fa\u010dinn\u00e1 kombin\u00e1cia dok\u00e1\u017ee vy\u017eivova\u0165 mo\u010dov\u00fd mech\u00far, prostatu a mo\u010dov\u00e9 funkcie t\u00fdm, \u017ee zvy\u0161uje celkov\u00fa hladinu energie. Ako bonus m\u00f4\u017ee ma\u0165 CBDus+ aj upokojuj\u00face \u00fa\u010dinky na nervov\u00fd syst\u00e9m.<\/p>\n<p>CBDus+ pom\u00e1ha podporova\u0165 norm\u00e1lny prietok mo\u010du a z\u00e1rove\u0148 napom\u00e1ha kontrole mo\u010denia. Okrem toho n\u00e1\u0161 produkt upokojuje k\u0155\u010de s\u00favisiace so z\u00e1palom prostaty, tak\u017ee si m\u00f4\u017eete zachova\u0165 akt\u00edvny \u017eivotn\u00fd \u0161t\u00fdl bez bolesti a nepohodlia. Najlep\u0161ie zo v\u0161etk\u00e9ho je, \u017ee je bezpe\u010dn\u00fd a \u00fa\u010dinn\u00fd bez zn\u00e1mych ved\u013eaj\u0161\u00edch \u00fa\u010dinkov! Tak pre\u010do e\u0161te \u010daka\u0165? Za\u010dnite si op\u00e4\u0165 u\u017e\u00edva\u0165 svoj \u017eivot s CBDus+!<\/p>\n","protected":false},"excerpt":{"rendered":"<p>CBDus+ je pre v\u00e1s ide\u00e1lnou sp\u00f4sob, ako zmierni\u0165 pr\u00edznaky prostatit\u00eddy. K\u00fapi\u0165 CBDus+ v Slovenskej Republike za v\u00fdhodn\u00fa cenu. Kde k\u00fapi\u0165. Cena. Hodnotenie. Doru\u010denie na celom Slovensku: \u017dilina, Pre\u0161ov, Ko\u0161ice, Bratislava, Zvolen, Prievidza, Poprad, Martin, Tren\u010d\u00edn, Trnava, Bansk\u00e1 Bystrica, Nitra, Senec, Hlohovec a \u0160a\u013ea. Kontraindik\u00e1cie, Ako si tovar vzia\u0165, Indik\u00e1cie pre pou\u017eitie. K\u00fapte si CBDus+ online.<\/p>\n","protected":false},"featured_media":6847,"comment_status":"open","ping_status":"closed","template":"","meta":{"site-sidebar-layout":"default","site-content-layout":"default","ast-site-content-layout":"default","site-content-style":"default","site-sidebar-style":"default","ast-global-header-display":"","ast-banner-title-visibility":"","ast-main-header-display":"","ast-hfb-above-header-display":"","ast-hfb-below-header-display":"","ast-hfb-mobile-header-display":"","site-post-title":"","ast-breadcrumbs-content":"","ast-featured-img":"","footer-sml-layout":"","ast-disable-related-posts":"","theme-transparent-header-meta":"default","adv-header-id-meta":"","stick-header-meta":"","header-above-stick-meta":"","header-main-stick-meta":"","header-below-stick-meta":"","astra-migrate-meta-layouts":"default","ast-page-background-enabled":"default","ast-page-background-meta":{"desktop":{"background-color":"","background-image":"","background-repeat":"repeat","background-position":"center center","background-size":"auto","background-attachment":"scroll","background-type":"","background-media":"","overlay-type":"","overlay-color":"","overlay-opacity":"","overlay-gradient":""},"tablet":{"background-color":"","background-image":"","background-repeat":"repeat","background-position":"center center","background-size":"auto","background-attachment":"scroll","background-type":"","background-media":"","overlay-type":"","overlay-color":"","overlay-opacity":"","overlay-gradient":""},"mobile":{"background-color":"","background-image":"","background-repeat":"repeat","background-position":"center center","background-size":"auto","background-attachment":"scroll","background-type":"","background-media":"","overlay-type":"","overlay-color":"","overlay-opacity":"","overlay-gradient":""}},"ast-content-background-meta":{"desktop":{"background-color":"var(--ast-global-color-5)","background-image":"","background-repeat":"repeat","background-position":"center center","background-size":"auto","background-attachment":"scroll","background-type":"","background-media":"","overlay-type":"","overlay-color":"","overlay-opacity":"","overlay-gradient":""},"tablet":{"background-color":"var(--ast-global-color-5)","background-image":"","background-repeat":"repeat","background-position":"center center","background-size":"auto","background-attachment":"scroll","background-type":"","background-media":"","overlay-type":"","overlay-color":"","overlay-opacity":"","overlay-gradient":""},"mobile":{"background-color":"var(--ast-global-color-5)","background-image":"","background-repeat":"repeat","background-position":"center center","background-size":"auto","background-attachment":"scroll","background-type":"","background-media":"","overlay-type":"","overlay-color":"","overlay-opacity":"","overlay-gradient":""}}},"product_brand":[],"product_cat":[40],"product_tag":[],"class_list":{"0":"post-6633","1":"product","2":"type-product","3":"status-publish","4":"has-post-thumbnail","6":"product_cat-produkty-pre-muzov","7":"desktop-align-left","8":"tablet-align-left","9":"mobile-align-left","11":"first","12":"instock","13":"taxable","14":"shipping-taxable","15":"purchasable","16":"product-type-simple"},"_links":{"self":[{"href":"https:\/\/wellness4you.cz\/sk\/wp-json\/wp\/v2\/product\/6633","targetHints":{"allow":["GET"]}}],"collection":[{"href":"https:\/\/wellness4you.cz\/sk\/wp-json\/wp\/v2\/product"}],"about":[{"href":"https:\/\/wellness4you.cz\/sk\/wp-json\/wp\/v2\/types\/product"}],"replies":[{"embeddable":true,"href":"https:\/\/wellness4you.cz\/sk\/wp-json\/wp\/v2\/comments?post=6633"}],"wp:featuredmedia":[{"embeddable":true,"href":"https:\/\/wellness4you.cz\/sk\/wp-json\/wp\/v2\/media\/6847"}],"wp:attachment":[{"href":"https:\/\/wellness4you.cz\/sk\/wp-json\/wp\/v2\/media?parent=6633"}],"wp:term":[{"taxonomy":"product_brand","embeddable":true,"href":"https:\/\/wellness4you.cz\/sk\/wp-json\/wp\/v2\/product_brand?post=6633"},{"taxonomy":"product_cat","embeddable":true,"href":"https:\/\/wellness4you.cz\/sk\/wp-json\/wp\/v2\/product_cat?post=6633"},{"taxonomy":"product_tag","embeddable":true,"href":"https:\/\/wellness4you.cz\/sk\/wp-json\/wp\/v2\/product_tag?post=6633"}],"curies":[{"name":"wp","href":"https:\/\/api.w.org\/{rel}","templated":true}]}}