{"id":6631,"date":"2023-01-15T04:12:02","date_gmt":"2023-01-15T03:12:02","guid":{"rendered":"https:\/\/wellness4you.cz\/sk\/?post_type=product&#038;p=6631"},"modified":"2026-01-08T22:52:35","modified_gmt":"2026-01-08T21:52:35","slug":"slimfitbelt","status":"publish","type":"product","link":"https:\/\/wellness4you.cz\/sk\/slimfitbelt\/","title":{"rendered":"SlimFitBelt"},"content":{"rendered":"<h2>SlimFitBelt je revolu\u010dn\u00e9 rie\u0161enie na chudnutie, ktor\u00e9 nav\u017edy men\u00ed hru!<\/h2>\n<p>Z\u00edskajte \u0161t\u00edhlu, vyrysovan\u00fa postavu svojich snov len za p\u00e1r min\u00fat denne. Tento zo\u0161t\u00edh\u013euj\u00faci p\u00e1s vyu\u017e\u00edva pokro\u010dil\u00fa technol\u00f3giu na stimul\u00e1ciu oblast\u00ed okolo p\u00e1sa, \u010d\u00edm pom\u00e1ha r\u00fdchlo a bez nam\u00e1hav\u00e9ho cvi\u010denia zn\u00ed\u017ei\u0165 po\u010det centimetrov z v\u00e1\u0161ho p\u00e1su. Nemus\u00edte ani pohn\u00fa\u0165 prstom, aby tento neuverite\u013en\u00fd v\u00fdrobok p\u00f4sobil z\u00e1zra\u010dne! Len za 15 &#8211; 20 min\u00fat denne v\u00e1m p\u00e1s SlimFitBelt pom\u00f4\u017ee dosiahnu\u0165 pozoruhodn\u00fd pokrok pri zlep\u0161ovan\u00ed obvodu p\u00e1sa a tvaru tela.<\/p>\n<p>Netrvajte dni alebo dokonca t\u00fd\u017edne, k\u00fdm dosiahnete \u00fa\u017easn\u00e9 v\u00fdsledky &#8211; vezmite si p\u00e1s SlimFitBelt! Za\u010dnite u\u017e teraz pracova\u0165 na svojom vysn\u00edvanom tele a postavte sa svetu s d\u00f4verou, preto\u017ee viete, \u017ee tento produkt, ktor\u00fd men\u00ed pravidl\u00e1 hry, v\u00e1m pom\u00f4\u017ee dosta\u0165 sa do formy r\u00fdchlej\u0161ie ako kedyko\u013evek predt\u00fdm. Nedovo\u013ete, aby v\u00e1s chudnutie viac spoma\u013eovalo. Zaobstarajte si SlimFitBelt e\u0161te dnes a odomknite svoj skuto\u010dn\u00fd potenci\u00e1l!<\/p>\n<h2>Je tu, aby priniesol revol\u00faciu v chudnut\u00ed ako nikdy predt\u00fdm.<\/h2>\n<p>P\u00e1s SlimFitBelt je dokonal\u00fdm n\u00e1strojom na z\u00edskanie vysn\u00edvanej vyrysovanej postavy. SlimFitBelt, skon\u0161truovan\u00fd pomocou patentovanej technol\u00f3gie, v\u00e1m pom\u00f4\u017ee zn\u00ed\u017ei\u0165 obvod p\u00e1sa a poskytne pohodln\u00e9 a trval\u00e9 rie\u0161enie, ktor\u00e9 zaru\u010dene funguje. SlimFit Belt, ktor\u00fd \u010faleko prevy\u0161uje latku nastaven\u00fa zastaran\u00fdmi alternat\u00edvami, vyu\u017e\u00edva pokro\u010dil\u00e9 kompresn\u00e9 a tepeln\u00e9 areoterapeutick\u00e9 met\u00f3dy na aktiv\u00e1ciu metabolizmu a spa\u013eovanie prebyto\u010dn\u00e9ho tuku bez ak\u00fdchko\u013evek \u0161kodliv\u00fdch \u00fa\u010dinkov. Pohodlne ho noste po\u010das cel\u00e9ho d\u0148a s vedom\u00edm, \u017ee sa ka\u017edou hodinou zbavujete centimetrov zo svojho p\u00e1su!<\/p>\n<p>Vysk\u00fa\u0161ajte v\u0161etky v\u00fdhody p\u00e1su Slimfit e\u0161te dnes &#8211; pripravte sa na \u0161t\u00edhlej\u0161iu a upravenej\u0161iu postavu v kr\u00e1tkom \u010dase!<\/p>\n","protected":false},"excerpt":{"rendered":"<p>SlimFitBelt je revolu\u010dn\u00e9 rie\u0161enie na chudnutie. K\u00fapi\u0165 SlimFitBelt v Slovenskej Republike za v\u00fdhodn\u00fa cenu. Hodnotenie. Kde k\u00fapi\u0165. Cena. Doru\u010denie na celom Slovensku: Ko\u0161ice, Bratislava, Zvolen, Prievidza, Poprad, Martin, Tren\u010d\u00edn, Trnava, Bansk\u00e1 Bystrica, Nitra, \u017dilina, Pre\u0161ov, \u0160a\u013ea, Vranov nad Top\u013eou a Partiz\u00e1nske. Indik\u00e1cie pre pou\u017eitie, Kontraindik\u00e1cie, Ako si tovar vzia\u0165. K\u00fapte si SlimFitBelt online.<\/p>\n","protected":false},"featured_media":6843,"comment_status":"open","ping_status":"closed","template":"","meta":{"site-sidebar-layout":"default","site-content-layout":"default","ast-site-content-layout":"default","site-content-style":"default","site-sidebar-style":"default","ast-global-header-display":"","ast-banner-title-visibility":"","ast-main-header-display":"","ast-hfb-above-header-display":"","ast-hfb-below-header-display":"","ast-hfb-mobile-header-display":"","site-post-title":"","ast-breadcrumbs-content":"","ast-featured-img":"","footer-sml-layout":"","ast-disable-related-posts":"","theme-transparent-header-meta":"default","adv-header-id-meta":"","stick-header-meta":"","header-above-stick-meta":"","header-main-stick-meta":"","header-below-stick-meta":"","astra-migrate-meta-layouts":"set","ast-page-background-enabled":"default","ast-page-background-meta":{"desktop":{"background-color":"","background-image":"","background-repeat":"repeat","background-position":"center center","background-size":"auto","background-attachment":"scroll","background-type":"","background-media":"","overlay-type":"","overlay-color":"","overlay-opacity":"","overlay-gradient":""},"tablet":{"background-color":"","background-image":"","background-repeat":"repeat","background-position":"center center","background-size":"auto","background-attachment":"scroll","background-type":"","background-media":"","overlay-type":"","overlay-color":"","overlay-opacity":"","overlay-gradient":""},"mobile":{"background-color":"","background-image":"","background-repeat":"repeat","background-position":"center center","background-size":"auto","background-attachment":"scroll","background-type":"","background-media":"","overlay-type":"","overlay-color":"","overlay-opacity":"","overlay-gradient":""}},"ast-content-background-meta":{"desktop":{"background-color":"var(--ast-global-color-5)","background-image":"","background-repeat":"repeat","background-position":"center center","background-size":"auto","background-attachment":"scroll","background-type":"","background-media":"","overlay-type":"","overlay-color":"","overlay-opacity":"","overlay-gradient":""},"tablet":{"background-color":"var(--ast-global-color-5)","background-image":"","background-repeat":"repeat","background-position":"center center","background-size":"auto","background-attachment":"scroll","background-type":"","background-media":"","overlay-type":"","overlay-color":"","overlay-opacity":"","overlay-gradient":""},"mobile":{"background-color":"var(--ast-global-color-5)","background-image":"","background-repeat":"repeat","background-position":"center center","background-size":"auto","background-attachment":"scroll","background-type":"","background-media":"","overlay-type":"","overlay-color":"","overlay-opacity":"","overlay-gradient":""}}},"product_brand":[],"product_cat":[39],"product_tag":[],"class_list":{"0":"post-6631","1":"product","2":"type-product","3":"status-publish","4":"has-post-thumbnail","6":"product_cat-na-chudnutie","7":"desktop-align-left","8":"tablet-align-left","9":"mobile-align-left","11":"first","12":"instock","13":"sale","14":"taxable","15":"shipping-taxable","16":"purchasable","17":"product-type-simple"},"_links":{"self":[{"href":"https:\/\/wellness4you.cz\/sk\/wp-json\/wp\/v2\/product\/6631","targetHints":{"allow":["GET"]}}],"collection":[{"href":"https:\/\/wellness4you.cz\/sk\/wp-json\/wp\/v2\/product"}],"about":[{"href":"https:\/\/wellness4you.cz\/sk\/wp-json\/wp\/v2\/types\/product"}],"replies":[{"embeddable":true,"href":"https:\/\/wellness4you.cz\/sk\/wp-json\/wp\/v2\/comments?post=6631"}],"wp:featuredmedia":[{"embeddable":true,"href":"https:\/\/wellness4you.cz\/sk\/wp-json\/wp\/v2\/media\/6843"}],"wp:attachment":[{"href":"https:\/\/wellness4you.cz\/sk\/wp-json\/wp\/v2\/media?parent=6631"}],"wp:term":[{"taxonomy":"product_brand","embeddable":true,"href":"https:\/\/wellness4you.cz\/sk\/wp-json\/wp\/v2\/product_brand?post=6631"},{"taxonomy":"product_cat","embeddable":true,"href":"https:\/\/wellness4you.cz\/sk\/wp-json\/wp\/v2\/product_cat?post=6631"},{"taxonomy":"product_tag","embeddable":true,"href":"https:\/\/wellness4you.cz\/sk\/wp-json\/wp\/v2\/product_tag?post=6631"}],"curies":[{"name":"wp","href":"https:\/\/api.w.org\/{rel}","templated":true}]}}