{"id":6630,"date":"2023-01-15T04:12:02","date_gmt":"2023-01-15T03:12:02","guid":{"rendered":"https:\/\/wellness4you.cz\/sk\/?post_type=product&#038;p=6630"},"modified":"2026-01-08T22:52:35","modified_gmt":"2026-01-08T21:52:35","slug":"rinnova-pro","status":"publish","type":"product","link":"https:\/\/wellness4you.cz\/sk\/rinnova-pro\/","title":{"rendered":"Rinnova Pro"},"content":{"rendered":"<p>Rinnova Pro je revolu\u010dn\u00fd prostriedok na \u010distenie a lakovanie. Ide o tekut\u00fd prostriedok, ktor\u00fd dok\u00e1\u017ee \u00fa\u010dinne a r\u00fdchlo vy\u010disti\u0165 a zrevitalizova\u0165 r\u00f4zne druhy povrchov. Odstr\u00e1ni \u0161kvrny a \u0161piny a zanech\u00e1 povrch kr\u00e1sne leskl\u00fd a ako nov\u00fd.<\/p>\n<p>Rinnova je vynikaj\u00faci na \u010distenie r\u00f4znych text\u00edli\u00ed, ako s\u00fa napr\u00edklad sedacie s\u00fapravy a kresl\u00e1, a lakovanie plastov\u00fdch povrchov, ako s\u00fa z\u00e1hradn\u00e9 n\u00e1bytky. Je to vynikaj\u00faci n\u00e1stroj, ktor\u00fd v\u00e1m umo\u017en\u00ed d\u00f4kladne a r\u00fdchlo vy\u010disti\u0165 r\u00f4zne povrchy, a to bez toho, aby ste museli str\u00e1vi\u0165 cel\u00e9 hodiny \u010disten\u00edm.<\/p>\n<p>Tento \u010disti\u010d je vytvoren\u00fd z pr\u00edrodn\u00fdch zlo\u017eiek a neobsahuje \u017eiadne \u0161kodliv\u00e9 chemik\u00e1lie, ktor\u00e9 by mohli po\u0161kodi\u0165 va\u0161e zdravie alebo \u017eivotn\u00e9 prostredie. Tento produkt je skuto\u010dne ekologick\u00fd a udr\u017eate\u013en\u00fd, a preto si z\u00edskal ob\u013eubu u tis\u00edcov spokojn\u00fdch z\u00e1kazn\u00edkov.<\/p>\n<h2>Rinnova Pro &#8211; Revolu\u010dn\u00fd \u010distiaci prostriedok<\/h2>\n<p>Ak h\u013ead\u00e1te \u00fa\u010dinn\u00fd prostriedok na \u010distenie, Rinnova je najlep\u0161ou vo\u013ebou. Tento produkt dok\u00e1\u017ee \u00fa\u010dinne vy\u010disti\u0165 a zrevitalizova\u0165 ak\u00fdko\u013evek povrch, a to bez toho, aby ste museli utr\u00e1ca\u0165 ve\u013ek\u00e9 sumy pe\u0148az\u00ed na profesion\u00e1lne \u010distenie.<\/p>\n<p>\u010cistiaci prostriedok Rinnova Pro je zlo\u017een\u00fd z pr\u00edrodn\u00fdch zlo\u017eiek, ako s\u00fa silik\u00f3nov\u00e9 polym\u00e9ry, ktor\u00e9 dok\u00e1\u017eu dokonale vy\u010disti\u0165 ak\u00fdko\u013evek povrch a zanecha\u0165 ho leskl\u00fd a ako nov\u00fd. Tento produkt je tie\u017e \u0161etrn\u00fd k \u017eivotn\u00e9mu prostrediu a netoxick\u00fd, \u010do z neho rob\u00ed ide\u00e1lny prostriedok pre ka\u017ed\u00e9ho, kto sa sna\u017e\u00ed o udr\u017eate\u013en\u00fd sp\u00f4sob \u010distenia.<\/p>\n<p>Tento \u010disti\u010d je tie\u017e ve\u013emi jednoduch\u00fd na pou\u017eitie. Sta\u010d\u00ed natrie\u0165 \u010distiaci prostriedok na povrch, ktor\u00fd chcete vy\u010disti\u0165, a jemne potrie\u0165 do povrchu hadri\u010dkom alebo kefkou. N\u00e1sledne nechajte \u010distiaci prostriedok p\u00f4sobi\u0165 nieko\u013eko min\u00fat a potom povrch opl\u00e1chnite vodou.<\/p>\n<p>Rinnova Pro je nejlep\u0161\u00ed prost\u0159edek pro \u010di\u0161t\u011bn\u00ed a obnovu r\u016fzn\u00fdch povrch\u016f. Jeho revolu\u010dn\u00ed slo\u017een\u00ed zaji\u0161\u0165uje nejen dokonalou \u010distotu, ale tak\u00e9 obnovu a lesk. V t\u00e9to recenzi se pod\u00edv\u00e1me podrobn\u011bji na produkt a jeho vlastnosti.<\/p>\n<h2>Co je to Rinnova Pro?<\/h2>\n<p>Rinnova je tekut\u00fd \u010disti\u010d, kter\u00fd dok\u00e1\u017ee rychle a \u00fa\u010dinn\u011b vy\u010distit tkaniny seda\u010dek a \u017eidl\u00ed, ale tak\u00e9 leskl\u00e9 povrchy plastov\u00fdch zahradn\u00edch n\u00e1bytk\u016f. Jeho inovativn\u00ed slo\u017een\u00ed zalo\u017een\u00e9 na silikonov\u00fdch polymerech dokonale vy\u010dist\u00ed a vyle\u0161t\u00ed ka\u017ed\u00fd p\u0159edm\u011bt a vr\u00e1t\u00ed mu vzhled jako nov\u00fd.<\/p>\n<h2>Pro\u010d si vybrat Rinnova Pro?<\/h2>\n<p>Tento \u010disti\u010d je \u00fa\u010dinn\u00fd, ekologick\u00fd a udr\u017eiteln\u00fd prost\u0159edek na trhu. D\u00edky 100% p\u0159\u00edrodn\u00edmu slo\u017een\u00ed je ne\u0161kodn\u00fd pro \u010dlov\u011bka a zv\u00ed\u0159ata. Nav\u00edc zabra\u0148uje opot\u0159eben\u00ed povrch\u016f p\u0159edm\u011bt\u016f, kter\u00e9 \u010dist\u00edte. Tento \u00fa\u010dinn\u00fd prost\u0159edek v\u00e1m u\u0161et\u0159\u00ed spoustu \u010dasu a \u00fasil\u00ed p\u0159i \u010di\u0161t\u011bn\u00ed va\u0161eho domova.<\/p>\n<h2>Jak pou\u017e\u00edvat?<\/h2>\n<p>Pou\u017eit\u00ed Rinnova Pro je velmi snadn\u00e9. Sta\u010d\u00ed aplikovat n\u011bkolik kapek p\u0159\u00edpravku na \u010dist\u00edc\u00ed had\u0159\u00edk a pot\u00e9 j\u00edm ot\u0159\u00edt povrch p\u0159edm\u011btu, kter\u00fd chcete vy\u010distit. Pokud pot\u0159ebujete hloubkov\u011bj\u0161\u00ed \u010di\u0161t\u011bn\u00ed, nechte p\u0159\u00edpravek p\u016fsobit na povrchu a\u017e 5 minut. Pot\u00e9 sta\u010d\u00ed povrch ot\u0159\u00edt \u010distou houbi\u010dkou a vysu\u0161it had\u0159\u00edkem.<\/p>\n<h2>Jak funguje?<\/h2>\n<p>Rinnova Pro se skl\u00e1d\u00e1 ze speci\u00e1ln\u00edch silikonov\u00fdch polymer\u016f, kter\u00e9 dok\u00e1\u017eou dokonale vy\u010distit a vyle\u0161t\u00edt povrchy. Tyto polymery zabra\u0148uj\u00ed opot\u0159eben\u00ed povrch\u016f p\u0159edm\u011bt\u016f a vracej\u00ed jim vzhled jako nov\u00fd. D\u00edky sv\u00e9mu inovativn\u00edmu slo\u017een\u00ed je RinnovaPro nejlep\u0161\u00edm prost\u0159edkem pro \u010di\u0161t\u011bn\u00ed a obnovu povrch\u016f.<\/p>\n<h2>Zhrnutie<\/h2>\n<p>Rinnova Pro je revolu\u010dn\u00fd \u010disti\u010d a ochrann\u00fd prostriedok, ktor\u00fd v\u00e1m umo\u017en\u00ed dokonale a r\u00fdchlo vy\u010disti\u0165 text\u00edlie seda\u010diek a kresiel, ako aj plastov\u00e9 \u010dasti z\u00e1hradn\u00e9ho n\u00e1bytku. Jeho 100% pr\u00edrodn\u00e1 zlo\u017eenie je u\u017eito\u010dn\u00e9 pre \u013eud\u00ed aj zvierat\u00e1 a zabra\u0148uje zn\u00e1mkam opotrebenia na v\u0161etk\u00fdch \u010disten\u00fdch povrchoch. Okrem toho, tento \u010disti\u010d je ve\u013emi efekt\u00edvny, ekologick\u00fd a trvalo udr\u017eate\u013en\u00fd produkt, ktor\u00fd nahrad\u00ed n\u00e1kladn\u00e9 slu\u017eby profesion\u00e1lnych \u010disti\u010dov.<\/p>\n<p><strong><span style=\"text-decoration: underline;\">Ak chcete va\u0161e ob\u013e\u00faben\u00e9 veci op\u00e4\u0165 rozz\u00e1\u0159i\u0165 a udr\u017ea\u0165 svoj dom \u010dist\u00fd a udr\u017eiavan\u00fd, Rinnova Pro je pre v\u00e1s to spr\u00e1vne rie\u0161enie!<\/span><\/strong><\/p>\n","protected":false},"excerpt":{"rendered":"<p>K\u00fapi\u0165 Rinnova Pro v Slovenskej Republike za v\u00fdhodn\u00fa cenu. Kde k\u00fapi\u0165. Cena. Hodnotenie. Doru\u010denie na celom Slovensku: Bratislava, Zvolen, Prievidza, Poprad, Martin, Tren\u010d\u00edn, Trnava, Bansk\u00e1 Bystrica, Nitra, \u017dilina, Pre\u0161ov, Ko\u0161ice, Vranov nad Top\u013eou, Partiz\u00e1nske a Rimavsk\u00e1 Sobota. Kontraindik\u00e1cie, Ako si tovar vzia\u0165, Indik\u00e1cie pre pou\u017eitie. K\u00fapte si Rinnova Pro online.<\/p>\n","protected":false},"featured_media":7026,"comment_status":"open","ping_status":"closed","template":"","meta":{"site-sidebar-layout":"default","site-content-layout":"default","ast-site-content-layout":"default","site-content-style":"default","site-sidebar-style":"default","ast-global-header-display":"","ast-banner-title-visibility":"","ast-main-header-display":"","ast-hfb-above-header-display":"","ast-hfb-below-header-display":"","ast-hfb-mobile-header-display":"","site-post-title":"","ast-breadcrumbs-content":"","ast-featured-img":"","footer-sml-layout":"","ast-disable-related-posts":"","theme-transparent-header-meta":"default","adv-header-id-meta":"","stick-header-meta":"","header-above-stick-meta":"","header-main-stick-meta":"","header-below-stick-meta":"","astra-migrate-meta-layouts":"default","ast-page-background-enabled":"default","ast-page-background-meta":{"desktop":{"background-color":"","background-image":"","background-repeat":"repeat","background-position":"center center","background-size":"auto","background-attachment":"scroll","background-type":"","background-media":"","overlay-type":"","overlay-color":"","overlay-opacity":"","overlay-gradient":""},"tablet":{"background-color":"","background-image":"","background-repeat":"repeat","background-position":"center center","background-size":"auto","background-attachment":"scroll","background-type":"","background-media":"","overlay-type":"","overlay-color":"","overlay-opacity":"","overlay-gradient":""},"mobile":{"background-color":"","background-image":"","background-repeat":"repeat","background-position":"center center","background-size":"auto","background-attachment":"scroll","background-type":"","background-media":"","overlay-type":"","overlay-color":"","overlay-opacity":"","overlay-gradient":""}},"ast-content-background-meta":{"desktop":{"background-color":"var(--ast-global-color-5)","background-image":"","background-repeat":"repeat","background-position":"center center","background-size":"auto","background-attachment":"scroll","background-type":"","background-media":"","overlay-type":"","overlay-color":"","overlay-opacity":"","overlay-gradient":""},"tablet":{"background-color":"var(--ast-global-color-5)","background-image":"","background-repeat":"repeat","background-position":"center center","background-size":"auto","background-attachment":"scroll","background-type":"","background-media":"","overlay-type":"","overlay-color":"","overlay-opacity":"","overlay-gradient":""},"mobile":{"background-color":"var(--ast-global-color-5)","background-image":"","background-repeat":"repeat","background-position":"center center","background-size":"auto","background-attachment":"scroll","background-type":"","background-media":"","overlay-type":"","overlay-color":"","overlay-opacity":"","overlay-gradient":""}}},"product_brand":[],"product_cat":[21],"product_tag":[],"class_list":{"0":"post-6630","1":"product","2":"type-product","3":"status-publish","4":"has-post-thumbnail","6":"product_cat-ziadna-kategoria","7":"desktop-align-left","8":"tablet-align-left","9":"mobile-align-left","11":"first","12":"instock","13":"sale","14":"taxable","15":"shipping-taxable","16":"purchasable","17":"product-type-simple"},"_links":{"self":[{"href":"https:\/\/wellness4you.cz\/sk\/wp-json\/wp\/v2\/product\/6630","targetHints":{"allow":["GET"]}}],"collection":[{"href":"https:\/\/wellness4you.cz\/sk\/wp-json\/wp\/v2\/product"}],"about":[{"href":"https:\/\/wellness4you.cz\/sk\/wp-json\/wp\/v2\/types\/product"}],"replies":[{"embeddable":true,"href":"https:\/\/wellness4you.cz\/sk\/wp-json\/wp\/v2\/comments?post=6630"}],"wp:featuredmedia":[{"embeddable":true,"href":"https:\/\/wellness4you.cz\/sk\/wp-json\/wp\/v2\/media\/7026"}],"wp:attachment":[{"href":"https:\/\/wellness4you.cz\/sk\/wp-json\/wp\/v2\/media?parent=6630"}],"wp:term":[{"taxonomy":"product_brand","embeddable":true,"href":"https:\/\/wellness4you.cz\/sk\/wp-json\/wp\/v2\/product_brand?post=6630"},{"taxonomy":"product_cat","embeddable":true,"href":"https:\/\/wellness4you.cz\/sk\/wp-json\/wp\/v2\/product_cat?post=6630"},{"taxonomy":"product_tag","embeddable":true,"href":"https:\/\/wellness4you.cz\/sk\/wp-json\/wp\/v2\/product_tag?post=6630"}],"curies":[{"name":"wp","href":"https:\/\/api.w.org\/{rel}","templated":true}]}}