{"id":6628,"date":"2023-01-15T04:12:01","date_gmt":"2023-01-15T03:12:01","guid":{"rendered":"https:\/\/wellness4you.cz\/sk\/?post_type=product&#038;p=6628"},"modified":"2026-01-08T22:52:35","modified_gmt":"2026-01-08T21:52:35","slug":"acumagnets","status":"publish","type":"product","link":"https:\/\/wellness4you.cz\/sk\/acumagnets\/","title":{"rendered":"AcuMagnets"},"content":{"rendered":"<h2>AcuMagnets &#8211; uvo\u013enenie a uvo\u013enenie nap\u00e4tia v priebehu nieko\u013ek\u00fdch sek\u00fand!<\/h2>\n<p>AcuMagnety pon\u00fakaj\u00fa jednoduch\u00fd a z\u00e1bavn\u00fd sp\u00f4sob, ako zn\u00ed\u017ei\u0165 hladinu stresu a c\u00edti\u0165 sa odd\u00fdchnuto. \u010ci u\u017e m\u00e1te za sebou n\u00e1ro\u010dn\u00fd de\u0148 v pr\u00e1ci, stresuj\u00faci ve\u010der s rodinou alebo \u010doko\u013evek in\u00e9, tieto inovat\u00edvne magnety v\u00e1m pom\u00f4\u017eu okam\u017eite sa uvo\u013eni\u0165! AcuMagnety \u00fa\u010dinne stimuluj\u00fa akupres\u00farne body nach\u00e1dzaj\u00face sa medzi prstami, tak\u017ee upokojuj\u00face \u00fa\u010dinky m\u00f4\u017eete zaznamena\u0165 takmer okam\u017eite. M\u00f4\u017eete ich pou\u017e\u00edva\u0165 pri seden\u00ed za pracovn\u00fdm stolom, po\u010das prest\u00e1vky na ceste domov alebo jednoducho kedyko\u013evek. Maj\u00fa ide\u00e1lnu ve\u013ekos\u0165, aby ste ich mohli ma\u0165 vo vrecku alebo v ta\u0161ke. U\u017e nebudete musie\u0165 absolvova\u0165 dlh\u00e9 rutinn\u00e9 d\u00fdchacie cvi\u010denia, aby ste zmiernili stres. Sta\u010d\u00ed pohodln\u00e1 stimul\u00e1cia prstami s na\u0161imi \u00fa\u017easn\u00fdmi magnetmi AcuMagnets! Nechajte silu akupres\u00farnych bodov, aby v\u00e1s viedla k v\u00e4\u010d\u0161iemu pohodliu a uvo\u013eneniu e\u0161te dnes.<\/p>\n<h2>Predstavujeme revolu\u010dn\u00fd produkt navrhnut\u00fd na navodenie relax\u00e1cie a zmiernenie stresu pre zanepr\u00e1zdnen\u00fdch profesion\u00e1lov.<\/h2>\n<p>Vychutnajte si pohodlie, ktor\u00e9 prin\u00e1\u0161a \u00faplne pr\u00edrodn\u00e9 rie\u0161enie v\u00e1\u0161ho ka\u017edodenn\u00e9ho stresu &#8211; \u017eiadne lieky, \u017eiadne \u0165a\u017ek\u00e9 stroje. Jednoducho umiestnite na\u0161e mal\u00e9, praktick\u00e9 magnety na akupres\u00farne body, aby ste si navodili pocit pokoja, ktor\u00fd pretrv\u00e1 po\u010das cel\u00e9ho d\u0148a.<\/p>\n<p>Akupres\u00fara je preuk\u00e1zate\u013ene jednou z najstar\u0161\u00edch a naj\u00fa\u010dinnej\u0161\u00edch lie\u010debn\u00fdch techn\u00edk tradi\u010dnej \u010d\u00ednskej medic\u00edny a teraz si tieto v\u00fdhody m\u00f4\u017eete vychutna\u0165 priamo v pohodl\u00ed svojho domova alebo kancel\u00e1rie. Sta\u010d\u00ed odhodlan\u00e1 presnos\u0165 a na\u0161e drobn\u00e9 magnety, preto\u017ee s\u00fa \u0161peci\u00e1lne vytvoren\u00e9 na zlep\u0161enie krvn\u00e9ho obehu s cie\u013eom podpori\u0165 du\u0161evn\u00fa jasnos\u0165 a zmierni\u0165 ak\u00e9ko\u013evek nap\u00e4tie alebo \u00fazkos\u0165, ktor\u00e9 m\u00f4\u017eete v ka\u017edodennom \u017eivote za\u017e\u00edva\u0165. Vyzbrojen\u00e1 poznatkami spred tis\u00edcov rokov spolu so zv\u00e4\u010d\u0161enou modernou vynaliezavos\u0165ou, kolekcia AcuMagnets prin\u00e1\u0161a revol\u00faciu v relax\u00e1cii ako nikdy predt\u00fdm!<\/p>\n<p>Pre trval\u00fa \u00fa\u013eavu od stresu a upokojuj\u00face pocity od r\u00e1na do ve\u010dera neh\u013eadajte ni\u010d in\u00e9 ako AcuMagnets! Va\u0161a energetick\u00e1 hladina v\u00e1m za to po\u010fakuje.<\/p>\n","protected":false},"excerpt":{"rendered":"<p>AcuMagnets &#8211; uvo\u013enenie a uvo\u013enenie nap\u00e4tia v priebehu nieko\u013ek\u00fdch sek\u00fand! K\u00fapi\u0165 AcuMagnets v Slovenskej Republike za v\u00fdhodn\u00fa cenu. Hodnotenie. Kde k\u00fapi\u0165. Cena. Doru\u010denie na celom Slovensku: Prievidza, Poprad, Martin, Tren\u010d\u00edn, Trnava, Bansk\u00e1 Bystrica, Nitra, \u017dilina, Pre\u0161ov, Ko\u0161ice, Bratislava, Zvolen, Rimavsk\u00e1 Sobota, Dubnica nad V\u00e1hom a \u010cadca. Kontraindik\u00e1cie, Ako si tovar vzia\u0165, Indik\u00e1cie pre pou\u017eitie. K\u00fapte si AcuMagnets online.<\/p>\n","protected":false},"featured_media":6838,"comment_status":"open","ping_status":"closed","template":"","meta":{"site-sidebar-layout":"default","site-content-layout":"default","ast-site-content-layout":"default","site-content-style":"default","site-sidebar-style":"default","ast-global-header-display":"","ast-banner-title-visibility":"","ast-main-header-display":"","ast-hfb-above-header-display":"","ast-hfb-below-header-display":"","ast-hfb-mobile-header-display":"","site-post-title":"","ast-breadcrumbs-content":"","ast-featured-img":"","footer-sml-layout":"","ast-disable-related-posts":"","theme-transparent-header-meta":"default","adv-header-id-meta":"","stick-header-meta":"","header-above-stick-meta":"","header-main-stick-meta":"","header-below-stick-meta":"","astra-migrate-meta-layouts":"default","ast-page-background-enabled":"default","ast-page-background-meta":{"desktop":{"background-color":"","background-image":"","background-repeat":"repeat","background-position":"center center","background-size":"auto","background-attachment":"scroll","background-type":"","background-media":"","overlay-type":"","overlay-color":"","overlay-opacity":"","overlay-gradient":""},"tablet":{"background-color":"","background-image":"","background-repeat":"repeat","background-position":"center center","background-size":"auto","background-attachment":"scroll","background-type":"","background-media":"","overlay-type":"","overlay-color":"","overlay-opacity":"","overlay-gradient":""},"mobile":{"background-color":"","background-image":"","background-repeat":"repeat","background-position":"center center","background-size":"auto","background-attachment":"scroll","background-type":"","background-media":"","overlay-type":"","overlay-color":"","overlay-opacity":"","overlay-gradient":""}},"ast-content-background-meta":{"desktop":{"background-color":"var(--ast-global-color-5)","background-image":"","background-repeat":"repeat","background-position":"center center","background-size":"auto","background-attachment":"scroll","background-type":"","background-media":"","overlay-type":"","overlay-color":"","overlay-opacity":"","overlay-gradient":""},"tablet":{"background-color":"var(--ast-global-color-5)","background-image":"","background-repeat":"repeat","background-position":"center center","background-size":"auto","background-attachment":"scroll","background-type":"","background-media":"","overlay-type":"","overlay-color":"","overlay-opacity":"","overlay-gradient":""},"mobile":{"background-color":"var(--ast-global-color-5)","background-image":"","background-repeat":"repeat","background-position":"center center","background-size":"auto","background-attachment":"scroll","background-type":"","background-media":"","overlay-type":"","overlay-color":"","overlay-opacity":"","overlay-gradient":""}}},"product_brand":[],"product_cat":[41],"product_tag":[],"class_list":{"0":"post-6628","1":"product","2":"type-product","3":"status-publish","4":"has-post-thumbnail","6":"product_cat-produkty-pre-zdravie","7":"desktop-align-left","8":"tablet-align-left","9":"mobile-align-left","11":"first","12":"instock","13":"sale","14":"taxable","15":"shipping-taxable","16":"purchasable","17":"product-type-simple"},"_links":{"self":[{"href":"https:\/\/wellness4you.cz\/sk\/wp-json\/wp\/v2\/product\/6628","targetHints":{"allow":["GET"]}}],"collection":[{"href":"https:\/\/wellness4you.cz\/sk\/wp-json\/wp\/v2\/product"}],"about":[{"href":"https:\/\/wellness4you.cz\/sk\/wp-json\/wp\/v2\/types\/product"}],"replies":[{"embeddable":true,"href":"https:\/\/wellness4you.cz\/sk\/wp-json\/wp\/v2\/comments?post=6628"}],"wp:featuredmedia":[{"embeddable":true,"href":"https:\/\/wellness4you.cz\/sk\/wp-json\/wp\/v2\/media\/6838"}],"wp:attachment":[{"href":"https:\/\/wellness4you.cz\/sk\/wp-json\/wp\/v2\/media?parent=6628"}],"wp:term":[{"taxonomy":"product_brand","embeddable":true,"href":"https:\/\/wellness4you.cz\/sk\/wp-json\/wp\/v2\/product_brand?post=6628"},{"taxonomy":"product_cat","embeddable":true,"href":"https:\/\/wellness4you.cz\/sk\/wp-json\/wp\/v2\/product_cat?post=6628"},{"taxonomy":"product_tag","embeddable":true,"href":"https:\/\/wellness4you.cz\/sk\/wp-json\/wp\/v2\/product_tag?post=6628"}],"curies":[{"name":"wp","href":"https:\/\/api.w.org\/{rel}","templated":true}]}}