{"id":6626,"date":"2023-01-15T04:12:00","date_gmt":"2023-01-15T03:12:00","guid":{"rendered":"https:\/\/wellness4you.cz\/sk\/?post_type=product&#038;p=6626"},"modified":"2026-01-08T22:52:34","modified_gmt":"2026-01-08T21:52:34","slug":"wow-bust","status":"publish","type":"product","link":"https:\/\/wellness4you.cz\/sk\/wow-bust\/","title":{"rendered":"Wow Bust"},"content":{"rendered":"<h2>H\u013ead\u00e1te bezpe\u010dn\u00e9 a \u00fa\u010dinn\u00e9 rie\u0161enie na zv\u00e4\u010d\u0161enie l\u00ednie poprsia?<\/h2>\n<p>Neh\u013eadajte ni\u010d in\u00e9 ako Wow Bust, z\u00e1zra\u010dn\u00fd kr\u00e9m na zv\u00e4\u010d\u0161enie p\u0155s! T\u00e1to \u0161peci\u00e1lne vytvoren\u00e1 zmes organick\u00fdch, pr\u00edrodn\u00fdch zlo\u017eiek pracuje r\u00fdchlo a tvrdo! V okamihu budete py\u0161n\u00e1 a ohromne sexy s pln\u0161\u00edm a pevnej\u0161\u00edm hrudn\u00edkom. N\u00e1\u0161 v\u00fdrobok bol vysk\u00fa\u0161an\u00fd a testovan\u00fd, aby sme zaistili maxim\u00e1lne v\u00fdsledky. Sta\u010d\u00ed kr\u00e9m vmas\u00edrova\u0165 do vami po\u017eadovanej oblasti dvakr\u00e1t denne po dobu troch mesiacov v kuse a budete svedkami skuto\u010dnej premeny. \u010ci u\u017e vk\u013aznete do ob\u013e\u00faben\u00fdch letn\u00fdch \u0161iat, alebo sa na ve\u010dernom ve\u010dierku predvediete v nie\u010dom odv\u00e1\u017enej\u0161om, c\u00ed\u0165te sa sebavedomo a kr\u00e1sne!<\/p>\n<p>Je \u010das, aby sme sa kone\u010dne c\u00edtili uvo\u013enene a odv\u00e1\u017ene, z\u00edskali sebad\u00f4veru a uznanie, ktor\u00e9 si na\u0161e telo skuto\u010dne zasl\u00fa\u017ei. Wow Bust, kr\u00e9m na zv\u00e4\u010d\u0161enie p\u0155s, je tu, aby premenil v\u0161etky va\u0161e najodv\u00e1\u017enej\u0161ie sny na skuto\u010dnos\u0165. Kr\u00e9m p\u00f4sob\u00ed tak, \u017ee prirodzene zvy\u0161uje cirkul\u00e1ciu krvi v oblasti hrudn\u00edka, \u010d\u00edm dosahuje optim\u00e1lne v\u00fdsledky. A to v\u0161etko bez vynalo\u017eenia dodato\u010dn\u00e9ho \u00fasilia!<\/p>\n<p>Wow Bust nielen\u017ee pri nepretr\u017eitom pou\u017e\u00edvan\u00ed vidite\u013ene zv\u00e4\u010d\u0161uje ve\u013ekos\u0165 va\u0161ich ko\u0161\u00ed\u010dkov, ale aj v\u00fdrazne spev\u0148uje va\u0161e prsia a z\u00e1rove\u0148 redukuje strie. \u010ci u\u017e chcete z\u00edska\u0165 trochu viac pozornosti, Wow Bust sa postar\u00e1 o to, aby ste ich oh\u00farili ako nikdy predt\u00fdm. Bu\u010fte si ist\u00e1, \u017ee mu m\u00f4\u017eete d\u00f4verova\u0165 ako bezpe\u010dn\u00e9mu a prirodzen\u00e9mu &#8211; tak na \u010do e\u0161te \u010dak\u00e1te? Odv\u00e1\u017ete sa odviaza\u0165 e\u0161te dnes s Wow Bust!<\/p>\n<h2>Urobi\u0165 hlavy oto\u010di\u0165 a c\u00edti\u0165 kr\u00e1sne s Wow Bust prsia zv\u00e4\u010d\u0161enie kr\u00e9m!<\/h2>\n<p>N\u00e1\u0161 revolu\u010dn\u00fd vzorec v\u00e1m pom\u00f4\u017ee z\u00edska\u0165 n\u00e1dhern\u00fd vzh\u013ead, na ktor\u00fd ste \u010dakali. V\u010faka kombin\u00e1cii pr\u00edrodn\u00fdch rastlinn\u00fdch v\u00fd\u0165a\u017ekov s patentovanou zmesou \u00fa\u010dinn\u00fdch peptidov m\u00f4\u017ee n\u00e1\u0161 pokro\u010dil\u00fd kr\u00e9m na zv\u00e4\u010d\u0161enie p\u0155s zmeni\u0165 v\u00e1\u0161 \u017eivot t\u00fdm, \u017ee v\u00e1m dod\u00e1 pevn\u00e9, ve\u013ek\u00e9 a dobre tvarovan\u00e9 prsia.<\/p>\n<p>\u010ci u\u017e chcete zv\u00e4\u010d\u0161i\u0165 ve\u013ekos\u0165 ko\u0161\u00ed\u010dkov alebo vyhladi\u0165 ovisnut\u00fa poko\u017eku, Wow Bust je tu, aby v\u00e1m pomohol. N\u00e1\u0161 v\u00fdrobok obsahuje esenci\u00e1lne oleje, ktor\u00e9 h\u013abkovo hydratuj\u00fa a vy\u017eivuj\u00fa va\u0161u poko\u017eku. Dod\u00e1vaj\u00fa tie\u017e elasticitu na zlep\u0161enie v\u00fdsledkov liftingu a spevnenia, tak\u017ee sa m\u00f4\u017eete te\u0161i\u0165 z vylep\u0161enej l\u00ednie dekoltu, ktor\u00e1 vyzer\u00e1 nekone\u010dne pr\u00ed\u0165a\u017elivej\u0161ie. Ka\u017edodenn\u00e9 pou\u017e\u00edvanie n\u00e1\u0161ho \u0161peci\u00e1lne vyvinut\u00e9ho kr\u00e9mu navy\u0161e pom\u00f4\u017ee zmen\u0161i\u0165 vr\u00e1sky a mu\u017esk\u00fd tuk na hrudn\u00edku, ako aj zn\u00ed\u017ei\u0165 z\u00e1kladn\u00e9 zafarbenie sp\u00f4soben\u00e9 starnut\u00edm alebo po\u0161koden\u00edm slnkom.<\/p>\n<p>A napokon, Wow Bust sa \u013eahko pou\u017e\u00edva. Pre dosiahnutie najlep\u0161\u00edch v\u00fdsledkov kr\u00e9m jednoducho vmas\u00edrujte do p\u0155s a\u017e do \u00fapln\u00e9ho vstrebania dvakr\u00e1t denne! Pridajte sa k tis\u00edcom spokojn\u00fdch \u017eien, ktor\u00e9 sa na n\u00e1s obr\u00e1tili s cie\u013eom zv\u00fd\u0161i\u0165 svoju kr\u00e1su &#8211; a za\u017eite vidite\u013en\u00e9 rozdiely do dvoch t\u00fd\u017ed\u0148ov! S vysokokvalitn\u00fdm kr\u00e9mom na zv\u00e4\u010d\u0161enie p\u0155s Wow Bust nikdy nebolo jednoduch\u0161ie splni\u0165 si v\u0161etky svoje predstavy u\u017e za nieko\u013eko t\u00fd\u017ed\u0148ov!<\/p>\n","protected":false},"excerpt":{"rendered":"<p>Wow Bust bezpe\u010dn\u00e9 a \u00fa\u010dinn\u00e9 rie\u0161enie na zv\u00e4\u010d\u0161enie l\u00ednie poprsia. K\u00fapi\u0165 Wow Bust v Slovenskej Republike za v\u00fdhodn\u00fa cenu. Cena. Hodnotenie. Kde k\u00fapi\u0165. Doru\u010denie na celom Slovensku: Martin, Tren\u010d\u00edn, Trnava, Bansk\u00e1 Bystrica, Nitra, \u017dilina, Pre\u0161ov, Ko\u0161ice, Bratislava, Zvolen, Prievidza, Poprad, \u010cadca, Dunajsk\u00e1 Streda a Trebi\u0161ov. Indik\u00e1cie pre pou\u017eitie, Kontraindik\u00e1cie, Ako si tovar vzia\u0165. K\u00fapte si Wow Bust online.<\/p>\n","protected":false},"featured_media":6832,"comment_status":"open","ping_status":"closed","template":"","meta":{"site-sidebar-layout":"default","site-content-layout":"default","ast-site-content-layout":"default","site-content-style":"default","site-sidebar-style":"default","ast-global-header-display":"","ast-banner-title-visibility":"","ast-main-header-display":"","ast-hfb-above-header-display":"","ast-hfb-below-header-display":"","ast-hfb-mobile-header-display":"","site-post-title":"","ast-breadcrumbs-content":"","ast-featured-img":"","footer-sml-layout":"","ast-disable-related-posts":"","theme-transparent-header-meta":"default","adv-header-id-meta":"","stick-header-meta":"","header-above-stick-meta":"","header-main-stick-meta":"","header-below-stick-meta":"","astra-migrate-meta-layouts":"set","ast-page-background-enabled":"default","ast-page-background-meta":{"desktop":{"background-color":"","background-image":"","background-repeat":"repeat","background-position":"center center","background-size":"auto","background-attachment":"scroll","background-type":"","background-media":"","overlay-type":"","overlay-color":"","overlay-opacity":"","overlay-gradient":""},"tablet":{"background-color":"","background-image":"","background-repeat":"repeat","background-position":"center center","background-size":"auto","background-attachment":"scroll","background-type":"","background-media":"","overlay-type":"","overlay-color":"","overlay-opacity":"","overlay-gradient":""},"mobile":{"background-color":"","background-image":"","background-repeat":"repeat","background-position":"center center","background-size":"auto","background-attachment":"scroll","background-type":"","background-media":"","overlay-type":"","overlay-color":"","overlay-opacity":"","overlay-gradient":""}},"ast-content-background-meta":{"desktop":{"background-color":"var(--ast-global-color-5)","background-image":"","background-repeat":"repeat","background-position":"center center","background-size":"auto","background-attachment":"scroll","background-type":"","background-media":"","overlay-type":"","overlay-color":"","overlay-opacity":"","overlay-gradient":""},"tablet":{"background-color":"var(--ast-global-color-5)","background-image":"","background-repeat":"repeat","background-position":"center center","background-size":"auto","background-attachment":"scroll","background-type":"","background-media":"","overlay-type":"","overlay-color":"","overlay-opacity":"","overlay-gradient":""},"mobile":{"background-color":"var(--ast-global-color-5)","background-image":"","background-repeat":"repeat","background-position":"center center","background-size":"auto","background-attachment":"scroll","background-type":"","background-media":"","overlay-type":"","overlay-color":"","overlay-opacity":"","overlay-gradient":""}}},"product_brand":[],"product_cat":[41],"product_tag":[],"class_list":{"0":"post-6626","1":"product","2":"type-product","3":"status-publish","4":"has-post-thumbnail","6":"product_cat-produkty-pre-zdravie","7":"desktop-align-left","8":"tablet-align-left","9":"mobile-align-left","11":"first","12":"instock","13":"sale","14":"taxable","15":"shipping-taxable","16":"purchasable","17":"product-type-simple"},"_links":{"self":[{"href":"https:\/\/wellness4you.cz\/sk\/wp-json\/wp\/v2\/product\/6626","targetHints":{"allow":["GET"]}}],"collection":[{"href":"https:\/\/wellness4you.cz\/sk\/wp-json\/wp\/v2\/product"}],"about":[{"href":"https:\/\/wellness4you.cz\/sk\/wp-json\/wp\/v2\/types\/product"}],"replies":[{"embeddable":true,"href":"https:\/\/wellness4you.cz\/sk\/wp-json\/wp\/v2\/comments?post=6626"}],"wp:featuredmedia":[{"embeddable":true,"href":"https:\/\/wellness4you.cz\/sk\/wp-json\/wp\/v2\/media\/6832"}],"wp:attachment":[{"href":"https:\/\/wellness4you.cz\/sk\/wp-json\/wp\/v2\/media?parent=6626"}],"wp:term":[{"taxonomy":"product_brand","embeddable":true,"href":"https:\/\/wellness4you.cz\/sk\/wp-json\/wp\/v2\/product_brand?post=6626"},{"taxonomy":"product_cat","embeddable":true,"href":"https:\/\/wellness4you.cz\/sk\/wp-json\/wp\/v2\/product_cat?post=6626"},{"taxonomy":"product_tag","embeddable":true,"href":"https:\/\/wellness4you.cz\/sk\/wp-json\/wp\/v2\/product_tag?post=6626"}],"curies":[{"name":"wp","href":"https:\/\/api.w.org\/{rel}","templated":true}]}}