{"id":6625,"date":"2023-01-15T04:11:59","date_gmt":"2023-01-15T03:11:59","guid":{"rendered":"https:\/\/wellness4you.cz\/sk\/?post_type=product&#038;p=6625"},"modified":"2026-02-24T22:59:00","modified_gmt":"2026-02-24T21:59:00","slug":"welltone","status":"publish","type":"product","link":"https:\/\/wellness4you.cz\/sk\/welltone\/","title":{"rendered":"Welltone"},"content":{"rendered":"<h2>Predstavujeme najnov\u0161iu inov\u00e1ciu v lie\u010dbe hypertenzie &#8211; Welltone Hypertension Droops!<\/h2>\n<p>Tieto unik\u00e1tne kvapky s\u00fa ur\u010den\u00e9 na stabiliz\u00e1ciu krvn\u00e9ho tlaku. Zv\u00e1\u017ete mo\u017enos\u0165 vysk\u00fa\u0161a\u0165 Welltone Hypertension Droops na r\u00fdchlu a jednoduch\u00fa \u00fa\u013eavu. N\u00e1\u0161 stabilizovan\u00fd vzorec na tlak pon\u00faka r\u00fdchlo p\u00f4sobiace a dlhotrvaj\u00face \u00fa\u010dinky na podporu zdrav\u00e9ho d\u00fdchania, krvn\u00e9ho obehu a celkovej pohody.<\/p>\n<p>Na\u0161a \u00fa\u010dinn\u00e1 zmes v\u0161etk\u00fdch pr\u00edrodn\u00fdch zlo\u017eiek p\u00f4sob\u00ed tak, \u017ee zmier\u0148uje pr\u00edznaky spojen\u00e9 s hypertenziou, aby va\u0161e telo mohlo zosta\u0165 neust\u00e1le v rovnov\u00e1he. \u00da\u010dinnou zlo\u017ekou je extrakt z rhodioly ru\u017eovej &#8211; klinicky overen\u00fd pr\u00edrodn\u00fd antioxidant, ktor\u00fd pom\u00e1ha zni\u017eova\u0165 z\u00e1pal a p\u00f4sobi\u0165 proti oxida\u010dn\u00e9mu stresu v celom va\u0161om tele. Obsahuje aj extrakt z Avena sativa, ktor\u00fd pom\u00e1ha uvo\u013e\u0148ova\u0165 cievy a z\u00e1rove\u0148 stimuluje prietok krvi. Nakoniec pou\u017e\u00edvame L-argin\u00edn, ktor\u00fd pom\u00e1ha roz\u0161irova\u0165 steny tepien pre zlep\u0161enie krvn\u00e9ho obehu.<\/p>\n<p>Na\u0161e kvapky Welltone Hypertenzia s\u00fa \u00fa\u010dinn\u00fdm rie\u0161en\u00edm na udr\u017eanie po\u017eadovanej \u00farovne hypertenzie bez toho, aby ste sa museli spolieha\u0165 na syntetick\u00e9 lieky alebo invaz\u00edvnu lie\u010dbu. Na dosiahnutie optim\u00e1lnych v\u00fdsledkov sta\u010d\u00ed \u0161tyrikr\u00e1t denne necha\u0165 tri kvapky rozpusti\u0165 priamo pod jazykom a n\u00e1\u0161 produkt sa postar\u00e1 o zvy\u0161ok!<\/p>\n<h2>Vysk\u00fa\u0161ajte tento inovat\u00edvny a prirodzen\u00fd pr\u00edstup e\u0161te dnes, aby ste lep\u0161ie zvl\u00e1dli svoje zdravie!<\/h2>\n<p>Vitajte na str\u00e1nkach Welltone&#8217;s Hypertension Droops! C\u00edtite sa ohromen\u00ed svoj\u00edm vysok\u00fdm krvn\u00fdm tlakom? Ste unaven\u00ed z pocitu, \u017ee v\u00e1\u0161 stres nem\u00e1 konca kraja? Ch\u00e1peme tento boj, a preto sme vytvorili Welltone&#8217;s Hypertension Droops! Dokonal\u00e9 12-hodinov\u00e9 rie\u0161enie ur\u010den\u00e9 na r\u00fdchle a \u00fa\u010dinn\u00e9 monitorovanie, riadenie a zni\u017eovanie vysok\u00e9ho krvn\u00e9ho tlaku. V\u010faka zlo\u017eeniu z najkvalitnej\u0161\u00edch pr\u00edrodn\u00fdch ingredienci\u00ed sa Hypertenzia Droops od Welltone nevyrovn\u00e1 \u017eiadnym in\u00fdm! Nielen\u017ee poskytuj\u00fa okam\u017eit\u00fa \u00fa\u013eavu od neudr\u017eate\u013enej hladiny hypertenzie, ale tie\u017e p\u00f4sobia prirodzen\u00fdm a holistick\u00fdm sp\u00f4sobom po\u010das 12 hod\u00edn, aby udr\u017eali v\u00e1\u0161 syst\u00e9m v rovnov\u00e1he a zdrav\u00ed.<\/p>\n<p>Dovo\u013ete n\u00e1m teda, aby sme z va\u0161ich pliec s\u0148ali bremeno a pomohli v\u00e1m nadobro sa dosta\u0165 sp\u00e4\u0165 do spr\u00e1vnych ko\u013eaj\u00ed v\u010faka Hypertension Droops od Welltone. Urobte spr\u00e1vny krok vpred smerom k zvl\u00e1dnutiu stresu a udr\u017eaniu stabilnej hladiny krvn\u00e9ho tlaku.<\/p>\n","protected":false},"excerpt":{"rendered":"<p>Welltone s\u00fa \u00fa\u010dinn\u00fdm rie\u0161en\u00edm na udr\u017eanie po\u017eadovanej \u00farovne hypertenzie. K\u00fapi\u0165 Welltone v Slovenskej Republike za v\u00fdhodn\u00fa cenu. Hodnotenie. Kde k\u00fapi\u0165. Cena. Doru\u010denie na celom Slovensku: Tren\u010d\u00edn, Trnava, Bansk\u00e1 Bystrica, Nitra, \u017dilina, Pre\u0161ov, Ko\u0161ice, Bratislava, Zvolen, Prievidza, Poprad, Martin, Dunajsk\u00e1 Streda, Trebi\u0161ov a Topo\u013e\u010dany. Ako si tovar vzia\u0165, Indik\u00e1cie pre pou\u017eitie, Kontraindik\u00e1cie. K\u00fapte si Welltone online.<\/p>\n","protected":false},"featured_media":6830,"comment_status":"open","ping_status":"closed","template":"","meta":{"site-sidebar-layout":"default","site-content-layout":"default","ast-site-content-layout":"default","site-content-style":"default","site-sidebar-style":"default","ast-global-header-display":"","ast-banner-title-visibility":"","ast-main-header-display":"","ast-hfb-above-header-display":"","ast-hfb-below-header-display":"","ast-hfb-mobile-header-display":"","site-post-title":"","ast-breadcrumbs-content":"","ast-featured-img":"","footer-sml-layout":"","ast-disable-related-posts":"","theme-transparent-header-meta":"default","adv-header-id-meta":"","stick-header-meta":"","header-above-stick-meta":"","header-main-stick-meta":"","header-below-stick-meta":"","astra-migrate-meta-layouts":"default","ast-page-background-enabled":"default","ast-page-background-meta":{"desktop":{"background-color":"","background-image":"","background-repeat":"repeat","background-position":"center center","background-size":"auto","background-attachment":"scroll","background-type":"","background-media":"","overlay-type":"","overlay-color":"","overlay-opacity":"","overlay-gradient":""},"tablet":{"background-color":"","background-image":"","background-repeat":"repeat","background-position":"center center","background-size":"auto","background-attachment":"scroll","background-type":"","background-media":"","overlay-type":"","overlay-color":"","overlay-opacity":"","overlay-gradient":""},"mobile":{"background-color":"","background-image":"","background-repeat":"repeat","background-position":"center center","background-size":"auto","background-attachment":"scroll","background-type":"","background-media":"","overlay-type":"","overlay-color":"","overlay-opacity":"","overlay-gradient":""}},"ast-content-background-meta":{"desktop":{"background-color":"var(--ast-global-color-5)","background-image":"","background-repeat":"repeat","background-position":"center center","background-size":"auto","background-attachment":"scroll","background-type":"","background-media":"","overlay-type":"","overlay-color":"","overlay-opacity":"","overlay-gradient":""},"tablet":{"background-color":"var(--ast-global-color-5)","background-image":"","background-repeat":"repeat","background-position":"center center","background-size":"auto","background-attachment":"scroll","background-type":"","background-media":"","overlay-type":"","overlay-color":"","overlay-opacity":"","overlay-gradient":""},"mobile":{"background-color":"var(--ast-global-color-5)","background-image":"","background-repeat":"repeat","background-position":"center center","background-size":"auto","background-attachment":"scroll","background-type":"","background-media":"","overlay-type":"","overlay-color":"","overlay-opacity":"","overlay-gradient":""}}},"product_brand":[],"product_cat":[41],"product_tag":[],"class_list":{"0":"post-6625","1":"product","2":"type-product","3":"status-publish","4":"has-post-thumbnail","6":"product_cat-produkty-pre-zdravie","7":"desktop-align-left","8":"tablet-align-left","9":"mobile-align-left","11":"first","12":"instock","13":"sale","14":"taxable","15":"shipping-taxable","16":"purchasable","17":"product-type-simple"},"_links":{"self":[{"href":"https:\/\/wellness4you.cz\/sk\/wp-json\/wp\/v2\/product\/6625","targetHints":{"allow":["GET"]}}],"collection":[{"href":"https:\/\/wellness4you.cz\/sk\/wp-json\/wp\/v2\/product"}],"about":[{"href":"https:\/\/wellness4you.cz\/sk\/wp-json\/wp\/v2\/types\/product"}],"replies":[{"embeddable":true,"href":"https:\/\/wellness4you.cz\/sk\/wp-json\/wp\/v2\/comments?post=6625"}],"wp:featuredmedia":[{"embeddable":true,"href":"https:\/\/wellness4you.cz\/sk\/wp-json\/wp\/v2\/media\/6830"}],"wp:attachment":[{"href":"https:\/\/wellness4you.cz\/sk\/wp-json\/wp\/v2\/media?parent=6625"}],"wp:term":[{"taxonomy":"product_brand","embeddable":true,"href":"https:\/\/wellness4you.cz\/sk\/wp-json\/wp\/v2\/product_brand?post=6625"},{"taxonomy":"product_cat","embeddable":true,"href":"https:\/\/wellness4you.cz\/sk\/wp-json\/wp\/v2\/product_cat?post=6625"},{"taxonomy":"product_tag","embeddable":true,"href":"https:\/\/wellness4you.cz\/sk\/wp-json\/wp\/v2\/product_tag?post=6625"}],"curies":[{"name":"wp","href":"https:\/\/api.w.org\/{rel}","templated":true}]}}