{"id":6624,"date":"2023-01-15T04:11:59","date_gmt":"2023-01-15T03:11:59","guid":{"rendered":"https:\/\/wellness4you.cz\/sk\/?post_type=product&#038;p=6624"},"modified":"2026-05-16T21:14:21","modified_gmt":"2026-05-16T19:14:21","slug":"w-loss-p6624","status":"publish","type":"product","link":"https:\/\/wellness4you.cz\/sk\/w-loss-p6624\/","title":{"rendered":"W-Loss"},"content":{"rendered":"<p>Predstavujeme W-Loss, pr\u00edrodn\u00fd doplnok na chudnutie, ktor\u00fd bol vytvoren\u00fd ako ide\u00e1lne rie\u0161enie pre \u013eud\u00ed, ktor\u00ed sa chc\u00fa zbavi\u0165 ne\u017eiaducich kilogramov. W-Loss bol \u0161peci\u00e1lne vyvinut\u00fd z prvotriednych zlo\u017eiek, ktor\u00e9 preuk\u00e1zate\u013ene \u00fa\u010dinne pom\u00e1haj\u00fa pri chudnut\u00ed. Na\u0161a patentovan\u00e1 zmes zlo\u017eiek zaru\u010duje bezpe\u010dn\u00e9 a zdrav\u00e9 v\u00fdsledky bez pou\u017eitia ak\u00fdchko\u013evek syntetick\u00fdch chemik\u00e1li\u00ed alebo nebezpe\u010dn\u00fdch pr\u00edsad.<\/p>\n<p>Pou\u017e\u00edvanie tohto v\u00fdrobku je jednoduch\u00e9 &#8211; sta\u010d\u00ed ho u\u017e\u00edva\u0165 pod\u013ea n\u00e1vodu a va\u0161e telo nebude vedie\u0165, \u010do ho zasiahlo! Zlo\u017eky W-Loss sa zameriavaj\u00fa na tukov\u00e9 bunky a z\u00e1rove\u0148 podporuj\u00fa metabolizmus, \u010do vedie k zmyslupln\u00e9mu \u00fabytku hmotnosti. Jeho jedine\u010dn\u00e9 zlo\u017eenie navy\u0161e zanech\u00e1va vo va\u0161om tele pocit energie a motiv\u00e1cie po\u010das cel\u00e9ho d\u0148a pokra\u010dova\u0165 v pr\u00e1ci na dosiahnut\u00ed va\u0161ich zdravotn\u00fdch a kondi\u010dn\u00fdch cie\u013eov.<\/p>\n<p>Vytvoren\u00fd kompetentn\u00fdmi odborn\u00edkmi v oblasti zdravia a d\u00f4kladne testovan\u00fd z h\u013eadiska bezpe\u010dnosti a \u00fa\u010dinnosti. M\u00f4\u017eete sa spo\u013eahn\u00fa\u0165, \u017ee ke\u010f si vyberiete W Loss, vyber\u00e1te si produkt, ktor\u00fd podporuje pohodlie aj spo\u013eahlivos\u0165. Navy\u0161e, W-Loss umo\u017e\u0148uje pohodlne sledova\u0165 v\u00e1\u0161 pokrok v\u010faka inovat\u00edvnemu online panelu pre jednoduch\u00e9 sledovanie va\u0161ej cesty za chudnut\u00edm!<\/p>\n<h2>Za\u010dnite vytv\u00e1ra\u0165 pozit\u00edvne zmeny e\u0161te dnes s W-Loss \u2013 aby bolo skuto\u010dn\u00e9 udr\u017eate\u013en\u00e9 chudnutie dosiahnute\u013en\u00e9!<\/h2>\n<p>Ak h\u013ead\u00e1te \u00fa\u010dinn\u00e9 a prirodzen\u00e9 rie\u0161enie pre svoje probl\u00e9my s chudnut\u00edm, WLoss je pr\u00e1ve pre v\u00e1s. Podporovan\u00fd vedou a pln\u00fd vysoko kvalitn\u00fdch zlo\u017eiek je skvelou vo\u013ebou, ak chcete dosiahnu\u0165 svoje vysn\u00edvan\u00e9 telo bez nepr\u00edjemn\u00fdch ved\u013eaj\u0161\u00edch \u00fa\u010dinkov.<\/p>\n<p>WLoss sa sklad\u00e1 zo 100 % pr\u00edrodn\u00fdch zlo\u017eiek, ktor\u00e9 boli \u0161peci\u00e1lne vybran\u00e9 pre svoje vlastnosti, ktor\u00e9 podporuj\u00fa chudnutie. Akt\u00edvne zlo\u017eky v doplnku spolo\u010dne podporuj\u00fa v\u00fddaj energie. Tak\u017ee v porovnan\u00ed s tradi\u010dnou di\u00e9tou a cvi\u010den\u00edm uvid\u00edte r\u00fdchlej\u0161ie v\u00fdsledky. Pom\u00e1ha tie\u017e regulova\u0165 chu\u0165 do jedla, v\u010faka \u010domu budete ma\u0165 v\u00e4\u010d\u0161iu kontrolu nad dotierav\u00fdmi chu\u0165ami. Najlep\u0161ie zo v\u0161etk\u00e9ho je, \u017ee v pr\u00edpravku W-Loss nie s\u00fa \u017eiadne skryt\u00e9 alebo nebezpe\u010dn\u00e9 chemick\u00e9 l\u00e1tky &#8211; je \u00faplne bezpe\u010dn\u00fd a zdrav\u00fd!<\/p>\n<p>Z\u00edskajte sp\u00e4\u0165 svoje zdravie a od\u0161tartujte svoju cestu chudnutia s W-Loss e\u0161te dnes!<\/p>\n<p>Osved\u010den\u00e9 recept\u00fary, d\u00f4veryhodn\u00e9 v\u00fdsledky: je to skuto\u010dne jeden z najlep\u0161\u00edch produktov na s\u00fa\u010dasnom trhu!<\/p>\n","protected":false},"excerpt":{"rendered":"<p>Predstavujeme W-Loss, pr\u00edrodn\u00fd doplnok na chudnutie, ktor\u00fd bol vytvoren\u00fd ako ide\u00e1lne rie\u0161enie pre \u013eud\u00ed, ktor\u00ed sa chc\u00fa zbavi\u0165 ne\u017eiaducich kilogramov. K\u00fapi\u0165 W-Loss v Slovenskej Republike za v\u00fdhodn\u00fa cenu. Kde k\u00fapi\u0165. Cena. Hodnotenie. Doru\u010denie na celom Slovensku: Trnava, Bansk\u00e1 Bystrica, Nitra, \u017dilina, Pre\u0161ov, Ko\u0161ice, Bratislava, Zvolen, Prievidza, Poprad, Martin, Tren\u010d\u00edn, Trebi\u0161ov, Topo\u013e\u010dany a Pezinok. Indik\u00e1cie pre pou\u017eitie, Kontraindik\u00e1cie, Ako si tovar vzia\u0165. K\u00fapte si WLoss online.<\/p>\n","protected":false},"featured_media":6828,"comment_status":"open","ping_status":"closed","template":"","meta":{"site-sidebar-layout":"default","site-content-layout":"default","ast-site-content-layout":"default","site-content-style":"default","site-sidebar-style":"default","ast-global-header-display":"","ast-banner-title-visibility":"","ast-main-header-display":"","ast-hfb-above-header-display":"","ast-hfb-below-header-display":"","ast-hfb-mobile-header-display":"","site-post-title":"","ast-breadcrumbs-content":"","ast-featured-img":"","footer-sml-layout":"","ast-disable-related-posts":"","theme-transparent-header-meta":"default","adv-header-id-meta":"","stick-header-meta":"","header-above-stick-meta":"","header-main-stick-meta":"","header-below-stick-meta":"","astra-migrate-meta-layouts":"default","ast-page-background-enabled":"default","ast-page-background-meta":{"desktop":{"background-color":"","background-image":"","background-repeat":"repeat","background-position":"center center","background-size":"auto","background-attachment":"scroll","background-type":"","background-media":"","overlay-type":"","overlay-color":"","overlay-opacity":"","overlay-gradient":""},"tablet":{"background-color":"","background-image":"","background-repeat":"repeat","background-position":"center center","background-size":"auto","background-attachment":"scroll","background-type":"","background-media":"","overlay-type":"","overlay-color":"","overlay-opacity":"","overlay-gradient":""},"mobile":{"background-color":"","background-image":"","background-repeat":"repeat","background-position":"center center","background-size":"auto","background-attachment":"scroll","background-type":"","background-media":"","overlay-type":"","overlay-color":"","overlay-opacity":"","overlay-gradient":""}},"ast-content-background-meta":{"desktop":{"background-color":"var(--ast-global-color-5)","background-image":"","background-repeat":"repeat","background-position":"center center","background-size":"auto","background-attachment":"scroll","background-type":"","background-media":"","overlay-type":"","overlay-color":"","overlay-opacity":"","overlay-gradient":""},"tablet":{"background-color":"var(--ast-global-color-5)","background-image":"","background-repeat":"repeat","background-position":"center center","background-size":"auto","background-attachment":"scroll","background-type":"","background-media":"","overlay-type":"","overlay-color":"","overlay-opacity":"","overlay-gradient":""},"mobile":{"background-color":"var(--ast-global-color-5)","background-image":"","background-repeat":"repeat","background-position":"center center","background-size":"auto","background-attachment":"scroll","background-type":"","background-media":"","overlay-type":"","overlay-color":"","overlay-opacity":"","overlay-gradient":""}}},"product_brand":[],"product_cat":[39,63],"product_tag":[],"class_list":{"0":"post-6624","1":"product","2":"type-product","3":"status-publish","4":"has-post-thumbnail","6":"product_cat-na-chudnutie","7":"product_cat-novinky","8":"desktop-align-left","9":"tablet-align-left","10":"mobile-align-left","12":"first","13":"instock","14":"sale","15":"taxable","16":"shipping-taxable","17":"purchasable","18":"product-type-simple"},"_links":{"self":[{"href":"https:\/\/wellness4you.cz\/sk\/wp-json\/wp\/v2\/product\/6624","targetHints":{"allow":["GET"]}}],"collection":[{"href":"https:\/\/wellness4you.cz\/sk\/wp-json\/wp\/v2\/product"}],"about":[{"href":"https:\/\/wellness4you.cz\/sk\/wp-json\/wp\/v2\/types\/product"}],"replies":[{"embeddable":true,"href":"https:\/\/wellness4you.cz\/sk\/wp-json\/wp\/v2\/comments?post=6624"}],"wp:featuredmedia":[{"embeddable":true,"href":"https:\/\/wellness4you.cz\/sk\/wp-json\/wp\/v2\/media\/6828"}],"wp:attachment":[{"href":"https:\/\/wellness4you.cz\/sk\/wp-json\/wp\/v2\/media?parent=6624"}],"wp:term":[{"taxonomy":"product_brand","embeddable":true,"href":"https:\/\/wellness4you.cz\/sk\/wp-json\/wp\/v2\/product_brand?post=6624"},{"taxonomy":"product_cat","embeddable":true,"href":"https:\/\/wellness4you.cz\/sk\/wp-json\/wp\/v2\/product_cat?post=6624"},{"taxonomy":"product_tag","embeddable":true,"href":"https:\/\/wellness4you.cz\/sk\/wp-json\/wp\/v2\/product_tag?post=6624"}],"curies":[{"name":"wp","href":"https:\/\/api.w.org\/{rel}","templated":true}]}}