{"id":6622,"date":"2023-01-15T04:11:58","date_gmt":"2023-01-15T03:11:58","guid":{"rendered":"https:\/\/wellness4you.cz\/sk\/?post_type=product&#038;p=6622"},"modified":"2026-01-08T22:52:34","modified_gmt":"2026-01-08T21:52:34","slug":"uromexil-forte","status":"publish","type":"product","link":"https:\/\/wellness4you.cz\/sk\/uromexil-forte\/","title":{"rendered":"Uromexil Forte"},"content":{"rendered":"<h2>Rozl\u00fa\u010dte sa s boles\u0165ou pri probl\u00e9moch s prostatou a lie\u010dte tento stav pomocou Uromexil Forte!<\/h2>\n<p>Prostatit\u00edda, aden\u00f3m a hyperpl\u00e1zia sa daj\u00fa zmierni\u0165 v\u010faka pokro\u010dil\u00e9mu akt\u00edvnemu protiz\u00e1palov\u00e9mu komplexu Uromexil Forte. Tento \u00fa\u010dinn\u00fd doplnok v\u00e1m pom\u00f4\u017ee udr\u017ea\u0165 zdrav\u00e9 a pohodln\u00e9 mo\u010denie a z\u00e1rove\u0148 podpor\u00ed prirodzen\u00fa hojiv\u00fa reakciu cel\u00e9ho tela.<\/p>\n<p>Uromexil Forte obsahuje \u00fa\u010dinn\u00fa kombin\u00e1ciu rastlinn\u00fdch v\u00fd\u0165a\u017ekov, ako s\u00fa saw palmetto, brusnice a tekvicov\u00fd olej, ktor\u00e9 predstavuj\u00fa siln\u00fa antioxida\u010dn\u00fa aktivitu, ktor\u00e1 pom\u00e1ha p\u00f4sobi\u0165 proti naj\u010dastej\u0161\u00edm zdravotn\u00fdm probl\u00e9mom spojen\u00fdm s poruchami prostaty. Uromexil sa m\u00f4\u017ee pochv\u00e1li\u0165 aj prospe\u0161n\u00fdmi mechanizmami, ako s\u00fa antibakteri\u00e1lne \u00fa\u010dinky a zlep\u0161enie bunkovej signaliz\u00e1cie pre lep\u0161iu komunik\u00e1ciu medzi bunkami.<\/p>\n<p>Lie\u010dte svoje poruchy prostaty bez chirurgick\u00e9ho z\u00e1kroku v\u010faka bezpe\u010dnej a prirodzenej sile Uromexilu! Tento inovat\u00edvny produkt je zalo\u017een\u00fd na dlhoro\u010dnom vedeckom v\u00fdskume a je \u00faplne bez umel\u00fdch ar\u00f3m, v\u00f4n\u00ed, konzerva\u010dn\u00fdch l\u00e1tok alebo plnidiel. Uromexil sa neuverite\u013ene \u013eahko u\u017e\u00edva &#8211; sta\u010d\u00ed rozmie\u0161a\u0165 nieko\u013eko kvapiek vo vode alebo u\u017e\u00edva\u0165 priamo z f\u013ea\u0161ti\u010dky &#8211; preto\u017ee sa dod\u00e1va vo veg\u00e1nskej tekutej forme pre vynikaj\u00face vstreb\u00e1vanie do v\u00e1\u0161ho organizmu. A \u010do je najlep\u0161ie? Vedecky testovan\u00fd a so zaru\u010denou kvalitou!<\/p>\n<p>\u017divot by nemal by\u0165 naplnen\u00fd nepr\u00edjemn\u00fdmi pocitmi kv\u00f4li probl\u00e9mom s prostatou &#8211; prevezmite kontrolu s Uromexilom Forte a vr\u00e1\u0165te sa k zdrav\u00e9mu \u017eivotu pln\u00e9mu kvality e\u0161te dnes!<\/p>\n<h2>H\u013ead\u00e1te pr\u00edrodn\u00e9 a \u00fa\u010dinn\u00e9 rie\u0161enie probl\u00e9mov s prostatou?<\/h2>\n<p>Uromexil Forte je tu, aby v\u00e1m poskytol \u00fa\u013eavu od prostatit\u00eddy, aden\u00f3mu a hyperpl\u00e1zie. N\u00e1\u0161 produkt sa sklad\u00e1 len z pr\u00edrodn\u00fdch zlo\u017eiek, ktor\u00e9 ur\u010dite pom\u00f4\u017eu pri zlep\u0161en\u00ed va\u0161ich probl\u00e9mov s prostatou.<\/p>\n<p>Uromexil Forte bol navrhnut\u00fd ako jeden z naj\u00fa\u010dinnej\u0161\u00edch pr\u00edpravkov na zmiernenie pr\u00edznakov spojen\u00fdch s ochoreniami prostaty. Pri na\u0161om v\u00fdrobku db\u00e1me na to, aby sa plne zameral na problematick\u00fa situ\u00e1ciu. Na\u0161e jedine\u010dn\u00e9 zlo\u017eenie umo\u017e\u0148uje, aby sa jeho zlo\u017eky vo va\u0161om tele r\u00fdchlo rozlo\u017eili, \u010do pom\u00f4\u017ee zn\u00ed\u017ei\u0165 z\u00e1pal.<\/p>\n<p>Na rozdiel od in\u00fdch lie\u010debn\u00fdch postupov si Uromexil Forte nevy\u017eaduje dlhodob\u00e9 u\u017e\u00edvanie ani \u0161kared\u00e9 ved\u013eaj\u0161ie \u00fa\u010dinky, ako je nevo\u013enos\u0165 alebo bolesti hlavy, ako m\u00f4\u017eu ma\u0165 niektor\u00e9 lieky. Neodkladajte u\u017e starostlivos\u0165 o svoju prostatu &#8211; prevezmite kontrolu nad situ\u00e1ciou e\u0161te dnes s Uromexilom Forte! Za\u017eite \u00fa\u017easn\u00fa \u00fa\u013eavu od prostatit\u00eddy, aden\u00f3mu a hyperpl\u00e1zie v\u010faka \u00fa\u017easnej zmesi pr\u00edrodn\u00fdch zlo\u017eiek! U\u017e\u00edvajte Uromexil e\u0161te dnes &#8211; zajtra sa budete c\u00edti\u0165 lep\u0161ie!<\/p>\n","protected":false},"excerpt":{"rendered":"<p>Uromexil Forte &#8211; pr\u00edrodn\u00e9 a \u00fa\u010dinn\u00e9 rie\u0161enie probl\u00e9mov s prostatou. K\u00fapi\u0165 Uromexil Forte v Slovenskej Republike za v\u00fdhodn\u00fa cenu. Hodnotenie. Kde k\u00fapi\u0165. Cena. Doru\u010denie na celom Slovensku: Nitra, \u017dilina, Pre\u0161ov, Ko\u0161ice, Bratislava, Zvolen, Prievidza, Poprad, Martin, Tren\u010d\u00edn, Trnava, Bansk\u00e1 Bystrica, Pezinok, Lu\u010denec a Ru\u017eomberok. Indik\u00e1cie pre pou\u017eitie, Kontraindik\u00e1cie, Ako si tovar vzia\u0165. K\u00fapte si Uromexil Forte online.<\/p>\n","protected":false},"featured_media":6824,"comment_status":"open","ping_status":"closed","template":"","meta":{"site-sidebar-layout":"default","site-content-layout":"default","ast-site-content-layout":"default","site-content-style":"default","site-sidebar-style":"default","ast-global-header-display":"","ast-banner-title-visibility":"","ast-main-header-display":"","ast-hfb-above-header-display":"","ast-hfb-below-header-display":"","ast-hfb-mobile-header-display":"","site-post-title":"","ast-breadcrumbs-content":"","ast-featured-img":"","footer-sml-layout":"","ast-disable-related-posts":"","theme-transparent-header-meta":"default","adv-header-id-meta":"","stick-header-meta":"","header-above-stick-meta":"","header-main-stick-meta":"","header-below-stick-meta":"","astra-migrate-meta-layouts":"set","ast-page-background-enabled":"default","ast-page-background-meta":{"desktop":{"background-color":"","background-image":"","background-repeat":"repeat","background-position":"center center","background-size":"auto","background-attachment":"scroll","background-type":"","background-media":"","overlay-type":"","overlay-color":"","overlay-opacity":"","overlay-gradient":""},"tablet":{"background-color":"","background-image":"","background-repeat":"repeat","background-position":"center center","background-size":"auto","background-attachment":"scroll","background-type":"","background-media":"","overlay-type":"","overlay-color":"","overlay-opacity":"","overlay-gradient":""},"mobile":{"background-color":"","background-image":"","background-repeat":"repeat","background-position":"center center","background-size":"auto","background-attachment":"scroll","background-type":"","background-media":"","overlay-type":"","overlay-color":"","overlay-opacity":"","overlay-gradient":""}},"ast-content-background-meta":{"desktop":{"background-color":"var(--ast-global-color-5)","background-image":"","background-repeat":"repeat","background-position":"center center","background-size":"auto","background-attachment":"scroll","background-type":"","background-media":"","overlay-type":"","overlay-color":"","overlay-opacity":"","overlay-gradient":""},"tablet":{"background-color":"var(--ast-global-color-5)","background-image":"","background-repeat":"repeat","background-position":"center center","background-size":"auto","background-attachment":"scroll","background-type":"","background-media":"","overlay-type":"","overlay-color":"","overlay-opacity":"","overlay-gradient":""},"mobile":{"background-color":"var(--ast-global-color-5)","background-image":"","background-repeat":"repeat","background-position":"center center","background-size":"auto","background-attachment":"scroll","background-type":"","background-media":"","overlay-type":"","overlay-color":"","overlay-opacity":"","overlay-gradient":""}}},"product_brand":[],"product_cat":[40],"product_tag":[],"class_list":{"0":"post-6622","1":"product","2":"type-product","3":"status-publish","4":"has-post-thumbnail","6":"product_cat-produkty-pre-muzov","7":"desktop-align-left","8":"tablet-align-left","9":"mobile-align-left","11":"first","12":"instock","13":"sale","14":"taxable","15":"shipping-taxable","16":"purchasable","17":"product-type-simple"},"_links":{"self":[{"href":"https:\/\/wellness4you.cz\/sk\/wp-json\/wp\/v2\/product\/6622","targetHints":{"allow":["GET"]}}],"collection":[{"href":"https:\/\/wellness4you.cz\/sk\/wp-json\/wp\/v2\/product"}],"about":[{"href":"https:\/\/wellness4you.cz\/sk\/wp-json\/wp\/v2\/types\/product"}],"replies":[{"embeddable":true,"href":"https:\/\/wellness4you.cz\/sk\/wp-json\/wp\/v2\/comments?post=6622"}],"wp:featuredmedia":[{"embeddable":true,"href":"https:\/\/wellness4you.cz\/sk\/wp-json\/wp\/v2\/media\/6824"}],"wp:attachment":[{"href":"https:\/\/wellness4you.cz\/sk\/wp-json\/wp\/v2\/media?parent=6622"}],"wp:term":[{"taxonomy":"product_brand","embeddable":true,"href":"https:\/\/wellness4you.cz\/sk\/wp-json\/wp\/v2\/product_brand?post=6622"},{"taxonomy":"product_cat","embeddable":true,"href":"https:\/\/wellness4you.cz\/sk\/wp-json\/wp\/v2\/product_cat?post=6622"},{"taxonomy":"product_tag","embeddable":true,"href":"https:\/\/wellness4you.cz\/sk\/wp-json\/wp\/v2\/product_tag?post=6622"}],"curies":[{"name":"wp","href":"https:\/\/api.w.org\/{rel}","templated":true}]}}