{"id":6621,"date":"2023-01-15T04:11:57","date_gmt":"2023-01-15T03:11:57","guid":{"rendered":"https:\/\/wellness4you.cz\/sk\/?post_type=product&#038;p=6621"},"modified":"2026-01-08T22:52:35","modified_gmt":"2026-01-08T21:52:35","slug":"tonerin","status":"publish","type":"product","link":"https:\/\/wellness4you.cz\/sk\/tonerin\/","title":{"rendered":"Tonerin"},"content":{"rendered":"<p>Predstavujeme Tonerin, pr\u00edrodn\u00fd doplnok stravy, ktor\u00fd pom\u00e1ha zni\u017eova\u0165 z\u00e1\u0165a\u017e srdca a \u010fal\u0161\u00edch \u017eivotne d\u00f4le\u017eit\u00fdch org\u00e1nov. Na\u0161a jedine\u010dn\u00e1 zmes vitam\u00ednu C, extraktu z olivov\u00fdch listov, chr\u00f3mu a extraktu z gymnemy pom\u00e1ha zlep\u0161ova\u0165 krvn\u00fd obeh a podporuje zdrav\u00fa hladinu krvn\u00e9ho tlaku, aby ste sa mohli c\u00edti\u0165 \u010do najlep\u0161ie. A nem\u00f4\u017ee to by\u0165 jednoduch\u0161ie v\u010faka na\u0161ej pohodlnej mo\u017enosti vzia\u0165 si liek domov, ktor\u00e1 je ide\u00e1lna pre zanepr\u00e1zdnen\u00fd \u017eivotn\u00fd \u0161t\u00fdl! Pri pravidelnom u\u017e\u00edvan\u00ed si u\u017eijete viac energie, lep\u0161iu koncentr\u00e1ciu a v\u00e4\u010d\u0161\u00ed pocit celkovej pohody bez ob\u00e1v z nebezpe\u010dn\u00fdch ved\u013eaj\u0161\u00edch \u00fa\u010dinkov. Pripravte sa na leto s Tonerinom &#8211; pr\u00edrodn\u00fdm sp\u00f4sobom, ako si udr\u017ea\u0165 zdravie!<\/p>\n<h2>Pr\u00edrodn\u00e9 zlo\u017eky<\/h2>\n<p>Tento produkt obsahuje pr\u00edrodn\u00e9 zlo\u017eky, ktor\u00e9 pom\u00e1haj\u00fa zn\u00ed\u017ei\u0165 za\u0165a\u017eenie srdca, krvn\u00fdch ciev a d\u00fdchacieho syst\u00e9mu zlep\u0161en\u00edm krvn\u00e9ho obehu. Tonerin obsahuje vitam\u00edn C, extrakt z listu olivovn\u00edka, chrom a extrakt z gymn\u00e9my, ktor\u00e9 maj\u00fa prospe\u0161n\u00fd \u00fa\u010dinok na organizmus, a m\u00f4\u017eete sa na Tonerin spolieha\u0165, aby ste udr\u017eali norm\u00e1lny krvn\u00fd tlak. Tak\u017ee sa uistite, \u017ee sa z\u00e1sob\u00edte pred pr\u00edchodom tepl\u00fdch dn\u00ed a budete pripraven\u00ed na pokoj mysle!<\/p>\n<h2>Tonerin je pr\u00edrodn\u00fd doplnok v\u00fd\u017eivy, ktor\u00fd pom\u00e1ha udr\u017eiava\u0165 norm\u00e1lny krvn\u00fd tlak.<\/h2>\n<p>Tento produkt obsahuje viacer\u00e9 zlo\u017eky, ktor\u00e9 maj\u00fa pozit\u00edvny vplyv na organizmus a pom\u00e1haj\u00fa zlep\u0161ova\u0165 krvn\u00fd obeh. Jeho \u00fa\u010dinnos\u0165 a pr\u00edrodn\u00e9 zlo\u017eenie s\u00fa preuk\u00e1zan\u00e9, \u010do z neho rob\u00ed vynikaj\u00faci v\u00fdber pre v\u0161etk\u00fdch, ktor\u00ed sa zauj\u00edmaj\u00fa o svoje zdravie.<\/p>\n<p>Hlavnou zlo\u017ekou Tonerinu je vitam\u00edn C, ktor\u00fd je d\u00f4le\u017eit\u00fd pre spr\u00e1vne fungovanie krvn\u00fdch ciev a udr\u017eiavanie norm\u00e1lneho krvn\u00e9ho tlaku. Okrem toho obsahuje Tonerin extrakt z listu olivovn\u00edka, ktor\u00fd m\u00e1 antioxida\u010dn\u00e9 vlastnosti a pom\u00e1ha zlep\u0161ova\u0165 zdravie srdca a ciev. Chrom, ktor\u00fd tie\u017e n\u00e1jdete v Tonerine, podporuje udr\u017eiavanie norm\u00e1lneho krvn\u00e9ho cukru a m\u00e1 pozit\u00edvny vplyv na metabolizmus.<\/p>\n<p>Gymnema extrakt, \u010fal\u0161ia zlo\u017eka Tonerinu, m\u00e1 schopnos\u0165 regulova\u0165 hladinu cukru v krvi a pom\u00e1ha udr\u017eiava\u0165 norm\u00e1lny krvn\u00fd tlak. T\u00e1to bylina je tie\u017e zn\u00e1ma t\u00fdm, \u017ee podporuje spr\u00e1vne fungovanie pankreasu a pom\u00e1ha regulova\u0165 hladinu inzul\u00ednu v krvi.<\/p>\n<h2>Tonerin je \u013eahko dostupn\u00fd a \u013eahko u\u017eite\u013en\u00fd, sta\u010d\u00ed ho u\u017e\u00edva\u0165 denne pod\u013ea odpor\u00fa\u010dan\u00e9ho d\u00e1vkovania.<\/h2>\n<p>Jeho pr\u00edrodn\u00e9 zlo\u017eenie znamen\u00e1, \u017ee m\u00e1 minim\u00e1lne ved\u013eaj\u0161ie \u00fa\u010dinky a je vhodn\u00fd pre v\u00e4\u010d\u0161inu \u013eud\u00ed. Je d\u00f4le\u017eit\u00e9 si uvedomi\u0165, \u017ee aj ke\u010f Tonerin pom\u00e1ha udr\u017eiava\u0165 norm\u00e1lny krvn\u00fd tlak. Nemal by sa pou\u017e\u00edva\u0165 ako n\u00e1hrada za odpor\u00fa\u010dan\u00fa lie\u010dbu pre vysok\u00fd krvn\u00fd tlak.<\/p>\n<h2>Bu\u010fte o krok vpred pred letn\u00fdmi hor\u00fa\u010davami s Tonerinom!<\/h2>\n<p>V\u010faka pr\u00edrodn\u00fdm zlo\u017ek\u00e1m, ako je vitam\u00edn C, extrakt z olivov\u00fdch listov, chr\u00f3m a extrakt z gymnemy. Tonerin pon\u00faka lahodn\u00fd a osvie\u017euj\u00faci sp\u00f4sob, ako pom\u00f4c\u0165 zn\u00ed\u017ei\u0165 z\u00e1\u0165a\u017e na va\u0161e srdce, cievy a d\u00fdchac\u00ed syst\u00e9m. V\u010faka zlep\u0161eniu krvn\u00e9ho obehu sa m\u00f4\u017eete spo\u013eahn\u00fa\u0165 na Tonerin. Ktor\u00fd udr\u017eiava norm\u00e1lny krvn\u00fd tlak &#8211; aby ste po\u010das hor\u00facich dn\u00ed zostali zdrav\u00ed. Ma\u0165 Tonerin v z\u00e1sobe znamen\u00e1 ma\u0165 istotu, \u017ee o va\u0161e telo bude postaran\u00e9, ke\u010f je to najd\u00f4le\u017eitej\u0161ie! Ne\u010dakajte, k\u00fdm pr\u00eddu vysok\u00e9 teploty &#8211; z\u00e1sobte sa Tonerinom e\u0161te dnes!<\/p>\n<p>V lete, ke\u010f teplota st\u00fapa, m\u00f4\u017ee by\u0165 pre mnoho \u013eud\u00ed \u0165a \u017e\u0161ie udr\u017ea\u0165 norm\u00e1lny krvn\u00fd tlak. Tonerin v\u00e1m v tomto obdob\u00ed pom\u00f4\u017ee udr\u017ea\u0165 pokoj a istotu. Jeho pr\u00edrodn\u00e9 zlo\u017eky podporuj\u00fa zdravie srdca a krvn\u00fdch ciev, \u010d\u00edm zni\u017euj\u00fa za\u0165a\u017eenie v\u00e1\u0161ho tela v \u010dase, ke\u010f je potrebn\u00e9 zvl\u00e1dnu\u0165 vysok\u00e9 teploty.<\/p>\n<p>Okrem toho, Tonerin m\u00f4\u017ee by\u0165 u\u017eito\u010dn\u00fd pre \u013eud\u00ed, ktor\u00ed tr\u00e1via ve\u013ea \u010dasu v kancel\u00e1rii alebo sediac v jednej polohe po cel\u00fd de\u0148.\u00a0Tieto \u010dinnosti m\u00f4\u017eu sp\u00f4sobi\u0165 stagn\u00e1ciu krvi v noh\u00e1ch a zhor\u0161ova\u0165 krvn\u00fd obeh, \u010do m\u00f4\u017ee vies\u0165 k vysok\u00e9mu krvn\u00e9mu tlaku. Tento produkt pom\u00e1ha udr\u017eiava\u0165 krvn\u00fd obeh v pohybe a podporuje zdravie krvn\u00fdch ciev, \u010d\u00edm zni\u017euje riziko vysok\u00e9ho krvn\u00e9ho tlaku.<\/p>\n<p>V z\u00e1vere, Tonerin je skvelou vo\u013ebou pre ka\u017ed\u00e9ho, kto chce udr\u017eiava\u0165 norm\u00e1lny krvn\u00fd tlak a podpori\u0165 svoje zdravie srdca a krvn\u00fdch ciev. Jeho pr\u00edrodn\u00e9 zlo\u017eky s\u00fa \u00fa\u010dinn\u00e9 a bezpe\u010dn\u00e9, \u010do z neho rob\u00ed vynikaj\u00faci doplnok k va\u0161ej ka\u017edodennej strave. Tak nev\u00e1hajte a z\u00e1sobte sa Tonerinom e\u0161te dnes, aby ste mali pokoj a istotu po\u010das leta a ka\u017ed\u00fd de\u0148 v roku.<\/p>\n","protected":false},"excerpt":{"rendered":"<p>Tonerin je skvelou vo\u013ebou pre ka\u017ed\u00e9ho, kto chce udr\u017eiava\u0165 norm\u00e1lny krvn\u00fd tlak a podpori\u0165 svoje zdravie srdca a krvn\u00fdch ciev. K\u00fapi\u0165 Tonerin v Slovenskej Republike za v\u00fdhodn\u00fa cenu. Kde k\u00fapi\u0165. Cena. Hodnotenie. Doru\u010denie na celom Slovensku: \u017dilina, Pre\u0161ov, Ko\u0161ice, Bratislava, Zvolen, Prievidza, Poprad, Martin, Tren\u010d\u00edn, Trnava, Bansk\u00e1 Bystrica, Nitra, Lu\u010denec, Ru\u017eomberok a Pie\u0161\u0165any. Kontraindik\u00e1cie, Ako si tovar vzia\u0165, Indik\u00e1cie pre pou\u017eitie. K\u00fapte si Tonerin online.<\/p>\n","protected":false},"featured_media":6822,"comment_status":"open","ping_status":"closed","template":"","meta":{"site-sidebar-layout":"default","site-content-layout":"default","ast-site-content-layout":"default","site-content-style":"default","site-sidebar-style":"default","ast-global-header-display":"","ast-banner-title-visibility":"","ast-main-header-display":"","ast-hfb-above-header-display":"","ast-hfb-below-header-display":"","ast-hfb-mobile-header-display":"","site-post-title":"","ast-breadcrumbs-content":"","ast-featured-img":"","footer-sml-layout":"","ast-disable-related-posts":"","theme-transparent-header-meta":"default","adv-header-id-meta":"","stick-header-meta":"","header-above-stick-meta":"","header-main-stick-meta":"","header-below-stick-meta":"","astra-migrate-meta-layouts":"set","ast-page-background-enabled":"default","ast-page-background-meta":{"desktop":{"background-color":"","background-image":"","background-repeat":"repeat","background-position":"center center","background-size":"auto","background-attachment":"scroll","background-type":"","background-media":"","overlay-type":"","overlay-color":"","overlay-opacity":"","overlay-gradient":""},"tablet":{"background-color":"","background-image":"","background-repeat":"repeat","background-position":"center center","background-size":"auto","background-attachment":"scroll","background-type":"","background-media":"","overlay-type":"","overlay-color":"","overlay-opacity":"","overlay-gradient":""},"mobile":{"background-color":"","background-image":"","background-repeat":"repeat","background-position":"center center","background-size":"auto","background-attachment":"scroll","background-type":"","background-media":"","overlay-type":"","overlay-color":"","overlay-opacity":"","overlay-gradient":""}},"ast-content-background-meta":{"desktop":{"background-color":"var(--ast-global-color-5)","background-image":"","background-repeat":"repeat","background-position":"center center","background-size":"auto","background-attachment":"scroll","background-type":"","background-media":"","overlay-type":"","overlay-color":"","overlay-opacity":"","overlay-gradient":""},"tablet":{"background-color":"var(--ast-global-color-5)","background-image":"","background-repeat":"repeat","background-position":"center center","background-size":"auto","background-attachment":"scroll","background-type":"","background-media":"","overlay-type":"","overlay-color":"","overlay-opacity":"","overlay-gradient":""},"mobile":{"background-color":"var(--ast-global-color-5)","background-image":"","background-repeat":"repeat","background-position":"center center","background-size":"auto","background-attachment":"scroll","background-type":"","background-media":"","overlay-type":"","overlay-color":"","overlay-opacity":"","overlay-gradient":""}}},"product_brand":[],"product_cat":[41],"product_tag":[],"class_list":{"0":"post-6621","1":"product","2":"type-product","3":"status-publish","4":"has-post-thumbnail","6":"product_cat-produkty-pre-zdravie","7":"desktop-align-left","8":"tablet-align-left","9":"mobile-align-left","11":"first","12":"instock","13":"sale","14":"taxable","15":"shipping-taxable","16":"purchasable","17":"product-type-simple"},"_links":{"self":[{"href":"https:\/\/wellness4you.cz\/sk\/wp-json\/wp\/v2\/product\/6621","targetHints":{"allow":["GET"]}}],"collection":[{"href":"https:\/\/wellness4you.cz\/sk\/wp-json\/wp\/v2\/product"}],"about":[{"href":"https:\/\/wellness4you.cz\/sk\/wp-json\/wp\/v2\/types\/product"}],"replies":[{"embeddable":true,"href":"https:\/\/wellness4you.cz\/sk\/wp-json\/wp\/v2\/comments?post=6621"}],"wp:featuredmedia":[{"embeddable":true,"href":"https:\/\/wellness4you.cz\/sk\/wp-json\/wp\/v2\/media\/6822"}],"wp:attachment":[{"href":"https:\/\/wellness4you.cz\/sk\/wp-json\/wp\/v2\/media?parent=6621"}],"wp:term":[{"taxonomy":"product_brand","embeddable":true,"href":"https:\/\/wellness4you.cz\/sk\/wp-json\/wp\/v2\/product_brand?post=6621"},{"taxonomy":"product_cat","embeddable":true,"href":"https:\/\/wellness4you.cz\/sk\/wp-json\/wp\/v2\/product_cat?post=6621"},{"taxonomy":"product_tag","embeddable":true,"href":"https:\/\/wellness4you.cz\/sk\/wp-json\/wp\/v2\/product_tag?post=6621"}],"curies":[{"name":"wp","href":"https:\/\/api.w.org\/{rel}","templated":true}]}}