{"id":6620,"date":"2023-01-15T04:11:57","date_gmt":"2023-01-15T03:11:57","guid":{"rendered":"https:\/\/wellness4you.cz\/sk\/?post_type=product&#038;p=6620"},"modified":"2026-01-08T22:52:34","modified_gmt":"2026-01-08T21:52:34","slug":"removio","status":"publish","type":"product","link":"https:\/\/wellness4you.cz\/sk\/removio\/","title":{"rendered":"Removio"},"content":{"rendered":"<h2>Removio je v\u00e1\u0161 komplexn\u00fd prostriedok na odstr\u00e1nenie papil\u00f3mov!<\/h2>\n<p>Papil\u00f3my alebo bradavice s\u00fa jedn\u00fdm z najviac frustruj\u00facich dermatologick\u00fdch probl\u00e9mov &#8211; zvy\u010dajne trv\u00e1 t\u00fd\u017edne alebo mesiace, k\u00fdm zmizn\u00fa, a vy\u017eaduj\u00fa si viacero o\u0161etren\u00ed. S Removio m\u00f4\u017eete vidie\u0165 trval\u00e9 v\u00fdsledky u\u017e za nieko\u013eko dn\u00ed! N\u00e1\u0161 odstra\u0148ova\u010d je jedine\u010dnou zmesou pr\u00edrodn\u00fdch, ale \u00fa\u010dinn\u00fdch olejov\u00fdch v\u00fd\u0165a\u017ekov, ktor\u00e9 preuk\u00e1zate\u013ene r\u00fdchlo a bezpe\u010dne redukuj\u00fa vidite\u013en\u00e9 papil\u00f3my. Na rozdiel od in\u00fdch o\u0161etren\u00ed dostupn\u00fdch na trhu Removio nie je drsn\u00fd k poko\u017eke a nesp\u00f4sobuje \u017eiadne \u010fal\u0161ie podr\u00e1\u017edenie.<\/p>\n<p>Jednoducho nan\u00e1\u0161ajte dvakr\u00e1t denne a u\u017e\u00edvajte si pocit istoty s vedom\u00edm, \u017ee v\u00e1\u0161 otravn\u00fd papil\u00f3m tu u\u017e dlho nebude. Nech sa papil\u00f3my stan\u00fa vzdialenou spomienkou s rie\u0161en\u00edm, ktor\u00e9 skuto\u010dne funguje! U\u017e nepotrebujete drah\u00e9 ani bolestiv\u00e9 proced\u00fary &#8211; dovo\u013ete n\u00e1m, aby sme v\u00e1m pomohli vy\u010disti\u0165 va\u0161u ple\u0165 e\u0161te dnes!<\/p>\n<p>U\u017e v\u00e1s nebav\u00ed pozera\u0165 sa na nevzh\u013eadn\u00e9 a nepr\u00edjemn\u00e9 papil\u00f3my na poko\u017eke? Potom je Removio v\u00e1\u0161 liek! Tento z\u00e1zra\u010dn\u00fd kr\u00e9m na poko\u017eku poskytuje \u00fa\u010dinn\u00e9 a \u0161etrn\u00e9 rie\u0161enie na odstr\u00e1nenie papil\u00f3mov bez zanechania st\u00f4p.<\/p>\n<p>Removio je vyroben\u00e9 z pr\u00edrodn\u00fdch rastlinn\u00fdch zlo\u017eiek a neobsahuje \u017eiadne drsn\u00e9 chemik\u00e1lie, tak\u017ee je bezpe\u010dn\u00e9 pre \u013eud\u00ed v\u0161etk\u00fdch vekov\u00fdch kateg\u00f3ri\u00ed. Pr\u00edpravok prenik\u00e1 hlboko do poko\u017eky a pom\u00e1ha zbavi\u0165 sa existuj\u00facich papil\u00f3mov a dokonca zabra\u0148uje vzniku nov\u00fdch. Jednoducho o\u010distite postihnut\u00e9 miesto, dvakr\u00e1t denne na\u0148 naneste Removio a potom sledujte, ako tieto otravn\u00e9 papil\u00f3my mizn\u00fa!<\/p>\n<h2>U\u017e \u017eiadne probl\u00e9my s hrbol\u010dekmi, ktor\u00e9 ni\u010dia sebavedomie.<\/h2>\n<p>Zara\u010fte Removio do svojej kozmetickej rutiny e\u0161te dnes!S t\u00fdmto revolu\u010dn\u00fdm kr\u00e9mom m\u00f4\u017eete da\u0165 papil\u00f3mom nav\u017edy zbohom. Z\u00edskajte hladk\u00fa a \u010dist\u00fa ple\u0165 bez probl\u00e9mov a v\u00fddavkov &#8211; investujte do Removio teraz, aby ste z\u00edskali kr\u00e1snu ple\u0165, ktor\u00fa si zasl\u00fa\u017eite!<\/p>\n<p>Predstavujeme Removio &#8211; nevyhnutn\u00fd liek na v\u0161etky papil\u00f3my! Bojujete s nevzh\u013eadn\u00fdmi ko\u017en\u00fdmi \u0161kvrnami alebo l\u00e9ziami sp\u00f4soben\u00fdmi papil\u00f3mami? \u017del\u00e1te si, aby existoval jednoduch\u00fd, prirodzen\u00fd sp\u00f4sob, ako tieto nepr\u00edjemn\u00e9 hrbol\u010deky odstr\u00e1ni\u0165 bez chirurgick\u00e9ho z\u00e1kroku, lasera alebo drah\u00fdch n\u00e1v\u0161tev u lek\u00e1ra? Removio je tu, aby v\u00e1m pomohlo!<\/p>\n<p>Je jedine\u010dn\u00fd v\u00fdrobok svojho druhu. Na\u0161e 100 % pr\u00edrodn\u00e9 zlo\u017eenie kombinuje lie\u010div\u00fa silu jedine\u010dn\u00fdch rastlinn\u00fdch v\u00fd\u0165a\u017ekov, ktor\u00e9 preuk\u00e1zate\u013ene bezpe\u010dne a \u00fa\u010dinne p\u00f4sobia na papil\u00f3my a poskytuj\u00fa r\u00fdchlu \u00fa\u013eavu od nepr\u00edjemn\u00e9ho ko\u017en\u00e9ho ochorenia. R\u00fdchle a jednoduch\u00e9 pou\u017eitie, sta\u010d\u00ed r\u00e1no a ve\u010der nanies\u0165 na postihnut\u00e9 miesto, k\u00fdm nezmizne. Rozl\u00fa\u010dte sa s hodinami konzult\u00e1ci\u00ed s odborn\u00edkom alebo pl\u00e1novan\u00edm n\u00e1kladn\u00fdch o\u0161etren\u00ed!<\/p>\n<p>Je \u010das c\u00edti\u0165 sa sebaisto a raz a nav\u017edy zn\u00ed\u017ei\u0165 v\u00fdskyt papil\u00f3mov s Removio. N\u00e1\u0161 priate\u013esk\u00fd t\u00edm z\u00e1kazn\u00edckej podpory poskytuje v pr\u00edpade potreby pomoc 24 hod\u00edn denne, tak\u017ee u\u017e nemus\u00edte bojova\u0165 sami. V\u010faka dlhoro\u010dn\u00fdm sk\u00fasenostiam spokojn\u00fdch z\u00e1kazn\u00edkov, ktor\u00ed miluj\u00fa svoje v\u00fdsledky, n\u00e1m verte, ke\u010f hovor\u00edme, \u017ee tento pohodln\u00fd prostriedok naozaj dok\u00e1\u017ee z\u00e1zraky aj s t\u00fdmi najdr\u00e1\u017edivej\u0161\u00edmi pr\u00edznakmi! Kone\u010dne sa m\u00f4\u017eete zbavi\u0165 bolesti pri papil\u00f3me u\u017e za nieko\u013eko t\u00fd\u017ed\u0148ov &#8211; \u010do m\u00f4\u017ee by\u0165 lep\u0161ie ako toto? Neot\u00e1\u013eajte &#8211; doprajte si lie\u010dbu s Removio e\u0161te dnes!<\/p>\n","protected":false},"excerpt":{"rendered":"<p>Removio je v\u00e1\u0161 komplexn\u00fd prostriedok na odstr\u00e1nenie papil\u00f3mov! K\u00fapi\u0165 Removio v Slovenskej Republike za v\u00fdhodn\u00fa cenu. Cena. Hodnotenie. Kde k\u00fapi\u0165. Doru\u010denie na celom Slovensku: Pre\u0161ov, Ko\u0161ice, Bratislava, Zvolen, Prievidza, Poprad, Martin, Tren\u010d\u00edn, Trnava, Bansk\u00e1 Bystrica, Nitra, \u017dilina, Ru\u017eomberok, Pie\u0161\u0165any a Liptovsk\u00fd Mikul\u00e1\u0161. Ako si tovar vzia\u0165, Indik\u00e1cie pre pou\u017eitie, Kontraindik\u00e1cie. K\u00fapte si Removio online.<\/p>\n","protected":false},"featured_media":6820,"comment_status":"open","ping_status":"closed","template":"","meta":{"site-sidebar-layout":"default","site-content-layout":"default","ast-site-content-layout":"default","site-content-style":"default","site-sidebar-style":"default","ast-global-header-display":"","ast-banner-title-visibility":"","ast-main-header-display":"","ast-hfb-above-header-display":"","ast-hfb-below-header-display":"","ast-hfb-mobile-header-display":"","site-post-title":"","ast-breadcrumbs-content":"","ast-featured-img":"","footer-sml-layout":"","ast-disable-related-posts":"","theme-transparent-header-meta":"default","adv-header-id-meta":"","stick-header-meta":"","header-above-stick-meta":"","header-main-stick-meta":"","header-below-stick-meta":"","astra-migrate-meta-layouts":"set","ast-page-background-enabled":"default","ast-page-background-meta":{"desktop":{"background-color":"","background-image":"","background-repeat":"repeat","background-position":"center center","background-size":"auto","background-attachment":"scroll","background-type":"","background-media":"","overlay-type":"","overlay-color":"","overlay-opacity":"","overlay-gradient":""},"tablet":{"background-color":"","background-image":"","background-repeat":"repeat","background-position":"center center","background-size":"auto","background-attachment":"scroll","background-type":"","background-media":"","overlay-type":"","overlay-color":"","overlay-opacity":"","overlay-gradient":""},"mobile":{"background-color":"","background-image":"","background-repeat":"repeat","background-position":"center center","background-size":"auto","background-attachment":"scroll","background-type":"","background-media":"","overlay-type":"","overlay-color":"","overlay-opacity":"","overlay-gradient":""}},"ast-content-background-meta":{"desktop":{"background-color":"var(--ast-global-color-5)","background-image":"","background-repeat":"repeat","background-position":"center center","background-size":"auto","background-attachment":"scroll","background-type":"","background-media":"","overlay-type":"","overlay-color":"","overlay-opacity":"","overlay-gradient":""},"tablet":{"background-color":"var(--ast-global-color-5)","background-image":"","background-repeat":"repeat","background-position":"center center","background-size":"auto","background-attachment":"scroll","background-type":"","background-media":"","overlay-type":"","overlay-color":"","overlay-opacity":"","overlay-gradient":""},"mobile":{"background-color":"var(--ast-global-color-5)","background-image":"","background-repeat":"repeat","background-position":"center center","background-size":"auto","background-attachment":"scroll","background-type":"","background-media":"","overlay-type":"","overlay-color":"","overlay-opacity":"","overlay-gradient":""}}},"product_brand":[],"product_cat":[41],"product_tag":[],"class_list":{"0":"post-6620","1":"product","2":"type-product","3":"status-publish","4":"has-post-thumbnail","6":"product_cat-produkty-pre-zdravie","7":"desktop-align-left","8":"tablet-align-left","9":"mobile-align-left","11":"first","12":"instock","13":"sale","14":"taxable","15":"shipping-taxable","16":"purchasable","17":"product-type-simple"},"_links":{"self":[{"href":"https:\/\/wellness4you.cz\/sk\/wp-json\/wp\/v2\/product\/6620","targetHints":{"allow":["GET"]}}],"collection":[{"href":"https:\/\/wellness4you.cz\/sk\/wp-json\/wp\/v2\/product"}],"about":[{"href":"https:\/\/wellness4you.cz\/sk\/wp-json\/wp\/v2\/types\/product"}],"replies":[{"embeddable":true,"href":"https:\/\/wellness4you.cz\/sk\/wp-json\/wp\/v2\/comments?post=6620"}],"wp:featuredmedia":[{"embeddable":true,"href":"https:\/\/wellness4you.cz\/sk\/wp-json\/wp\/v2\/media\/6820"}],"wp:attachment":[{"href":"https:\/\/wellness4you.cz\/sk\/wp-json\/wp\/v2\/media?parent=6620"}],"wp:term":[{"taxonomy":"product_brand","embeddable":true,"href":"https:\/\/wellness4you.cz\/sk\/wp-json\/wp\/v2\/product_brand?post=6620"},{"taxonomy":"product_cat","embeddable":true,"href":"https:\/\/wellness4you.cz\/sk\/wp-json\/wp\/v2\/product_cat?post=6620"},{"taxonomy":"product_tag","embeddable":true,"href":"https:\/\/wellness4you.cz\/sk\/wp-json\/wp\/v2\/product_tag?post=6620"}],"curies":[{"name":"wp","href":"https:\/\/api.w.org\/{rel}","templated":true}]}}