{"id":6619,"date":"2023-01-15T04:11:57","date_gmt":"2023-01-15T03:11:57","guid":{"rendered":"https:\/\/wellness4you.cz\/sk\/?post_type=product&#038;p=6619"},"modified":"2026-01-08T22:52:34","modified_gmt":"2026-01-08T21:52:34","slug":"reduslim","status":"publish","type":"product","link":"https:\/\/wellness4you.cz\/sk\/reduslim\/","title":{"rendered":"Reduslim"},"content":{"rendered":"<h2>Reduslim je lie\u010dba chudnutia, ktor\u00e1 poskytuje r\u00fdchlej\u0161ie a \u00fa\u010dinnej\u0161ie v\u00fdsledky ako kedyko\u013evek predt\u00fdm.<\/h2>\n<p>Je vedecky dok\u00e1zan\u00e9, \u017ee skr\u00e1ti v\u00e1\u0161 p\u00e1s a bol vyvinut\u00fd s pou\u017eit\u00edm v\u00fdlu\u010dne pr\u00edrodn\u00fdch zlo\u017eiek. S Reduslim z\u00edskate dlhodob\u00e9 rie\u0161enie pre va\u0161e ciele v oblasti chudnutia.<\/p>\n<p>Na\u0161a \u0161pecializovan\u00e1 k\u00fara na chudnutie je navrhnut\u00e1 tak, aby v\u00e1m pomohla zhodi\u0165 tvrdohlav\u00e9 kil\u00e1 \u00fa\u010dinn\u00fdm a ove\u013ea zdrav\u0161\u00edm sp\u00f4sobom. Ch\u00e1peme, \u017ee je d\u00f4le\u017eit\u00e9 c\u00edti\u0165 sa sebaisto vo svojom tele, preto ka\u017ed\u00e1 d\u00e1vka Reduslimu obsahuje klinicky testovan\u00e9 zlo\u017eky, ktor\u00e9 priamo spolupracuj\u00fa s metabolizmom, aby v\u00e1m pomohli splni\u0165 va\u0161e ciele v oblasti chudnutia. Bu\u010fte si ist\u00ed, \u017ee s touto k\u00farou nebudete bojova\u0165 sami &#8211; spolo\u010dne m\u00f4\u017eeme dosiahnu\u0165 skuto\u010dn\u00fd \u00faspech!<\/p>\n<h2>V\u00e4\u010d\u0161ina \u013eud\u00ed pri snahe schudn\u00fa\u0165 trp\u00ed, najm\u00e4 ak neexistuje \u017eiadne vedenie alebo odborn\u00e1 rada, ako najlep\u0161ie postupova\u0165 pri tom v\u0161etkom &#8211; ale u\u017e nie!<\/h2>\n<p>Reduslim pon\u00faka skuto\u010dn\u00fa hodnotu a odborn\u00e9 znalosti, ktor\u00e9 v\u00e1m pom\u00f4\u017eu sta\u0165 sa skuto\u010dn\u00fdm vami: sebavedom\u00fdm, kr\u00e1snym a zdrav\u00fdm! Na\u0161e v\u00fdsledky podporuj\u00fa lek\u00e1ri aj odborn\u00edci na v\u00fd\u017eivu &#8211; pon\u00fakame priebe\u017en\u00fa podporu, tak\u017ee budete vyzbrojen\u00ed z\u00e1kladn\u00fdmi vedomos\u0165ami o tom, ako najlep\u0161ie pristupova\u0165 k \u0161tyrom t\u00fd\u017ed\u0148om \u0161pecializovan\u00e9ho sledovania po u\u017eit\u00ed na\u0161ich tabletiek.<\/p>\n<p>Reduslim v\u00e1s \u010do najsk\u00f4r dostane tam, kde chcete, a dod\u00e1 udr\u017eate\u013en\u00e9 v\u00fdhody chudnutia.<\/p>\n<p>Vysk\u00fa\u0161ajte Reduslim e\u0161te dnes a objavte prirodzen\u00fd sp\u00f4sob, ako sa dosta\u0165 do formy r\u00fdchlej\u0161ie a \u013eah\u0161ie. Dovo\u013ete n\u00e1m, aby sme v\u00e1m pomohli z\u00edska\u0165 r\u00fdchle a trval\u00e9 rie\u0161enia na spa\u013eovanie ne\u017eiaducich tukov.<\/p>\n","protected":false},"excerpt":{"rendered":"<p>Reduslim je lie\u010dba chudnutia, ktor\u00e1 poskytuje r\u00fdchlej\u0161ie a \u00fa\u010dinnej\u0161ie v\u00fdsledky. K\u00fapi\u0165 Reduslim v Slovenskej Republike za v\u00fdhodn\u00fa cenu. Hodnotenie. Kde k\u00fapi\u0165. Cena. Doru\u010denie na celom Slovensku: Ko\u0161ice, Bratislava, Zvolen, Prievidza, Poprad, Martin, Tren\u010d\u00edn, Trnava, Bansk\u00e1 Bystrica, Nitra, \u017dilina, Pre\u0161ov, Pie\u0161\u0165any, Liptovsk\u00fd Mikul\u00e1\u0161 a Bardejov. Indik\u00e1cie pre pou\u017eitie, Kontraindik\u00e1cie, Ako si tovar vzia\u0165. K\u00fapte si Reduslim online.<\/p>\n","protected":false},"featured_media":6818,"comment_status":"open","ping_status":"closed","template":"","meta":{"site-sidebar-layout":"default","site-content-layout":"default","ast-site-content-layout":"default","site-content-style":"default","site-sidebar-style":"default","ast-global-header-display":"","ast-banner-title-visibility":"","ast-main-header-display":"","ast-hfb-above-header-display":"","ast-hfb-below-header-display":"","ast-hfb-mobile-header-display":"","site-post-title":"","ast-breadcrumbs-content":"","ast-featured-img":"","footer-sml-layout":"","ast-disable-related-posts":"","theme-transparent-header-meta":"default","adv-header-id-meta":"","stick-header-meta":"","header-above-stick-meta":"","header-main-stick-meta":"","header-below-stick-meta":"","astra-migrate-meta-layouts":"default","ast-page-background-enabled":"default","ast-page-background-meta":{"desktop":{"background-color":"","background-image":"","background-repeat":"repeat","background-position":"center center","background-size":"auto","background-attachment":"scroll","background-type":"","background-media":"","overlay-type":"","overlay-color":"","overlay-opacity":"","overlay-gradient":""},"tablet":{"background-color":"","background-image":"","background-repeat":"repeat","background-position":"center center","background-size":"auto","background-attachment":"scroll","background-type":"","background-media":"","overlay-type":"","overlay-color":"","overlay-opacity":"","overlay-gradient":""},"mobile":{"background-color":"","background-image":"","background-repeat":"repeat","background-position":"center center","background-size":"auto","background-attachment":"scroll","background-type":"","background-media":"","overlay-type":"","overlay-color":"","overlay-opacity":"","overlay-gradient":""}},"ast-content-background-meta":{"desktop":{"background-color":"var(--ast-global-color-5)","background-image":"","background-repeat":"repeat","background-position":"center center","background-size":"auto","background-attachment":"scroll","background-type":"","background-media":"","overlay-type":"","overlay-color":"","overlay-opacity":"","overlay-gradient":""},"tablet":{"background-color":"var(--ast-global-color-5)","background-image":"","background-repeat":"repeat","background-position":"center center","background-size":"auto","background-attachment":"scroll","background-type":"","background-media":"","overlay-type":"","overlay-color":"","overlay-opacity":"","overlay-gradient":""},"mobile":{"background-color":"var(--ast-global-color-5)","background-image":"","background-repeat":"repeat","background-position":"center center","background-size":"auto","background-attachment":"scroll","background-type":"","background-media":"","overlay-type":"","overlay-color":"","overlay-opacity":"","overlay-gradient":""}}},"product_brand":[],"product_cat":[39],"product_tag":[],"class_list":{"0":"post-6619","1":"product","2":"type-product","3":"status-publish","4":"has-post-thumbnail","6":"product_cat-na-chudnutie","7":"desktop-align-left","8":"tablet-align-left","9":"mobile-align-left","11":"first","12":"instock","13":"sale","14":"taxable","15":"shipping-taxable","16":"purchasable","17":"product-type-simple"},"_links":{"self":[{"href":"https:\/\/wellness4you.cz\/sk\/wp-json\/wp\/v2\/product\/6619","targetHints":{"allow":["GET"]}}],"collection":[{"href":"https:\/\/wellness4you.cz\/sk\/wp-json\/wp\/v2\/product"}],"about":[{"href":"https:\/\/wellness4you.cz\/sk\/wp-json\/wp\/v2\/types\/product"}],"replies":[{"embeddable":true,"href":"https:\/\/wellness4you.cz\/sk\/wp-json\/wp\/v2\/comments?post=6619"}],"wp:featuredmedia":[{"embeddable":true,"href":"https:\/\/wellness4you.cz\/sk\/wp-json\/wp\/v2\/media\/6818"}],"wp:attachment":[{"href":"https:\/\/wellness4you.cz\/sk\/wp-json\/wp\/v2\/media?parent=6619"}],"wp:term":[{"taxonomy":"product_brand","embeddable":true,"href":"https:\/\/wellness4you.cz\/sk\/wp-json\/wp\/v2\/product_brand?post=6619"},{"taxonomy":"product_cat","embeddable":true,"href":"https:\/\/wellness4you.cz\/sk\/wp-json\/wp\/v2\/product_cat?post=6619"},{"taxonomy":"product_tag","embeddable":true,"href":"https:\/\/wellness4you.cz\/sk\/wp-json\/wp\/v2\/product_tag?post=6619"}],"curies":[{"name":"wp","href":"https:\/\/api.w.org\/{rel}","templated":true}]}}