{"id":6618,"date":"2023-01-15T04:11:56","date_gmt":"2023-01-15T03:11:56","guid":{"rendered":"https:\/\/wellness4you.cz\/sk\/?post_type=product&#038;p=6618"},"modified":"2026-01-08T22:52:34","modified_gmt":"2026-01-08T21:52:34","slug":"prostamin-forte","status":"publish","type":"product","link":"https:\/\/wellness4you.cz\/sk\/prostamin-forte\/","title":{"rendered":"Prostamin Forte"},"content":{"rendered":"<h2>Prostamin Forte je ide\u00e1lnym rie\u0161en\u00edm pre mu\u017eov, ktor\u00ed chc\u00fa zmierni\u0165 pr\u00edznaky prostatit\u00eddy.<\/h2>\n<p>Tento \u00fa\u010dinn\u00fd liek, vytvoren\u00fd z \u010disto pr\u00edrodn\u00fdch zlo\u017eiek, pom\u00e1ha bojova\u0165 proti z\u00e1palu a bolesti, ktor\u00e9 sa \u010dasto sp\u00e1jaj\u00fa s t\u00fdmto ochoren\u00edm.\u00a0To v\u0161ak nie je v\u0161etko &#8211; Prostamin Forte tie\u017e zlep\u0161uje sexu\u00e1lnu v\u00fdkonnos\u0165 svojich pou\u017e\u00edvate\u013eov, v\u010faka \u010domu si m\u00f4\u017eu kone\u010dne op\u00e4\u0165 u\u017e\u00edva\u0165 plnohodnotn\u00fd a pr\u00edjemn\u00fd sexu\u00e1lny \u017eivot! Mu\u017ei, ktor\u00ed u\u017e\u00edvaj\u00fa Prostamin, dosiahli v\u00fdrazn\u00e9 zv\u00fd\u0161enie libida. Zv\u00fd\u0161ila sa produkcia testoster\u00f3nu, v\u010faka \u010domu sa \u013eah\u0161ie vzru\u0161ia a za\u017e\u00edvaj\u00fa intenz\u00edvnej\u0161ie orgazmy ako predt\u00fdm.<\/p>\n<p>A \u010do je na tom najlep\u0161ie? Prostamin Forte sa \u013eahko u\u017e\u00edva a r\u00fdchlo \u00fa\u010dinkuje. V\u0161etko, \u010do musia pou\u017e\u00edvatelia urobi\u0165, je u\u017e\u00edva\u0165 dve tablety denne a \u00fa\u010dinky za\u010dn\u00fa poci\u0165ova\u0165 do jedn\u00e9ho t\u00fd\u017ed\u0148a! Jeho zlo\u017eenie bolo klinicky testovan\u00e9 v popredn\u00fdch laborat\u00f3ri\u00e1ch po celom svete, tak\u017ee m\u00f4\u017eete by\u0165 pokojn\u00ed, preto\u017ee viete, \u017ee jeho pou\u017e\u00edvanie je bezpe\u010dn\u00e9 a nem\u00e1 \u017eiadne nebezpe\u010dn\u00e9 ved\u013eaj\u0161ie \u00fa\u010dinky!<\/p>\n<p>Ak teda trp\u00edte z\u00e1palom prostaty, ne\u010dakajte u\u017e dlh\u0161ie &#8211; vysk\u00fa\u0161ajte Prostamin teraz a za\u017eite prvotriednu \u00fa\u013eavu od pr\u00edznakov a z\u00e1rove\u0148 sa te\u0161te zo zlep\u0161enej sexu\u00e1lnej v\u00fdkonnosti!<\/p>\n<h2>H\u013ead\u00e1te \u00fa\u010dinn\u00fd sp\u00f4sob lie\u010dby prostatit\u00eddy?<\/h2>\n<p>Je najr\u00fdchlej\u0161\u00ed a najspo\u013eahlivej\u0161\u00ed liek pre ka\u017ed\u00e9ho mu\u017ea trpiaceho prostatit\u00eddou. Je vyroben\u00fd z pr\u00edrodn\u00fdch zlo\u017eiek, tak\u017ee ho m\u00f4\u017eete pou\u017e\u00edva\u0165 s d\u00f4verou a ochranou. N\u00e1\u0161 vzorec obsahuje starostlivo vybran\u00e9 rastlinn\u00e9 zlo\u017eky, ktor\u00e9 boli testovan\u00e9 a preuk\u00e1zate\u013ene zni\u017euj\u00fa z\u00e1pal a boles\u0165, ako aj zlep\u0161uj\u00fa funkciu mo\u010dov\u00fdch ciest. S Prostaminom Forte sa nielen zbav\u00edte pr\u00edznakov, ale budete m\u00f4c\u0165 \u017ei\u0165 akt\u00edvnej\u0161\u00edm \u017eivotn\u00fdm \u0161t\u00fdlom so zlep\u0161enou kvalitou \u017eivota.<\/p>\n<p>\u010c\u00edm je Prostamin Forte tak\u00fd v\u00fdnimo\u010dn\u00fd? Jeho zlo\u017eky s\u00fa 100 % pr\u00edrodn\u00e9 a vysoko \u00fa\u010dinn\u00e9 pri zmier\u0148ovan\u00ed nepr\u00edjemn\u00fdch pr\u00edznakov spojen\u00fdch s t\u00fdmto ochoren\u00edm. Na\u0161a patentovan\u00e1 recept\u00fara pom\u00e1ha podporova\u0165 norm\u00e1lne vypr\u00e1zd\u0148ovanie mo\u010dov\u00e9ho mech\u00fara. Jeho jedine\u010dn\u00e1 zmes antioxidantov pom\u00e1ha dlhodobo posil\u0148ova\u0165 zdravie prostaty.<\/p>\n<p>Ak teda h\u013ead\u00e1te bezpe\u010dn\u00e9 rie\u0161enie svojich starost\u00ed s prostatou, d\u00f4verujte Prostamin Forte! U\u017e ne\u010dakajte &#8211; urobte rozumnej\u0161iu vo\u013ebu pre svoje zdravie e\u0161te dnes a objednajte si Prostamin Forte teraz!<\/p>\n","protected":false},"excerpt":{"rendered":"<p>Prostamin Forte je ide\u00e1lnym rie\u0161en\u00edm pre mu\u017eov, ktor\u00ed chc\u00fa zmierni\u0165 pr\u00edznaky prostatit\u00eddy. K\u00fapi\u0165 Prostamin Forte v Slovenskej Republike za v\u00fdhodn\u00fa cenu. Kde k\u00fapi\u0165. Cena. Hodnotenie. Doru\u010denie na celom Slovensku: Bratislava, Zvolen, Prievidza, Poprad, Martin, Tren\u010d\u00edn, Trnava, Bansk\u00e1 Bystrica, Nitra, \u017dilina, Pre\u0161ov, Ko\u0161ice, Liptovsk\u00fd Mikul\u00e1\u0161, Bardejov a Humenn\u00e9. Kontraindik\u00e1cie, Ako si tovar vzia\u0165, Indik\u00e1cie pre pou\u017eitie. K\u00fapte si Prostamin Forte online.<\/p>\n","protected":false},"featured_media":6816,"comment_status":"open","ping_status":"closed","template":"","meta":{"site-sidebar-layout":"default","site-content-layout":"default","ast-site-content-layout":"default","site-content-style":"default","site-sidebar-style":"default","ast-global-header-display":"","ast-banner-title-visibility":"","ast-main-header-display":"","ast-hfb-above-header-display":"","ast-hfb-below-header-display":"","ast-hfb-mobile-header-display":"","site-post-title":"","ast-breadcrumbs-content":"","ast-featured-img":"","footer-sml-layout":"","ast-disable-related-posts":"","theme-transparent-header-meta":"default","adv-header-id-meta":"","stick-header-meta":"","header-above-stick-meta":"","header-main-stick-meta":"","header-below-stick-meta":"","astra-migrate-meta-layouts":"default","ast-page-background-enabled":"default","ast-page-background-meta":{"desktop":{"background-color":"","background-image":"","background-repeat":"repeat","background-position":"center center","background-size":"auto","background-attachment":"scroll","background-type":"","background-media":"","overlay-type":"","overlay-color":"","overlay-opacity":"","overlay-gradient":""},"tablet":{"background-color":"","background-image":"","background-repeat":"repeat","background-position":"center center","background-size":"auto","background-attachment":"scroll","background-type":"","background-media":"","overlay-type":"","overlay-color":"","overlay-opacity":"","overlay-gradient":""},"mobile":{"background-color":"","background-image":"","background-repeat":"repeat","background-position":"center center","background-size":"auto","background-attachment":"scroll","background-type":"","background-media":"","overlay-type":"","overlay-color":"","overlay-opacity":"","overlay-gradient":""}},"ast-content-background-meta":{"desktop":{"background-color":"var(--ast-global-color-5)","background-image":"","background-repeat":"repeat","background-position":"center center","background-size":"auto","background-attachment":"scroll","background-type":"","background-media":"","overlay-type":"","overlay-color":"","overlay-opacity":"","overlay-gradient":""},"tablet":{"background-color":"var(--ast-global-color-5)","background-image":"","background-repeat":"repeat","background-position":"center center","background-size":"auto","background-attachment":"scroll","background-type":"","background-media":"","overlay-type":"","overlay-color":"","overlay-opacity":"","overlay-gradient":""},"mobile":{"background-color":"var(--ast-global-color-5)","background-image":"","background-repeat":"repeat","background-position":"center center","background-size":"auto","background-attachment":"scroll","background-type":"","background-media":"","overlay-type":"","overlay-color":"","overlay-opacity":"","overlay-gradient":""}}},"product_brand":[],"product_cat":[41],"product_tag":[],"class_list":{"0":"post-6618","1":"product","2":"type-product","3":"status-publish","4":"has-post-thumbnail","6":"product_cat-produkty-pre-zdravie","7":"desktop-align-left","8":"tablet-align-left","9":"mobile-align-left","11":"first","12":"instock","13":"taxable","14":"shipping-taxable","15":"purchasable","16":"product-type-simple"},"_links":{"self":[{"href":"https:\/\/wellness4you.cz\/sk\/wp-json\/wp\/v2\/product\/6618","targetHints":{"allow":["GET"]}}],"collection":[{"href":"https:\/\/wellness4you.cz\/sk\/wp-json\/wp\/v2\/product"}],"about":[{"href":"https:\/\/wellness4you.cz\/sk\/wp-json\/wp\/v2\/types\/product"}],"replies":[{"embeddable":true,"href":"https:\/\/wellness4you.cz\/sk\/wp-json\/wp\/v2\/comments?post=6618"}],"wp:featuredmedia":[{"embeddable":true,"href":"https:\/\/wellness4you.cz\/sk\/wp-json\/wp\/v2\/media\/6816"}],"wp:attachment":[{"href":"https:\/\/wellness4you.cz\/sk\/wp-json\/wp\/v2\/media?parent=6618"}],"wp:term":[{"taxonomy":"product_brand","embeddable":true,"href":"https:\/\/wellness4you.cz\/sk\/wp-json\/wp\/v2\/product_brand?post=6618"},{"taxonomy":"product_cat","embeddable":true,"href":"https:\/\/wellness4you.cz\/sk\/wp-json\/wp\/v2\/product_cat?post=6618"},{"taxonomy":"product_tag","embeddable":true,"href":"https:\/\/wellness4you.cz\/sk\/wp-json\/wp\/v2\/product_tag?post=6618"}],"curies":[{"name":"wp","href":"https:\/\/api.w.org\/{rel}","templated":true}]}}