{"id":6617,"date":"2023-01-15T04:11:56","date_gmt":"2023-01-15T03:11:56","guid":{"rendered":"https:\/\/wellness4you.cz\/sk\/?post_type=product&#038;p=6617"},"modified":"2026-02-24T22:58:58","modified_gmt":"2026-02-24T21:58:58","slug":"promicil","status":"publish","type":"product","link":"https:\/\/wellness4you.cz\/sk\/promicil\/","title":{"rendered":"Promicil"},"content":{"rendered":"<p>Predstavujeme Promicil &#8211; \u00faplne nov\u00fd antimykotick\u00fd kr\u00e9m, ktor\u00fd v\u00e1m poskytne r\u00fdchlu \u00fa\u013eavu od ples\u0148ov\u00fdch infekci\u00ed. Promicil, ktor\u00e9ho zlo\u017eenie obsahuje \u00fa\u010dinn\u00fa zmes pr\u00edrodn\u00fdch zlo\u017eiek, je dokonal\u00fdm rie\u0161en\u00edm na rie\u0161enie nepr\u00edjemn\u00fdch ples\u0148ov\u00fdch probl\u00e9mov. Ako s\u00fa atletick\u00e1 noha, p\u00e1sov\u00fd opar, svrbenie a \u010fal\u0161ie!<\/p>\n<p>Ch\u00e1peme, ak\u00e9 nepr\u00edjemn\u00e9 a dr\u00e1\u017ediv\u00e9 m\u00f4\u017eu by\u0165 ples\u0148ov\u00e9 infekcie. A ak\u00e9 frustruj\u00face je vysk\u00fa\u0161a\u0165 viacero kr\u00e9mov bez toho, aby ste na\u0161li \u00fa\u010dinn\u00fd. Preto vznikol Promicil! Tento revolu\u010dn\u00fd kr\u00e9m zastav\u00ed va\u0161u ples\u0148ov\u00fa infekciu v jej za\u010diatkoch a udr\u017e\u00ed ju na uzde. Pri\u010dom vy\u017eivuje poko\u017eku \u00fa\u010dinnou zmesou pr\u00edrodn\u00fdch zlo\u017eiek a poskytuje r\u00fdchlu \u00fa\u013eavu s dlhotrvaj\u00facimi v\u00fdsledkami!<\/p>\n<p>Promicil \u00fa\u010dinkuje r\u00fdchlej\u0161ie ako tradi\u010dn\u00e9 kr\u00e9my, preto\u017ee jeho jedine\u010dn\u00e9 zlo\u017eenie pom\u00e1ha prenikn\u00fa\u0165 hlb\u0161ie do poko\u017eky a bojuje proti plesniam priamo pri zdroji. Navy\u0161e vyu\u017e\u00edva klinicky testovan\u00e9 zlo\u017eky, ako je \u010dajovn\u00edkov\u00fd olej, ktor\u00e9 r\u00fdchlo p\u00f4sobia na odstr\u00e1nenie akejko\u013evek infekcie. S Promicilom u\u017e nemus\u00edte rie\u0161i\u0165 svrbenie a p\u00e1lenie ples\u0148ov\u00fdch infekci\u00ed &#8211; z\u00edskajte r\u00fdchlu \u00fa\u013eavu u\u017e za tri dni!<\/p>\n<h2>A tu je to najlep\u0161ie &#8211; Promicil je bezpe\u010dn\u00fd pre v\u0161etky typy poko\u017eky.<\/h2>\n<p>Tak\u017ee bez oh\u013eadu na to, \u010di m\u00e1te citliv\u00fa alebo podr\u00e1\u017eden\u00fa poko\u017eku, m\u00f4\u017eete sa spo\u013eahn\u00fa\u0165, \u017ee tento kr\u00e9m poskytne vysoko \u00fa\u010dinn\u00e9 v\u00fdsledky bez toho, aby sp\u00f4sobil \u010fal\u0161ie podr\u00e1\u017edenie alebo za\u010dervenanie. V\u0161etko, \u010do potrebujete, je mal\u00e9 mno\u017estvo nanesen\u00e9 priamo na postihnut\u00e9 miesto dvakr\u00e1t denne po\u010das troch dn\u00ed v rade a viola &#8211; zbohom kvasinkovej infekcii!<\/p>\n<p>Rozl\u00fa\u010dte sa s ples\u0148ov\u00fdmi ochoreniami e\u0161te dnes s na\u0161\u00edm \u00fa\u017easn\u00fdm antimykotick\u00fdm rie\u0161en\u00edm &#8211; Promicil! V\u010faka pr\u00edrodn\u00fdm zlo\u017ek\u00e1m, ktor\u00e9 s\u00fa \u0161etrn\u00e9 k va\u0161ej poko\u017eke, a r\u00fdchlemu \u010dasu p\u00f4sobenia z\u00edskate r\u00fdchlu \u00fa\u013eavu od otravn\u00fdch ples\u0148ov\u00fdch probl\u00e9mov bez probl\u00e9mov a nepohodlia. Uk\u00e1\u017ete t\u00fdm ples\u0148ov\u00fdm pr\u00ed\u0161er\u00e1m, kto je tu p\u00e1nom, s neuverite\u013enou silou Promicilu hne\u010f teraz!<\/p>\n","protected":false},"excerpt":{"rendered":"<p>K\u00fapi\u0165 Promicil v Slovenskej Republike za v\u00fdhodn\u00fa cenu. Cena. Hodnotenie. Kde k\u00fapi\u0165. Doru\u010denie na celom Slovensku: Zvolen, Prievidza, Poprad, Martin, Tren\u010d\u00edn, Trnava, Bansk\u00e1 Bystrica, Nitra, \u017dilina, Pre\u0161ov, Ko\u0161ice, Bratislava, Bardejov, Humenn\u00e9 a Levice. Ako si tovar vzia\u0165, Indik\u00e1cie pre pou\u017eitie, Kontraindik\u00e1cie. K\u00fapte si Promicil online.<\/p>\n","protected":false},"featured_media":6814,"comment_status":"open","ping_status":"closed","template":"","meta":{"site-sidebar-layout":"default","site-content-layout":"default","ast-site-content-layout":"default","site-content-style":"default","site-sidebar-style":"default","ast-global-header-display":"","ast-banner-title-visibility":"","ast-main-header-display":"","ast-hfb-above-header-display":"","ast-hfb-below-header-display":"","ast-hfb-mobile-header-display":"","site-post-title":"","ast-breadcrumbs-content":"","ast-featured-img":"","footer-sml-layout":"","ast-disable-related-posts":"","theme-transparent-header-meta":"default","adv-header-id-meta":"","stick-header-meta":"","header-above-stick-meta":"","header-main-stick-meta":"","header-below-stick-meta":"","astra-migrate-meta-layouts":"set","ast-page-background-enabled":"default","ast-page-background-meta":{"desktop":{"background-color":"","background-image":"","background-repeat":"repeat","background-position":"center center","background-size":"auto","background-attachment":"scroll","background-type":"","background-media":"","overlay-type":"","overlay-color":"","overlay-opacity":"","overlay-gradient":""},"tablet":{"background-color":"","background-image":"","background-repeat":"repeat","background-position":"center center","background-size":"auto","background-attachment":"scroll","background-type":"","background-media":"","overlay-type":"","overlay-color":"","overlay-opacity":"","overlay-gradient":""},"mobile":{"background-color":"","background-image":"","background-repeat":"repeat","background-position":"center center","background-size":"auto","background-attachment":"scroll","background-type":"","background-media":"","overlay-type":"","overlay-color":"","overlay-opacity":"","overlay-gradient":""}},"ast-content-background-meta":{"desktop":{"background-color":"var(--ast-global-color-5)","background-image":"","background-repeat":"repeat","background-position":"center center","background-size":"auto","background-attachment":"scroll","background-type":"","background-media":"","overlay-type":"","overlay-color":"","overlay-opacity":"","overlay-gradient":""},"tablet":{"background-color":"var(--ast-global-color-5)","background-image":"","background-repeat":"repeat","background-position":"center center","background-size":"auto","background-attachment":"scroll","background-type":"","background-media":"","overlay-type":"","overlay-color":"","overlay-opacity":"","overlay-gradient":""},"mobile":{"background-color":"var(--ast-global-color-5)","background-image":"","background-repeat":"repeat","background-position":"center center","background-size":"auto","background-attachment":"scroll","background-type":"","background-media":"","overlay-type":"","overlay-color":"","overlay-opacity":"","overlay-gradient":""}}},"product_brand":[],"product_cat":[41],"product_tag":[],"class_list":{"0":"post-6617","1":"product","2":"type-product","3":"status-publish","4":"has-post-thumbnail","6":"product_cat-produkty-pre-zdravie","7":"desktop-align-left","8":"tablet-align-left","9":"mobile-align-left","11":"first","12":"instock","13":"sale","14":"taxable","15":"shipping-taxable","16":"purchasable","17":"product-type-simple"},"_links":{"self":[{"href":"https:\/\/wellness4you.cz\/sk\/wp-json\/wp\/v2\/product\/6617","targetHints":{"allow":["GET"]}}],"collection":[{"href":"https:\/\/wellness4you.cz\/sk\/wp-json\/wp\/v2\/product"}],"about":[{"href":"https:\/\/wellness4you.cz\/sk\/wp-json\/wp\/v2\/types\/product"}],"replies":[{"embeddable":true,"href":"https:\/\/wellness4you.cz\/sk\/wp-json\/wp\/v2\/comments?post=6617"}],"wp:featuredmedia":[{"embeddable":true,"href":"https:\/\/wellness4you.cz\/sk\/wp-json\/wp\/v2\/media\/6814"}],"wp:attachment":[{"href":"https:\/\/wellness4you.cz\/sk\/wp-json\/wp\/v2\/media?parent=6617"}],"wp:term":[{"taxonomy":"product_brand","embeddable":true,"href":"https:\/\/wellness4you.cz\/sk\/wp-json\/wp\/v2\/product_brand?post=6617"},{"taxonomy":"product_cat","embeddable":true,"href":"https:\/\/wellness4you.cz\/sk\/wp-json\/wp\/v2\/product_cat?post=6617"},{"taxonomy":"product_tag","embeddable":true,"href":"https:\/\/wellness4you.cz\/sk\/wp-json\/wp\/v2\/product_tag?post=6617"}],"curies":[{"name":"wp","href":"https:\/\/api.w.org\/{rel}","templated":true}]}}