{"id":6615,"date":"2023-01-15T04:11:56","date_gmt":"2023-01-15T03:11:56","guid":{"rendered":"https:\/\/wellness4you.cz\/sk\/?post_type=product&#038;p=6615"},"modified":"2026-02-24T22:58:50","modified_gmt":"2026-02-24T21:58:50","slug":"ocuvit","status":"publish","type":"product","link":"https:\/\/wellness4you.cz\/sk\/ocuvit\/","title":{"rendered":"Ocuvit"},"content":{"rendered":"<h2>Nov\u00fd produkt, ktor\u00fd zmen\u00ed v\u00e1\u0161 poh\u013ead na svet!<\/h2>\n<p>Pre t\u00fdch z v\u00e1s, ktor\u00fdm z\u00e1le\u017e\u00ed na zraku, je Ocuvit ako stvoren\u00fd! Ocuvit je \u00faplne pr\u00edrodn\u00fd v\u00fd\u017eivov\u00fd doplnok vyroben\u00fd z jedine\u010dnej kombin\u00e1cie vitam\u00ednov, miner\u00e1lov a rastlinn\u00fdch zlo\u017eiek zameran\u00fdch \u0161peci\u00e1lne na zrak. Sta\u010d\u00ed jedna kapsula denne a m\u00f4\u017eete by\u0165 na ceste k lep\u0161iemu zraku ako kedyko\u013evek predt\u00fdm.<\/p>\n<p>Pou\u017e\u00edvatelia Ocuvitu zaznamenali dramatick\u00e9 zlep\u0161enie jasnosti a farby o\u010d\u00ed u\u017e po nieko\u013ek\u00fdch mesiacoch u\u017e\u00edvania. Na\u0161i z\u00e1kazn\u00edci zaznamenali zlep\u0161enie zaostrenia, zlep\u0161enie citlivosti na kontrast a dokonca aj zlep\u0161enie no\u010dn\u00e9ho videnia. Spolu s v\u00fd\u017eivov\u00fdmi v\u00fdhodami pom\u00e1ha budova\u0165 prirodzen\u00fa obranyschopnos\u0165 va\u0161ich o\u010d\u00ed, ktor\u00e1 m\u00f4\u017ee spomali\u0165 alebo zabr\u00e1ni\u0165 po\u0161kodeniu a degener\u00e1cii o\u010d\u00ed s\u00favisiacej s vekom.<\/p>\n<p>Nem\u00f4\u017eete si spomen\u00fa\u0165 na dodr\u017eiavanie dennej rutiny? Ocuvit sa o v\u00e1s postar\u00e1! Aj ke\u010f n\u00e1hodou vynech\u00e1te u\u017eitie kapsuly, va\u0161e telo sa v\u00e1m po\u010fakuje za pravideln\u00e9 d\u00e1vky antioxidantov, ktor\u00e9 dlhodobo bojuj\u00fa proti po\u0161kodeniu o\u010d\u00ed vo\u013en\u00fdmi radik\u00e1lmi. A preto\u017ee n\u00e1\u0161 pr\u00edpravok starostlivo poch\u00e1dza len z pr\u00edrodn\u00fdch zdrojov, je tie\u017e geneticky nemodifikovan\u00fd a bezlepkov\u00fd, tak\u017ee je bezpe\u010dn\u00fd pre ka\u017ed\u00e9ho, kto sa rozhodne ho pou\u017e\u00edva\u0165.<\/p>\n<p>Skuto\u010dn\u00ed \u013eudia zaznamenali s Ocuvitom skuto\u010dn\u00e9 v\u00fdsledky &#8211; pre\u010do ho nevysk\u00fa\u0161a\u0165 aj vy? V\u010faka jeho silnej ochrane o\u010d\u00ed a posil\u0148uj\u00facim schopnostiam, pre\u010do riskova\u0165, ke\u010f ide o v\u00e1\u0161 zrak? Z\u00edskajte sp\u00e4\u0165 kontrolu nad svoj\u00edm zrakom e\u0161te dnes: zaobstarajte si Ocuvit hne\u010f teraz!<\/p>\n<h2>Ocuvit je va\u0161a odpove\u010f na lep\u0161\u00ed zrak!<\/h2>\n<p>\u010ci u\u017e ste \u010dlovek so starn\u00facimi o\u010dami, ktor\u00fd si chce udr\u017ea\u0165 svoj s\u00fa\u010dasn\u00fd zrak, alebo mlad\u00fd \u010dlovek, ktor\u00fd potrebuje lep\u0161iu zrakov\u00fa ostros\u0165, Ocuvit v\u00e1m m\u00f4\u017ee pom\u00f4c\u0165! Na\u0161a jedine\u010dn\u00e1 zmes z\u00e1kladn\u00fdch vitam\u00ednov, miner\u00e1lov a antioxidantov vo forme kaps\u00fal poskytne va\u0161im o\u010diam \u017eiviny potrebn\u00e9 na zlep\u0161enie zdravia o\u010d\u00ed. Ocuvit poskytuje nielen zv\u00fd\u0161en\u00fa ochranu a jasnos\u0165, ale podporuje aj zdrav\u00e9 videnie na dlh\u00e9 roky.<\/p>\n<p>Medzi nieko\u013eko \u00fa\u017easn\u00fdch v\u00fdhod, ktor\u00e9 Ocuvit pon\u00faka, patr\u00ed boj proti strate zraku s\u00favisiacej s vekom, prevencia o\u010dn\u00fdch ochoren\u00ed, ako je glauk\u00f3m a \u0161ed\u00fd z\u00e1kal, v\u00fdrazn\u00e9 zn\u00ed\u017eenie rizika makul\u00e1rnej degener\u00e1cie, zv\u00fd\u0161enie vn\u00edmania farieb a jasnosti no\u010dn\u00e9ho videnia, zlep\u0161enie celkov\u00e9ho zdravia a funkcie o\u010d\u00ed. Ka\u017ed\u00e1 kapsula obsahuje \u00fa\u010dinn\u00fa kombin\u00e1ciu vitam\u00ednov A a C, ako aj zinok a lute\u00edn, ktor\u00e9 pom\u00e1haj\u00fa zlep\u0161i\u0165 celkov\u00fa v\u00fdkonnos\u0165 o\u010d\u00ed. Antioxidant zeaxant\u00edn pom\u00e1ha chr\u00e1ni\u0165 bunky pred oxida\u010dn\u00fdm po\u0161koden\u00edm, \u010do vedie k jasnej\u0161iemu videniu bez ak\u00fdchko\u013evek ne\u017eiaducich ved\u013eaj\u0161\u00edch \u00fa\u010dinkov.<\/p>\n<p>Je \u010das z\u00edska\u0165 s Ocuvitom zatia\u013e najlep\u0161\u00ed zrak! S na\u0161imi kapsulami si m\u00f4\u017eete u\u017e\u00edva\u0165 maxim\u00e1lnu jasnos\u0165, \u010di u\u017e v interi\u00e9ri alebo vonku, a z\u00e1rove\u0148 zn\u00ed\u017ei\u0165 riziko be\u017en\u00fdch stavov s\u00favisiacich s vekom, ako s\u00fa such\u00e9 o\u010di, \u00fanava, slzenie a \u010fal\u0161ie! Ne\u010dakajte: za\u010dnite chr\u00e1ni\u0165 svoj zrak e\u0161te dnes s Ocuvitom. Zasl\u00fa\u017eite si jasn\u00fd zrak &#8211; za\u010dnite vidie\u0165 v\u00fdsledky hne\u010f!<\/p>\n","protected":false},"excerpt":{"rendered":"<p>Ocuvit je va\u0161a odpove\u010f na lep\u0161\u00ed zrak! K\u00fapi\u0165 Ocuvit v Slovenskej Republike za v\u00fdhodn\u00fa cenu. Kde k\u00fapi\u0165. Cena. Hodnotenie. Doru\u010denie na celom Slovensku: Poprad, Martin, Tren\u010d\u00edn, Trnava, Bansk\u00e1 Bystrica, Nitra, \u017dilina, Pre\u0161ov, Ko\u0161ice, Bratislava, Zvolen, Prievidza, Levice, Kom\u00e1rno a Spi\u0161sk\u00e1 Nov\u00e1 Ves. Ako si tovar vzia\u0165, Indik\u00e1cie pre pou\u017eitie, Kontraindik\u00e1cie. K\u00fapte si Ocuvit online.<\/p>\n","protected":false},"featured_media":6812,"comment_status":"open","ping_status":"closed","template":"","meta":{"site-sidebar-layout":"default","site-content-layout":"default","ast-site-content-layout":"default","site-content-style":"default","site-sidebar-style":"default","ast-global-header-display":"","ast-banner-title-visibility":"","ast-main-header-display":"","ast-hfb-above-header-display":"","ast-hfb-below-header-display":"","ast-hfb-mobile-header-display":"","site-post-title":"","ast-breadcrumbs-content":"","ast-featured-img":"","footer-sml-layout":"","ast-disable-related-posts":"","theme-transparent-header-meta":"default","adv-header-id-meta":"","stick-header-meta":"","header-above-stick-meta":"","header-main-stick-meta":"","header-below-stick-meta":"","astra-migrate-meta-layouts":"default","ast-page-background-enabled":"default","ast-page-background-meta":{"desktop":{"background-color":"","background-image":"","background-repeat":"repeat","background-position":"center center","background-size":"auto","background-attachment":"scroll","background-type":"","background-media":"","overlay-type":"","overlay-color":"","overlay-opacity":"","overlay-gradient":""},"tablet":{"background-color":"","background-image":"","background-repeat":"repeat","background-position":"center center","background-size":"auto","background-attachment":"scroll","background-type":"","background-media":"","overlay-type":"","overlay-color":"","overlay-opacity":"","overlay-gradient":""},"mobile":{"background-color":"","background-image":"","background-repeat":"repeat","background-position":"center center","background-size":"auto","background-attachment":"scroll","background-type":"","background-media":"","overlay-type":"","overlay-color":"","overlay-opacity":"","overlay-gradient":""}},"ast-content-background-meta":{"desktop":{"background-color":"var(--ast-global-color-5)","background-image":"","background-repeat":"repeat","background-position":"center center","background-size":"auto","background-attachment":"scroll","background-type":"","background-media":"","overlay-type":"","overlay-color":"","overlay-opacity":"","overlay-gradient":""},"tablet":{"background-color":"var(--ast-global-color-5)","background-image":"","background-repeat":"repeat","background-position":"center center","background-size":"auto","background-attachment":"scroll","background-type":"","background-media":"","overlay-type":"","overlay-color":"","overlay-opacity":"","overlay-gradient":""},"mobile":{"background-color":"var(--ast-global-color-5)","background-image":"","background-repeat":"repeat","background-position":"center center","background-size":"auto","background-attachment":"scroll","background-type":"","background-media":"","overlay-type":"","overlay-color":"","overlay-opacity":"","overlay-gradient":""}}},"product_brand":[],"product_cat":[41],"product_tag":[],"class_list":{"0":"post-6615","1":"product","2":"type-product","3":"status-publish","4":"has-post-thumbnail","6":"product_cat-produkty-pre-zdravie","7":"desktop-align-left","8":"tablet-align-left","9":"mobile-align-left","11":"first","12":"instock","13":"sale","14":"taxable","15":"shipping-taxable","16":"purchasable","17":"product-type-simple"},"_links":{"self":[{"href":"https:\/\/wellness4you.cz\/sk\/wp-json\/wp\/v2\/product\/6615","targetHints":{"allow":["GET"]}}],"collection":[{"href":"https:\/\/wellness4you.cz\/sk\/wp-json\/wp\/v2\/product"}],"about":[{"href":"https:\/\/wellness4you.cz\/sk\/wp-json\/wp\/v2\/types\/product"}],"replies":[{"embeddable":true,"href":"https:\/\/wellness4you.cz\/sk\/wp-json\/wp\/v2\/comments?post=6615"}],"wp:featuredmedia":[{"embeddable":true,"href":"https:\/\/wellness4you.cz\/sk\/wp-json\/wp\/v2\/media\/6812"}],"wp:attachment":[{"href":"https:\/\/wellness4you.cz\/sk\/wp-json\/wp\/v2\/media?parent=6615"}],"wp:term":[{"taxonomy":"product_brand","embeddable":true,"href":"https:\/\/wellness4you.cz\/sk\/wp-json\/wp\/v2\/product_brand?post=6615"},{"taxonomy":"product_cat","embeddable":true,"href":"https:\/\/wellness4you.cz\/sk\/wp-json\/wp\/v2\/product_cat?post=6615"},{"taxonomy":"product_tag","embeddable":true,"href":"https:\/\/wellness4you.cz\/sk\/wp-json\/wp\/v2\/product_tag?post=6615"}],"curies":[{"name":"wp","href":"https:\/\/api.w.org\/{rel}","templated":true}]}}