{"id":6614,"date":"2023-01-15T04:11:55","date_gmt":"2023-01-15T03:11:55","guid":{"rendered":"https:\/\/wellness4you.cz\/sk\/?post_type=product&#038;p=6614"},"modified":"2026-01-08T22:52:34","modified_gmt":"2026-01-08T21:52:34","slug":"oculear","status":"publish","type":"product","link":"https:\/\/wellness4you.cz\/sk\/oculear\/","title":{"rendered":"Oculear"},"content":{"rendered":"<p>Predstavujeme v\u00e1m Oculear, nov\u00fd revolu\u010dn\u00fd produkt, ktor\u00fd v\u00e1m pom\u00f4\u017ee zachova\u0165 a chr\u00e1ni\u0165 v\u00e1\u0161 zrak! S pr\u00edstrojom Oculear budete m\u00f4c\u0165 pokra\u010dova\u0165 v akejko\u013evek \u010dinnosti bez ob\u00e1v a strachu z dlhodob\u00fdch n\u00e1sledkov nam\u00e1hania zraku. V\u010faka pou\u017eitiu kombin\u00e1cie zlo\u017eiek z pr\u00edrodn\u00fdch zdrojov poskytuj\u00fa tieto kvapky ochranu, ktorej m\u00f4\u017eete d\u00f4verova\u0165. Oculear ako najlep\u0161ie rie\u0161enie na trhu v oblasti starostlivosti o o\u010di pom\u00e1ha chr\u00e1ni\u0165 pred be\u017en\u00fdmi pr\u00edznakmi. Ako je rozmazan\u00e9 videnie a svrbenie, a z\u00e1rove\u0148 zabra\u0148uje po\u0161kodeniu vo\u013en\u00fdmi radik\u00e1lmi.<\/p>\n<p>T\u00fdm, \u017ee pom\u00e1ha predch\u00e1dza\u0165 oxida\u010dn\u00e9mu stresu, Oculear bojuje proti vekom podmienenej makul\u00e1rnej degener\u00e1cii. A \u010fal\u0161\u00edm probl\u00e9mom sp\u00f4soben\u00fdm nadmern\u00fdm vystaven\u00edm UV \u017eiareniu a modr\u00e9mu svetlu zo zariaden\u00ed, ako s\u00fa telef\u00f3ny a obrazovky po\u010d\u00edta\u010dov. Okrem prevencie po\u0161kodenia tieto kvapky podporuj\u00fa aj jasn\u00e9 videnie t\u00fdm, \u017ee dod\u00e1vaj\u00fa d\u00f4le\u017eit\u00e9 \u017eiviny a vitam\u00edny priamo do o\u010d\u00ed &#8211; bez nutnosti n\u00e1v\u0161tevy optometristu alebo u\u017e\u00edvania liekov! \u010ci u\u017e sa sna\u017e\u00edte zlep\u0161i\u0165 svoj s\u00fa\u010dasn\u00fd stav o\u010d\u00ed alebo chr\u00e1ni\u0165 svoj bud\u00faci stav, Oculear sa o v\u00e1s postar\u00e1. Bezpe\u010dn\u00fd pre v\u0161etky vekov\u00e9 kateg\u00f3rie a dostupn\u00fd vo forme jednoduch\u00fdch kvapiek &#8211; doru\u010dovan\u00fdch priamo k va\u0161im dver\u00e1m bez potreby lek\u00e1rskeho predpisu &#8211; nie je ni\u010d jednoduch\u0161ie. Neriskujte so svojimi o\u010dami: zabezpe\u010dte ich ochranu pomocou pr\u00edrodnej sily pr\u00edpravku Oculear e\u0161te dnes!<\/p>\n<h2>Posu\u0148te svoju v\u00edziu na vy\u0161\u0161iu \u00farove\u0148 so syst\u00e9mom Oculear!<\/h2>\n<p>Na\u0161e revolu\u010dn\u00e9 o\u010dn\u00e9 kvapky s\u00fa navrhnut\u00e9 tak, aby poskytovali pokro\u010dil\u00fa ochranu a zlep\u0161ovali zrak. Ch\u00e1peme, \u017ee starostlivos\u0165 o va\u0161e o\u010di je nevyhnutn\u00e1, a preto sme vytvorili produkt \u0161peci\u00e1lne vytvoren\u00fd na boj proti faktorom \u017eivotn\u00e9ho prostredia a \u017eivotn\u00e9ho \u0161t\u00fdlu, ktor\u00e9 m\u00f4\u017eu po\u0161kodi\u0165 n\u00e1\u0161 zrak.<\/p>\n<p>O\u010dn\u00e9 kvapky Oculear pon\u00fakaj\u00fa pokro\u010dil\u00fa podporu o\u010d\u00ed a \u00fa\u010dinn\u00fa ochranu proti ka\u017edodenn\u00fdm faktorom, ktor\u00e9 by mohli po\u0161kodi\u0165 n\u00e1\u0161 zrak. Na\u0161a jedine\u010dn\u00e1 zmes bylinn\u00fdch extraktov, pr\u00edrodn\u00fdch olejov a \u010fal\u0161\u00edch \u00fa\u010dinn\u00fdch l\u00e1tok pom\u00e1ha chr\u00e1ni\u0165 jemn\u00e9 tkaniv\u00e1 v o\u010diach a z\u00e1rove\u0148 zlep\u0161uje jasnos\u0165 videnia. Navy\u0161e je na\u0161e zlo\u017eenie dostato\u010dne bezpe\u010dn\u00e9 na to, aby ste ho mohli pou\u017e\u00edva\u0165 pod\u013ea potreby a udr\u017eiava\u0165 tak svoje o\u010di svie\u017ee ka\u017ed\u00fd de\u0148.<\/p>\n<p>Okrem zlep\u0161enia jasnosti videnia si pou\u017e\u00edvatelia Oculear bud\u00fa m\u00f4c\u0165 u\u017e\u00edva\u0165 v\u00e4\u010d\u0161\u00ed komfort pre svoje o\u010di po\u010das cel\u00e9ho d\u0148a. Chladiv\u00e9 a upokojuj\u00face \u00fa\u010dinky pr\u00edpravku Oculear bojuj\u00fa proti podr\u00e1\u017edeniu, suchosti. A \u00fanave sp\u00f4sobenej dlh\u00fdmi hodinami pr\u00e1ce s obrazovkami alebo vystaven\u00edm \u017eivlom, ako je vietor, prach, dym a smog. Tento produkt, \u0161peci\u00e1lne vytvoren\u00fd na dosiahnutie maxim\u00e1lnej \u00fa\u010dinnosti, sa odli\u0161uje od ostatn\u00fdch v\u00fdrobkov na starostlivos\u0165 o o\u010di na s\u00fa\u010dasnom trhu. Preto\u017ee prin\u00e1\u0161a vynikaj\u00face v\u00fdsledky bez nepr\u00edjemn\u00fdch ved\u013eaj\u0161\u00edch \u00fa\u010dinkov &#8211; len jasnej\u0161ie videnie!<\/p>\n<p>D\u00f4verujte sile pr\u00edpravku Oculear &#8211; na\u0161e ekologicky udr\u017eate\u013en\u00e9 pr\u00edrodn\u00e9 zlo\u017eky v\u00e1s ochr\u00e1nia pred \u010fal\u0161\u00edm opotrebovan\u00edm, aby ste si mohli rok \u010do rok u\u017e\u00edva\u0165 \u017eivot s dokonal\u00fdm zrakom! Pripravte sa na ostrej\u0161\u00ed zrak &#8211; vysk\u00fa\u0161ajte Oculear e\u0161te dnes!<\/p>\n","protected":false},"excerpt":{"rendered":"<p>O\u010dn\u00e9 kvapky Oculear pon\u00fakaj\u00fa pokro\u010dil\u00fa podporu o\u010d\u00ed a \u00fa\u010dinn\u00fa ochranu proti ka\u017edodenn\u00fdm faktorom, ktor\u00e9 by mohli po\u0161kodi\u0165 n\u00e1\u0161 zrak. K\u00fapi\u0165 Oculear v Slovenskej Republike za v\u00fdhodn\u00fa cenu. Cena. Hodnotenie. Kde k\u00fapi\u0165. K\u00fapte si Oculear online.<\/p>\n","protected":false},"featured_media":6810,"comment_status":"open","ping_status":"closed","template":"","meta":{"site-sidebar-layout":"default","site-content-layout":"default","ast-site-content-layout":"default","site-content-style":"default","site-sidebar-style":"default","ast-global-header-display":"","ast-banner-title-visibility":"","ast-main-header-display":"","ast-hfb-above-header-display":"","ast-hfb-below-header-display":"","ast-hfb-mobile-header-display":"","site-post-title":"","ast-breadcrumbs-content":"","ast-featured-img":"","footer-sml-layout":"","ast-disable-related-posts":"","theme-transparent-header-meta":"default","adv-header-id-meta":"","stick-header-meta":"","header-above-stick-meta":"","header-main-stick-meta":"","header-below-stick-meta":"","astra-migrate-meta-layouts":"default","ast-page-background-enabled":"default","ast-page-background-meta":{"desktop":{"background-color":"","background-image":"","background-repeat":"repeat","background-position":"center center","background-size":"auto","background-attachment":"scroll","background-type":"","background-media":"","overlay-type":"","overlay-color":"","overlay-opacity":"","overlay-gradient":""},"tablet":{"background-color":"","background-image":"","background-repeat":"repeat","background-position":"center center","background-size":"auto","background-attachment":"scroll","background-type":"","background-media":"","overlay-type":"","overlay-color":"","overlay-opacity":"","overlay-gradient":""},"mobile":{"background-color":"","background-image":"","background-repeat":"repeat","background-position":"center center","background-size":"auto","background-attachment":"scroll","background-type":"","background-media":"","overlay-type":"","overlay-color":"","overlay-opacity":"","overlay-gradient":""}},"ast-content-background-meta":{"desktop":{"background-color":"var(--ast-global-color-5)","background-image":"","background-repeat":"repeat","background-position":"center center","background-size":"auto","background-attachment":"scroll","background-type":"","background-media":"","overlay-type":"","overlay-color":"","overlay-opacity":"","overlay-gradient":""},"tablet":{"background-color":"var(--ast-global-color-5)","background-image":"","background-repeat":"repeat","background-position":"center center","background-size":"auto","background-attachment":"scroll","background-type":"","background-media":"","overlay-type":"","overlay-color":"","overlay-opacity":"","overlay-gradient":""},"mobile":{"background-color":"var(--ast-global-color-5)","background-image":"","background-repeat":"repeat","background-position":"center center","background-size":"auto","background-attachment":"scroll","background-type":"","background-media":"","overlay-type":"","overlay-color":"","overlay-opacity":"","overlay-gradient":""}}},"product_brand":[],"product_cat":[41],"product_tag":[],"class_list":{"0":"post-6614","1":"product","2":"type-product","3":"status-publish","4":"has-post-thumbnail","6":"product_cat-produkty-pre-zdravie","7":"desktop-align-left","8":"tablet-align-left","9":"mobile-align-left","11":"first","12":"instock","13":"sale","14":"taxable","15":"shipping-taxable","16":"purchasable","17":"product-type-simple"},"_links":{"self":[{"href":"https:\/\/wellness4you.cz\/sk\/wp-json\/wp\/v2\/product\/6614","targetHints":{"allow":["GET"]}}],"collection":[{"href":"https:\/\/wellness4you.cz\/sk\/wp-json\/wp\/v2\/product"}],"about":[{"href":"https:\/\/wellness4you.cz\/sk\/wp-json\/wp\/v2\/types\/product"}],"replies":[{"embeddable":true,"href":"https:\/\/wellness4you.cz\/sk\/wp-json\/wp\/v2\/comments?post=6614"}],"wp:featuredmedia":[{"embeddable":true,"href":"https:\/\/wellness4you.cz\/sk\/wp-json\/wp\/v2\/media\/6810"}],"wp:attachment":[{"href":"https:\/\/wellness4you.cz\/sk\/wp-json\/wp\/v2\/media?parent=6614"}],"wp:term":[{"taxonomy":"product_brand","embeddable":true,"href":"https:\/\/wellness4you.cz\/sk\/wp-json\/wp\/v2\/product_brand?post=6614"},{"taxonomy":"product_cat","embeddable":true,"href":"https:\/\/wellness4you.cz\/sk\/wp-json\/wp\/v2\/product_cat?post=6614"},{"taxonomy":"product_tag","embeddable":true,"href":"https:\/\/wellness4you.cz\/sk\/wp-json\/wp\/v2\/product_tag?post=6614"}],"curies":[{"name":"wp","href":"https:\/\/api.w.org\/{rel}","templated":true}]}}