{"id":6613,"date":"2023-01-15T04:11:54","date_gmt":"2023-01-15T03:11:54","guid":{"rendered":"https:\/\/wellness4you.cz\/sk\/?post_type=product&#038;p=6613"},"modified":"2026-01-08T22:52:34","modified_gmt":"2026-01-08T21:52:34","slug":"normadex","status":"publish","type":"product","link":"https:\/\/wellness4you.cz\/sk\/normadex\/","title":{"rendered":"Normadex"},"content":{"rendered":"<p>H\u013ead\u00e1te najv\u00e4\u010d\u0161ieho \u010drevn\u00e9ho nepriate\u013ea parazitov? U\u017e neh\u013eadajte \u010falej &#8211; Normadex je tu! T\u00e1to siln\u00e1 a \u00fa\u010dinn\u00e1 lie\u010dba je va\u0161\u00edm komplexn\u00fdm rie\u0161en\u00edm, ako sa rozl\u00fa\u010di\u0165 so v\u0161etk\u00fdmi formami parazitov.<\/p>\n<p>Normadex usilovne pracuje na normaliz\u00e1cii v\u00e1\u0161ho tr\u00e1viaceho traktu a z\u00e1rove\u0148 \u00faplne eliminuje v\u0161etky druhy \u010dervov. Navy\u0161e dezinfikuje v\u0161etky zvy\u0161n\u00e9 odpadov\u00e9 produkty, ktor\u00e9 po sebe t\u00edto \u0161kodcovia zanechali, \u010d\u00edm pom\u00e1ha zastavi\u0165 op\u00e4tovn\u00fa infekciu. Jeho r\u00fdchlo p\u00f4sobiace zlo\u017eenie sa r\u00fdchlo rozbehne a zbav\u00ed v\u00e1s otravn\u00fdch parazitov nadobro.<\/p>\n<p>Nedovo\u013ete, aby v\u00e1m t\u00edto mal\u00ed \u0161kodcovia viac kazili de\u0148! S Normadexom ste na ceste k ove\u013ea zdrav\u0161iemu a \u0161\u0165astnej\u0161iemu \u017eivotu. Vyrie\u0161te svoje \u017eal\u00fado\u010dn\u00e9 probl\u00e9my hne\u010f teraz &#8211; vysk\u00fa\u0161ajte Normadex e\u0161te dnes!<\/p>\n<h2>H\u013ead\u00e1te sp\u00f4sob, ako z\u00edska\u0165 sp\u00e4\u0165 svoju silu, vitalitu a pohodu? Potom s\u00fa Normadex Kapsule odpove\u010fou!<\/h2>\n<p>U\u017e po st\u00e1ro\u010dia sa pr\u00edrodn\u00e9 lie\u010div\u00e9 zlo\u017eky pou\u017e\u00edvaj\u00fa na boj proti parazitom a obnovenie rovnov\u00e1hy v tele. Preto sme vytvorili Normadex Kapsule &#8211; aby sme sa zamerali na tieto otravn\u00e9 parazity pomocou pr\u00edrodn\u00fdch zlo\u017eiek, ktor\u00e9 v\u00e1m dodaj\u00fa pocit omladenia a energie.<\/p>\n<p>\u00da\u010dinn\u00e1 kombin\u00e1cia kurkumy, kore\u0148a z\u00e1zvoru a plnkovej zeminy pom\u00e1ha vyh\u00e1\u0148a\u0165 \u010drevn\u00e9 \u010dervy a z\u00e1rove\u0148 posil\u0148uje v\u00e1\u0161 imunitn\u00fd syst\u00e9m. Tieto kapsuly sa \u013eahko vstreb\u00e1vaj\u00fa bez ak\u00fdchko\u013evek ved\u013eaj\u0161\u00edch \u00fa\u010dinkov, tak\u017ee m\u00f4\u017eete veri\u0165, \u017ee bud\u00fa zaka\u017ed\u00fdm \u00fa\u010dinn\u00e9. Navy\u0161e s\u00fa na pr\u00edrodnej b\u00e1ze bez umel\u00fdch farb\u00edv a konzerva\u010dn\u00fdch l\u00e1tok &#8211; v\u010faka tomu s\u00fa bezpe\u010dn\u00e9 na pravideln\u00e9 u\u017e\u00edvanie.<\/p>\n<p>Normadex Kapsule s\u00fa vhodn\u00e9 pre dospel\u00fdch a deti &#8211; pre ka\u017ed\u00e9ho, kto chce prevent\u00edvne bojova\u0165 proti \u010drevn\u00fdm \u010dervom a parazitom, zv\u00fd\u0161i\u0165 hladinu energie, zlep\u0161i\u0165 vzh\u013ead svojich vlasov, poko\u017eky a nechtov alebo posilni\u0165 zdravie tr\u00e1viaceho traktu!<\/p>\n<p>Prevezmite kontrolu nad svojou vitalitou e\u0161te dnes s Normadex Kapsulami; va\u0161ou jedinou zast\u00e1vkou pre obnovenie parity v tele! Pr\u00edrodn\u00e1 zmes starod\u00e1vnych prostriedkov je dokonale vyv\u00e1\u017een\u00e1 pre v\u0161etky vekov\u00e9 kateg\u00f3rie &#8211; pre\u010do ju nevysk\u00fa\u0161a\u0165 pr\u00e1ve teraz!?<\/p>\n","protected":false},"excerpt":{"rendered":"<p>Normadex usilovne pracuje na normaliz\u00e1cii v\u00e1\u0161ho tr\u00e1viaceho traktu a z\u00e1rove\u0148 \u00faplne eliminuje v\u0161etky druhy \u010dervov. K\u00fapi\u0165 Normadex v Slovenskej Republike za v\u00fdhodn\u00fa cenu. Hodnotenie. Kde k\u00fapi\u0165. Cena. K\u00fapte si Normadex online.<\/p>\n","protected":false},"featured_media":6808,"comment_status":"open","ping_status":"closed","template":"","meta":{"site-sidebar-layout":"default","site-content-layout":"default","ast-site-content-layout":"default","site-content-style":"default","site-sidebar-style":"default","ast-global-header-display":"","ast-banner-title-visibility":"","ast-main-header-display":"","ast-hfb-above-header-display":"","ast-hfb-below-header-display":"","ast-hfb-mobile-header-display":"","site-post-title":"","ast-breadcrumbs-content":"","ast-featured-img":"","footer-sml-layout":"","ast-disable-related-posts":"","theme-transparent-header-meta":"default","adv-header-id-meta":"","stick-header-meta":"","header-above-stick-meta":"","header-main-stick-meta":"","header-below-stick-meta":"","astra-migrate-meta-layouts":"set","ast-page-background-enabled":"default","ast-page-background-meta":{"desktop":{"background-color":"","background-image":"","background-repeat":"repeat","background-position":"center center","background-size":"auto","background-attachment":"scroll","background-type":"","background-media":"","overlay-type":"","overlay-color":"","overlay-opacity":"","overlay-gradient":""},"tablet":{"background-color":"","background-image":"","background-repeat":"repeat","background-position":"center center","background-size":"auto","background-attachment":"scroll","background-type":"","background-media":"","overlay-type":"","overlay-color":"","overlay-opacity":"","overlay-gradient":""},"mobile":{"background-color":"","background-image":"","background-repeat":"repeat","background-position":"center center","background-size":"auto","background-attachment":"scroll","background-type":"","background-media":"","overlay-type":"","overlay-color":"","overlay-opacity":"","overlay-gradient":""}},"ast-content-background-meta":{"desktop":{"background-color":"var(--ast-global-color-5)","background-image":"","background-repeat":"repeat","background-position":"center center","background-size":"auto","background-attachment":"scroll","background-type":"","background-media":"","overlay-type":"","overlay-color":"","overlay-opacity":"","overlay-gradient":""},"tablet":{"background-color":"var(--ast-global-color-5)","background-image":"","background-repeat":"repeat","background-position":"center center","background-size":"auto","background-attachment":"scroll","background-type":"","background-media":"","overlay-type":"","overlay-color":"","overlay-opacity":"","overlay-gradient":""},"mobile":{"background-color":"var(--ast-global-color-5)","background-image":"","background-repeat":"repeat","background-position":"center center","background-size":"auto","background-attachment":"scroll","background-type":"","background-media":"","overlay-type":"","overlay-color":"","overlay-opacity":"","overlay-gradient":""}}},"product_brand":[],"product_cat":[41],"product_tag":[],"class_list":{"0":"post-6613","1":"product","2":"type-product","3":"status-publish","4":"has-post-thumbnail","6":"product_cat-produkty-pre-zdravie","7":"desktop-align-left","8":"tablet-align-left","9":"mobile-align-left","11":"first","12":"instock","13":"sale","14":"taxable","15":"shipping-taxable","16":"purchasable","17":"product-type-simple"},"_links":{"self":[{"href":"https:\/\/wellness4you.cz\/sk\/wp-json\/wp\/v2\/product\/6613","targetHints":{"allow":["GET"]}}],"collection":[{"href":"https:\/\/wellness4you.cz\/sk\/wp-json\/wp\/v2\/product"}],"about":[{"href":"https:\/\/wellness4you.cz\/sk\/wp-json\/wp\/v2\/types\/product"}],"replies":[{"embeddable":true,"href":"https:\/\/wellness4you.cz\/sk\/wp-json\/wp\/v2\/comments?post=6613"}],"wp:featuredmedia":[{"embeddable":true,"href":"https:\/\/wellness4you.cz\/sk\/wp-json\/wp\/v2\/media\/6808"}],"wp:attachment":[{"href":"https:\/\/wellness4you.cz\/sk\/wp-json\/wp\/v2\/media?parent=6613"}],"wp:term":[{"taxonomy":"product_brand","embeddable":true,"href":"https:\/\/wellness4you.cz\/sk\/wp-json\/wp\/v2\/product_brand?post=6613"},{"taxonomy":"product_cat","embeddable":true,"href":"https:\/\/wellness4you.cz\/sk\/wp-json\/wp\/v2\/product_cat?post=6613"},{"taxonomy":"product_tag","embeddable":true,"href":"https:\/\/wellness4you.cz\/sk\/wp-json\/wp\/v2\/product_tag?post=6613"}],"curies":[{"name":"wp","href":"https:\/\/api.w.org\/{rel}","templated":true}]}}