{"id":6612,"date":"2023-01-15T04:11:54","date_gmt":"2023-01-15T03:11:54","guid":{"rendered":"https:\/\/wellness4you.cz\/sk\/?post_type=product&#038;p=6612"},"modified":"2026-01-08T22:52:34","modified_gmt":"2026-01-08T21:52:34","slug":"nicozero","status":"publish","type":"product","link":"https:\/\/wellness4you.cz\/sk\/nicozero\/","title":{"rendered":"NicoZero"},"content":{"rendered":"<h2>Rozl\u00fa\u010dte sa s chu\u0165ou na jedlo &#8211; a pozdravte sa zdrav\u0161\u00edm &#8211; s NicoZero!<\/h2>\n<p>NicoZero je \u0161pi\u010dkou v oblasti n\u00e1hradnej nikot\u00ednovej terapie a je navrhnut\u00fd tak, aby v\u00e1m pomohol nadobro sa zbavi\u0165 faj\u010diarskeho n\u00e1vyku. U\u017e po jednom t\u00fd\u017edni u\u017e\u00edvania budete na ceste k lep\u0161iemu \u017eivotu.<\/p>\n<p>Syst\u00e9m NicoZero vyu\u017e\u00edva patentovan\u00fa recept\u00faru lie\u010div\u00fdch byl\u00edn, zn\u00e1mu ako ajurv\u00e9dska zmes, ktor\u00e9 s\u00fa napusten\u00e9 v nikot\u00ednov\u00fdch n\u00e1plastiach. Tieto n\u00e1plasti mo\u017eno nosi\u0165 po\u010das d\u0148a alebo ve\u010der a s\u00fa navrhnut\u00e9 s presn\u00fdmi bodmi, tak\u017ee ani faj\u010diari s citlivou poko\u017ekou nebud\u00fa poci\u0165ova\u0165 \u017eiadne nepohodlie. Navy\u0161e, ke\u010f\u017ee n\u00e1plas\u0165 je napusten\u00e1 bylinkami, klienti z\u00edskavaj\u00fa \u010fal\u0161ie v\u00fdhody, ako je zlep\u0161enie n\u00e1lady a zn\u00ed\u017eenie stresu, bez toho, aby sa museli ob\u00e1va\u0165 prostredia alebo pas\u00edvneho faj\u010denia.<\/p>\n<p>Ak ste teda pripraven\u00ed da\u0165 cigaret\u00e1m zbohom a za\u010da\u0165 op\u00e4\u0165 \u017ei\u0165 zdrav\u0161ie, potom u\u017e neh\u013eadajte ni\u010d in\u00e9 ako NicoZero! Tento \u0161ikovne navrhnut\u00fd produkt je ide\u00e1lny pre t\u00fdch, ktor\u00ed h\u013eadaj\u00fa dlhodob\u00e9 rie\u0161enie, ktor\u00e9 poskytuje celodenn\u00fa \u00fa\u013eavu od chuti na cigaretu!<\/p>\n<h2>Predstavujeme sp\u00f4sob, ako presta\u0165 faj\u010di\u0165 bez bolestivo nepr\u00edjemn\u00fdch abstinen\u010dn\u00fdch pr\u00edznakov.<\/h2>\n<p>Pre\u010do str\u00e1ca\u0165 \u010das rie\u0161en\u00edm chuti a bojom s vlastn\u00fdm telom \u010do i len o jedin\u00fd de\u0148 dlh\u0161ie? Kvapky NicoZero v\u00e1m umo\u017enia \u013eahko sa zbavi\u0165 z\u00e1vislosti od nikot\u00ednu bez toho, aby ste museli \u00faplne zmeni\u0165 svoj \u017eivotn\u00fd \u0161t\u00fdl.<\/p>\n<p>Vyu\u017eite nielen zn\u00ed\u017eenie z\u00e1vislosti od nikot\u00ednu, ale aj zlep\u0161enie funkcie p\u013e\u00fac, krvn\u00e9ho tlaku, zdravia poko\u017eky a \u010fal\u0161\u00edch. V\u00fdber NicoZero je naozaj najjednoduch\u0161\u00ed sp\u00f4sob, ako porazi\u0165 z\u00e1vislos\u0165 od nikot\u00ednu a z\u00edska\u0165 sp\u00e4\u0165 svoj \u017eivot. na\u0161e unik\u00e1tne kvapky pracuj\u00fa s prirodzen\u00fdmi procesmi v tele, aby zn\u00ed\u017eili z\u00e1vislos\u0165 a z\u00e1rove\u0148 zmiernili v\u0161etky pocity t\u00fa\u017eby, tak\u017ee sa m\u00f4\u017eete s\u00fastredi\u0165 na napredovanie. NicoZero navy\u0161e p\u00f4sob\u00ed r\u00fdchlo, tak\u017ee \u00fa\u013eavu poc\u00edtite u\u017e v priebehu nieko\u013ek\u00fdch min\u00fat po u\u017eit\u00ed.<\/p>\n<p>Rozl\u00fa\u010dte sa so znepokojuj\u00facimi abstinen\u010dn\u00fdmi pr\u00edznakmi a vyrazte vpred s NicoZero! Na\u0161e pokro\u010dil\u00e9 rie\u0161enie v\u00e1m poskytne r\u00fdchlu \u00fa\u013eavu od z\u00e1vislosti od nikot\u00ednu, ktor\u00e1 si nevy\u017eaduje komplikovan\u00e9 zmeny \u017eivotn\u00e9ho \u0161t\u00fdlu ani stresuj\u00face strat\u00e9gie &#8211; tentoraz bude prekonanie t\u00fa\u017eby jednoduch\u0161ie ako kedyko\u013evek predt\u00fdm! Tak ne\u010dakajte &#8211; vytvorte si \u017eivot bez faj\u010denia, ktor\u00fd si zasl\u00fa\u017eite, u\u017e dnes s pomocou NicoZero!<\/p>\n","protected":false},"excerpt":{"rendered":"<p>NicoZero je \u0161pi\u010dkou v oblasti n\u00e1hradnej nikot\u00ednovej terapie. K\u00fapi\u0165 NicoZero v Slovenskej Republike za v\u00fdhodn\u00fa cenu. Kde k\u00fapi\u0165. Cena. Hodnotenie. Doru\u010denie na celom Slovensku: Ko\u0161ice, Bratislava, Zvolen, Prievidza, Poprad, Martin, Tren\u010d\u00edn, Trnava, Bansk\u00e1 Bystrica, Nitra, \u017dilina, Pre\u0161ov, Michalovce, Nov\u00e9 Z\u00e1mky a Pova\u017esk\u00e1 Bystrica. Kontraindik\u00e1cie, Ako si tovar vzia\u0165, Indik\u00e1cie pre pou\u017eitie. K\u00fapte si NicoZero online.<\/p>\n","protected":false},"featured_media":6806,"comment_status":"open","ping_status":"closed","template":"","meta":{"site-sidebar-layout":"default","site-content-layout":"default","ast-site-content-layout":"default","site-content-style":"default","site-sidebar-style":"default","ast-global-header-display":"","ast-banner-title-visibility":"","ast-main-header-display":"","ast-hfb-above-header-display":"","ast-hfb-below-header-display":"","ast-hfb-mobile-header-display":"","site-post-title":"","ast-breadcrumbs-content":"","ast-featured-img":"","footer-sml-layout":"","ast-disable-related-posts":"","theme-transparent-header-meta":"default","adv-header-id-meta":"","stick-header-meta":"","header-above-stick-meta":"","header-main-stick-meta":"","header-below-stick-meta":"","astra-migrate-meta-layouts":"set","ast-page-background-enabled":"default","ast-page-background-meta":{"desktop":{"background-color":"","background-image":"","background-repeat":"repeat","background-position":"center center","background-size":"auto","background-attachment":"scroll","background-type":"","background-media":"","overlay-type":"","overlay-color":"","overlay-opacity":"","overlay-gradient":""},"tablet":{"background-color":"","background-image":"","background-repeat":"repeat","background-position":"center center","background-size":"auto","background-attachment":"scroll","background-type":"","background-media":"","overlay-type":"","overlay-color":"","overlay-opacity":"","overlay-gradient":""},"mobile":{"background-color":"","background-image":"","background-repeat":"repeat","background-position":"center center","background-size":"auto","background-attachment":"scroll","background-type":"","background-media":"","overlay-type":"","overlay-color":"","overlay-opacity":"","overlay-gradient":""}},"ast-content-background-meta":{"desktop":{"background-color":"var(--ast-global-color-5)","background-image":"","background-repeat":"repeat","background-position":"center center","background-size":"auto","background-attachment":"scroll","background-type":"","background-media":"","overlay-type":"","overlay-color":"","overlay-opacity":"","overlay-gradient":""},"tablet":{"background-color":"var(--ast-global-color-5)","background-image":"","background-repeat":"repeat","background-position":"center center","background-size":"auto","background-attachment":"scroll","background-type":"","background-media":"","overlay-type":"","overlay-color":"","overlay-opacity":"","overlay-gradient":""},"mobile":{"background-color":"var(--ast-global-color-5)","background-image":"","background-repeat":"repeat","background-position":"center center","background-size":"auto","background-attachment":"scroll","background-type":"","background-media":"","overlay-type":"","overlay-color":"","overlay-opacity":"","overlay-gradient":""}}},"product_brand":[],"product_cat":[41],"product_tag":[],"class_list":{"0":"post-6612","1":"product","2":"type-product","3":"status-publish","4":"has-post-thumbnail","6":"product_cat-produkty-pre-zdravie","7":"desktop-align-left","8":"tablet-align-left","9":"mobile-align-left","11":"first","12":"instock","13":"sale","14":"taxable","15":"shipping-taxable","16":"purchasable","17":"product-type-simple"},"_links":{"self":[{"href":"https:\/\/wellness4you.cz\/sk\/wp-json\/wp\/v2\/product\/6612","targetHints":{"allow":["GET"]}}],"collection":[{"href":"https:\/\/wellness4you.cz\/sk\/wp-json\/wp\/v2\/product"}],"about":[{"href":"https:\/\/wellness4you.cz\/sk\/wp-json\/wp\/v2\/types\/product"}],"replies":[{"embeddable":true,"href":"https:\/\/wellness4you.cz\/sk\/wp-json\/wp\/v2\/comments?post=6612"}],"wp:featuredmedia":[{"embeddable":true,"href":"https:\/\/wellness4you.cz\/sk\/wp-json\/wp\/v2\/media\/6806"}],"wp:attachment":[{"href":"https:\/\/wellness4you.cz\/sk\/wp-json\/wp\/v2\/media?parent=6612"}],"wp:term":[{"taxonomy":"product_brand","embeddable":true,"href":"https:\/\/wellness4you.cz\/sk\/wp-json\/wp\/v2\/product_brand?post=6612"},{"taxonomy":"product_cat","embeddable":true,"href":"https:\/\/wellness4you.cz\/sk\/wp-json\/wp\/v2\/product_cat?post=6612"},{"taxonomy":"product_tag","embeddable":true,"href":"https:\/\/wellness4you.cz\/sk\/wp-json\/wp\/v2\/product_tag?post=6612"}],"curies":[{"name":"wp","href":"https:\/\/api.w.org\/{rel}","templated":true}]}}