{"id":6611,"date":"2023-01-15T04:11:54","date_gmt":"2023-01-15T03:11:54","guid":{"rendered":"https:\/\/wellness4you.cz\/sk\/?post_type=product&#038;p=6611"},"modified":"2026-01-08T22:52:34","modified_gmt":"2026-01-08T21:52:34","slug":"manbuilder","status":"publish","type":"product","link":"https:\/\/wellness4you.cz\/sk\/manbuilder\/","title":{"rendered":"ManBuilder"},"content":{"rendered":"<h2>Predstavujeme ManBuilder &#8211; dokonal\u00e9 rie\u0161enie, ako z\u00edska\u0165 sp\u00e4\u0165 kontrolu a znovu z\u00edska\u0165 spokojnos\u0165 v sp\u00e1lni!<\/h2>\n<p>\u010ci u\u017e chcete zv\u00fd\u0161i\u0165 svoju sexu\u00e1lnu t\u00fa\u017ebu, zlep\u0161i\u0165 svoju v\u00fddr\u017e alebo ma\u0165 silnej\u0161iu a trvalej\u0161iu erekciu, ManBuilder sa o v\u00e1s postar\u00e1! Tento siln\u00fd pr\u00edrodn\u00fd doplnok je starostlivo zlo\u017een\u00fd zo z\u00e1kladn\u00fdch zlo\u017eiek, ktor\u00e9 spolu synergicky p\u00f4sobia. Pom\u00f4\u017eu v\u00e1m nielen zv\u00fd\u0161i\u0165 sexu\u00e1lnu v\u00fdkonnos\u0165, ale aj pozdvihn\u00fa\u0165 celkov\u00fa kvalitu v\u00e1\u0161ho \u017eivota. Rozl\u00fa\u010dte sa s d\u0148ami, ke\u010f ste v posteli bojovali, preto\u017ee teraz v\u00e1m ManBuilder m\u00f4\u017ee vr\u00e1ti\u0165 sebavedomie a v\u00fdkony, v\u010faka ktor\u00fdm sa budete c\u00edti\u0165 ako skuto\u010dn\u00fd mu\u017e.<\/p>\n<p>Ka\u017ed\u00e1 kapsula obsahuje aj patentovan\u00fa zmes byl\u00edn a vitam\u00ednov na doplnenie \u017eivotne d\u00f4le\u017eit\u00fdch \u017eiv\u00edn potrebn\u00fdch na optim\u00e1lny z\u00e1\u017eitok v sp\u00e1lni. Sta\u010d\u00ed jedna tableta denne odomkne v\u00e1\u0161 pln\u00fd potenci\u00e1l a poskytne v\u00e1m bezhrani\u010dn\u00e9 v\u00fdhody pre du\u0161evn\u00e9 zdravie &#8211; lep\u0161ie s\u00fastredenie, zlep\u0161enie kvality sp\u00e1nku, pozdvihnutie n\u00e1lady at\u010f. a umo\u017en\u00ed v\u00e1m prevzia\u0165 zodpovednos\u0165 vo v\u0161etk\u00fdch oblastiach v\u00e1\u0161ho \u017eivota. Nenechajte sa teda u\u017e viac zastra\u0161i\u0165 &#8211; nechajte ManBuilder, aby v\u00e1m pomohol dosta\u0165 sa sp\u00e4\u0165 na vrchol!<\/p>\n<h2>Ste unaven\u00ed z pocitu, \u017ee ste svojho partnera medzi poste\u013eami sklamali?<\/h2>\n<p>ManBuilder m\u00e1 rie\u0161enie, ktor\u00e9 v\u00e1m pom\u00f4\u017ee z\u00edska\u0165 sp\u00e4\u0165 sebad\u00f4veru a spokojnos\u0165 v sexu\u00e1lnom \u017eivote. Je revolu\u010dn\u00fd produkt, ktor\u00fd umo\u017e\u0148uje mu\u017eom prevzia\u0165 kontrolu a by\u0165 l\u00eddrami v sp\u00e1lni. Tento jedine\u010dn\u00fd lek\u00e1rsky overen\u00fd vzorec poskytuje pou\u017e\u00edvate\u013eom zv\u00fd\u0161en\u00fa vitalitu, ako aj silu a vytrvalos\u0165 na pred\u013a\u017eenie v\u00fdkonu. ManBuilder navy\u0161e pom\u00e1ha zv\u00fd\u0161i\u0165 p\u00f4\u017eitok pre oboch partnerov!<\/p>\n<p>ManBuilder obsahuje \u00faplne pr\u00edrodn\u00fa zmes vedecky overen\u00fdch zlo\u017eiek, ako je \u017een\u0161en, kore\u0148 maca, Tongkat Ali. V kombin\u00e1cii m\u00f4\u017eu tieto zlo\u017eky pom\u00f4c\u0165 pou\u017e\u00edvate\u013eom sta\u0165 sa dlh\u0161ie trvaj\u00facimi, intenz\u00edvnej\u0161\u00edmi milencami. Najlep\u0161ie zo v\u0161etk\u00e9ho &#8211; tento neuverite\u013en\u00fd produkt funguje bez toho, aby svojho pou\u017e\u00edvate\u013ea vystavil nebezpe\u010dn\u00fdm chemik\u00e1li\u00e1m!<\/p>\n<p>S exkluz\u00edvnou formulou ManBuilder sa kone\u010dne budete m\u00f4c\u0165 sta\u0165 dokonal\u00fdm sexu\u00e1lnym majstrom v sp\u00e1lni. Na\u0161i pou\u017e\u00edvatelia hl\u00e1sili v\u00fdsledky u\u017e do 48 hod\u00edn po u\u017eit\u00ed prvej tablety! Nenechajte si ujs\u0165 t\u00fato jedine\u010dn\u00fa pr\u00edle\u017eitos\u0165, ktor\u00e1 sa v\u00e1m naskytne raz za \u017eivot, aby ste prudko zv\u00fd\u0161ili svoje pote\u0161enie a v\u00fdkon &#8211; s na\u0161\u00edm klinicky sk\u00faman\u00fdm produktom u\u017e nikdy neza\u017eijete nenaplnen\u00fa noc. Prevezmite zodpovednos\u0165 e\u0161te dnes s ManBuilder!<\/p>\n","protected":false},"excerpt":{"rendered":"<p>ManBuilder v\u00e1m pom\u00f4\u017ee z\u00edska\u0165 sp\u00e4\u0165 sebad\u00f4veru a spokojnos\u0165 v sexu\u00e1lnom \u017eivote. K\u00fapi\u0165 ManBuilder v Slovenskej Republike za v\u00fdhodn\u00fa cenu. Cena. Hodnotenie. Kde k\u00fapi\u0165. Doru\u010denie na celom Slovensku: Bratislava, Zvolen, Prievidza, Poprad, Martin, Tren\u010d\u00edn, Trnava, Bansk\u00e1 Bystrica, Nitra, \u017dilina, Pre\u0161ov, Ko\u0161ice, Nov\u00e9 Z\u00e1mky, Pova\u017esk\u00e1 Bystrica a Malacky. Ako si tovar vzia\u0165, Indik\u00e1cie pre pou\u017eitie, Kontraindik\u00e1cie. K\u00fapte si ManBuilder online.<\/p>\n","protected":false},"featured_media":6804,"comment_status":"open","ping_status":"closed","template":"","meta":{"site-sidebar-layout":"default","site-content-layout":"default","ast-site-content-layout":"default","site-content-style":"default","site-sidebar-style":"default","ast-global-header-display":"","ast-banner-title-visibility":"","ast-main-header-display":"","ast-hfb-above-header-display":"","ast-hfb-below-header-display":"","ast-hfb-mobile-header-display":"","site-post-title":"","ast-breadcrumbs-content":"","ast-featured-img":"","footer-sml-layout":"","ast-disable-related-posts":"","theme-transparent-header-meta":"default","adv-header-id-meta":"","stick-header-meta":"","header-above-stick-meta":"","header-main-stick-meta":"","header-below-stick-meta":"","astra-migrate-meta-layouts":"default","ast-page-background-enabled":"default","ast-page-background-meta":{"desktop":{"background-color":"","background-image":"","background-repeat":"repeat","background-position":"center center","background-size":"auto","background-attachment":"scroll","background-type":"","background-media":"","overlay-type":"","overlay-color":"","overlay-opacity":"","overlay-gradient":""},"tablet":{"background-color":"","background-image":"","background-repeat":"repeat","background-position":"center center","background-size":"auto","background-attachment":"scroll","background-type":"","background-media":"","overlay-type":"","overlay-color":"","overlay-opacity":"","overlay-gradient":""},"mobile":{"background-color":"","background-image":"","background-repeat":"repeat","background-position":"center center","background-size":"auto","background-attachment":"scroll","background-type":"","background-media":"","overlay-type":"","overlay-color":"","overlay-opacity":"","overlay-gradient":""}},"ast-content-background-meta":{"desktop":{"background-color":"var(--ast-global-color-5)","background-image":"","background-repeat":"repeat","background-position":"center center","background-size":"auto","background-attachment":"scroll","background-type":"","background-media":"","overlay-type":"","overlay-color":"","overlay-opacity":"","overlay-gradient":""},"tablet":{"background-color":"var(--ast-global-color-5)","background-image":"","background-repeat":"repeat","background-position":"center center","background-size":"auto","background-attachment":"scroll","background-type":"","background-media":"","overlay-type":"","overlay-color":"","overlay-opacity":"","overlay-gradient":""},"mobile":{"background-color":"var(--ast-global-color-5)","background-image":"","background-repeat":"repeat","background-position":"center center","background-size":"auto","background-attachment":"scroll","background-type":"","background-media":"","overlay-type":"","overlay-color":"","overlay-opacity":"","overlay-gradient":""}}},"product_brand":[],"product_cat":[40],"product_tag":[],"class_list":{"0":"post-6611","1":"product","2":"type-product","3":"status-publish","4":"has-post-thumbnail","6":"product_cat-produkty-pre-muzov","7":"desktop-align-left","8":"tablet-align-left","9":"mobile-align-left","11":"first","12":"instock","13":"sale","14":"taxable","15":"shipping-taxable","16":"purchasable","17":"product-type-simple"},"_links":{"self":[{"href":"https:\/\/wellness4you.cz\/sk\/wp-json\/wp\/v2\/product\/6611","targetHints":{"allow":["GET"]}}],"collection":[{"href":"https:\/\/wellness4you.cz\/sk\/wp-json\/wp\/v2\/product"}],"about":[{"href":"https:\/\/wellness4you.cz\/sk\/wp-json\/wp\/v2\/types\/product"}],"replies":[{"embeddable":true,"href":"https:\/\/wellness4you.cz\/sk\/wp-json\/wp\/v2\/comments?post=6611"}],"wp:featuredmedia":[{"embeddable":true,"href":"https:\/\/wellness4you.cz\/sk\/wp-json\/wp\/v2\/media\/6804"}],"wp:attachment":[{"href":"https:\/\/wellness4you.cz\/sk\/wp-json\/wp\/v2\/media?parent=6611"}],"wp:term":[{"taxonomy":"product_brand","embeddable":true,"href":"https:\/\/wellness4you.cz\/sk\/wp-json\/wp\/v2\/product_brand?post=6611"},{"taxonomy":"product_cat","embeddable":true,"href":"https:\/\/wellness4you.cz\/sk\/wp-json\/wp\/v2\/product_cat?post=6611"},{"taxonomy":"product_tag","embeddable":true,"href":"https:\/\/wellness4you.cz\/sk\/wp-json\/wp\/v2\/product_tag?post=6611"}],"curies":[{"name":"wp","href":"https:\/\/api.w.org\/{rel}","templated":true}]}}