{"id":6610,"date":"2023-01-15T04:11:53","date_gmt":"2023-01-15T03:11:53","guid":{"rendered":"https:\/\/wellness4you.cz\/sk\/?post_type=product&#038;p=6610"},"modified":"2026-01-08T22:52:34","modified_gmt":"2026-01-08T21:52:34","slug":"lumos","status":"publish","type":"product","link":"https:\/\/wellness4you.cz\/sk\/lumos\/","title":{"rendered":"Lumos"},"content":{"rendered":"<h2>Ste pripraven\u00ed zmeni\u0165 svoju ple\u0165 pomocou jedn\u00e9ho \u00fa\u017easn\u00e9ho produktu?<\/h2>\n<p>Lumos je tu a sp\u00f4sob\u00ed revol\u00faciu v tom, ako vyzer\u00e1te a ako sa c\u00edtite! Tento \u00fa\u010dinn\u00fd depigmenta\u010dn\u00fd kr\u00e9m obsahuje patentovan\u00fa zmes pr\u00edrodn\u00fdch zlo\u017eiek, v\u010faka ktorej \u013eahko zn\u00ed\u017eite v\u00fdskyt tmav\u00fdch \u0161kv\u0155n, ako s\u00fa stareck\u00e9 \u0161kvrny alebo \u0161kvrny od slnka. U\u017e za nieko\u013eko kr\u00e1tkych t\u00fd\u017ed\u0148ov Lumos vyrovn\u00e1 t\u00f3n va\u0161ej pleti a obnov\u00ed jej mladistv\u00fd lesk.<\/p>\n<p>Pri pou\u017e\u00edvan\u00ed pod\u013ea pokynov je Lumos jednoduch\u00fdm a nen\u00e1ro\u010dn\u00fdm sp\u00f4sobom, ako dosiahnu\u0165 ve\u013ek\u00e9 v\u00fdsledky. \u013dahk\u00e9 zlo\u017eenie sa r\u00fdchlo vstreb\u00e1va do poko\u017eky bez toho, aby zanech\u00e1valo zvy\u0161ky. Je dostato\u010dne jemn\u00fd na ka\u017edodenn\u00e9 pou\u017eitie, tak\u017ee sa m\u00f4\u017eete te\u0161i\u0165 zo svie\u017eej a \u017eiarivej pleti ka\u017ed\u00fd de\u0148. A v\u010faka tomu, \u017ee neobsahuje \u017eiadne drsn\u00e9 chemik\u00e1lie ani vonn\u00e9 l\u00e1tky, m\u00f4\u017eete sa spo\u013eahn\u00fa\u0165, \u017ee va\u0161a ple\u0165 dost\u00e1va t\u00fa najlep\u0161iu mo\u017en\u00fa starostlivos\u0165.<\/p>\n<h2>Vysk\u00fa\u0161ajte silu Lumos e\u0161te dnes! Budete v\u010fa\u010dn\u00ed, \u017ee ste to urobili, ke\u010f o nieko\u013eko t\u00fd\u017ed\u0148ov za\u010dnete vidie\u0165 ve\u013ek\u00e9 v\u00fdsledky!<\/h2>\n<p>Vitajte vo svete Lumosu, kr\u00e9mu na pigment\u00e1ciu pleti, ak\u00fd nem\u00e1 obdobu! Na\u0161e revolu\u010dn\u00e9 zlo\u017eenie pom\u00e1ha zmen\u0161ova\u0165 miesta s hyperpigment\u00e1ciou, rozjas\u0148uje ple\u0165 a zanech\u00e1va v\u00e1m kr\u00e1snu, vyrovnan\u00fa ple\u0165. \u010ci u\u017e m\u00e1te stareck\u00e9 \u0161kvrny alebo nepravideln\u00e9 oblasti tmav\u0161ieho pigmentu, n\u00e1\u0161 kr\u00e9m je navrhnut\u00fd tak, aby vyhladil va\u0161u ple\u0165, aby sa odr\u00e1\u017eala a \u017eiarila ako nikdy predt\u00fdm.<\/p>\n<p>Lumos vynik\u00e1 svoj\u00edm jedine\u010dn\u00fdm pr\u00edstupom k depigment\u00e1cii. V\u010faka pou\u017eitiu pr\u00edrodn\u00fdch zlo\u017eiek, ako s\u00fa vitam\u00edn A a C, ktor\u00e9 rozkladaj\u00fa bunky produkuj\u00face melan\u00edn, kr\u00e9m poskytuje \u00fa\u010dinn\u00e9 o\u0161etrenie, ktor\u00e9 rie\u0161i pigment\u00e1ciu v mieste jej vzniku &#8211; \u010d\u00edm zabezpe\u010duje maxim\u00e1lnu \u00fa\u010dinnos\u0165 a pokoj. Okrem toho maj\u00fa tieto \u00fa\u010dinn\u00e9 zlo\u017eky vlastnosti proti starnutiu, ktor\u00e9 zabra\u0148uj\u00fa vzniku tmav\u00fdch \u0161kv\u0155n v bud\u00facnosti. V na\u0161om kr\u00e9me nen\u00e1jdete \u017eiadne drsn\u00e9 chemik\u00e1lie ani abraz\u00edvne l\u00e1tky &#8211; len prvky pr\u00edrodn\u00e9ho p\u00f4vodu, ktor\u00e9 spolupracuj\u00fa na jasnej\u0161ej pleti!<\/p>\n<p>Lumos &#8211; dlhotrvaj\u00face v\u00fdsledky, jednoduch\u00e9 pou\u017e\u00edvanie a minim\u00e1lnu n\u00e1mahu. Naneste si mno\u017estvo ve\u013ekosti hr\u00e1\u0161ku na kon\u010deky prstov a po umyt\u00ed tv\u00e1re jednoducho vmas\u00edrujte do postihnut\u00fdch oblast\u00ed.<\/p>\n<p>Tak pre\u010do \u010daka\u0165? Rozl\u00fa\u010dte sa so zmenou farby e\u0161te dnes s Lumos: depigment\u00e1cia uroben\u00e1 spr\u00e1vne!<\/p>\n","protected":false},"excerpt":{"rendered":"<p>Lumos vyrovn\u00e1 t\u00f3n va\u0161ej pleti a obnov\u00ed jej mladistv\u00fd lesk. K\u00fapi\u0165 Lumos v Slovenskej Republike za v\u00fdhodn\u00fa cenu. Hodnotenie. Kde k\u00fapi\u0165. Cena. Doru\u010denie na celom Slovensku: Zvolen, Prievidza, Poprad, Martin, Tren\u010d\u00edn, Trnava, Bansk\u00e1 Bystrica, Nitra, \u017dilina, Pre\u0161ov, Ko\u0161ice, Bratislava, Pova\u017esk\u00e1 Bystrica, Malacky a Nov\u00e9 Mesto nad V\u00e1hom. Kontraindik\u00e1cie, Ako si tovar vzia\u0165, Indik\u00e1cie pre pou\u017eitie. K\u00fapte si Lumos online.<\/p>\n","protected":false},"featured_media":6802,"comment_status":"open","ping_status":"closed","template":"","meta":{"site-sidebar-layout":"default","site-content-layout":"default","ast-site-content-layout":"default","site-content-style":"default","site-sidebar-style":"default","ast-global-header-display":"","ast-banner-title-visibility":"","ast-main-header-display":"","ast-hfb-above-header-display":"","ast-hfb-below-header-display":"","ast-hfb-mobile-header-display":"","site-post-title":"","ast-breadcrumbs-content":"","ast-featured-img":"","footer-sml-layout":"","ast-disable-related-posts":"","theme-transparent-header-meta":"default","adv-header-id-meta":"","stick-header-meta":"","header-above-stick-meta":"","header-main-stick-meta":"","header-below-stick-meta":"","astra-migrate-meta-layouts":"set","ast-page-background-enabled":"default","ast-page-background-meta":{"desktop":{"background-color":"","background-image":"","background-repeat":"repeat","background-position":"center center","background-size":"auto","background-attachment":"scroll","background-type":"","background-media":"","overlay-type":"","overlay-color":"","overlay-opacity":"","overlay-gradient":""},"tablet":{"background-color":"","background-image":"","background-repeat":"repeat","background-position":"center center","background-size":"auto","background-attachment":"scroll","background-type":"","background-media":"","overlay-type":"","overlay-color":"","overlay-opacity":"","overlay-gradient":""},"mobile":{"background-color":"","background-image":"","background-repeat":"repeat","background-position":"center center","background-size":"auto","background-attachment":"scroll","background-type":"","background-media":"","overlay-type":"","overlay-color":"","overlay-opacity":"","overlay-gradient":""}},"ast-content-background-meta":{"desktop":{"background-color":"var(--ast-global-color-5)","background-image":"","background-repeat":"repeat","background-position":"center center","background-size":"auto","background-attachment":"scroll","background-type":"","background-media":"","overlay-type":"","overlay-color":"","overlay-opacity":"","overlay-gradient":""},"tablet":{"background-color":"var(--ast-global-color-5)","background-image":"","background-repeat":"repeat","background-position":"center center","background-size":"auto","background-attachment":"scroll","background-type":"","background-media":"","overlay-type":"","overlay-color":"","overlay-opacity":"","overlay-gradient":""},"mobile":{"background-color":"var(--ast-global-color-5)","background-image":"","background-repeat":"repeat","background-position":"center center","background-size":"auto","background-attachment":"scroll","background-type":"","background-media":"","overlay-type":"","overlay-color":"","overlay-opacity":"","overlay-gradient":""}}},"product_brand":[],"product_cat":[42],"product_tag":[],"class_list":{"0":"post-6610","1":"product","2":"type-product","3":"status-publish","4":"has-post-thumbnail","6":"product_cat-produkty-proti-starnutiu","7":"desktop-align-left","8":"tablet-align-left","9":"mobile-align-left","11":"first","12":"instock","13":"sale","14":"taxable","15":"shipping-taxable","16":"purchasable","17":"product-type-simple"},"_links":{"self":[{"href":"https:\/\/wellness4you.cz\/sk\/wp-json\/wp\/v2\/product\/6610","targetHints":{"allow":["GET"]}}],"collection":[{"href":"https:\/\/wellness4you.cz\/sk\/wp-json\/wp\/v2\/product"}],"about":[{"href":"https:\/\/wellness4you.cz\/sk\/wp-json\/wp\/v2\/types\/product"}],"replies":[{"embeddable":true,"href":"https:\/\/wellness4you.cz\/sk\/wp-json\/wp\/v2\/comments?post=6610"}],"wp:featuredmedia":[{"embeddable":true,"href":"https:\/\/wellness4you.cz\/sk\/wp-json\/wp\/v2\/media\/6802"}],"wp:attachment":[{"href":"https:\/\/wellness4you.cz\/sk\/wp-json\/wp\/v2\/media?parent=6610"}],"wp:term":[{"taxonomy":"product_brand","embeddable":true,"href":"https:\/\/wellness4you.cz\/sk\/wp-json\/wp\/v2\/product_brand?post=6610"},{"taxonomy":"product_cat","embeddable":true,"href":"https:\/\/wellness4you.cz\/sk\/wp-json\/wp\/v2\/product_cat?post=6610"},{"taxonomy":"product_tag","embeddable":true,"href":"https:\/\/wellness4you.cz\/sk\/wp-json\/wp\/v2\/product_tag?post=6610"}],"curies":[{"name":"wp","href":"https:\/\/api.w.org\/{rel}","templated":true}]}}