{"id":6609,"date":"2023-01-15T04:11:53","date_gmt":"2023-01-15T03:11:53","guid":{"rendered":"https:\/\/wellness4you.cz\/sk\/?post_type=product&#038;p=6609"},"modified":"2026-01-08T22:52:34","modified_gmt":"2026-01-08T21:52:34","slug":"levicose","status":"publish","type":"product","link":"https:\/\/wellness4you.cz\/sk\/levicose\/","title":{"rendered":"Levicose"},"content":{"rendered":"<h2>Bojujete s nevzh\u013eadn\u00fdmi k\u0155\u010dov\u00fdmi \u017eilami? Levicose v\u00e1m m\u00f4\u017ee pom\u00f4c\u0165!<\/h2>\n<p>Tento revolu\u010dn\u00fd produkt vyu\u017e\u00edva pr\u00edrodn\u00e9 zlo\u017eky na \u00fa\u010dinn\u00e9 a bezpe\u010dn\u00e9 zn\u00ed\u017eenie v\u00fdskytu k\u0155\u010dov\u00fdch \u017e\u00edl.\u00a0Pr\u00edpravku Levicose d\u00f4veruj\u00fa dermatol\u00f3govia na celom svete pre jeho schopnos\u0165 zamera\u0165 sa na zdroj k\u0155\u010dov\u00fdch \u017e\u00edl zvn\u00fatra. Na\u0161e pokro\u010dil\u00e9 zlo\u017eenie je \u0161peci\u00e1lne navrhnut\u00e9 tak, aby prin\u00e1\u0161alo dlhotrvaj\u00face v\u00fdsledky u\u017e za nieko\u013eko t\u00fd\u017ed\u0148ov. Zabudnite na tie frustruj\u00face mal\u00e9 modr\u00e9 \u010diary &#8211; rozl\u00fa\u010dte sa s vypukl\u00fdmi, \u0161kared\u00fdmi k\u0155\u010dov\u00fdmi \u017eilami!<\/p>\n<p>Bezpe\u010dnej a prirodzenej \u00fa\u013eave m\u00f4\u017eete d\u00f4verova\u0165 lieku Levicose. Jeho jedine\u010dn\u00e1 kombin\u00e1cia rastlinn\u00fdch v\u00fd\u0165a\u017ekov pom\u00e1ha zlep\u0161i\u0165 cirkul\u00e1ciu krvi v cel\u00fdch noh\u00e1ch, aby ste op\u00e4\u0165 vyzerali a c\u00edtili sa \u010do najlep\u0161ie. A ur\u010dite si zamilujete aj to, ako r\u00fdchlo funguje &#8211; z\u00e1kazn\u00edci zaznamenali vidite\u013en\u00e9 zlep\u0161enie u\u017e dva t\u00fd\u017edne po aplik\u00e1cii.<\/p>\n<p>Vysk\u00fa\u0161ajte silu Levicose e\u0161te dnes &#8211; je to va\u0161a \u0161anca zbavi\u0165 sa rokov nepekn\u00fdch k\u0155\u010dov\u00fdch \u017e\u00edl a kone\u010dne si u\u017e\u00edva\u0165 hlad\u0161ie a zdrav\u0161ie nohy! So z\u00e1rukou vr\u00e1tenia pe\u0148az\u00ed, pre\u010do \u010daka\u0165? K\u00fapte si Levicose e\u0161te dnes a bu\u010fte si ist\u00ed, \u017ee investujete do overen\u00e9ho rie\u0161enia, ktor\u00e9 funguje!<\/p>\n<h2>H\u013ead\u00e1te bezpe\u010dn\u00e9 a \u00fa\u010dinn\u00e9 rie\u0161enie nevzh\u013eadn\u00fdch k\u0155\u010dov\u00fdch \u017e\u00edl?<\/h2>\n<p>Potom je pre v\u00e1s Levicose ide\u00e1lnym produktom! Tento vedecky vyvinut\u00fd kr\u00e9m pon\u00faka r\u00fdchlu a siln\u00fa \u00fa\u013eavu &#8211; uvid\u00edte dramatick\u00e9 vidite\u013en\u00e9 zlep\u0161enie. Na\u0161a jedine\u010dn\u00e1 zmes pr\u00edrodn\u00fdch zlo\u017eiek pom\u00e1ha zni\u017eova\u0165 z\u00e1paly a posil\u0148uje tonus poko\u017eky a z\u00e1rove\u0148 zlep\u0161uje krvn\u00fd obeh. Navy\u0161e je tak\u00fd diskr\u00e9tny, \u017ee ho m\u00f4\u017eete aplikova\u0165 bez toho, aby o tom niekto vedel! S Levicose sa u\u017e nikdy nemus\u00edte ob\u00e1va\u0165 nepr\u00edjemn\u00fdch k\u0155\u010dov\u00fdch \u017e\u00edl. Pripravte sa na \u00fa\u017easn\u00e9 \u00fa\u010dinky n\u00e1\u0161ho revolu\u010dn\u00e9ho produktu e\u0161te dnes!<\/p>\n<p>M\u00e1te u\u017e dos\u0165 t\u00fdch nepekn\u00fdch, nevzh\u013eadn\u00fdch k\u0155\u010dov\u00fdch \u017e\u00edl? M\u00e1me pre v\u00e1s to prav\u00e9! Levicose je tu, aby poskytol r\u00fdchlu a siln\u00fa \u00fa\u013eavu od k\u0155\u010dov\u00fdch \u017e\u00edl. Vieme, ak\u00e9 nepr\u00edjemn\u00e9 a tr\u00e1pne m\u00f4\u017eu by\u0165, preto v\u00e1m n\u00e1\u0161 vedecky vyvinut\u00fd kr\u00e9m poskytuje diskr\u00e9tnu mo\u017enos\u0165, ktor\u00e1 v\u0161ak st\u00e1le pon\u00faka dramatick\u00e9 vidite\u013en\u00e9 v\u00fdsledky.<\/p>\n<p>V porovnan\u00ed s in\u00fdmi sp\u00f4sobmi lie\u010dby k\u0155\u010dov\u00fdch \u017e\u00edl je pou\u017e\u00edvanie kr\u00e9mu Levicose ove\u013ea jednoduch\u0161ie a bezpe\u010dnej\u0161ie. Jeho \u0161peci\u00e1lna zmes pr\u00edrodn\u00fdch zlo\u017eiek mu dod\u00e1va extra silu, ktor\u00e1 pom\u00e1ha zlep\u0161i\u0165 krvn\u00fd obeh, zn\u00ed\u017ei\u0165 z\u00e1pal a dlhodobo posilni\u0165 tonus poko\u017eky. Nielen\u017ee z\u00edskate okam\u017eit\u00fa \u00fa\u013eavu od bolesti a nepr\u00edjemn\u00fdch pocitov, ale budete sa m\u00f4c\u0165 te\u0161i\u0165 z hladkej poko\u017eky aj z dlhodob\u00e9ho h\u013eadiska.<\/p>\n<p>Tak pre\u010do \u010daka\u0165? Za\u010dnite kona\u0165 hne\u010f s Levicose, aby ste sa mohli nav\u017edy rozl\u00fa\u010di\u0165 s k\u0155\u010dov\u00fdmi \u017eilami! S na\u0161\u00edm \u0161peci\u00e1lne vyvinut\u00fdm kr\u00e9mom po va\u0161om boku sa v okamihu zbav\u00edte t\u00fdchto nepr\u00edjemn\u00fdch \u017e\u00edl a z\u00e1rove\u0148 sa budete c\u00edti\u0165 sebavedomej\u0161ie de\u0148 \u010do de\u0148!<\/p>\n","protected":false},"excerpt":{"rendered":"<p>Levicose r\u00fdchlu a siln\u00fa \u00fa\u013eavu od k\u0155\u010dov\u00fdch \u017e\u00edl. K\u00fapi\u0165 Levicose v Slovenskej Republike za v\u00fdhodn\u00fa cenu. Kde k\u00fapi\u0165. Cena. Hodnotenie. Doru\u010denie na celom Slovensku: Prievidza, Poprad, Martin, Tren\u010d\u00edn, Trnava, Bansk\u00e1 Bystrica, Nitra, \u017dilina, Pre\u0161ov, Ko\u0161ice, Bratislava, Zvolen, Malacky, Nov\u00e9 Mesto nad V\u00e1hom a Senica. Ako si tovar vzia\u0165, Indik\u00e1cie pre pou\u017eitie, Kontraindik\u00e1cie. K\u00fapte si Levicose online.<\/p>\n","protected":false},"featured_media":6800,"comment_status":"open","ping_status":"closed","template":"","meta":{"site-sidebar-layout":"default","site-content-layout":"default","ast-site-content-layout":"default","site-content-style":"default","site-sidebar-style":"default","ast-global-header-display":"","ast-banner-title-visibility":"","ast-main-header-display":"","ast-hfb-above-header-display":"","ast-hfb-below-header-display":"","ast-hfb-mobile-header-display":"","site-post-title":"","ast-breadcrumbs-content":"","ast-featured-img":"","footer-sml-layout":"","ast-disable-related-posts":"","theme-transparent-header-meta":"default","adv-header-id-meta":"","stick-header-meta":"","header-above-stick-meta":"","header-main-stick-meta":"","header-below-stick-meta":"","astra-migrate-meta-layouts":"default","ast-page-background-enabled":"default","ast-page-background-meta":{"desktop":{"background-color":"","background-image":"","background-repeat":"repeat","background-position":"center center","background-size":"auto","background-attachment":"scroll","background-type":"","background-media":"","overlay-type":"","overlay-color":"","overlay-opacity":"","overlay-gradient":""},"tablet":{"background-color":"","background-image":"","background-repeat":"repeat","background-position":"center center","background-size":"auto","background-attachment":"scroll","background-type":"","background-media":"","overlay-type":"","overlay-color":"","overlay-opacity":"","overlay-gradient":""},"mobile":{"background-color":"","background-image":"","background-repeat":"repeat","background-position":"center center","background-size":"auto","background-attachment":"scroll","background-type":"","background-media":"","overlay-type":"","overlay-color":"","overlay-opacity":"","overlay-gradient":""}},"ast-content-background-meta":{"desktop":{"background-color":"var(--ast-global-color-5)","background-image":"","background-repeat":"repeat","background-position":"center center","background-size":"auto","background-attachment":"scroll","background-type":"","background-media":"","overlay-type":"","overlay-color":"","overlay-opacity":"","overlay-gradient":""},"tablet":{"background-color":"var(--ast-global-color-5)","background-image":"","background-repeat":"repeat","background-position":"center center","background-size":"auto","background-attachment":"scroll","background-type":"","background-media":"","overlay-type":"","overlay-color":"","overlay-opacity":"","overlay-gradient":""},"mobile":{"background-color":"var(--ast-global-color-5)","background-image":"","background-repeat":"repeat","background-position":"center center","background-size":"auto","background-attachment":"scroll","background-type":"","background-media":"","overlay-type":"","overlay-color":"","overlay-opacity":"","overlay-gradient":""}}},"product_brand":[],"product_cat":[41],"product_tag":[],"class_list":{"0":"post-6609","1":"product","2":"type-product","3":"status-publish","4":"has-post-thumbnail","6":"product_cat-produkty-pre-zdravie","7":"desktop-align-left","8":"tablet-align-left","9":"mobile-align-left","11":"first","12":"instock","13":"sale","14":"taxable","15":"shipping-taxable","16":"purchasable","17":"product-type-simple"},"_links":{"self":[{"href":"https:\/\/wellness4you.cz\/sk\/wp-json\/wp\/v2\/product\/6609","targetHints":{"allow":["GET"]}}],"collection":[{"href":"https:\/\/wellness4you.cz\/sk\/wp-json\/wp\/v2\/product"}],"about":[{"href":"https:\/\/wellness4you.cz\/sk\/wp-json\/wp\/v2\/types\/product"}],"replies":[{"embeddable":true,"href":"https:\/\/wellness4you.cz\/sk\/wp-json\/wp\/v2\/comments?post=6609"}],"wp:featuredmedia":[{"embeddable":true,"href":"https:\/\/wellness4you.cz\/sk\/wp-json\/wp\/v2\/media\/6800"}],"wp:attachment":[{"href":"https:\/\/wellness4you.cz\/sk\/wp-json\/wp\/v2\/media?parent=6609"}],"wp:term":[{"taxonomy":"product_brand","embeddable":true,"href":"https:\/\/wellness4you.cz\/sk\/wp-json\/wp\/v2\/product_brand?post=6609"},{"taxonomy":"product_cat","embeddable":true,"href":"https:\/\/wellness4you.cz\/sk\/wp-json\/wp\/v2\/product_cat?post=6609"},{"taxonomy":"product_tag","embeddable":true,"href":"https:\/\/wellness4you.cz\/sk\/wp-json\/wp\/v2\/product_tag?post=6609"}],"curies":[{"name":"wp","href":"https:\/\/api.w.org\/{rel}","templated":true}]}}