{"id":6608,"date":"2023-01-15T04:11:53","date_gmt":"2023-01-15T03:11:53","guid":{"rendered":"https:\/\/wellness4you.cz\/sk\/?post_type=product&#038;p=6608"},"modified":"2026-01-08T22:52:34","modified_gmt":"2026-01-08T21:52:34","slug":"keto-diet","status":"publish","type":"product","link":"https:\/\/wellness4you.cz\/sk\/keto-diet\/","title":{"rendered":"Keto Diet"},"content":{"rendered":"<h2>H\u013ead\u00e1te revolu\u010dn\u00fd sp\u00f4sob chudnutia? Keto Diet v\u00e1m m\u00f4\u017ee pom\u00f4c\u0165!<\/h2>\n<p>Keto Diet je \u00fa\u010dinn\u00e1 lie\u010dba chudnutia, ktor\u00e1 v\u00e1m prinesie v\u00fdsledky, ktor\u00e9 h\u013ead\u00e1te. U\u017e\u00edvanie v\u00e1m pom\u00f4\u017ee oslobodi\u0165 sa od prejedania a nezdrav\u00fdch n\u00e1vykov a za\u010da\u0165 nov\u00fa cestu k zdrav\u0161iemu \u017eivotn\u00e9mu \u0161t\u00fdlu.<\/p>\n<p>\u010c\u00edm sa Keto Diet l\u00ed\u0161i od be\u017en\u00fdch di\u00e9t? Tento re\u017eim sa zameriava na zn\u00ed\u017eenie pr\u00edjmu sacharidov, \u010do povzbudzuje telo k spa\u013eovaniu ulo\u017een\u00fdch tukov ako prim\u00e1rneho zdroja energie. Po\u010das tohto procesu sa va\u0161e telo dost\u00e1va do stavu metabolickej &#8220;ket\u00f3zy&#8221;, ktor\u00e1 zvy\u0161uje spa\u013eovanie tukov a udr\u017euje va\u0161e chute na jedlo pod kontrolou. Okrem toho sa zelenina a chud\u00e9 m\u00e4so st\u00e1vaj\u00fa d\u00f4le\u017eitej\u0161\u00edmi zdrojmi \u017eiv\u00edn, ktor\u00e9 v\u00e1\u0161mu telu dod\u00e1vaj\u00fa d\u00f4le\u017eit\u00e9 vitam\u00edny a miner\u00e1ly. Je dok\u00e1zan\u00e9, \u017ee t\u00e1to kombin\u00e1cia v\u00e1m pom\u00f4\u017ee zbavi\u0165 sa ne\u017eiaducich kilogramov v kr\u00e1tkom \u010dase!<\/p>\n<h2>S keto di\u00e9tou je chudnutie jednoduch\u00e9!<\/h2>\n<p>Z\u00edskate pr\u00edstup k chutn\u00fdm stravovac\u00edm pl\u00e1nom s mo\u017enos\u0165ami bohat\u00fdmi na \u017eiviny a sk\u00fasen\u00e9mu t\u00edmu odborn\u00edkov na v\u00fd\u017eivu, ktor\u00ed s vami bud\u00fa spolupracova\u0165 na ka\u017edom kroku. Na\u0161i tr\u00e9neri zabezpe\u010duj\u00fa, aby sa v\u0161etko sledovalo efekt\u00edvnym sp\u00f4sobom, tak\u017ee sledovanie pokroku je bezprobl\u00e9mov\u00e9 &#8211; \u010do v\u00e1m umo\u017en\u00ed dosiahnu\u0165 va\u0161e ciele r\u00fdchlej\u0161ie ako kedyko\u013evek predt\u00fdm. Navy\u0161e na\u0161a komunita pon\u00faka neocenite\u013en\u00fa mor\u00e1lnu podporu, zdie\u013eanie sk\u00fasenost\u00ed a motiv\u00e1ciu po\u010das cel\u00e9ho procesu!<\/p>\n<p>Neodopierajte si \u0161ancu dosiahnu\u0165 dlhotrvaj\u00face v\u00fdsledky &#8211; prijmite Keto Diet e\u0161te dnes! S nami vo va\u0161om rohu bude \u00faspech v\u00e1\u0161 u\u017e \u010doskoro!<\/p>\n<p>Ak h\u013ead\u00e1te \u00faplne prirodzen\u00fd sp\u00f4sob, ako zv\u00fd\u0161i\u0165 svoj metabolizmus, schudn\u00fa\u0165 a zn\u00ed\u017ei\u0165 mno\u017estvo tox\u00ednov v tele, potom je Keto Diet ide\u00e1lnym rie\u0161en\u00edm. Tento produkt je navrhnut\u00fd tak, aby v\u00e1m pomohol zv\u00fd\u0161i\u0165 metabolizmus a udr\u017eal v\u00e1s pln\u00fd energie po\u010das cel\u00e9ho d\u0148a. Obsahuje pr\u00edrodn\u00e9 zlo\u017eky, ako s\u00fa superpotraviny a bylinn\u00e9 v\u00fd\u0165a\u017eky, ktor\u00e9 spolupracuj\u00fa s keto di\u00e9tou, aby zabezpe\u010dili, \u017ee va\u0161e telo zostane zdrav\u00e9. V\u010faka \u013eahko str\u00e1vite\u013en\u00fdm vitam\u00ednom a miner\u00e1lom tento v\u00fdrobok pom\u00e1ha zni\u017eova\u0165 z\u00e1paly, napom\u00e1ha tr\u00e1veniu, podporuje chudnutie a podporuje zdrav\u00fd imunitn\u00fd syst\u00e9m. V\u010faka jedine\u010dnej zmesi pr\u00edrodn\u00fdch zlo\u017eiek Keto Diet poskytuje nielen \u00fa\u010dinn\u00fd sp\u00f4sob, ako dosiahnu\u0165 svoje zdravotn\u00e9 ciele, ale aj skvele chut\u00ed! Ak teda chcete zlep\u0161i\u0165 svoje zdravie prirodzen\u00fdm sp\u00f4sobom, ur\u010dite vysk\u00fa\u0161ajte Keto Diet!<\/p>\n","protected":false},"excerpt":{"rendered":"<p>Keto Diet &#8211; revolu\u010dn\u00fd sp\u00f4sob chudnutia. K\u00fapi\u0165 Keto Diet v Slovenskej Republike za v\u00fdhodn\u00fa cenu. Cena. Hodnotenie. Kde k\u00fapi\u0165. Doru\u010denie na celom Slovensku: Poprad, Martin, Tren\u010d\u00edn, Trnava, Bansk\u00e1 Bystrica, Nitra, \u017dilina, Pre\u0161ov, Ko\u0161ice, Bratislava, Zvolen, Prievidza, Nov\u00e9 Mesto nad V\u00e1hom, Senica a Brezno. Indik\u00e1cie pre pou\u017eitie, Kontraindik\u00e1cie, Ako si tovar vzia\u0165. K\u00fapte si Keto Diet online.<\/p>\n","protected":false},"featured_media":6798,"comment_status":"open","ping_status":"closed","template":"","meta":{"site-sidebar-layout":"default","site-content-layout":"default","ast-site-content-layout":"default","site-content-style":"default","site-sidebar-style":"default","ast-global-header-display":"","ast-banner-title-visibility":"","ast-main-header-display":"","ast-hfb-above-header-display":"","ast-hfb-below-header-display":"","ast-hfb-mobile-header-display":"","site-post-title":"","ast-breadcrumbs-content":"","ast-featured-img":"","footer-sml-layout":"","ast-disable-related-posts":"","theme-transparent-header-meta":"default","adv-header-id-meta":"","stick-header-meta":"","header-above-stick-meta":"","header-main-stick-meta":"","header-below-stick-meta":"","astra-migrate-meta-layouts":"set","ast-page-background-enabled":"default","ast-page-background-meta":{"desktop":{"background-color":"","background-image":"","background-repeat":"repeat","background-position":"center center","background-size":"auto","background-attachment":"scroll","background-type":"","background-media":"","overlay-type":"","overlay-color":"","overlay-opacity":"","overlay-gradient":""},"tablet":{"background-color":"","background-image":"","background-repeat":"repeat","background-position":"center center","background-size":"auto","background-attachment":"scroll","background-type":"","background-media":"","overlay-type":"","overlay-color":"","overlay-opacity":"","overlay-gradient":""},"mobile":{"background-color":"","background-image":"","background-repeat":"repeat","background-position":"center center","background-size":"auto","background-attachment":"scroll","background-type":"","background-media":"","overlay-type":"","overlay-color":"","overlay-opacity":"","overlay-gradient":""}},"ast-content-background-meta":{"desktop":{"background-color":"var(--ast-global-color-5)","background-image":"","background-repeat":"repeat","background-position":"center center","background-size":"auto","background-attachment":"scroll","background-type":"","background-media":"","overlay-type":"","overlay-color":"","overlay-opacity":"","overlay-gradient":""},"tablet":{"background-color":"var(--ast-global-color-5)","background-image":"","background-repeat":"repeat","background-position":"center center","background-size":"auto","background-attachment":"scroll","background-type":"","background-media":"","overlay-type":"","overlay-color":"","overlay-opacity":"","overlay-gradient":""},"mobile":{"background-color":"var(--ast-global-color-5)","background-image":"","background-repeat":"repeat","background-position":"center center","background-size":"auto","background-attachment":"scroll","background-type":"","background-media":"","overlay-type":"","overlay-color":"","overlay-opacity":"","overlay-gradient":""}}},"product_brand":[],"product_cat":[39],"product_tag":[],"class_list":{"0":"post-6608","1":"product","2":"type-product","3":"status-publish","4":"has-post-thumbnail","6":"product_cat-na-chudnutie","7":"desktop-align-left","8":"tablet-align-left","9":"mobile-align-left","11":"first","12":"instock","13":"sale","14":"taxable","15":"shipping-taxable","16":"purchasable","17":"product-type-simple"},"_links":{"self":[{"href":"https:\/\/wellness4you.cz\/sk\/wp-json\/wp\/v2\/product\/6608","targetHints":{"allow":["GET"]}}],"collection":[{"href":"https:\/\/wellness4you.cz\/sk\/wp-json\/wp\/v2\/product"}],"about":[{"href":"https:\/\/wellness4you.cz\/sk\/wp-json\/wp\/v2\/types\/product"}],"replies":[{"embeddable":true,"href":"https:\/\/wellness4you.cz\/sk\/wp-json\/wp\/v2\/comments?post=6608"}],"wp:featuredmedia":[{"embeddable":true,"href":"https:\/\/wellness4you.cz\/sk\/wp-json\/wp\/v2\/media\/6798"}],"wp:attachment":[{"href":"https:\/\/wellness4you.cz\/sk\/wp-json\/wp\/v2\/media?parent=6608"}],"wp:term":[{"taxonomy":"product_brand","embeddable":true,"href":"https:\/\/wellness4you.cz\/sk\/wp-json\/wp\/v2\/product_brand?post=6608"},{"taxonomy":"product_cat","embeddable":true,"href":"https:\/\/wellness4you.cz\/sk\/wp-json\/wp\/v2\/product_cat?post=6608"},{"taxonomy":"product_tag","embeddable":true,"href":"https:\/\/wellness4you.cz\/sk\/wp-json\/wp\/v2\/product_tag?post=6608"}],"curies":[{"name":"wp","href":"https:\/\/api.w.org\/{rel}","templated":true}]}}