{"id":6606,"date":"2023-01-15T04:11:52","date_gmt":"2023-01-15T03:11:52","guid":{"rendered":"https:\/\/wellness4you.cz\/sk\/?post_type=product&#038;p=6606"},"modified":"2026-01-08T22:52:33","modified_gmt":"2026-01-08T21:52:33","slug":"insumed","status":"publish","type":"product","link":"https:\/\/wellness4you.cz\/sk\/insumed\/","title":{"rendered":"Insumed"},"content":{"rendered":"<h2>Predstavujeme Insumed! Sme hrd\u00ed na to, \u017ee v\u00e1m m\u00f4\u017eeme predstavi\u0165 dokonal\u00fd doplnok stravy, ktor\u00fd pom\u00e1ha zvl\u00e1da\u0165 diabetes mellitus.<\/h2>\n<p>Ako vieme, cukrovka je v\u00e1\u017eny zdravotn\u00fd stav, ktor\u00fd si vy\u017eaduje starostliv\u00fa lie\u010dbu a monitorovanie, a teraz je to s Insumedom e\u0161te jednoduch\u0161ie!\u00a0Insumed obsahuje v\u00fdkonn\u00e9 zlo\u017eky, ako s\u00fa Gymnema Sylvestre a Salacia Oblonga. To znamen\u00e1, \u017ee m\u00f4\u017eete by\u0165 pokojn\u00ed, preto\u017ee viete, \u017ee va\u0161e zdravie je s na\u0161\u00edm pr\u00edrodn\u00fdm zlo\u017een\u00edm v dobr\u00fdch ruk\u00e1ch.<\/p>\n<p>A \u010do viac? Insumed sa nezastav\u00ed len pri kontrole hladiny cukru v krvi; zvy\u0161uje aj va\u0161u energetick\u00fa hladinu, aby ste mohli fungova\u0165 na najvy\u0161\u0161ej \u00farovni po\u010das cel\u00e9ho d\u0148a. Presne tak &#8211; u\u017e \u017eiadny pocit ospalosti alebo vy\u010derpania pri plnen\u00ed ka\u017edodenn\u00fdch \u017eivotn\u00fdch \u00faloh. Sta\u010d\u00ed u\u017ei\u0165 denn\u00fa d\u00e1vku Insumedu a budete sa op\u00e4\u0165 c\u00edti\u0165 pln\u00ed energie!<\/p>\n<p>Z\u00e1kladom Insumedu s\u00fa odborn\u00e9 poznatky popredn\u00fdch lek\u00e1rov a \u0161pi\u010dkov\u00fd v\u00fdskum nov\u00fdch technol\u00f3gi\u00ed a met\u00f3d extrakcie zlo\u017eiek, ktor\u00e9 s\u00fa s\u00fa\u010das\u0165ou zlo\u017eenia tohto revolu\u010dn\u00e9ho v\u00fd\u017eivov\u00e9ho doplnku. Ak teda h\u013ead\u00e1te bezpe\u010dn\u00fd, prirodzen\u00fd sp\u00f4sob, ako zvl\u00e1dnu\u0165 diabetes mellitus, potom je len jedna vo\u013eba &#8211; zaobstarajte si \u00fa\u017easn\u00fd Insumed!<\/p>\n<p>Predstavujeme Insumed, doplnok stravy na regul\u00e1ciu hladiny cukru v krvi, ktor\u00fd v\u00e1m u\u013eah\u010d\u00ed kontrolu hladiny cukru v krvi. V\u0161etci si zasl\u00fa\u017eime stara\u0165 sa o svoje zdravie a Insumed je tu, aby n\u00e1m pomohol! Tento doplnok obsahuje len pr\u00edrodn\u00e9 zlo\u017eky, ako s\u00fa listy gymnemy, extrakt z berber\u00ednu a aloe vera, a predstavuje jednoduch\u00fd a \u00fa\u010dinn\u00fd sp\u00f4sob, ako sledova\u0165 nepr\u00edjemn\u00fa hladinu cukru v krvi. Je vhodn\u00fd pre veg\u00e1nov, neobsahuje lepok, GMO a syntetick\u00e9 materi\u00e1ly &#8211; optim\u00e1lny pre ka\u017ed\u00e9ho, kto chce zosta\u0165 zdrav\u00fd bez toho, aby obetoval chu\u0165 alebo text\u00faru.<\/p>\n<h2>Pokia\u013e ide o jednoduch\u00e9 rie\u0161enie va\u0161ich stravovac\u00edch potrieb, len m\u00e1lo rie\u0161en\u00ed sa vyrovn\u00e1 Insumedu.<\/h2>\n<p>Jeho zlo\u017eenie pon\u00faka jemn\u00fa pomoc, preto\u017ee pom\u00e1ha udr\u017eiava\u0165 pr\u00edjem gluk\u00f3zy v rovnov\u00e1he t\u00fdm, \u017ee do rozkladu zap\u00e1ja pr\u00edrodn\u00e9 prvky, ako je kyselina \u0161koricov\u00e1. To m\u00f4\u017ee zn\u00ed\u017ei\u0165 tie be\u017en\u00e9 vzostupy a p\u00e1dy spojen\u00e9 s nezdrav\u00fdmi stravovac\u00edmi n\u00e1vykmi. Kone\u010dn\u00fd produkt v\u00e1s n\u00e1jde aj s konzistentnej\u0161ou hladinou energie!<\/p>\n<p>Tu je t\u00e1 najlep\u0161ia \u010das\u0165: jeho r\u00fdchlo p\u00f4sobiaca formula funguje r\u00fdchlo, tak\u017ee nemus\u00edte \u010daka\u0165 na v\u00fdsledky in\u00fdch lie\u010debn\u00fdch postupov. Len s tromi kapsulami denne by ste mohli vidie\u0165 trval\u00e9 \u00fa\u010dinky do 30 dn\u00ed! Nevy\u017eaduj\u00fa sa ani \u017eiadne zd\u013ahav\u00e9 zmeny \u017eivotn\u00e9ho \u0161t\u00fdlu. Sta\u010d\u00ed prida\u0165 tieto kapsule do svojho stravovacieho re\u017eimu a za\u010da\u0165 poci\u0165ova\u0165 pozit\u00edvny rozdiel u\u017e dnes!<\/p>\n<p>Preto u\u017e ne\u010dakajte: zaobstarajte si rie\u0161enie na kontrolu hladiny cukru v krvi, ktor\u00e9 v\u00e1m vyhovuje! Vysk\u00fa\u0161ajte Insumed u\u017e teraz. C\u00ed\u0165te sa \u013eah\u0161ie ako kedyko\u013evek predt\u00fdm s vedom\u00edm, \u017ee v\u00e1s \u010dak\u00e1 \u00faplne prirodzen\u00fd pr\u00edstup pri ka\u017edom doplnen\u00ed inzul\u00ednu.<\/p>\n","protected":false},"excerpt":{"rendered":"<p>Insumed &#8211; doplnok stravy na regul\u00e1ciu hladiny cukru v krvi. K\u00fapi\u0165 Insumed v Slovenskej Republike za v\u00fdhodn\u00fa cenu. Kde k\u00fapi\u0165. Cena. Hodnotenie. Doru\u010denie na celom Slovensku: Tren\u010d\u00edn, Trnava, Bansk\u00e1 Bystrica, Nitra, \u017dilina, Pre\u0161ov, Ko\u0161ice, Bratislava, Zvolen, Prievidza, Poprad, Martin, Brezno, Senec a Hlohovec. Ako si tovar vzia\u0165, Indik\u00e1cie pre pou\u017eitie, Kontraindik\u00e1cie. K\u00fapte si Insumed online.<\/p>\n","protected":false},"featured_media":6794,"comment_status":"open","ping_status":"closed","template":"","meta":{"site-sidebar-layout":"default","site-content-layout":"default","ast-site-content-layout":"default","site-content-style":"default","site-sidebar-style":"default","ast-global-header-display":"","ast-banner-title-visibility":"","ast-main-header-display":"","ast-hfb-above-header-display":"","ast-hfb-below-header-display":"","ast-hfb-mobile-header-display":"","site-post-title":"","ast-breadcrumbs-content":"","ast-featured-img":"","footer-sml-layout":"","ast-disable-related-posts":"","theme-transparent-header-meta":"default","adv-header-id-meta":"","stick-header-meta":"","header-above-stick-meta":"","header-main-stick-meta":"","header-below-stick-meta":"","astra-migrate-meta-layouts":"default","ast-page-background-enabled":"default","ast-page-background-meta":{"desktop":{"background-color":"","background-image":"","background-repeat":"repeat","background-position":"center center","background-size":"auto","background-attachment":"scroll","background-type":"","background-media":"","overlay-type":"","overlay-color":"","overlay-opacity":"","overlay-gradient":""},"tablet":{"background-color":"","background-image":"","background-repeat":"repeat","background-position":"center center","background-size":"auto","background-attachment":"scroll","background-type":"","background-media":"","overlay-type":"","overlay-color":"","overlay-opacity":"","overlay-gradient":""},"mobile":{"background-color":"","background-image":"","background-repeat":"repeat","background-position":"center center","background-size":"auto","background-attachment":"scroll","background-type":"","background-media":"","overlay-type":"","overlay-color":"","overlay-opacity":"","overlay-gradient":""}},"ast-content-background-meta":{"desktop":{"background-color":"var(--ast-global-color-5)","background-image":"","background-repeat":"repeat","background-position":"center center","background-size":"auto","background-attachment":"scroll","background-type":"","background-media":"","overlay-type":"","overlay-color":"","overlay-opacity":"","overlay-gradient":""},"tablet":{"background-color":"var(--ast-global-color-5)","background-image":"","background-repeat":"repeat","background-position":"center center","background-size":"auto","background-attachment":"scroll","background-type":"","background-media":"","overlay-type":"","overlay-color":"","overlay-opacity":"","overlay-gradient":""},"mobile":{"background-color":"var(--ast-global-color-5)","background-image":"","background-repeat":"repeat","background-position":"center center","background-size":"auto","background-attachment":"scroll","background-type":"","background-media":"","overlay-type":"","overlay-color":"","overlay-opacity":"","overlay-gradient":""}}},"product_brand":[],"product_cat":[41],"product_tag":[],"class_list":{"0":"post-6606","1":"product","2":"type-product","3":"status-publish","4":"has-post-thumbnail","6":"product_cat-produkty-pre-zdravie","7":"desktop-align-left","8":"tablet-align-left","9":"mobile-align-left","11":"first","12":"instock","13":"taxable","14":"shipping-taxable","15":"purchasable","16":"product-type-simple"},"_links":{"self":[{"href":"https:\/\/wellness4you.cz\/sk\/wp-json\/wp\/v2\/product\/6606","targetHints":{"allow":["GET"]}}],"collection":[{"href":"https:\/\/wellness4you.cz\/sk\/wp-json\/wp\/v2\/product"}],"about":[{"href":"https:\/\/wellness4you.cz\/sk\/wp-json\/wp\/v2\/types\/product"}],"replies":[{"embeddable":true,"href":"https:\/\/wellness4you.cz\/sk\/wp-json\/wp\/v2\/comments?post=6606"}],"wp:featuredmedia":[{"embeddable":true,"href":"https:\/\/wellness4you.cz\/sk\/wp-json\/wp\/v2\/media\/6794"}],"wp:attachment":[{"href":"https:\/\/wellness4you.cz\/sk\/wp-json\/wp\/v2\/media?parent=6606"}],"wp:term":[{"taxonomy":"product_brand","embeddable":true,"href":"https:\/\/wellness4you.cz\/sk\/wp-json\/wp\/v2\/product_brand?post=6606"},{"taxonomy":"product_cat","embeddable":true,"href":"https:\/\/wellness4you.cz\/sk\/wp-json\/wp\/v2\/product_cat?post=6606"},{"taxonomy":"product_tag","embeddable":true,"href":"https:\/\/wellness4you.cz\/sk\/wp-json\/wp\/v2\/product_tag?post=6606"}],"curies":[{"name":"wp","href":"https:\/\/api.w.org\/{rel}","templated":true}]}}