{"id":6605,"date":"2023-01-15T04:11:52","date_gmt":"2023-01-15T03:11:52","guid":{"rendered":"https:\/\/wellness4you.cz\/sk\/?post_type=product&#038;p=6605"},"modified":"2026-01-08T22:52:33","modified_gmt":"2026-01-08T21:52:33","slug":"hondrox","status":"publish","type":"product","link":"https:\/\/wellness4you.cz\/sk\/hondrox\/","title":{"rendered":"Hondrox"},"content":{"rendered":"<h2>Hondrox je ide\u00e1lnym rie\u0161en\u00edm pre v\u0161etk\u00fdch, ktor\u00ed maj\u00fa probl\u00e9my s k\u013abmi.<\/h2>\n<p>N\u00e1\u0161 \u00fa\u010dinn\u00fd kr\u00e9m p\u00f4sob\u00ed r\u00fdchlo, aby v\u00e1m pomohol zn\u00ed\u017ei\u0165 boles\u0165 a opuch a umo\u017enil v\u00e1m \u010do najsk\u00f4r sa op\u00e4\u0165 vo\u013ene pohybova\u0165.\u00a0V\u010faka jedine\u010dnej zmesi rastlinn\u00fdch zlo\u017eiek Hondrox podporuje lep\u0161ie zdravie k\u013abov a zni\u017euje ich stuhnutos\u0165 v rekordne kr\u00e1tkom \u010dase. Na\u0161e patentovan\u00e9 zlo\u017eenie pom\u00e1ha ur\u00fdchli\u0165 prirodzen\u00fd proces hojenia organizmu a poskytuje protiz\u00e1palov\u00e9 \u00fa\u010dinky, ktor\u00e9 pom\u00e1haj\u00fa zmierni\u0165 chronick\u00e9 bolesti s\u00favisiace so z\u00e1palom. A zatia\u013e \u010do u in\u00fdch produktov na \u00fa\u013eavu m\u00f4\u017ee trva\u0165 dlho, k\u00fdm za\u010dn\u00fa \u00fa\u010dinkova\u0165, Hondrox s\u013eubuje v\u00fdsledky u\u017e za nieko\u013eko min\u00fat!<\/p>\n<p>Hondrox v\u0161ak nie je len o r\u00fdchlej \u00fa\u013eave; chceme tie\u017e zabezpe\u010di\u0165, aby bolo o va\u0161e k\u013aby postaran\u00e9 dlhodobo. V\u010faka na\u0161ej pokro\u010dilej recept\u00fare pom\u00e1ha nepretr\u017eit\u00e9 u\u017e\u00edvanie odstra\u0148ova\u0165 existuj\u00face bolesti, ale lie\u010di aj z\u00e1kladn\u00fa pr\u00ed\u010dinu bolesti a nepohodlia k\u013abov. To znamen\u00e1, \u017ee si m\u00f4\u017eete by\u0165 ist\u00ed, \u017ee zdravie va\u0161ich k\u013abov zostane pevn\u00e9 aj po ukon\u010den\u00ed pou\u017e\u00edvania n\u00e1\u0161ho kr\u00e9mu!<\/p>\n<h2>H\u013ead\u00e1te prirodzen\u00fd sp\u00f4sob, ako si udr\u017ea\u0165 zdrav\u00e9 k\u013aby?<\/h2>\n<p>Hondrox m\u00f4\u017ee by\u0165 rie\u0161en\u00edm, ktor\u00e9 ste h\u013eadali! Obsahuje rastlinn\u00e9 v\u00fd\u0165a\u017eky, ktor\u00e9 s\u00fa \u0161pecificky zameran\u00e9 na ochorenia k\u013abov a posil\u0148uj\u00fa imunitn\u00fd syst\u00e9m. V\u00fd\u0165a\u017eok zo z\u00e1zvoru pom\u00e1ha lie\u010di\u0165 reumatoidn\u00fa a reumatick\u00fa artrit\u00eddu, ako aj in\u00e9 podobn\u00e9 patologick\u00e9 stavy svojou komplexnou lie\u010divou silou a zastavuje z\u00e1pal v jeho priebehu. Okrem toho stimuluje aj metabolick\u00e9 procesy a ur\u00fdch\u013euje regener\u00e1ciu k\u013abov\u00e9ho tkaniva, tak\u017ee sa m\u00f4\u017eete op\u00e4\u0165 vo\u013ene pohybova\u0165! Hondrox m\u00e1 navy\u0161e siln\u00e9 \u00fa\u010dinky aj na bunkovej \u00farovni: blokuje procesy, ktor\u00e9 ved\u00fa k rozpadu tkaniva. Tak pre\u010do \u010daka\u0165, k\u00fdm sa budete op\u00e4\u0165 c\u00edti\u0165 pohodlne? Vezmite svoje zdravie do vlastn\u00fdch r\u00fak s Hondroxom!<\/p>\n<p>Je jedin\u00fd produkt na artrit\u00eddu, ktor\u00fd v\u00e1m pom\u00f4\u017ee c\u00edti\u0165 sa lep\u0161ie a \u013eah\u0161ie sa pohybova\u0165 v kr\u00e1tkom \u010dase. Hondrox je vo\u013enopredajn\u00fd, r\u00fdchlo \u00fa\u010dinkuj\u00faci v\u00fd\u017eivov\u00fd doplnok, ktor\u00fd \u00fato\u010d\u00ed na artrit\u00eddu od kore\u0148a probl\u00e9mu. V\u010faka \u00fa\u010dinnej zmesi pr\u00edrodn\u00fdch zlo\u017eiek sa Hondrox zbavil potreby u\u017e\u00edvania nebezpe\u010dn\u00fdch liekov a nekone\u010dn\u00fdch n\u00e1v\u0161tev lek\u00e1ra.<\/p>\n<p>Pr\u00edrodn\u00e9 silov\u00e9 vlastnosti Hondroxu za\u010dn\u00fa p\u00f4sobi\u0165 takmer okam\u017eite a poskytn\u00fa va\u0161im zap\u00e1len\u00fdm k\u013abom potrebn\u00fa \u00fa\u013eavu. Jedine\u010dn\u00e9 zlo\u017eenie tie\u017e pom\u00e1ha posilni\u0165 va\u0161e kosti a zn\u00ed\u017ei\u0165 boles\u0165 k\u013abov. Udr\u017eujte svoje telo siln\u00e9 a v pohodl\u00ed &#8211; u\u017e\u00edvajte Hondrox ka\u017ed\u00fd de\u0148 a poc\u00edtite rozdiel!<\/p>\n<p>Akoby to nesta\u010dilo, tento revolu\u010dn\u00fd doplnok podporuje rast svalov, tak\u017ee aj ke\u010f sa va\u0161e k\u013aby nec\u00edtia skvele, st\u00e1le si m\u00f4\u017eete u\u017e\u00edva\u0165 akt\u00edvny \u017eivotn\u00fd \u0161t\u00fdl. V\u00fdrazn\u00fdm zlep\u0161en\u00edm prietoku krvi v celom tele v\u00e1m Hondrox umo\u017e\u0148uje udr\u017ea\u0165 si pohyblivos\u0165 a silu a z\u00e1rove\u0148 sa c\u00edti\u0165 skuto\u010dne pln\u00fd energie. Pokia\u013e ide o zmiernenie pr\u00edznakov artrit\u00eddy, neexistuje lep\u0161ia mo\u017enos\u0165 ako Hondrox!<\/p>\n<p>\u017dite prirodzene zdrav\u0161ie &#8211; vst\u00fapte do ko\u017ee \u013eud\u00ed s Hondroxom!<\/p>\n","protected":false},"excerpt":{"rendered":"<p>Hondrox je ide\u00e1lnym rie\u0161en\u00edm pre v\u0161etk\u00fdch, ktor\u00ed maj\u00fa probl\u00e9my s k\u013abmi. K\u00fapi\u0165 Hondrox v Slovenskej Republike za v\u00fdhodn\u00fa cenu. Cena. Hodnotenie. Kde k\u00fapi\u0165. Doru\u010denie na celom Slovensku: Trnava, Bansk\u00e1 Bystrica, Nitra, \u017dilina, Pre\u0161ov, Ko\u0161ice, Bratislava, Zvolen, Prievidza, Poprad, Martin, Tren\u010d\u00edn, Senec, Hlohovec a \u0160a\u013ea. Indik\u00e1cie pre pou\u017eitie, Kontraindik\u00e1cie, Ako si tovar vzia\u0165. K\u00fapte si Hondrox online.<\/p>\n","protected":false},"featured_media":6792,"comment_status":"open","ping_status":"closed","template":"","meta":{"site-sidebar-layout":"default","site-content-layout":"default","ast-site-content-layout":"default","site-content-style":"default","site-sidebar-style":"default","ast-global-header-display":"","ast-banner-title-visibility":"","ast-main-header-display":"","ast-hfb-above-header-display":"","ast-hfb-below-header-display":"","ast-hfb-mobile-header-display":"","site-post-title":"","ast-breadcrumbs-content":"","ast-featured-img":"","footer-sml-layout":"","ast-disable-related-posts":"","theme-transparent-header-meta":"default","adv-header-id-meta":"","stick-header-meta":"","header-above-stick-meta":"","header-main-stick-meta":"","header-below-stick-meta":"","astra-migrate-meta-layouts":"default","ast-page-background-enabled":"default","ast-page-background-meta":{"desktop":{"background-color":"","background-image":"","background-repeat":"repeat","background-position":"center center","background-size":"auto","background-attachment":"scroll","background-type":"","background-media":"","overlay-type":"","overlay-color":"","overlay-opacity":"","overlay-gradient":""},"tablet":{"background-color":"","background-image":"","background-repeat":"repeat","background-position":"center center","background-size":"auto","background-attachment":"scroll","background-type":"","background-media":"","overlay-type":"","overlay-color":"","overlay-opacity":"","overlay-gradient":""},"mobile":{"background-color":"","background-image":"","background-repeat":"repeat","background-position":"center center","background-size":"auto","background-attachment":"scroll","background-type":"","background-media":"","overlay-type":"","overlay-color":"","overlay-opacity":"","overlay-gradient":""}},"ast-content-background-meta":{"desktop":{"background-color":"var(--ast-global-color-5)","background-image":"","background-repeat":"repeat","background-position":"center center","background-size":"auto","background-attachment":"scroll","background-type":"","background-media":"","overlay-type":"","overlay-color":"","overlay-opacity":"","overlay-gradient":""},"tablet":{"background-color":"var(--ast-global-color-5)","background-image":"","background-repeat":"repeat","background-position":"center center","background-size":"auto","background-attachment":"scroll","background-type":"","background-media":"","overlay-type":"","overlay-color":"","overlay-opacity":"","overlay-gradient":""},"mobile":{"background-color":"var(--ast-global-color-5)","background-image":"","background-repeat":"repeat","background-position":"center center","background-size":"auto","background-attachment":"scroll","background-type":"","background-media":"","overlay-type":"","overlay-color":"","overlay-opacity":"","overlay-gradient":""}}},"product_brand":[],"product_cat":[41],"product_tag":[],"class_list":{"0":"post-6605","1":"product","2":"type-product","3":"status-publish","4":"has-post-thumbnail","6":"product_cat-produkty-pre-zdravie","7":"desktop-align-left","8":"tablet-align-left","9":"mobile-align-left","11":"first","12":"instock","13":"taxable","14":"shipping-taxable","15":"purchasable","16":"product-type-simple"},"_links":{"self":[{"href":"https:\/\/wellness4you.cz\/sk\/wp-json\/wp\/v2\/product\/6605","targetHints":{"allow":["GET"]}}],"collection":[{"href":"https:\/\/wellness4you.cz\/sk\/wp-json\/wp\/v2\/product"}],"about":[{"href":"https:\/\/wellness4you.cz\/sk\/wp-json\/wp\/v2\/types\/product"}],"replies":[{"embeddable":true,"href":"https:\/\/wellness4you.cz\/sk\/wp-json\/wp\/v2\/comments?post=6605"}],"wp:featuredmedia":[{"embeddable":true,"href":"https:\/\/wellness4you.cz\/sk\/wp-json\/wp\/v2\/media\/6792"}],"wp:attachment":[{"href":"https:\/\/wellness4you.cz\/sk\/wp-json\/wp\/v2\/media?parent=6605"}],"wp:term":[{"taxonomy":"product_brand","embeddable":true,"href":"https:\/\/wellness4you.cz\/sk\/wp-json\/wp\/v2\/product_brand?post=6605"},{"taxonomy":"product_cat","embeddable":true,"href":"https:\/\/wellness4you.cz\/sk\/wp-json\/wp\/v2\/product_cat?post=6605"},{"taxonomy":"product_tag","embeddable":true,"href":"https:\/\/wellness4you.cz\/sk\/wp-json\/wp\/v2\/product_tag?post=6605"}],"curies":[{"name":"wp","href":"https:\/\/api.w.org\/{rel}","templated":true}]}}