{"id":6604,"date":"2023-01-15T04:11:51","date_gmt":"2023-01-15T03:11:51","guid":{"rendered":"https:\/\/wellness4you.cz\/sk\/?post_type=product&#038;p=6604"},"modified":"2026-01-08T22:52:33","modified_gmt":"2026-01-08T21:52:33","slug":"hondrostrong","status":"publish","type":"product","link":"https:\/\/wellness4you.cz\/sk\/hondrostrong\/","title":{"rendered":"HondroStrong"},"content":{"rendered":"<h2>Pripravte sa za\u017ei\u0165 silu \u00fa\u013eavy od bolesti k\u013abov s HondroStrong!<\/h2>\n<p>HondroStrong kr\u00e9m stoj\u00ed nad v\u0161etk\u00fdmi ostatn\u00fdmi v\u00fdrobkami na \u00fa\u013eavu od bolesti, preto\u017ee zmier\u0148uje ochorenia k\u013abov a z\u00e1rove\u0148 im predch\u00e1dza. Jeho zlo\u017eky s\u00fa navrhnut\u00e9 tak, aby vy\u017eivovali va\u0161e k\u013aby a umo\u017enili v\u00e1m u\u017e\u00edva\u0165 si cel\u00fd \u017eivot pohodln\u00fd pohyb.<\/p>\n<p>V\u010faka n\u00e1\u0161mu jemn\u00e9mu, ale vysoko \u00fa\u010dinn\u00e9mu kr\u00e9mu na lok\u00e1lne pou\u017eitie poc\u00edtite rozdiel u\u017e po nieko\u013ek\u00fdch aplik\u00e1ci\u00e1ch. HondroStrong r\u00fdchlo prenik\u00e1 hlboko do va\u0161ich k\u013abov a zbavuje v\u00e1s existuj\u00facej stuhnutosti alebo bolestivosti. Postupom \u010dasu jeho tajn\u00e9 zlo\u017eenie vy\u017eivuje a chr\u00e1ni va\u0161e k\u013aby a pom\u00e1ha predch\u00e1dza\u0165 opotrebovaniu k\u013abov s\u00favisiacemu s vekom. Budete sa m\u00f4c\u0165 vo\u013enej\u0161ie pohybova\u0165 s minim\u00e1lnym nepohodl\u00edm a poc\u00edtite v\u00e4\u010d\u0161iu hladinu energie ako kedyko\u013evek predt\u00fdm!<\/p>\n<p>Ak h\u013ead\u00e1te optim\u00e1lne rie\u0161enie na udr\u017eanie zdravej pohyblivosti k\u013abov a z\u00e1rove\u0148 odstr\u00e1nenie existuj\u00facich bolest\u00ed k\u013abov, potom u\u017e neh\u013eadajte ni\u010d in\u00e9 ako HondrosStrong! N\u00e1\u0161 pokro\u010dil\u00fd vzorec bol vytvoren\u00fd z odhodlania a inov\u00e1ci\u00ed, v\u010faka \u010domu dosiahnete \u0161pi\u010dkov\u00e9 v\u00fdsledky, ktor\u00e9 pretrvaj\u00fa! Doprajte si lie\u010dbu e\u0161te dnes a pripravte sa na \u00fapln\u00e9 odstr\u00e1nenie s\u00fa\u010dasnej bolesti v kombin\u00e1cii s prevenciou potenci\u00e1lnych bud\u00facich probl\u00e9mov. Vysk\u00fa\u0161ajte to na vlastnej ko\u017ei a vyu\u017eite ka\u017ed\u00fd okamih s HondroStrong!<\/p>\n<h2>U\u017e v\u00e1s nebav\u00ed u\u017e\u00edva\u0165 ibuprof\u00e9n po dlhom tr\u00e9ningu?<\/h2>\n<p>HondroStrong je dokonal\u00fdm rie\u0161en\u00edm bolesti k\u013abov! HondroStrong poskytuje r\u00fdchlu a dlhotrvaj\u00facu \u00fa\u013eavu, ktor\u00e1 v\u00e1m pom\u00f4\u017ee u\u017e\u00edva\u0165 si akt\u00edvny \u017eivotn\u00fd \u0161t\u00fdl. Jeho pr\u00edrodn\u00e9 zlo\u017eenie je navrhnut\u00e9 tak, aby vytvorilo kr\u00e9mov\u00fd povlak na postihnutom mieste, kde m\u00f4\u017eete poc\u00edti\u0165 v\u00fdrazn\u00e9 zn\u00ed\u017eenie z\u00e1palu.<\/p>\n<p>Na rozdiel od in\u00fdch liekov proti bolesti HondroStrong neobsahuje \u017eiadne umel\u00e9 pr\u00edsady ani chemik\u00e1lie, ktor\u00e9 by mohli by\u0165 pre va\u0161e telo \u0161kodliv\u00e9. Je zlo\u017een\u00fd preva\u017ene z prvkov, ktor\u00e9 sa prirodzene nach\u00e1dzaj\u00fa v ko\u017ei a kostiach, vr\u00e1tane lipidov, ceramidov a esenci\u00e1lnych mastn\u00fdch kysel\u00edn. T\u00e1to \u0161peci\u00e1lna zmes pom\u00e1ha zni\u017eova\u0165 opuchy a zmier\u0148uje ak\u00fatnu aj chronick\u00fa boles\u0165.<\/p>\n<p>Tak\u017ee sa u\u017e neuspokojte s tup\u00fdmi boles\u0165ami a bo\u013eav\u00fdmi k\u013abmi &#8211; HondroStrong v\u00e1m pon\u00faka \u00fa\u010dinn\u00fd sp\u00f4sob, ako sa s t\u00fdmito ne\u017eiaducimi pr\u00edznakmi vyrovna\u0165! Vr\u00e1\u0165te sa na ihrisko alebo na podlo\u017eku s obnovenou energiou v\u010faka prvotriednym zlo\u017ek\u00e1m tohto z\u00e1zra\u010dn\u00e9ho produktu. Vysk\u00fa\u0161ajte HondroStrong e\u0161te dnes pre r\u00fdchlu a upokojuj\u00facu \u00fa\u013eavu od bolesti k\u013abov!<\/p>\n","protected":false},"excerpt":{"rendered":"<p>HondroStrong je dokonal\u00fdm rie\u0161en\u00edm bolesti k\u013abov! K\u00fapi\u0165 HondroStrong v Slovenskej Republike za v\u00fdhodn\u00fa cenu. Hodnotenie. Kde k\u00fapi\u0165. Cena. Doru\u010denie na celom Slovensku: Bansk\u00e1 Bystrica, Nitra, \u017dilina, Pre\u0161ov, Ko\u0161ice, Bratislava, Zvolen, Prievidza, Poprad, Martin, Tren\u010d\u00edn, Trnava, Hlohovec, \u0160a\u013ea a Vranov nad Top\u013eou. Ako si tovar vzia\u0165, Indik\u00e1cie pre pou\u017eitie, Kontraindik\u00e1cie. K\u00fapte si HondroStrong online.<\/p>\n","protected":false},"featured_media":6790,"comment_status":"open","ping_status":"closed","template":"","meta":{"site-sidebar-layout":"default","site-content-layout":"default","ast-site-content-layout":"default","site-content-style":"default","site-sidebar-style":"default","ast-global-header-display":"","ast-banner-title-visibility":"","ast-main-header-display":"","ast-hfb-above-header-display":"","ast-hfb-below-header-display":"","ast-hfb-mobile-header-display":"","site-post-title":"","ast-breadcrumbs-content":"","ast-featured-img":"","footer-sml-layout":"","ast-disable-related-posts":"","theme-transparent-header-meta":"default","adv-header-id-meta":"","stick-header-meta":"","header-above-stick-meta":"","header-main-stick-meta":"","header-below-stick-meta":"","astra-migrate-meta-layouts":"set","ast-page-background-enabled":"default","ast-page-background-meta":{"desktop":{"background-color":"","background-image":"","background-repeat":"repeat","background-position":"center center","background-size":"auto","background-attachment":"scroll","background-type":"","background-media":"","overlay-type":"","overlay-color":"","overlay-opacity":"","overlay-gradient":""},"tablet":{"background-color":"","background-image":"","background-repeat":"repeat","background-position":"center center","background-size":"auto","background-attachment":"scroll","background-type":"","background-media":"","overlay-type":"","overlay-color":"","overlay-opacity":"","overlay-gradient":""},"mobile":{"background-color":"","background-image":"","background-repeat":"repeat","background-position":"center center","background-size":"auto","background-attachment":"scroll","background-type":"","background-media":"","overlay-type":"","overlay-color":"","overlay-opacity":"","overlay-gradient":""}},"ast-content-background-meta":{"desktop":{"background-color":"var(--ast-global-color-5)","background-image":"","background-repeat":"repeat","background-position":"center center","background-size":"auto","background-attachment":"scroll","background-type":"","background-media":"","overlay-type":"","overlay-color":"","overlay-opacity":"","overlay-gradient":""},"tablet":{"background-color":"var(--ast-global-color-5)","background-image":"","background-repeat":"repeat","background-position":"center center","background-size":"auto","background-attachment":"scroll","background-type":"","background-media":"","overlay-type":"","overlay-color":"","overlay-opacity":"","overlay-gradient":""},"mobile":{"background-color":"var(--ast-global-color-5)","background-image":"","background-repeat":"repeat","background-position":"center center","background-size":"auto","background-attachment":"scroll","background-type":"","background-media":"","overlay-type":"","overlay-color":"","overlay-opacity":"","overlay-gradient":""}}},"product_brand":[],"product_cat":[41],"product_tag":[],"class_list":{"0":"post-6604","1":"product","2":"type-product","3":"status-publish","4":"has-post-thumbnail","6":"product_cat-produkty-pre-zdravie","7":"desktop-align-left","8":"tablet-align-left","9":"mobile-align-left","11":"first","12":"instock","13":"sale","14":"taxable","15":"shipping-taxable","16":"purchasable","17":"product-type-simple"},"_links":{"self":[{"href":"https:\/\/wellness4you.cz\/sk\/wp-json\/wp\/v2\/product\/6604","targetHints":{"allow":["GET"]}}],"collection":[{"href":"https:\/\/wellness4you.cz\/sk\/wp-json\/wp\/v2\/product"}],"about":[{"href":"https:\/\/wellness4you.cz\/sk\/wp-json\/wp\/v2\/types\/product"}],"replies":[{"embeddable":true,"href":"https:\/\/wellness4you.cz\/sk\/wp-json\/wp\/v2\/comments?post=6604"}],"wp:featuredmedia":[{"embeddable":true,"href":"https:\/\/wellness4you.cz\/sk\/wp-json\/wp\/v2\/media\/6790"}],"wp:attachment":[{"href":"https:\/\/wellness4you.cz\/sk\/wp-json\/wp\/v2\/media?parent=6604"}],"wp:term":[{"taxonomy":"product_brand","embeddable":true,"href":"https:\/\/wellness4you.cz\/sk\/wp-json\/wp\/v2\/product_brand?post=6604"},{"taxonomy":"product_cat","embeddable":true,"href":"https:\/\/wellness4you.cz\/sk\/wp-json\/wp\/v2\/product_cat?post=6604"},{"taxonomy":"product_tag","embeddable":true,"href":"https:\/\/wellness4you.cz\/sk\/wp-json\/wp\/v2\/product_tag?post=6604"}],"curies":[{"name":"wp","href":"https:\/\/api.w.org\/{rel}","templated":true}]}}