{"id":6603,"date":"2023-01-15T04:11:50","date_gmt":"2023-01-15T03:11:50","guid":{"rendered":"https:\/\/wellness4you.cz\/sk\/?post_type=product&#038;p=6603"},"modified":"2026-02-24T22:58:55","modified_gmt":"2026-02-24T21:58:55","slug":"gluconol","status":"publish","type":"product","link":"https:\/\/wellness4you.cz\/sk\/gluconol\/","title":{"rendered":"Gluconol"},"content":{"rendered":"<h2>Trp\u00edte vy alebo niekto z va\u0161ich bl\u00edzkych \u010dasto vy\u010derp\u00e1vaj\u00facimi pr\u00edznakmi cukrovky?<\/h2>\n<p>Ste unaven\u00ed z u\u017e\u00edvania liekov a neust\u00e1lych ob\u00e1v o vplyv, ktor\u00fd m\u00f4\u017ee ma\u0165 na va\u0161e telo in\u00e1 lie\u010dba? Predstavujeme v\u00e1m Glukonol: prelomov\u00e9 rie\u0161enie pre t\u00fdch, ktor\u00ed h\u013eadaj\u00fa pr\u00edrodn\u00fa alternat\u00edvu pri zmier\u0148ovan\u00ed cukrovky.\u00a0Gluconol sa nepodob\u00e1 na \u017eiadnu in\u00fa lie\u010dbu. Tento siln\u00fd a \u00fa\u010dinn\u00fd pr\u00edpravok, ktor\u00fd poskytuje cielen\u00fa \u00fa\u013eavu od n\u00e1stupu, je v\u010faka jedine\u010dnej kombin\u00e1cii vitam\u00ednov, miner\u00e1lov, antioxidantov a rastlinn\u00fdch extraktov prisp\u00f4soben\u00fd tak, aby spolupracoval s va\u0161\u00edm telom. Ako dodato\u010dn\u00fd bonus poskytuje Gluconol spo\u013eahliv\u00fa ochranu pred oxida\u010dn\u00fdm po\u0161koden\u00edm sp\u00f4soben\u00fdm radia\u010dn\u00fdm stresom &#8211; \u010fal\u0161\u00ed znak toho, ako ve\u013emi sa sna\u017e\u00edme o bezpe\u010dnos\u0165 na\u0161ich z\u00e1kazn\u00edkov.<\/p>\n<p>S Gluconolom nemus\u00ed by\u0165 cukrovka nie\u010d\u00edm, \u010do obmedzuje \u013eud\u00ed v tom, \u010do m\u00f4\u017eu v \u017eivote robi\u0165 a pre\u017e\u00edva\u0165. Namiesto toho je to stav, ktor\u00fd sa d\u00e1 zvl\u00e1dnu\u0165 pomocou \u00fa\u010dinnej a prirodzenej lie\u010dby &#8211; \u010do v\u00e1m alebo va\u0161im bl\u00edzkym umo\u017en\u00ed vr\u00e1ti\u0165 sa k \u017eivotu bez obmedzen\u00ed!<\/p>\n<h2>Gluconol &#8211; dokonal\u00e9 rie\u0161enie na regul\u00e1ciu gluk\u00f3zy!<\/h2>\n<p>M\u00e1te probl\u00e9my s kontrolou hladiny gluk\u00f3zy? H\u013ead\u00e1te \u00faplne pr\u00edrodn\u00e9 rie\u0161enie, ktor\u00e9 si nevy\u017eaduje drastick\u00e9 zmeny \u017eivotn\u00e9ho \u0161t\u00fdlu? Potom u\u017e neh\u013eadajte \u010falej: Glukonol je dokonal\u00fd, \u013eahko pou\u017eite\u013en\u00fd doplnok na regul\u00e1ciu gluk\u00f3zy!<\/p>\n<p>Gluconol obsahuje \u00fa\u010dinn\u00fa zmes pr\u00edrodn\u00fdch zlo\u017eiek, ktor\u00e1 pom\u00e1ha podporova\u0165 zdrav\u00fa rovnov\u00e1hu gluk\u00f3zy a podporuje celkov\u00e9 zdravie.<\/p>\n<p>V\u010faka svojmu patentovan\u00e9mu zlo\u017eeniu poskytuje vynikaj\u00facu \u00fa\u010dinnos\u0165 a dlhodob\u00e9 v\u00fdsledky. Pom\u00f4\u017ee v\u00e1m nielen regulova\u0165 hladinu gluk\u00f3zy, ale aj zn\u00ed\u017ei\u0165 \u00fanavu a podpori\u0165 energiu pre lep\u0161iu koncentr\u00e1ciu, s\u00fastredenie a jasnos\u0165 mysle. Navy\u0161e neobsahuje \u017eiadne umel\u00e9 chemik\u00e1lie ani konzerva\u010dn\u00e9 l\u00e1tky!<\/p>\n<p>Jeho jednoduch\u00e9 d\u00e1vkovanie u\u013eah\u010duje ka\u017edodenn\u00e9 u\u017e\u00edvanie; na udr\u017eanie potreby kontroly hladiny cukru sta\u010d\u00ed 1 kapsula r\u00e1no a \u010fal\u0161ia ve\u010der. Nedovo\u013ete teda, aby v\u00e1m cukrovka br\u00e1nila \u017ei\u0165 naplno &#8211; spo\u013eahnite sa na Gluconol, ktor\u00fd v\u00e1m zabezpe\u010d\u00ed spr\u00e1vnu kontrolu hladiny cukru a maxim\u00e1lne blahod\u00e1rne \u00fa\u010dinky.<\/p>\n<p>Rozl\u00fa\u010dte sa s probl\u00e9mami s cukrovkou a za\u010dnite u\u017e\u00edva\u0165 Gluconol e\u0161te dnes! V\u0161etci na\u0161i z\u00e1kazn\u00edci zaznamenali skvel\u00e9 v\u00fdsledky so zlep\u0161enou rovnov\u00e1hou gluk\u00f3zy do 2 t\u00fd\u017ed\u0148ov u\u017e\u00edvania &#8211; tak pre\u010do \u010daka\u0165? \u017dite zdrav\u0161ie a c\u00ed\u0165te sa silnej\u0161\u00ed s t\u00fdmto fantastick\u00fdm doplnkom po va\u0161om boku.<\/p>\n","protected":false},"excerpt":{"rendered":"<p>Glukonol &#8211; dokonal\u00e9 rie\u0161enie na regul\u00e1ciu gluk\u00f3zy! K\u00fapi\u0165 Gluconol v Slovenskej Republike za v\u00fdhodn\u00fa cenu. Kde k\u00fapi\u0165. Cena. Hodnotenie. Doru\u010denie na celom Slovensku: Nitra, \u017dilina, Pre\u0161ov, Ko\u0161ice, Bratislava, Zvolen, Prievidza, Poprad, Martin, Tren\u010d\u00edn, Trnava, Bansk\u00e1 Bystrica, \u0160a\u013ea, Vranov nad Top\u013eou a Partiz\u00e1nske. Indik\u00e1cie pre pou\u017eitie, Kontraindik\u00e1cie, Ako si tovar vzia\u0165. K\u00fapte si Gluconol online.<\/p>\n","protected":false},"featured_media":6788,"comment_status":"open","ping_status":"closed","template":"","meta":{"site-sidebar-layout":"default","site-content-layout":"default","ast-site-content-layout":"default","site-content-style":"default","site-sidebar-style":"default","ast-global-header-display":"","ast-banner-title-visibility":"","ast-main-header-display":"","ast-hfb-above-header-display":"","ast-hfb-below-header-display":"","ast-hfb-mobile-header-display":"","site-post-title":"","ast-breadcrumbs-content":"","ast-featured-img":"","footer-sml-layout":"","ast-disable-related-posts":"","theme-transparent-header-meta":"default","adv-header-id-meta":"","stick-header-meta":"","header-above-stick-meta":"","header-main-stick-meta":"","header-below-stick-meta":"","astra-migrate-meta-layouts":"set","ast-page-background-enabled":"default","ast-page-background-meta":{"desktop":{"background-color":"","background-image":"","background-repeat":"repeat","background-position":"center center","background-size":"auto","background-attachment":"scroll","background-type":"","background-media":"","overlay-type":"","overlay-color":"","overlay-opacity":"","overlay-gradient":""},"tablet":{"background-color":"","background-image":"","background-repeat":"repeat","background-position":"center center","background-size":"auto","background-attachment":"scroll","background-type":"","background-media":"","overlay-type":"","overlay-color":"","overlay-opacity":"","overlay-gradient":""},"mobile":{"background-color":"","background-image":"","background-repeat":"repeat","background-position":"center center","background-size":"auto","background-attachment":"scroll","background-type":"","background-media":"","overlay-type":"","overlay-color":"","overlay-opacity":"","overlay-gradient":""}},"ast-content-background-meta":{"desktop":{"background-color":"var(--ast-global-color-5)","background-image":"","background-repeat":"repeat","background-position":"center center","background-size":"auto","background-attachment":"scroll","background-type":"","background-media":"","overlay-type":"","overlay-color":"","overlay-opacity":"","overlay-gradient":""},"tablet":{"background-color":"var(--ast-global-color-5)","background-image":"","background-repeat":"repeat","background-position":"center center","background-size":"auto","background-attachment":"scroll","background-type":"","background-media":"","overlay-type":"","overlay-color":"","overlay-opacity":"","overlay-gradient":""},"mobile":{"background-color":"var(--ast-global-color-5)","background-image":"","background-repeat":"repeat","background-position":"center center","background-size":"auto","background-attachment":"scroll","background-type":"","background-media":"","overlay-type":"","overlay-color":"","overlay-opacity":"","overlay-gradient":""}}},"product_brand":[],"product_cat":[41],"product_tag":[],"class_list":{"0":"post-6603","1":"product","2":"type-product","3":"status-publish","4":"has-post-thumbnail","6":"product_cat-produkty-pre-zdravie","7":"desktop-align-left","8":"tablet-align-left","9":"mobile-align-left","11":"first","12":"instock","13":"sale","14":"taxable","15":"shipping-taxable","16":"purchasable","17":"product-type-simple"},"_links":{"self":[{"href":"https:\/\/wellness4you.cz\/sk\/wp-json\/wp\/v2\/product\/6603","targetHints":{"allow":["GET"]}}],"collection":[{"href":"https:\/\/wellness4you.cz\/sk\/wp-json\/wp\/v2\/product"}],"about":[{"href":"https:\/\/wellness4you.cz\/sk\/wp-json\/wp\/v2\/types\/product"}],"replies":[{"embeddable":true,"href":"https:\/\/wellness4you.cz\/sk\/wp-json\/wp\/v2\/comments?post=6603"}],"wp:featuredmedia":[{"embeddable":true,"href":"https:\/\/wellness4you.cz\/sk\/wp-json\/wp\/v2\/media\/6788"}],"wp:attachment":[{"href":"https:\/\/wellness4you.cz\/sk\/wp-json\/wp\/v2\/media?parent=6603"}],"wp:term":[{"taxonomy":"product_brand","embeddable":true,"href":"https:\/\/wellness4you.cz\/sk\/wp-json\/wp\/v2\/product_brand?post=6603"},{"taxonomy":"product_cat","embeddable":true,"href":"https:\/\/wellness4you.cz\/sk\/wp-json\/wp\/v2\/product_cat?post=6603"},{"taxonomy":"product_tag","embeddable":true,"href":"https:\/\/wellness4you.cz\/sk\/wp-json\/wp\/v2\/product_tag?post=6603"}],"curies":[{"name":"wp","href":"https:\/\/api.w.org\/{rel}","templated":true}]}}