{"id":6602,"date":"2023-01-15T04:11:50","date_gmt":"2023-01-15T03:11:50","guid":{"rendered":"https:\/\/wellness4you.cz\/sk\/?post_type=product&#038;p=6602"},"modified":"2026-03-27T14:23:07","modified_gmt":"2026-03-27T13:23:07","slug":"gigant","status":"publish","type":"product","link":"https:\/\/wellness4you.cz\/sk\/gigant\/","title":{"rendered":"Gigant"},"content":{"rendered":"<h2>Chcete posun\u00fa\u0165 v\u00fdkonnos\u0165 svojej sp\u00e1lne na vy\u0161\u0161iu \u00farove\u0148? Gigant je tu, aby v\u00e1m pomohol!<\/h2>\n<p>V\u010faka \u0161peci\u00e1lne navrhnut\u00fdm zlo\u017ek\u00e1m tento revolu\u010dn\u00fd g\u00e9l na zv\u00e4\u010d\u0161enie penisu aktivuje va\u0161e bunky a stimuluje rast len nieko\u013ek\u00fdmi jednoduch\u00fdmi aplik\u00e1ciami. T\u00e1to jednoduch\u00e1 a povzbudzuj\u00faca starostlivos\u0165 v\u00e1m zaru\u010d\u00ed dlh\u0161ie, silnej\u0161ie a silnej\u0161ie penisy &#8211; a z\u00e1rove\u0148 pocit sebavedomia.\u00a0Obr v\u00e1m dod\u00e1 sebavedomie, ktor\u00e9 potrebujete na \u00faspech v sp\u00e1lni. Pri pravidelnom pou\u017e\u00edvan\u00ed je navy\u0161e mo\u017en\u00e9 dosiahnu\u0165 trval\u00e9 v\u00fdsledky! Mu\u017ei aj \u017eeny hl\u00e1sia zv\u00fd\u0161en\u00e9 uspokojenie z pr\u00edjemn\u00fdch \u00fa\u010dinkov akt\u00edvneho pr\u00edpravku Gigant &#8211; v\u010faka nemu maj\u00fa v\u00e4\u010d\u0161iu kontrolu nad svojimi sexu\u00e1lnymi z\u00e1\u017eitkami.<\/p>\n<p>Gigant je rozhodne jedn\u00fdm z najmodernej\u0161\u00edch produktov na s\u00fa\u010dasnom trhu, ktor\u00fd v\u00e1m pom\u00f4\u017ee ma\u0165 lep\u0161iu kontrolu a hlb\u0161ie pote\u0161enie v posteli &#8211; bez toho, aby st\u00e1l majetok. S to\u013ek\u00fdmi siln\u00fdmi a z\u00e1rove\u0148 lacn\u00fdmi zlo\u017ekami, kto vie, kde sa m\u00f4\u017eete ocitn\u00fa\u0165 medzi priate\u013emi? Ten nezabudnute\u013en\u00fd pocit prekonania v\u0161etk\u00fdch hran\u00edc je tu s Gigantom. Z\u00edskajte svoju f\u013ea\u0161ti\u010dku e\u0161te dnes!<\/p>\n<h2>C\u00edtite sa sklaman\u00ed zo svojej sexu\u00e1lnej v\u00fdkonnosti? Ste pripraven\u00ed na zmenu a nie\u010do v\u00e4\u010d\u0161ie a lep\u0161ie?<\/h2>\n<p>Gigant pon\u00faka odpove\u010f! N\u00e1\u0161 g\u00e9l na zv\u00e4\u010d\u0161enie penisu v\u00e1m m\u00f4\u017ee doda\u0165 dodato\u010dn\u00fd impulz a vy sa budete c\u00edti\u0165 ako kr\u00e1\u013e. V\u00fdkonn\u00e9 zlo\u017eenie r\u00fdchlo p\u00f4sob\u00ed a neuverite\u013ene \u013eahko sa pou\u017e\u00edva &#8211; sta\u010d\u00ed ho vmas\u00edrova\u0165 do penisu, k\u00fdm sa \u00faplne nevstrebe. Budete ohromen\u00ed v\u00fdsledkami, preto\u017ee bolo klinicky dok\u00e1zan\u00e9, \u017ee n\u00e1\u0161 produkt zv\u00e4\u010d\u0161uje d\u013a\u017eku aj obvod penisu. Pravideln\u00fdm pou\u017e\u00edvan\u00edm si m\u00f4\u017eete vybudova\u0165 nielen silu, ale aj sebavedomie, \u010do v\u00e1m umo\u017en\u00ed sta\u0165 sa najlep\u0161ou verziou seba sam\u00e9ho v tele aj mysli. Sta\u0148te sa mu\u017eom, o akom ste v\u017edy sn\u00edvali s Gigantom!<\/p>\n<p>Neh\u013eadajte ni\u010d in\u00e9 ako Gigant &#8211; g\u00e9l na zv\u00e4\u010d\u0161enie penisu, ktor\u00fd sp\u00f4sob\u00ed revol\u00faciu vo va\u0161ich sexu\u00e1lnych stretnutiach! U\u017e po nieko\u013ek\u00fdch aplik\u00e1ci\u00e1ch poc\u00edtite okam\u017eit\u00e9 zv\u00fd\u0161enie ve\u013ekosti a sebavedomia. Zabudnite na \u010dakanie na v\u00fdsledky nieko\u013eko t\u00fd\u017ed\u0148ov alebo dokonca mesiacov. Gigant poskytuje p\u00f4sobiv\u00e9 &#8220;dlhodob\u00e9 rie\u0161enie&#8221; u\u017e po jednom pou\u017eit\u00ed. M\u00f4\u017eete dosiahnu\u0165 nielen z\u00e1videniahodn\u00fa ve\u013ekos\u0165 a obvod, ale aj zv\u00fd\u0161en\u00e9 pote\u0161enie z dostato\u010dn\u00e9ho sebavedomia, aby ste uspeli. Preto u\u017e ne\u010dakajte &#8211; vysk\u00fa\u0161ajte Gigant e\u0161te dnes a vezmite svoje z\u00e1\u017eitky v sp\u00e1lni \u00fatokom!<\/p>\n","protected":false},"excerpt":{"rendered":"<p>Gigant &#8211; g\u00e9l na zv\u00e4\u010d\u0161enie penisu, ktor\u00fd sp\u00f4sob\u00ed revol\u00faciu vo va\u0161ich sexu\u00e1lnych stretnutiach! K\u00fapi\u0165 Gigant v Slovenskej Republike za v\u00fdhodn\u00fa cenu. Cena. Hodnotenie. Kde k\u00fapi\u0165. Doru\u010denie na celom Slovensku: \u017dilina, Pre\u0161ov, Ko\u0161ice, Bratislava, Zvolen, Prievidza, Poprad, Martin, Tren\u010d\u00edn, Trnava, Bansk\u00e1 Bystrica, Nitra, Vranov nad Top\u013eou, Partiz\u00e1nske a Rimavsk\u00e1 Sobota. Kontraindik\u00e1cie, Ako si tovar vzia\u0165, Indik\u00e1cie pre pou\u017eitie. K\u00fapte si Gigant online.<\/p>\n","protected":false},"featured_media":6786,"comment_status":"open","ping_status":"closed","template":"","meta":{"site-sidebar-layout":"default","site-content-layout":"default","ast-site-content-layout":"default","site-content-style":"default","site-sidebar-style":"default","ast-global-header-display":"","ast-banner-title-visibility":"","ast-main-header-display":"","ast-hfb-above-header-display":"","ast-hfb-below-header-display":"","ast-hfb-mobile-header-display":"","site-post-title":"","ast-breadcrumbs-content":"","ast-featured-img":"","footer-sml-layout":"","ast-disable-related-posts":"","theme-transparent-header-meta":"default","adv-header-id-meta":"","stick-header-meta":"","header-above-stick-meta":"","header-main-stick-meta":"","header-below-stick-meta":"","astra-migrate-meta-layouts":"set","ast-page-background-enabled":"default","ast-page-background-meta":{"desktop":{"background-color":"","background-image":"","background-repeat":"repeat","background-position":"center center","background-size":"auto","background-attachment":"scroll","background-type":"","background-media":"","overlay-type":"","overlay-color":"","overlay-opacity":"","overlay-gradient":""},"tablet":{"background-color":"","background-image":"","background-repeat":"repeat","background-position":"center center","background-size":"auto","background-attachment":"scroll","background-type":"","background-media":"","overlay-type":"","overlay-color":"","overlay-opacity":"","overlay-gradient":""},"mobile":{"background-color":"","background-image":"","background-repeat":"repeat","background-position":"center center","background-size":"auto","background-attachment":"scroll","background-type":"","background-media":"","overlay-type":"","overlay-color":"","overlay-opacity":"","overlay-gradient":""}},"ast-content-background-meta":{"desktop":{"background-color":"var(--ast-global-color-5)","background-image":"","background-repeat":"repeat","background-position":"center center","background-size":"auto","background-attachment":"scroll","background-type":"","background-media":"","overlay-type":"","overlay-color":"","overlay-opacity":"","overlay-gradient":""},"tablet":{"background-color":"var(--ast-global-color-5)","background-image":"","background-repeat":"repeat","background-position":"center center","background-size":"auto","background-attachment":"scroll","background-type":"","background-media":"","overlay-type":"","overlay-color":"","overlay-opacity":"","overlay-gradient":""},"mobile":{"background-color":"var(--ast-global-color-5)","background-image":"","background-repeat":"repeat","background-position":"center center","background-size":"auto","background-attachment":"scroll","background-type":"","background-media":"","overlay-type":"","overlay-color":"","overlay-opacity":"","overlay-gradient":""}}},"product_brand":[],"product_cat":[40],"product_tag":[],"class_list":{"0":"post-6602","1":"product","2":"type-product","3":"status-publish","4":"has-post-thumbnail","6":"product_cat-produkty-pre-muzov","7":"desktop-align-left","8":"tablet-align-left","9":"mobile-align-left","11":"first","12":"instock","13":"sale","14":"taxable","15":"shipping-taxable","16":"purchasable","17":"product-type-simple"},"_links":{"self":[{"href":"https:\/\/wellness4you.cz\/sk\/wp-json\/wp\/v2\/product\/6602","targetHints":{"allow":["GET"]}}],"collection":[{"href":"https:\/\/wellness4you.cz\/sk\/wp-json\/wp\/v2\/product"}],"about":[{"href":"https:\/\/wellness4you.cz\/sk\/wp-json\/wp\/v2\/types\/product"}],"replies":[{"embeddable":true,"href":"https:\/\/wellness4you.cz\/sk\/wp-json\/wp\/v2\/comments?post=6602"}],"wp:featuredmedia":[{"embeddable":true,"href":"https:\/\/wellness4you.cz\/sk\/wp-json\/wp\/v2\/media\/6786"}],"wp:attachment":[{"href":"https:\/\/wellness4you.cz\/sk\/wp-json\/wp\/v2\/media?parent=6602"}],"wp:term":[{"taxonomy":"product_brand","embeddable":true,"href":"https:\/\/wellness4you.cz\/sk\/wp-json\/wp\/v2\/product_brand?post=6602"},{"taxonomy":"product_cat","embeddable":true,"href":"https:\/\/wellness4you.cz\/sk\/wp-json\/wp\/v2\/product_cat?post=6602"},{"taxonomy":"product_tag","embeddable":true,"href":"https:\/\/wellness4you.cz\/sk\/wp-json\/wp\/v2\/product_tag?post=6602"}],"curies":[{"name":"wp","href":"https:\/\/api.w.org\/{rel}","templated":true}]}}