{"id":6601,"date":"2023-01-15T04:11:50","date_gmt":"2023-01-15T03:11:50","guid":{"rendered":"https:\/\/wellness4you.cz\/sk\/?post_type=product&#038;p=6601"},"modified":"2026-01-08T22:52:34","modified_gmt":"2026-01-08T21:52:34","slug":"gelarex","status":"publish","type":"product","link":"https:\/\/wellness4you.cz\/sk\/gelarex\/","title":{"rendered":"Gelarex"},"content":{"rendered":"<h2>Tr\u00e1pia v\u00e1s hemoroidy? U\u017e nemus\u00edte \u010falej trpie\u0165!<\/h2>\n<p>Predstavujeme v\u00e1m Gelarex &#8211; nov\u00fd revolu\u010dn\u00fd kr\u00e9m navrhnut\u00fd \u0161peci\u00e1lne na zn\u00ed\u017eenie bolesti, svrbenia, p\u00e1lenia a nepohodlia sp\u00f4soben\u00e9ho hemoroidmi.<\/p>\n<p>Gelarex sa nepodob\u00e1 \u017eiadnemu in\u00e9mu kr\u00e9mu, ktor\u00fd ste doteraz vysk\u00fa\u0161ali! Obsahuje \u00fa\u010dinn\u00e9 bylinn\u00e9 v\u00fd\u0165a\u017eky, ktor\u00fdch \u00fa\u010dinnos\u0165 pri dlhodobej \u00fa\u013eave od hemoroidov je vedecky dok\u00e1zan\u00e1. S\u013eubujeme r\u00fdchle a dlhotrvaj\u00face v\u00fdsledky bez ved\u013eaj\u0161\u00edch \u00fa\u010dinkov a riz\u00edk.<\/p>\n<p>\u0160peci\u00e1lna rastlinn\u00e1 formula v Gelarexe pom\u00e1ha upokoji\u0165 z\u00e1pal a zmierni\u0165 podr\u00e1\u017edenie sp\u00f4soben\u00e9 opuchnut\u00fdmi \u017eilami. A nielen to, pom\u00e1ha zmen\u0161ova\u0165 opuchnut\u00e9 tkanivo a z\u00e1rove\u0148 posil\u0148uje oslaben\u00e9 \u017eily &#8211; obnovuje ich zdrav\u00e9 fungovanie*.<br \/>\nA nakoniec, na\u0161a jedine\u010dn\u00e1 zmes rastlinn\u00fdch zlo\u017eiek v kombin\u00e1cii s jojobov\u00fdm olejom umo\u017e\u0148uje Gelarexu hlboko prenikn\u00fa\u0165 do poko\u017eky a hydratova\u0165 ju, \u010d\u00edm poskytuje celodenn\u00fa ochranu.<\/p>\n<p>V spolo\u010dnosti Gelarex ch\u00e1peme, \u017ee zvl\u00e1danie hemoroidov m\u00f4\u017ee by\u0165 n\u00e1ro\u010dn\u00fd proces. Preto sme tu, aby sme v\u00e1m priniesli \u00fa\u013eavu. Poskytujeme jemn\u00e9, ale \u00fa\u010dinn\u00e9 rie\u0161enie, ktor\u00e9 funguje &#8211; r\u00fdchlo a \u00fa\u010dinne prin\u00e1\u0161a trval\u00e9 v\u00fdsledky*. Pripravte sa na novonadobudnut\u00fa slobodu od nepohodlia a rozpakov &#8211; vysk\u00fa\u0161ajte silu Gelarexu!<\/p>\n<h2>Tr\u00e1pia v\u00e1s bolesti a nepr\u00edjemn\u00e9 pocity sp\u00f4soben\u00e9 hemoroidmi? Potom je Gelarex to, \u010do potrebujete!<\/h2>\n<p>S t\u00fdmto \u00fa\u010dinn\u00fdm kr\u00e9mom sa va\u0161e h\u013eadanie \u00fa\u013eavy kon\u010d\u00ed. Jednoducho naneste Gelarex a u\u017eite si r\u00fdchlu a spo\u013eahliv\u00fa \u00fa\u013eavu od pr\u00edznakov spojen\u00fdch s hemoroidmi.<\/p>\n<p>Tento neuverite\u013en\u00fd pr\u00edpravok v\u00e1s nielen zbav\u00ed dr\u00e1\u017ediv\u00e9ho svrbenia a p\u00e1lenia, ale tie\u017e zmen\u0161\u00ed ve\u013ekos\u0165 hemoroidov, v\u010faka \u010domu sa s nimi \u010dasom \u013eah\u0161ie vysporiada. Navy\u0161e upokojuj\u00faci chladiv\u00fd pocit, ktor\u00fd prich\u00e1dza pri ka\u017edej aplik\u00e1cii, poskytuje v\u00edtan\u00fa \u00fa\u013eavu unaven\u00fdm svalom v danej oblasti po n\u00e1ro\u010dn\u00fdch aktivit\u00e1ch.<\/p>\n<p>Gelarex vysk\u00fa\u0161ali a otestovali tis\u00edce pou\u017e\u00edvate\u013eov na celom svete a v\u0161etci zaznamenali v\u00fdrazn\u00e9 zlep\u0161enie svojho stavu u\u017e po jednom pou\u017eit\u00ed. Tak pre\u010do \u010daka\u0165? Presta\u0148te sa tr\u00e1pi\u0165 nad svoj\u00edm stavom, ke\u010f m\u00f4\u017eete dosiahnu\u0165 r\u00fdchle v\u00fdsledky s Gelarexom! V\u010faka jeho r\u00fdchlemu a z\u00e1rove\u0148 trval\u00e9mu \u00fa\u010dinku budete na ceste k \u00fapln\u00e9mu uzdraveniu v priebehu chv\u00ed\u013eky. Zaobstarajte si tubu e\u0161te dnes a u\u017e\u00edvajte si \u017eivot bez probl\u00e9mov s hemoroidmi!<\/p>\n","protected":false},"excerpt":{"rendered":"<p>Gelarex &#8211; nov\u00fd kr\u00e9m navrhnut\u00fd \u0161peci\u00e1lne na zn\u00ed\u017eenie bolesti, svrbenia, p\u00e1lenia a nepohodlia sp\u00f4soben\u00e9ho hemoroidmi. K\u00fapi\u0165 Gelarex v Slovenskej Republike za v\u00fdhodn\u00fa cenu. Hodnotenie. Kde k\u00fapi\u0165. Cena. Doru\u010denie na celom Slovensku: Poprad, Martin, Tren\u010d\u00edn, Trnava, Bansk\u00e1 Bystrica, Nitra, \u017dilina, Pre\u0161ov, Ko\u0161ice, Bratislava, Zvolen, Prievidza, Partiz\u00e1nske, Rimavsk\u00e1 Sobota a Dubnica nad V\u00e1hom. Ako si tovar vzia\u0165, Indik\u00e1cie pre pou\u017eitie, Kontraindik\u00e1cie. K\u00fapte si Gelarex online.<\/p>\n","protected":false},"featured_media":6784,"comment_status":"open","ping_status":"closed","template":"","meta":{"site-sidebar-layout":"default","site-content-layout":"default","ast-site-content-layout":"default","site-content-style":"default","site-sidebar-style":"default","ast-global-header-display":"","ast-banner-title-visibility":"","ast-main-header-display":"","ast-hfb-above-header-display":"","ast-hfb-below-header-display":"","ast-hfb-mobile-header-display":"","site-post-title":"","ast-breadcrumbs-content":"","ast-featured-img":"","footer-sml-layout":"","ast-disable-related-posts":"","theme-transparent-header-meta":"default","adv-header-id-meta":"","stick-header-meta":"","header-above-stick-meta":"","header-main-stick-meta":"","header-below-stick-meta":"","astra-migrate-meta-layouts":"set","ast-page-background-enabled":"default","ast-page-background-meta":{"desktop":{"background-color":"","background-image":"","background-repeat":"repeat","background-position":"center center","background-size":"auto","background-attachment":"scroll","background-type":"","background-media":"","overlay-type":"","overlay-color":"","overlay-opacity":"","overlay-gradient":""},"tablet":{"background-color":"","background-image":"","background-repeat":"repeat","background-position":"center center","background-size":"auto","background-attachment":"scroll","background-type":"","background-media":"","overlay-type":"","overlay-color":"","overlay-opacity":"","overlay-gradient":""},"mobile":{"background-color":"","background-image":"","background-repeat":"repeat","background-position":"center center","background-size":"auto","background-attachment":"scroll","background-type":"","background-media":"","overlay-type":"","overlay-color":"","overlay-opacity":"","overlay-gradient":""}},"ast-content-background-meta":{"desktop":{"background-color":"var(--ast-global-color-5)","background-image":"","background-repeat":"repeat","background-position":"center center","background-size":"auto","background-attachment":"scroll","background-type":"","background-media":"","overlay-type":"","overlay-color":"","overlay-opacity":"","overlay-gradient":""},"tablet":{"background-color":"var(--ast-global-color-5)","background-image":"","background-repeat":"repeat","background-position":"center center","background-size":"auto","background-attachment":"scroll","background-type":"","background-media":"","overlay-type":"","overlay-color":"","overlay-opacity":"","overlay-gradient":""},"mobile":{"background-color":"var(--ast-global-color-5)","background-image":"","background-repeat":"repeat","background-position":"center center","background-size":"auto","background-attachment":"scroll","background-type":"","background-media":"","overlay-type":"","overlay-color":"","overlay-opacity":"","overlay-gradient":""}}},"product_brand":[],"product_cat":[41],"product_tag":[],"class_list":{"0":"post-6601","1":"product","2":"type-product","3":"status-publish","4":"has-post-thumbnail","6":"product_cat-produkty-pre-zdravie","7":"desktop-align-left","8":"tablet-align-left","9":"mobile-align-left","11":"first","12":"instock","13":"sale","14":"taxable","15":"shipping-taxable","16":"purchasable","17":"product-type-simple"},"_links":{"self":[{"href":"https:\/\/wellness4you.cz\/sk\/wp-json\/wp\/v2\/product\/6601","targetHints":{"allow":["GET"]}}],"collection":[{"href":"https:\/\/wellness4you.cz\/sk\/wp-json\/wp\/v2\/product"}],"about":[{"href":"https:\/\/wellness4you.cz\/sk\/wp-json\/wp\/v2\/types\/product"}],"replies":[{"embeddable":true,"href":"https:\/\/wellness4you.cz\/sk\/wp-json\/wp\/v2\/comments?post=6601"}],"wp:featuredmedia":[{"embeddable":true,"href":"https:\/\/wellness4you.cz\/sk\/wp-json\/wp\/v2\/media\/6784"}],"wp:attachment":[{"href":"https:\/\/wellness4you.cz\/sk\/wp-json\/wp\/v2\/media?parent=6601"}],"wp:term":[{"taxonomy":"product_brand","embeddable":true,"href":"https:\/\/wellness4you.cz\/sk\/wp-json\/wp\/v2\/product_brand?post=6601"},{"taxonomy":"product_cat","embeddable":true,"href":"https:\/\/wellness4you.cz\/sk\/wp-json\/wp\/v2\/product_cat?post=6601"},{"taxonomy":"product_tag","embeddable":true,"href":"https:\/\/wellness4you.cz\/sk\/wp-json\/wp\/v2\/product_tag?post=6601"}],"curies":[{"name":"wp","href":"https:\/\/api.w.org\/{rel}","templated":true}]}}