{"id":6600,"date":"2023-01-15T04:11:49","date_gmt":"2023-01-15T03:11:49","guid":{"rendered":"https:\/\/wellness4you.cz\/sk\/?post_type=product&#038;p=6600"},"modified":"2026-01-08T22:52:33","modified_gmt":"2026-01-08T21:52:33","slug":"exodermin","status":"publish","type":"product","link":"https:\/\/wellness4you.cz\/sk\/exodermin\/","title":{"rendered":"Exodermin"},"content":{"rendered":"<h2>Vitajte vo svete Exoderminu &#8211; revolu\u010dn\u00e9ho antimykotick\u00e9ho kr\u00e9mu, ktor\u00fd predstavuje zlat\u00fd \u0161tandard pri odstra\u0148ovan\u00ed odoln\u00fdch ples\u0148ov\u00fdch infekci\u00ed.<\/h2>\n<p>Na\u0161e patentovan\u00e9 zlo\u017eenie, ktor\u00e9 je vedecky podlo\u017een\u00e9 a klinicky testovan\u00e9, hovor\u00ed samo za seba. Je to najpokrokovej\u0161\u00ed kr\u00e9m, ak\u00fd m\u00f4\u017eete v s\u00fa\u010dasnosti n\u00e1js\u0165 na trhu. Exodermin nielen\u017ee okam\u017eite zastav\u00ed zdroj va\u0161ich \u0165a\u017ekost\u00ed, ale na\u0161tartuje regenera\u010dn\u00e9 a vy\u017eivovacie procesy, aby sa va\u0161a poko\u017eka obnovila r\u00fdchlej\u0161ie a s dlhodobou \u00fa\u010dinnos\u0165ou. Skombinovali sme hydrata\u010dn\u00e9 l\u00e1tky s upokojuj\u00facimi l\u00e1tkami, aby sme suchej a vyprahnutej poko\u017eke poskytli r\u00fdchlu \u00fa\u013eavu. N\u00e1\u0161 nemastn\u00fd kr\u00e9m m\u00e1 navy\u0161e vyv\u00e1\u017een\u00e9 pH a je odpor\u00fa\u010dan\u00fd dermatol\u00f3gmi, tak\u017ee viete, \u017ee to, \u010do si nan\u00e1\u0161ate na poko\u017eku, je bezpe\u010dn\u00e9 a \u00fa\u010dinn\u00e9. A na\u0161e pr\u00edrodn\u00e9, hypoalerg\u00e9nne zlo\u017eenie eliminuje riziko alergick\u00fdch reakci\u00ed, ktor\u00e9 \u010dasto sp\u00f4sobuj\u00fa syntetick\u00e9 konzerva\u010dn\u00e9 l\u00e1tky alebo v\u00f4ne v in\u00fdch v\u00fdrobkoch.<\/p>\n<p>Skoncujte s nepr\u00edjemn\u00fdm svrben\u00edm a p\u00e1len\u00edm sp\u00f4soben\u00fdm \u00faporn\u00fdmi ples\u0148ov\u00fdmi infekciami! Chr\u00e1\u0148te svoje nohy spr\u00e1vnym sp\u00f4sobom pomocou Exoderminu &#8211; dokonal\u00e9ho antimykotick\u00e9ho kr\u00e9mu, ktor\u00fd r\u00fdchlo prin\u00e1\u0161a v\u00fdsledky!<\/p>\n<h2>Exodermin &#8211;\u00a0Dokonal\u00e9 rie\u0161enie pre \u00fa\u010dinn\u00fa protiples\u0148ov\u00fa ochranu!<\/h2>\n<p>Na\u0161e jedine\u010dn\u00e9 rie\u0161enie bolo vyvinut\u00e9 len z t\u00fdch najlep\u0161\u00edch zlo\u017eiek, aby sa zabezpe\u010dili maxim\u00e1lne v\u00fdsledky. A navy\u0161e sa \u013eahko pou\u017e\u00edva! Jednoducho naneste nieko\u013eko kvapiek Exoderminu priamo na povrch alebo postihnut\u00e9 miesto a uvid\u00edte r\u00fdchlo p\u00f4sobiace a dlhotrvaj\u00face v\u00fdsledky.<\/p>\n<p>Exodermin je ide\u00e1lny pre v\u0161etky oblasti n\u00e1chyln\u00e9 na ples\u0148ov\u00e9 infekcie, ako s\u00fa nohy, nechty, baz\u00e9ny, k\u00fape\u013ene a \u010fal\u0161ie. Funguje tak, \u017ee sa zameriava na hlavn\u00fa pr\u00ed\u010dinu ples\u0148ov\u00fdch infekci\u00ed a r\u00fdchlo ich ni\u010d\u00ed sk\u00f4r, ako sa roz\u0161\u00edria. To v\u0161ak nie je v\u0161etko &#8211; jeho pokro\u010dil\u00e9 zlo\u017eenie tie\u017e pom\u00e1ha predch\u00e1dza\u0165 bud\u00facim ohnisk\u00e1m a z\u00e1rove\u0148 poskytuje va\u0161ej poko\u017eke dodato\u010dn\u00fa v\u00fd\u017eivu, v\u010faka \u010domu je jemn\u00e1 a hladk\u00e1!<\/p>\n<p>Navy\u0161e si m\u00f4\u017eete odd\u00fdchnu\u0165 s vedom\u00edm, \u017ee Exodermin je \u00faplne pr\u00edrodn\u00fd a netoxick\u00fd. Je \u0161etrn\u00fd k va\u0161ej poko\u017eke, ale dostato\u010dne siln\u00fd na to, aby sa postaral o v\u0161etky otravn\u00e9 plesne bez drsn\u00fdch chemik\u00e1li\u00ed alebo z\u00e1pachu. Teraz sa m\u00f4\u017eete kone\u010dne raz a nav\u017edy rozl\u00fa\u010di\u0165 s ples\u0148ov\u00fdmi infekciami &#8211; s Exoderminom!<\/p>\n","protected":false},"excerpt":{"rendered":"<p>Exodermin &#8211; Dokonal\u00e9 rie\u0161enie pre \u00fa\u010dinn\u00fa protiples\u0148ov\u00fa ochranu! K\u00fapi\u0165 Exodermin v Slovenskej Republike za v\u00fdhodn\u00fa cenu. Kde k\u00fapi\u0165. Cena. Hodnotenie. Doru\u010denie na celom Slovensku: Martin, Tren\u010d\u00edn, Trnava, Bansk\u00e1 Bystrica, Nitra, \u017dilina, Pre\u0161ov, Ko\u0161ice, Bratislava, Zvolen, Prievidza, Poprad, Rimavsk\u00e1 Sobota, Dubnica nad V\u00e1hom a \u010cadca. Indik\u00e1cie pre pou\u017eitie, Kontraindik\u00e1cie, Ako si tovar vzia\u0165. K\u00fapte si Exodermin online.<\/p>\n","protected":false},"featured_media":6781,"comment_status":"open","ping_status":"closed","template":"","meta":{"site-sidebar-layout":"default","site-content-layout":"default","ast-site-content-layout":"default","site-content-style":"default","site-sidebar-style":"default","ast-global-header-display":"","ast-banner-title-visibility":"","ast-main-header-display":"","ast-hfb-above-header-display":"","ast-hfb-below-header-display":"","ast-hfb-mobile-header-display":"","site-post-title":"","ast-breadcrumbs-content":"","ast-featured-img":"","footer-sml-layout":"","ast-disable-related-posts":"","theme-transparent-header-meta":"default","adv-header-id-meta":"","stick-header-meta":"","header-above-stick-meta":"","header-main-stick-meta":"","header-below-stick-meta":"","astra-migrate-meta-layouts":"default","ast-page-background-enabled":"default","ast-page-background-meta":{"desktop":{"background-color":"","background-image":"","background-repeat":"repeat","background-position":"center center","background-size":"auto","background-attachment":"scroll","background-type":"","background-media":"","overlay-type":"","overlay-color":"","overlay-opacity":"","overlay-gradient":""},"tablet":{"background-color":"","background-image":"","background-repeat":"repeat","background-position":"center center","background-size":"auto","background-attachment":"scroll","background-type":"","background-media":"","overlay-type":"","overlay-color":"","overlay-opacity":"","overlay-gradient":""},"mobile":{"background-color":"","background-image":"","background-repeat":"repeat","background-position":"center center","background-size":"auto","background-attachment":"scroll","background-type":"","background-media":"","overlay-type":"","overlay-color":"","overlay-opacity":"","overlay-gradient":""}},"ast-content-background-meta":{"desktop":{"background-color":"var(--ast-global-color-5)","background-image":"","background-repeat":"repeat","background-position":"center center","background-size":"auto","background-attachment":"scroll","background-type":"","background-media":"","overlay-type":"","overlay-color":"","overlay-opacity":"","overlay-gradient":""},"tablet":{"background-color":"var(--ast-global-color-5)","background-image":"","background-repeat":"repeat","background-position":"center center","background-size":"auto","background-attachment":"scroll","background-type":"","background-media":"","overlay-type":"","overlay-color":"","overlay-opacity":"","overlay-gradient":""},"mobile":{"background-color":"var(--ast-global-color-5)","background-image":"","background-repeat":"repeat","background-position":"center center","background-size":"auto","background-attachment":"scroll","background-type":"","background-media":"","overlay-type":"","overlay-color":"","overlay-opacity":"","overlay-gradient":""}}},"product_brand":[],"product_cat":[41],"product_tag":[],"class_list":{"0":"post-6600","1":"product","2":"type-product","3":"status-publish","4":"has-post-thumbnail","6":"product_cat-produkty-pre-zdravie","7":"desktop-align-left","8":"tablet-align-left","9":"mobile-align-left","11":"first","12":"instock","13":"taxable","14":"shipping-taxable","15":"purchasable","16":"product-type-simple"},"_links":{"self":[{"href":"https:\/\/wellness4you.cz\/sk\/wp-json\/wp\/v2\/product\/6600","targetHints":{"allow":["GET"]}}],"collection":[{"href":"https:\/\/wellness4you.cz\/sk\/wp-json\/wp\/v2\/product"}],"about":[{"href":"https:\/\/wellness4you.cz\/sk\/wp-json\/wp\/v2\/types\/product"}],"replies":[{"embeddable":true,"href":"https:\/\/wellness4you.cz\/sk\/wp-json\/wp\/v2\/comments?post=6600"}],"wp:featuredmedia":[{"embeddable":true,"href":"https:\/\/wellness4you.cz\/sk\/wp-json\/wp\/v2\/media\/6781"}],"wp:attachment":[{"href":"https:\/\/wellness4you.cz\/sk\/wp-json\/wp\/v2\/media?parent=6600"}],"wp:term":[{"taxonomy":"product_brand","embeddable":true,"href":"https:\/\/wellness4you.cz\/sk\/wp-json\/wp\/v2\/product_brand?post=6600"},{"taxonomy":"product_cat","embeddable":true,"href":"https:\/\/wellness4you.cz\/sk\/wp-json\/wp\/v2\/product_cat?post=6600"},{"taxonomy":"product_tag","embeddable":true,"href":"https:\/\/wellness4you.cz\/sk\/wp-json\/wp\/v2\/product_tag?post=6600"}],"curies":[{"name":"wp","href":"https:\/\/api.w.org\/{rel}","templated":true}]}}