{"id":6598,"date":"2023-01-15T04:11:49","date_gmt":"2023-01-15T03:11:49","guid":{"rendered":"https:\/\/wellness4you.cz\/sk\/?post_type=product&#038;p=6598"},"modified":"2026-02-24T22:58:54","modified_gmt":"2026-02-24T21:58:54","slug":"dr-derm","status":"publish","type":"product","link":"https:\/\/wellness4you.cz\/sk\/dr-derm\/","title":{"rendered":"Dr.Derm"},"content":{"rendered":"<h2>Bojujete s nepr\u00edjemn\u00fdm a tr\u00e1pnym za\u010dervenan\u00edm, svrben\u00edm a odlupovan\u00edm, ktor\u00e9 m\u00f4\u017ee psori\u00e1za sp\u00f4sobi\u0165?<\/h2>\n<p>Dr.Derm je tu, aby v\u00e1m pomohol! Jeho pou\u017eitie je jednoduch\u00e9 &#8211; pre dosiahnutie najlep\u0161\u00edch v\u00fdsledkov sta\u010d\u00ed kr\u00e9m aplikova\u0165 priamo na postihnut\u00e9 miesta poko\u017eky raz denne!<\/p>\n<p>V Dr.Derm ch\u00e1peme, ak\u00e9 \u0165a\u017ek\u00e9 m\u00f4\u017ee by\u0165 zvl\u00e1dnu\u0165 psori\u00e1zu. Nielen\u017ee ovplyv\u0148uje va\u0161e fyzick\u00e9 zdravie, ale m\u00f4\u017ee ma\u0165 ve\u013ek\u00fd vplyv aj na va\u0161u du\u0161evn\u00fa pohodu. Preto sme vyvinuli \u00fa\u010dinn\u00fa zmes pr\u00edrodn\u00fdch zlo\u017eiek, ktor\u00e9 harmonicky spolupracuj\u00fa na zmiernen\u00ed z\u00e1palu. \u010ci u\u017e trp\u00edte miernymi alebo v\u00e1\u017enymi komplik\u00e1ciami psori\u00e1zy, m\u00f4\u017eete d\u00f4verova\u0165 jemn\u00e9mu, ale \u00fa\u010dinn\u00e9mu zlo\u017eeniu Dr.Derm. Poskytuje r\u00fdchlo p\u00f4sobiacu ka\u017edodenn\u00fa \u00fa\u013eavu bez podr\u00e1\u017edenia alebo nepr\u00edjemn\u00fdch ved\u013eaj\u0161\u00edch \u00fa\u010dinkov.<\/p>\n<p>Va\u0161a poko\u017eka by sa nemala c\u00edti\u0165 ako bremeno &#8211; z\u00edskajte sp\u00e4\u0165 kontrolu s na\u0161ou \u00faplne pr\u00edrodnou lie\u010dbou Dr.Derm! Pripravte sa na vy\u017eiven\u00fa a upokojen\u00fa poko\u017eku, ako aj na novo nadobudnut\u00e9 sebavedomie, \u017ee sa op\u00e4\u0165 c\u00edtite ako vy!<\/p>\n<h2>Rozl\u00fa\u010dte sa s psori\u00e1zou s Dr.Derm!<\/h2>\n<p>N\u00e1\u0161 revolu\u010dn\u00fd produkt je komplexn\u00fdm rie\u0161en\u00edm na \u00fa\u010dinn\u00fa prevenciu, lie\u010dbu a zmiernenie pr\u00edznakov psori\u00e1zy. \u010ci u\u017e h\u013ead\u00e1te jednoduch\u00fd sp\u00f4sob, ako zmierni\u0165 vzplanutia, skoncova\u0165 so svrben\u00edm a podr\u00e1\u017eden\u00edm poko\u017eky alebo obnovi\u0165 jemnos\u0165 suchej poko\u017eky, Dr.Derm m\u00e1 odpove\u010f!<\/p>\n<p>Na\u0161e prelomov\u00e9 zlo\u017eenie vyvinut\u00e9 \u0161pi\u010dkov\u00fdmi dermatol\u00f3gmi a zalo\u017een\u00e9 na najnov\u0161om vedeckom v\u00fdskume a technol\u00f3gii prenik\u00e1 hlboko pod povrch poko\u017eky, aby ju chr\u00e1nilo pred \u010fal\u0161\u00edm po\u0161koden\u00edm a z\u00e1rove\u0148 r\u00fdchlo zmier\u0148ovalo pr\u00edznaky. Mo\u017eno ho pou\u017ei\u0165 kdeko\u013evek na tele, kde sa psori\u00e1za prejavuje, a r\u00fdchlo obnovi\u0165 zdrav\u0161\u00ed vzh\u013ead. Dr.Derm obsahuje \u00fa\u010dinn\u00e9 pr\u00edrodn\u00e9 zlo\u017eky vr\u00e1tane v\u00fd\u0165a\u017eku z v\u0155bovej k\u00f4ry, ktor\u00fd v spolupr\u00e1ci s \u010fal\u0161\u00edmi akt\u00edvnymi pr\u00edrodn\u00fdmi zl\u00fa\u010deninami poskytuje cielen\u00fa \u00fa\u013eavu.<\/p>\n<p>Na\u0161e \u0161peci\u00e1lne vytvoren\u00e9 zlo\u017eenie nedr\u00e1\u017edi citliv\u00fa poko\u017eku ani nerozru\u0161uje \u017eal\u00fadok ako niektor\u00e9 in\u00e9 v\u00fdrobky, tak\u017ee sa nemus\u00edte ob\u00e1va\u0165 ved\u013eaj\u0161\u00edch \u00fa\u010dinkov. Ka\u017edodenn\u00fdm pou\u017e\u00edvan\u00edm pr\u00edpravku Dr.Derm a dodr\u017eiavan\u00edm nieko\u013ek\u00fdch jednoduch\u00fdch krokov vo va\u0161om \u017eivotnom \u0161t\u00fdle &#8211; napr\u00edklad nosen\u00edm vo\u013en\u00e9ho oble\u010denia a vyh\u00fdban\u00edm sa drsn\u00fdm \u010distiacim prostriedkom &#8211; m\u00f4\u017eete udr\u017ea\u0165 psori\u00e1zu pod kontrolou a zachova\u0165 si zdrav\u00fa poko\u017eku na dlh\u00e9 roky! Urobte si ka\u017ed\u00fd de\u0148 jasnej\u0161\u00ed a pohodlnej\u0161\u00ed s Dr.Derm &#8211; dokonalou obranou proti pr\u00edznakom psori\u00e1zy!<\/p>\n","protected":false},"excerpt":{"rendered":"<p>Dr.Derm je komplexn\u00fdm rie\u0161en\u00edm na \u00fa\u010dinn\u00fa prevenciu, lie\u010dbu a zmiernenie pr\u00edznakov psori\u00e1zy. K\u00fapi\u0165 Dr.Derm v Slovenskej Republike za v\u00fdhodn\u00fa cenu. Hodnotenie. Kde k\u00fapi\u0165. Cena. Doru\u010denie na celom Slovensku: Trnava, Bansk\u00e1 Bystrica, Nitra, \u017dilina, Pre\u0161ov, Ko\u0161ice, Bratislava, Zvolen, Prievidza, Poprad, Martin, Tren\u010d\u00edn, \u010cadca, Dunajsk\u00e1 Streda a Trebi\u0161ov. Indik\u00e1cie pre pou\u017eitie, Kontraindik\u00e1cie, Ako si tovar vzia\u0165. K\u00fapte si Dr.Derm online.<\/p>\n","protected":false},"featured_media":6783,"comment_status":"open","ping_status":"closed","template":"","meta":{"site-sidebar-layout":"default","site-content-layout":"default","ast-site-content-layout":"default","site-content-style":"default","site-sidebar-style":"default","ast-global-header-display":"","ast-banner-title-visibility":"","ast-main-header-display":"","ast-hfb-above-header-display":"","ast-hfb-below-header-display":"","ast-hfb-mobile-header-display":"","site-post-title":"","ast-breadcrumbs-content":"","ast-featured-img":"","footer-sml-layout":"","ast-disable-related-posts":"","theme-transparent-header-meta":"default","adv-header-id-meta":"","stick-header-meta":"","header-above-stick-meta":"","header-main-stick-meta":"","header-below-stick-meta":"","astra-migrate-meta-layouts":"set","ast-page-background-enabled":"default","ast-page-background-meta":{"desktop":{"background-color":"","background-image":"","background-repeat":"repeat","background-position":"center center","background-size":"auto","background-attachment":"scroll","background-type":"","background-media":"","overlay-type":"","overlay-color":"","overlay-opacity":"","overlay-gradient":""},"tablet":{"background-color":"","background-image":"","background-repeat":"repeat","background-position":"center center","background-size":"auto","background-attachment":"scroll","background-type":"","background-media":"","overlay-type":"","overlay-color":"","overlay-opacity":"","overlay-gradient":""},"mobile":{"background-color":"","background-image":"","background-repeat":"repeat","background-position":"center center","background-size":"auto","background-attachment":"scroll","background-type":"","background-media":"","overlay-type":"","overlay-color":"","overlay-opacity":"","overlay-gradient":""}},"ast-content-background-meta":{"desktop":{"background-color":"var(--ast-global-color-5)","background-image":"","background-repeat":"repeat","background-position":"center center","background-size":"auto","background-attachment":"scroll","background-type":"","background-media":"","overlay-type":"","overlay-color":"","overlay-opacity":"","overlay-gradient":""},"tablet":{"background-color":"var(--ast-global-color-5)","background-image":"","background-repeat":"repeat","background-position":"center center","background-size":"auto","background-attachment":"scroll","background-type":"","background-media":"","overlay-type":"","overlay-color":"","overlay-opacity":"","overlay-gradient":""},"mobile":{"background-color":"var(--ast-global-color-5)","background-image":"","background-repeat":"repeat","background-position":"center center","background-size":"auto","background-attachment":"scroll","background-type":"","background-media":"","overlay-type":"","overlay-color":"","overlay-opacity":"","overlay-gradient":""}}},"product_brand":[],"product_cat":[41],"product_tag":[],"class_list":{"0":"post-6598","1":"product","2":"type-product","3":"status-publish","4":"has-post-thumbnail","6":"product_cat-produkty-pre-zdravie","7":"desktop-align-left","8":"tablet-align-left","9":"mobile-align-left","11":"first","12":"instock","13":"sale","14":"taxable","15":"shipping-taxable","16":"purchasable","17":"product-type-simple"},"_links":{"self":[{"href":"https:\/\/wellness4you.cz\/sk\/wp-json\/wp\/v2\/product\/6598","targetHints":{"allow":["GET"]}}],"collection":[{"href":"https:\/\/wellness4you.cz\/sk\/wp-json\/wp\/v2\/product"}],"about":[{"href":"https:\/\/wellness4you.cz\/sk\/wp-json\/wp\/v2\/types\/product"}],"replies":[{"embeddable":true,"href":"https:\/\/wellness4you.cz\/sk\/wp-json\/wp\/v2\/comments?post=6598"}],"wp:featuredmedia":[{"embeddable":true,"href":"https:\/\/wellness4you.cz\/sk\/wp-json\/wp\/v2\/media\/6783"}],"wp:attachment":[{"href":"https:\/\/wellness4you.cz\/sk\/wp-json\/wp\/v2\/media?parent=6598"}],"wp:term":[{"taxonomy":"product_brand","embeddable":true,"href":"https:\/\/wellness4you.cz\/sk\/wp-json\/wp\/v2\/product_brand?post=6598"},{"taxonomy":"product_cat","embeddable":true,"href":"https:\/\/wellness4you.cz\/sk\/wp-json\/wp\/v2\/product_cat?post=6598"},{"taxonomy":"product_tag","embeddable":true,"href":"https:\/\/wellness4you.cz\/sk\/wp-json\/wp\/v2\/product_tag?post=6598"}],"curies":[{"name":"wp","href":"https:\/\/api.w.org\/{rel}","templated":true}]}}