{"id":6597,"date":"2023-01-15T04:11:48","date_gmt":"2023-01-15T03:11:48","guid":{"rendered":"https:\/\/wellness4you.cz\/sk\/?post_type=product&#038;p=6597"},"modified":"2026-01-08T22:52:33","modified_gmt":"2026-01-08T21:52:33","slug":"dietoll","status":"publish","type":"product","link":"https:\/\/wellness4you.cz\/sk\/dietoll\/","title":{"rendered":"Dietoll"},"content":{"rendered":"<p>Dietoll je univerz\u00e1lny produkt pre zmenu \u017eivotn\u00e9ho \u0161t\u00fdlu a z\u00e1rove\u0148 rie\u0161en\u00edm pre t\u00fdch, ktor\u00ed sa sna\u017eia schudn\u00fa\u0165. Jeho unik\u00e1tna formul\u00e1cia obsahuje k\u013e\u00fa\u010dov\u00e9 zlo\u017eky, ktor\u00e9 podporuj\u00fa zdrav\u0161ie stravovanie, potl\u00e1\u010daj\u00fa chu\u0165 do jedla a zvy\u0161uj\u00fa metabolizmus. U\u017e\u00edvanie Dietollu je jednoduch\u00e9, sta\u010d\u00ed u\u017e\u00edva\u0165 jednu kapsulu denne s jedlom a dostato\u010dn\u00fdm mno\u017estvom vody.<\/p>\n<p>Dietoll je vhodn\u00fd pre v\u0161etky typy tiel a vekov\u00e9 skupiny, je bezpe\u010dn\u00fd a neobsahuje \u017eiadne \u0161kodliv\u00e9 l\u00e1tky. S pravideln\u00fdm u\u017e\u00edvan\u00edm mo\u017eno dosiahnu\u0165 postupn\u00e9 v\u00fdsledky v smere k cie\u013eu zdravej v\u00e1hy a postavy. Tento produkt je skvelou vo\u013ebou pre ka\u017ed\u00e9ho, kto chce zlep\u0161i\u0165 svoje zdravie a dosiahnu\u0165 \u017eelan\u00fa postavu bezpe\u010dn\u00fdm a \u00fa\u010dinn\u00fdm sp\u00f4sobom.<\/p>\n<h2>Dietoll je revolu\u010dn\u00fdm produktom pre zmenu \u017eivotn\u00e9ho \u0161t\u00fdlu a z\u00e1rove\u0148 rie\u0161en\u00edm pre t\u00fdch, ktor\u00ed sa sna\u017eia schudn\u00fa\u0165.<\/h2>\n<p>Jeho unik\u00e1tna formul\u00e1cia obsahuje k\u013e\u00fa\u010dov\u00e9 zlo\u017eky, ktor\u00e9 podporuj\u00fa zdrav\u0161ie stravovanie, potl\u00e1\u010daj\u00fa chu\u0165 do jedla a zvy\u0161uj\u00fa metabolizmus. Dietoll je ide\u00e1lnym sp\u00f4sobom, ako dosiahnu\u0165 \u017eelan\u00fa postavu a zlep\u0161i\u0165 svoje zdravie.<\/p>\n<p>Tento produkt je univerz\u00e1lne rie\u0161enie, ktor\u00e9 funguje pre v\u0161etky typy tiel a vekov\u00e9 skupiny. Je bezpe\u010dn\u00fd a neobsahuje \u017eiadne \u0161kodliv\u00e9 l\u00e1tky. U\u017e\u00edvanie produktu je ve\u013emi jednoduch\u00e9 &#8211; sta\u010d\u00ed u\u017e\u00edva\u0165 jednu kapsulu denne s jedlom a dostato\u010dn\u00fdm mno\u017estvom vody. V\u00fdsledky sa dostavia postupne s pravideln\u00fdm u\u017e\u00edvan\u00edm.<\/p>\n<p>V dne\u0161nej dobe je \u0165a\u017ek\u00e9 n\u00e1js\u0165 spr\u00e1vne rie\u0161enie pre zdrav\u00fd \u017eivotn\u00fd \u0161t\u00fdl a z\u00e1rove\u0148 schudn\u00fa\u0165. Mnoho \u013eud\u00ed sa sna\u017e\u00ed rie\u0161i\u0165 tento probl\u00e9m cvi\u010den\u00edm a di\u00e9tami, no nie v\u017edy s\u00fa \u00faspe\u0161n\u00ed. A pr\u00e1ve preto sme vyvinuli revolu\u010dn\u00fd produkt Dietoll.<\/p>\n<h2>Tento produkt je univerz\u00e1lnym rie\u0161en\u00edm pre v\u0161etk\u00fdch, ktor\u00ed sa sna\u017eia schudn\u00fa\u0165 a zlep\u0161i\u0165 svoje zdravie.<\/h2>\n<p>Jeho unik\u00e1tna formul\u00e1cia obsahuje k\u013e\u00fa\u010dov\u00e9 zlo\u017eky, ktor\u00e9 podporuj\u00fa zdrav\u0161ie stravovanie, potl\u00e1\u010daj\u00fa chu\u0165 do jedla a zvy\u0161uj\u00fa metabolizmus. To znamen\u00e1, \u017ee s Dietollom m\u00f4\u017eete schudn\u00fa\u0165 bez toho, aby ste sa museli obmedzova\u0165 v jedle a bez nutnosti vynalo\u017ei\u0165 ve\u013ea \u00fasilia na cvi\u010denie.<\/p>\n<p>Dietoll je bezpe\u010dn\u00fd a neobsahuje \u017eiadne \u0161kodliv\u00e9 l\u00e1tky. Je vhodn\u00fd pre v\u0161etky typy tiel a vekov\u00e9 skupiny, \u010di u\u017e ste mlad\u00fd alebo star\u0161\u00ed, mu\u017e alebo \u017eena. Jeho pou\u017eitie je ve\u013emi jednoduch\u00e9, sta\u010d\u00ed u\u017e\u00edva\u0165 jednu kapsulu denne s jedlom a dostato\u010dn\u00fdm mno\u017estvom vody. S pravideln\u00fdm u\u017e\u00edvan\u00edm mo\u017eno dosiahnu\u0165 postupn\u00e9 v\u00fdsledky v smere k cie\u013eu zdravej v\u00e1hy a postavy.<\/p>\n<p>Okrem toho, \u017ee Dietoll pom\u00e1ha schudn\u00fa\u0165, m\u00e1 aj \u010fal\u0161ie zdravotn\u00e9 benefity. Zvy\u0161uje energiu, zlep\u0161uje tr\u00e1venie, podporuje zdravie srdca a ciev, a navy\u0161e zlep\u0161uje n\u00e1ladu a kvalitu sp\u00e1nku. Je to skuto\u010dne v\u0161estrann\u00fd produkt, ktor\u00fd v\u00e1m pom\u00f4\u017ee dosiahnu\u0165 va\u0161e ciele oh\u013eadom zdravej v\u00e1hy a zdravia.<\/p>\n<h2>Dietoll je skuto\u010dne revolu\u010dn\u00fdm produktom pre zmenu \u017eivotn\u00e9ho \u0161t\u00fdlu.<\/h2>\n<p>Je to bezpe\u010dn\u00fd a \u00fa\u010dinn\u00fd sp\u00f4sob, ako schudn\u00fa\u0165 a z\u00e1rove\u0148 sa sta\u0165 zdrav\u0161\u00edm a \u0161\u0165astnej\u0161\u00edm \u010dlovekom. U\u017e \u017eiadne n\u00e1ro\u010dn\u00e9 di\u00e9ty a n\u00e1mahav\u00e9 cvi\u010denia. Sta\u010d\u00ed u\u017e\u00edva\u0165 jednu kapsulu denne a necha\u0165 Dietoll pracova\u0165 pre v\u00e1s.<\/p>\n<p>Ak chcete dosiahnu\u0165 svoj cie\u013e zdravej v\u00e1hy a postavy, nev\u00e1hajte a vysk\u00fa\u0161ajte Dietoll. Sme si ist\u00ed, \u017ee budete spokojn\u00ed s v\u00fdsledkami a \u017ee sa stanete fan\u00fa\u0161ikom tohto produktu rovnako ako mnoho \u010fal\u0161\u00edch spokojn\u00fdch z\u00e1kazn\u00edkov.<\/p>\n<p>V z\u00e1vere mo\u017eno poveda\u0165, \u017ee Dietoll je skuto\u010dne revolu\u010dn\u00fdm produktom pre zmenu \u017eivotn\u00e9ho \u0161t\u00fdlu, ktor\u00fd pom\u00e1ha \u013eu\u010fom dosiahnu\u0165 ich ciele oh\u013eadom zdravej v\u00e1hy a postavy. Je to bezpe\u010dn\u00fd a \u00fa\u010dinn\u00fd sp\u00f4sob, ako dosiahnu\u0165 cie\u013e a udr\u017ea\u0165 si zdrav\u00fd \u017eivotn\u00fd \u0161t\u00fdl.<\/p>\n<p>Za\u010dnite u\u017e dnes a vychutnajte si cestu k va\u0161ej vysn\u00edvanej postave a zdrav\u00e9mu \u017eivotn\u00e9mu \u0161t\u00fdlu s Dietoll.<\/p>\n","protected":false},"excerpt":{"rendered":"<p>Dietoll je revolu\u010dn\u00fdm produktom pre zmenu \u017eivotn\u00e9ho \u0161t\u00fdlu a z\u00e1rove\u0148 rie\u0161en\u00edm pre t\u00fdch, ktor\u00ed sa sna\u017eia schudn\u00fa\u0165. K\u00fapi\u0165 Dietoll v Slovenskej Republike za v\u00fdhodn\u00fa cenu. Kde k\u00fapi\u0165. Cena. Hodnotenie. Doru\u010denie na celom Slovensku: Bansk\u00e1 Bystrica, Nitra, \u017dilina, Pre\u0161ov, Ko\u0161ice, Bratislava, Zvolen, Prievidza, Poprad, Martin, Tren\u010d\u00edn, Trnava, Dunajsk\u00e1 Streda, Trebi\u0161ov a Topo\u013e\u010dany. Kontraindik\u00e1cie, Ako si tovar vzia\u0165, Indik\u00e1cie pre pou\u017eitie. K\u00fapte si Dietoll online.<\/p>\n","protected":false},"featured_media":6775,"comment_status":"open","ping_status":"closed","template":"","meta":{"site-sidebar-layout":"default","site-content-layout":"default","ast-site-content-layout":"default","site-content-style":"default","site-sidebar-style":"default","ast-global-header-display":"","ast-banner-title-visibility":"","ast-main-header-display":"","ast-hfb-above-header-display":"","ast-hfb-below-header-display":"","ast-hfb-mobile-header-display":"","site-post-title":"","ast-breadcrumbs-content":"","ast-featured-img":"","footer-sml-layout":"","ast-disable-related-posts":"","theme-transparent-header-meta":"default","adv-header-id-meta":"","stick-header-meta":"","header-above-stick-meta":"","header-main-stick-meta":"","header-below-stick-meta":"","astra-migrate-meta-layouts":"default","ast-page-background-enabled":"default","ast-page-background-meta":{"desktop":{"background-color":"","background-image":"","background-repeat":"repeat","background-position":"center center","background-size":"auto","background-attachment":"scroll","background-type":"","background-media":"","overlay-type":"","overlay-color":"","overlay-opacity":"","overlay-gradient":""},"tablet":{"background-color":"","background-image":"","background-repeat":"repeat","background-position":"center center","background-size":"auto","background-attachment":"scroll","background-type":"","background-media":"","overlay-type":"","overlay-color":"","overlay-opacity":"","overlay-gradient":""},"mobile":{"background-color":"","background-image":"","background-repeat":"repeat","background-position":"center center","background-size":"auto","background-attachment":"scroll","background-type":"","background-media":"","overlay-type":"","overlay-color":"","overlay-opacity":"","overlay-gradient":""}},"ast-content-background-meta":{"desktop":{"background-color":"var(--ast-global-color-5)","background-image":"","background-repeat":"repeat","background-position":"center center","background-size":"auto","background-attachment":"scroll","background-type":"","background-media":"","overlay-type":"","overlay-color":"","overlay-opacity":"","overlay-gradient":""},"tablet":{"background-color":"var(--ast-global-color-5)","background-image":"","background-repeat":"repeat","background-position":"center center","background-size":"auto","background-attachment":"scroll","background-type":"","background-media":"","overlay-type":"","overlay-color":"","overlay-opacity":"","overlay-gradient":""},"mobile":{"background-color":"var(--ast-global-color-5)","background-image":"","background-repeat":"repeat","background-position":"center center","background-size":"auto","background-attachment":"scroll","background-type":"","background-media":"","overlay-type":"","overlay-color":"","overlay-opacity":"","overlay-gradient":""}}},"product_brand":[],"product_cat":[39],"product_tag":[],"class_list":{"0":"post-6597","1":"product","2":"type-product","3":"status-publish","4":"has-post-thumbnail","6":"product_cat-na-chudnutie","7":"desktop-align-left","8":"tablet-align-left","9":"mobile-align-left","11":"first","12":"instock","13":"sale","14":"taxable","15":"shipping-taxable","16":"purchasable","17":"product-type-simple"},"_links":{"self":[{"href":"https:\/\/wellness4you.cz\/sk\/wp-json\/wp\/v2\/product\/6597","targetHints":{"allow":["GET"]}}],"collection":[{"href":"https:\/\/wellness4you.cz\/sk\/wp-json\/wp\/v2\/product"}],"about":[{"href":"https:\/\/wellness4you.cz\/sk\/wp-json\/wp\/v2\/types\/product"}],"replies":[{"embeddable":true,"href":"https:\/\/wellness4you.cz\/sk\/wp-json\/wp\/v2\/comments?post=6597"}],"wp:featuredmedia":[{"embeddable":true,"href":"https:\/\/wellness4you.cz\/sk\/wp-json\/wp\/v2\/media\/6775"}],"wp:attachment":[{"href":"https:\/\/wellness4you.cz\/sk\/wp-json\/wp\/v2\/media?parent=6597"}],"wp:term":[{"taxonomy":"product_brand","embeddable":true,"href":"https:\/\/wellness4you.cz\/sk\/wp-json\/wp\/v2\/product_brand?post=6597"},{"taxonomy":"product_cat","embeddable":true,"href":"https:\/\/wellness4you.cz\/sk\/wp-json\/wp\/v2\/product_cat?post=6597"},{"taxonomy":"product_tag","embeddable":true,"href":"https:\/\/wellness4you.cz\/sk\/wp-json\/wp\/v2\/product_tag?post=6597"}],"curies":[{"name":"wp","href":"https:\/\/api.w.org\/{rel}","templated":true}]}}