{"id":6596,"date":"2023-01-15T04:11:48","date_gmt":"2023-01-15T03:11:48","guid":{"rendered":"https:\/\/wellness4you.cz\/sk\/?post_type=product&#038;p=6596"},"modified":"2026-01-16T14:50:03","modified_gmt":"2026-01-16T13:50:03","slug":"depanten","status":"publish","type":"product","link":"https:\/\/wellness4you.cz\/sk\/depanten\/","title":{"rendered":"Depanten"},"content":{"rendered":"<h2>Depanten, pr\u00edpravok proti artrit\u00edde, je inovat\u00edvne a pohodln\u00e9 rie\u0161enie bolesti a stuhnutosti k\u013abov.<\/h2>\n<p>\u010ci u\u017e m\u00e1te probl\u00e9my s chronickou boles\u0165ou alebo len s ob\u010dasnou stuhnutos\u0165ou, Depanten v\u00e1m m\u00f4\u017ee poskytn\u00fa\u0165 z\u00e1sadn\u00fa \u00fa\u013eavu a pohodlie, ktor\u00e9 si zasl\u00fa\u017eite.\u00a0Tento \u0161pi\u010dkov\u00fd v\u00fdrobok obsahuje pr\u00edrodn\u00e9 zlo\u017eky, ako je olej z tre\u0161\u010dej pe\u010dene a morsk\u00fd kolag\u00e9n, ktor\u00e9 obsahuj\u00fa siln\u00e9 protiz\u00e1palov\u00e9 vlastnosti. U\u017e\u00edvajte jednu kapsulu denne a r\u00fdchlo poc\u00edtite zmenu vo svojich k\u013aboch; v\u00e4\u010d\u0161\u00ed rozsah pohybu a trval\u00fd komfort. Pri dlhodobom u\u017e\u00edvan\u00ed sa pr\u00edznaky artrit\u00eddy stan\u00fa minulos\u0165ou, preto\u017ee budete na\u010falej poci\u0165ova\u0165 v\u0161etky zdravotn\u00e9 v\u00fdhody, ktor\u00e9 Depanten poskytuje.<\/p>\n<p>Okrem zlep\u0161enia funk\u010dnosti k\u013abov Depanten pon\u00faka aj podporu kardiovaskul\u00e1rneho syst\u00e9mu, podporu zdravia mozgu a udr\u017eanie hustoty kost\u00ed. \u013dahko dostupn\u00fd prostredn\u00edctvom na\u0161ej webovej str\u00e1nky pon\u00fakame doru\u010denie nasleduj\u00faci de\u0148 a navy\u0161e aj tla\u010den\u00e9 pr\u00edru\u010dky s informat\u00edvnymi sprievodcami o v\u0161etkom, od podrobnost\u00ed o produkte a\u017e po u\u017eito\u010dn\u00e9 tipy na zn\u00ed\u017eenie bolesti k\u013abov v ka\u017edodennom \u017eivote.<\/p>\n<h2>Dokazujeme, \u017ee pevne stoj\u00edme za v\u00fdsledkami n\u00e1\u0161ho produktu, \u010d\u00edm zabezpe\u010dujeme, \u017ee v\u0161etci pou\u017e\u00edvatelia s\u00fa \u00faplne spokojn\u00ed s jeho v\u00fdkonom.<\/h2>\n<p>Tak pre\u010do \u010daka\u0165?\u00a0Pridajte sa k tis\u00edcom sk\u00fasen\u00fdch pou\u017e\u00edvate\u013eov na celom svete, ktor\u00ed z\u00edskavaj\u00fa presn\u00fa \u00fa\u013eavu pr\u00e1ve tam, kde ju najviac potrebuj\u00fa &#8211; s Depantenom!<\/p>\n<p>Trp\u00edte artrit\u00eddou a str\u00e1vili ste nespo\u010detn\u00e9 hodiny h\u013eadan\u00edm \u00fa\u013eavy? U\u017e neh\u013eadajte \u010falej! Depanten je tu, aby v\u00e1s zachr\u00e1nil! V\u010faka svojmu inovat\u00edvnemu zlo\u017eeniu sa Depanten dost\u00e1va priamo k zdroju va\u0161ej bolesti a prenik\u00e1 hlboko do va\u0161ich k\u013abov. Navy\u0161e sa nemus\u00edte objedn\u00e1va\u0165 k lek\u00e1rovi &#8211; sta\u010d\u00ed u\u017e\u00edva\u0165 jednu kapsulu denne a v okamihu budete op\u00e4\u0165 v pohode! Nedovo\u013ete, aby v\u00e1m artrit\u00edda zabr\u00e1nila \u017ei\u0165 naplno. Nechajte Depanten, aby sa stal va\u0161ou novou vo\u013ebou pre cenovo dostupn\u00fa a kvalitn\u00fa lie\u010dbu, ktor\u00e1 v\u00e1s op\u00e4\u0165 rozh\u00fdbe.<\/p>\n","protected":false},"excerpt":{"rendered":"<p>Depanten, pr\u00edpravok proti artrit\u00edde, je inovat\u00edvne a pohodln\u00e9 rie\u0161enie bolesti a stuhnutosti k\u013abov. K\u00fapi\u0165 Depanten v Slovenskej Republike za v\u00fdhodn\u00fa cenu. Cena. Hodnotenie. Kde k\u00fapi\u0165. Doru\u010denie na celom Slovensku: Nitra, \u017dilina, Pre\u0161ov, Ko\u0161ice, Bratislava, Zvolen, Prievidza, Poprad, Martin, Tren\u010d\u00edn, Trnava, Bansk\u00e1 Bystrica, Trebi\u0161ov, Topo\u013e\u010dany a Pezinok. Ako si tovar vzia\u0165, Indik\u00e1cie pre pou\u017eitie, Kontraindik\u00e1cie. K\u00fapte si Depanten online.<\/p>\n","protected":false},"featured_media":6773,"comment_status":"open","ping_status":"closed","template":"","meta":{"site-sidebar-layout":"default","site-content-layout":"default","ast-site-content-layout":"default","site-content-style":"default","site-sidebar-style":"default","ast-global-header-display":"","ast-banner-title-visibility":"","ast-main-header-display":"","ast-hfb-above-header-display":"","ast-hfb-below-header-display":"","ast-hfb-mobile-header-display":"","site-post-title":"","ast-breadcrumbs-content":"","ast-featured-img":"","footer-sml-layout":"","ast-disable-related-posts":"","theme-transparent-header-meta":"default","adv-header-id-meta":"","stick-header-meta":"","header-above-stick-meta":"","header-main-stick-meta":"","header-below-stick-meta":"","astra-migrate-meta-layouts":"set","ast-page-background-enabled":"default","ast-page-background-meta":{"desktop":{"background-color":"","background-image":"","background-repeat":"repeat","background-position":"center center","background-size":"auto","background-attachment":"scroll","background-type":"","background-media":"","overlay-type":"","overlay-color":"","overlay-opacity":"","overlay-gradient":""},"tablet":{"background-color":"","background-image":"","background-repeat":"repeat","background-position":"center center","background-size":"auto","background-attachment":"scroll","background-type":"","background-media":"","overlay-type":"","overlay-color":"","overlay-opacity":"","overlay-gradient":""},"mobile":{"background-color":"","background-image":"","background-repeat":"repeat","background-position":"center center","background-size":"auto","background-attachment":"scroll","background-type":"","background-media":"","overlay-type":"","overlay-color":"","overlay-opacity":"","overlay-gradient":""}},"ast-content-background-meta":{"desktop":{"background-color":"var(--ast-global-color-5)","background-image":"","background-repeat":"repeat","background-position":"center center","background-size":"auto","background-attachment":"scroll","background-type":"","background-media":"","overlay-type":"","overlay-color":"","overlay-opacity":"","overlay-gradient":""},"tablet":{"background-color":"var(--ast-global-color-5)","background-image":"","background-repeat":"repeat","background-position":"center center","background-size":"auto","background-attachment":"scroll","background-type":"","background-media":"","overlay-type":"","overlay-color":"","overlay-opacity":"","overlay-gradient":""},"mobile":{"background-color":"var(--ast-global-color-5)","background-image":"","background-repeat":"repeat","background-position":"center center","background-size":"auto","background-attachment":"scroll","background-type":"","background-media":"","overlay-type":"","overlay-color":"","overlay-opacity":"","overlay-gradient":""}}},"product_brand":[],"product_cat":[41],"product_tag":[],"class_list":{"0":"post-6596","1":"product","2":"type-product","3":"status-publish","4":"has-post-thumbnail","6":"product_cat-produkty-pre-zdravie","7":"desktop-align-left","8":"tablet-align-left","9":"mobile-align-left","11":"first","12":"instock","13":"sale","14":"taxable","15":"shipping-taxable","16":"purchasable","17":"product-type-simple"},"_links":{"self":[{"href":"https:\/\/wellness4you.cz\/sk\/wp-json\/wp\/v2\/product\/6596","targetHints":{"allow":["GET"]}}],"collection":[{"href":"https:\/\/wellness4you.cz\/sk\/wp-json\/wp\/v2\/product"}],"about":[{"href":"https:\/\/wellness4you.cz\/sk\/wp-json\/wp\/v2\/types\/product"}],"replies":[{"embeddable":true,"href":"https:\/\/wellness4you.cz\/sk\/wp-json\/wp\/v2\/comments?post=6596"}],"wp:featuredmedia":[{"embeddable":true,"href":"https:\/\/wellness4you.cz\/sk\/wp-json\/wp\/v2\/media\/6773"}],"wp:attachment":[{"href":"https:\/\/wellness4you.cz\/sk\/wp-json\/wp\/v2\/media?parent=6596"}],"wp:term":[{"taxonomy":"product_brand","embeddable":true,"href":"https:\/\/wellness4you.cz\/sk\/wp-json\/wp\/v2\/product_brand?post=6596"},{"taxonomy":"product_cat","embeddable":true,"href":"https:\/\/wellness4you.cz\/sk\/wp-json\/wp\/v2\/product_cat?post=6596"},{"taxonomy":"product_tag","embeddable":true,"href":"https:\/\/wellness4you.cz\/sk\/wp-json\/wp\/v2\/product_tag?post=6596"}],"curies":[{"name":"wp","href":"https:\/\/api.w.org\/{rel}","templated":true}]}}