{"id":6594,"date":"2023-01-15T04:11:47","date_gmt":"2023-01-15T03:11:47","guid":{"rendered":"https:\/\/wellness4you.cz\/sk\/?post_type=product&#038;p=6594"},"modified":"2026-01-08T22:52:33","modified_gmt":"2026-01-08T21:52:33","slug":"clean-forte","status":"publish","type":"product","link":"https:\/\/wellness4you.cz\/sk\/clean-forte\/","title":{"rendered":"Clean Forte"},"content":{"rendered":"<h2>Clean Forte je rie\u0161enie proti parazitom, ktor\u00e9 stanovuje nov\u00fd \u0161tandard bezpe\u010dnej a prirodzenej hygieny.<\/h2>\n<p>Vyvinuli sme patentovan\u00fa recept\u00faru tox\u00ednov a pestic\u00eddov, ktor\u00e1 je 100 % veg\u00e1nska, organick\u00e1. Tento v\u00fdrobok je navrhnut\u00fd tak, aby r\u00fdchlo a \u00fa\u010dinne bojoval proti parazitom.\u00a0Na\u0161a jedine\u010dn\u00e1 zmes zlo\u017eiek je vytvoren\u00e1 tak, aby p\u00f4sobila na v\u0161etky be\u017en\u00e9 parazity. Clean Forte bol nez\u00e1visle testovan\u00fd v mnoh\u00fdch scen\u00e1roch s preuk\u00e1zan\u00fdm \u00faspechom vo vn\u00fatornom aj vonkaj\u0161om prostred\u00ed. Clean Forte je nielen neuverite\u013ene \u00fa\u010dinn\u00fd, ale aj neuverite\u013ene jednoduch\u00fd na pou\u017eitie! Sta\u010d\u00ed aplikova\u0165 v\u00fdrobok pod\u013ea pokynov uveden\u00fdch na na\u0161om obale &#8211; je to jednoduch\u00fd trojstup\u0148ov\u00fd proces!<\/p>\n<p>Je dokonal\u00fdm rie\u0161en\u00edm, ako zbavi\u0165 v\u00e1\u0161ho dom\u00e1ceho mil\u00e1\u010dika nepr\u00edjemn\u00fdch parazitov, ako s\u00fa blchy, klie\u0161te a \u010dervy. Je vedecky vyvinut\u00fd z pr\u00edrodn\u00fdch zlo\u017eiek, ktor\u00e9 s\u00fa preuk\u00e1zate\u013ene bezpe\u010dn\u00e9 a \u00fa\u010dinn\u00e9 proti t\u00fdmto chrob\u00e1kom. Pri pravidelnom pou\u017e\u00edvan\u00ed Clean Forte pom\u00e1ha udr\u017eiava\u0165 v\u00e1\u0161ho milovan\u00e9ho dom\u00e1ceho mil\u00e1\u010dika zdrav\u00e9ho a \u0161\u0165astn\u00e9ho t\u00fdm, \u017ee poskytuje cielen\u00fa lie\u010dbu na boj proti v\u0161etk\u00fdm \u0161kodcom.<\/p>\n<h2>A \u010do je na tom najlep\u0161ie? Tento pr\u00edrodn\u00fd pr\u00edpravok proti parazitom nezah\u0155\u0148a \u017eiadne drsn\u00e9 chemik\u00e1lie ani z\u00e1pach.<\/h2>\n<p>CleanForte bude \u00fa\u010dinne a bezpe\u010dne p\u00f4sobi\u0165 pri odstra\u0148ovan\u00ed t\u00fdchto \u0161kodcov. Vyberte si \u010distej\u0161ie, ekologickej\u0161ie rie\u0161enie s Clean Forte, aby ste udr\u017eali ko\u017eu v\u00e1\u0161ho dom\u00e1ceho mazn\u00e1\u010dika \u010dist\u00fa a bez parazitov a z\u00e1rove\u0148 zn\u00ed\u017eili ak\u00e9ko\u013evek rizik\u00e1 vystavenia, ktor\u00e9 s\u00fa be\u017en\u00e9 pri pou\u017e\u00edvan\u00ed pestic\u00eddnych sprejov!<\/p>\n<p>Nebolo by skvel\u00e9 kone\u010dne sa zbavi\u0165 t\u00fdch nepr\u00edjemn\u00fdch mal\u00fdch potvoriek zo srsti v\u00e1\u0161ho chlpat\u00e9ho priate\u013ea? S pr\u00edpravkom Clean Forte to m\u00f4\u017eete urobi\u0165! Tento pr\u00edrodn\u00fd antiparazitn\u00fd pr\u00edpravok vyu\u017e\u00edva vedecky vyvinut\u00e9 zlo\u017eky, ktor\u00e9 s\u00fa preuk\u00e1zate\u013ene bezpe\u010dn\u00e9 a \u00fa\u010dinn\u00e9 pri zbavovan\u00ed v\u00e1\u0161ho dom\u00e1ceho mazn\u00e1\u010dika b\u013ach, klie\u0161\u0165ov, \u010dervov a in\u00fdch \u0161kodcov. Zbavte sa t\u00fdchto otravn\u00fdch potvor e\u0161te dnes pomocou \u013eahko pou\u017eite\u013en\u00e9ho pr\u00edpravku v\u00e1m umo\u017en\u00ed udr\u017ea\u0165 v\u00e1\u0161ho dom\u00e1ceho mil\u00e1\u010dika zdrav\u00e9ho a \u0161\u0165astn\u00e9ho a z\u00e1rove\u0148 zn\u00ed\u017ei\u0165 riziko vystavenia spojen\u00e9 s tradi\u010dn\u00fdm o\u0161etren\u00edm!<\/p>\n<p>Ke\u010f ide o udr\u017eiavanie zdrav\u00e9ho domova alebo kancel\u00e1rie, pre\u010do riskova\u0165? Bojujte, likvidujte A predch\u00e1dzajte otravn\u00fdm parazitom e\u0161te dnes &#8211; \u00faplne pr\u00edrodn\u00e9 rie\u0161enie pre bezpe\u010dn\u00e9 b\u00fdvanie bez host\u00ed, ktor\u00fdch nechcete!<\/p>\n","protected":false},"excerpt":{"rendered":"<p>Clean Forte je rie\u0161enie proti parazitom, ktor\u00e9 stanovuje nov\u00fd \u0161tandard bezpe\u010dnej a prirodzenej hygieny.\u00a0K\u00fapi\u0165 Clean Forte v Slovenskej Republike za v\u00fdhodn\u00fa cenu. Kde k\u00fapi\u0165. Cena. Hodnotenie. Doru\u010denie na celom Slovensku: Pre\u0161ov, Ko\u0161ice, Bratislava, Zvolen, Prievidza, Poprad, Martin, Tren\u010d\u00edn, Trnava, Bansk\u00e1 Bystrica, Nitra, \u017dilina, Pezinok, Lu\u010denec a Ru\u017eomberok. Kontraindik\u00e1cie, Ako si tovar vzia\u0165, Indik\u00e1cie pre pou\u017eitie. K\u00fapte si Cleanforte online.<\/p>\n","protected":false},"featured_media":6770,"comment_status":"open","ping_status":"closed","template":"","meta":{"site-sidebar-layout":"default","site-content-layout":"default","ast-site-content-layout":"default","site-content-style":"default","site-sidebar-style":"default","ast-global-header-display":"","ast-banner-title-visibility":"","ast-main-header-display":"","ast-hfb-above-header-display":"","ast-hfb-below-header-display":"","ast-hfb-mobile-header-display":"","site-post-title":"","ast-breadcrumbs-content":"","ast-featured-img":"","footer-sml-layout":"","ast-disable-related-posts":"","theme-transparent-header-meta":"default","adv-header-id-meta":"","stick-header-meta":"","header-above-stick-meta":"","header-main-stick-meta":"","header-below-stick-meta":"","astra-migrate-meta-layouts":"default","ast-page-background-enabled":"default","ast-page-background-meta":{"desktop":{"background-color":"","background-image":"","background-repeat":"repeat","background-position":"center center","background-size":"auto","background-attachment":"scroll","background-type":"","background-media":"","overlay-type":"","overlay-color":"","overlay-opacity":"","overlay-gradient":""},"tablet":{"background-color":"","background-image":"","background-repeat":"repeat","background-position":"center center","background-size":"auto","background-attachment":"scroll","background-type":"","background-media":"","overlay-type":"","overlay-color":"","overlay-opacity":"","overlay-gradient":""},"mobile":{"background-color":"","background-image":"","background-repeat":"repeat","background-position":"center center","background-size":"auto","background-attachment":"scroll","background-type":"","background-media":"","overlay-type":"","overlay-color":"","overlay-opacity":"","overlay-gradient":""}},"ast-content-background-meta":{"desktop":{"background-color":"var(--ast-global-color-5)","background-image":"","background-repeat":"repeat","background-position":"center center","background-size":"auto","background-attachment":"scroll","background-type":"","background-media":"","overlay-type":"","overlay-color":"","overlay-opacity":"","overlay-gradient":""},"tablet":{"background-color":"var(--ast-global-color-5)","background-image":"","background-repeat":"repeat","background-position":"center center","background-size":"auto","background-attachment":"scroll","background-type":"","background-media":"","overlay-type":"","overlay-color":"","overlay-opacity":"","overlay-gradient":""},"mobile":{"background-color":"var(--ast-global-color-5)","background-image":"","background-repeat":"repeat","background-position":"center center","background-size":"auto","background-attachment":"scroll","background-type":"","background-media":"","overlay-type":"","overlay-color":"","overlay-opacity":"","overlay-gradient":""}}},"product_brand":[],"product_cat":[41],"product_tag":[],"class_list":{"0":"post-6594","1":"product","2":"type-product","3":"status-publish","4":"has-post-thumbnail","6":"product_cat-produkty-pre-zdravie","7":"desktop-align-left","8":"tablet-align-left","9":"mobile-align-left","11":"first","12":"instock","13":"taxable","14":"shipping-taxable","15":"purchasable","16":"product-type-simple"},"_links":{"self":[{"href":"https:\/\/wellness4you.cz\/sk\/wp-json\/wp\/v2\/product\/6594","targetHints":{"allow":["GET"]}}],"collection":[{"href":"https:\/\/wellness4you.cz\/sk\/wp-json\/wp\/v2\/product"}],"about":[{"href":"https:\/\/wellness4you.cz\/sk\/wp-json\/wp\/v2\/types\/product"}],"replies":[{"embeddable":true,"href":"https:\/\/wellness4you.cz\/sk\/wp-json\/wp\/v2\/comments?post=6594"}],"wp:featuredmedia":[{"embeddable":true,"href":"https:\/\/wellness4you.cz\/sk\/wp-json\/wp\/v2\/media\/6770"}],"wp:attachment":[{"href":"https:\/\/wellness4you.cz\/sk\/wp-json\/wp\/v2\/media?parent=6594"}],"wp:term":[{"taxonomy":"product_brand","embeddable":true,"href":"https:\/\/wellness4you.cz\/sk\/wp-json\/wp\/v2\/product_brand?post=6594"},{"taxonomy":"product_cat","embeddable":true,"href":"https:\/\/wellness4you.cz\/sk\/wp-json\/wp\/v2\/product_cat?post=6594"},{"taxonomy":"product_tag","embeddable":true,"href":"https:\/\/wellness4you.cz\/sk\/wp-json\/wp\/v2\/product_tag?post=6594"}],"curies":[{"name":"wp","href":"https:\/\/api.w.org\/{rel}","templated":true}]}}