{"id":6592,"date":"2023-01-15T04:11:46","date_gmt":"2023-01-15T03:11:46","guid":{"rendered":"https:\/\/wellness4you.cz\/sk\/?post_type=product&#038;p=6592"},"modified":"2026-01-08T22:52:34","modified_gmt":"2026-01-08T21:52:34","slug":"cannabis-oil","status":"publish","type":"product","link":"https:\/\/wellness4you.cz\/sk\/cannabis-oil\/","title":{"rendered":"Cannabis Oil"},"content":{"rendered":"<p>Cannabis Oil pom\u00e1ha telu z\u00edska\u0165 energiu z tukov namiesto gluk\u00f3zy. Ke\u010f telo prestane prij\u00edma\u0165 energiu zo sacharidov, po 7\u201314 d\u0148och sa aktivuje premena tukov na energiu.<\/p>\n<p>Di\u00e9ty bez sacharidov s\u00fa pre mnoh\u00fdch \u013eud\u00ed n\u00e1ro\u010dn\u00e9. S t\u00fdmto doplnkom m\u00f4\u017eete za\u010da\u0165 tento proces bez n\u00e1mahy. Produkt zabezpe\u010d\u00ed pr\u00edjem potrebn\u00fdch telies, \u010do pom\u00f4\u017ee zbavi\u0165 sa nadbyto\u010dn\u00e9ho tuku.<\/p>\n<h2>V\u00fdhody Cannabis Oil<\/h2>\n<ul>\n<li>Dosa\u017eenie stavu obvykle trv\u00e1 7 a\u017e 14 dn\u00ed. Pou\u017eit\u00edm len jednej kapsule sa tento \u010das skr\u00e1ti na 40-50 min\u00fat, po\u010das ktor\u00fdch za\u010dne premena tukov na energiu.<\/li>\n<li>Sta\u010d\u00ed u\u017e\u00edva\u0165 denne a m\u00f4\u017eete strati\u0165 a\u017e 10\u201315 kg nadv\u00e1hy za mesiac!<\/li>\n<\/ul>\n<h3>Etapy chudnutia<\/h3>\n<ol>\n<li>Produkt umo\u017e\u0148uje spa\u013eova\u0165 \u0165a\u017eko pr\u00edstupn\u00fd tuk pri zachovan\u00ed svalovej hmoty. Zni\u017euje pr\u00edjem sacharidov, stabilizuje v\u00e1hu a br\u00e1ni n\u00e1vratu straten\u00fdch kilogramov.<\/li>\n<li>Ur\u00fdch\u013euje metabolizmus, zni\u017euje chu\u0165 do jedla a priamo \u00fato\u010d\u00ed na tukov\u00e9 z\u00e1soby!<\/li>\n<\/ol>\n<h4>N\u00e1zor odborn\u00edka<\/h4>\n<p>Pavel \u010cech, slovensk\u00fd dietol\u00f3g a \u0161pecialista na spr\u00e1vnu v\u00fd\u017eivu s 30-ro\u010dnou praxou, odpor\u00fa\u010da tento v\u00fd\u017eivov\u00fd doplnok na podporu tela pri di\u00e9te. Doplnok obohacuje telo o potrebn\u00e9 prvky, potl\u00e1\u010da hlad, odstra\u0148uje \u00fanavu a \u00fazkos\u0165. Poskytuje zdrav\u00e9 a prirodzen\u00e9 chudnutie bez ochabnutia poko\u017eky.<\/p>\n<p>Produkt ur\u00fdch\u013euje prechod tela do stavu a pom\u00e1ha pri premene tukov na energiu.<\/p>\n<h4>Pripojte sa k tis\u00edcom spokojn\u00fdch z\u00e1kazn\u00edkov!<\/h4>\n<p>Je \u010das zbavi\u0165 sa komplexov s t\u00fdmto revolu\u010dn\u00fdm doplnkom!<\/p>\n","protected":false},"excerpt":{"rendered":"<p>Bezpe\u010dn\u00e9 a efekt\u00edvne chudnutie s Cannabis Oil. Tento revolu\u010dn\u00fd doplnok pom\u00e1ha ur\u00fdchli\u0165 metabolizmus, spa\u013eova\u0165 tuky a zni\u017eova\u0165 chu\u0165 do jedla.<\/p>\n","protected":false},"featured_media":6766,"comment_status":"open","ping_status":"closed","template":"","meta":{"site-sidebar-layout":"default","site-content-layout":"default","ast-site-content-layout":"default","site-content-style":"default","site-sidebar-style":"default","ast-global-header-display":"","ast-banner-title-visibility":"","ast-main-header-display":"","ast-hfb-above-header-display":"","ast-hfb-below-header-display":"","ast-hfb-mobile-header-display":"","site-post-title":"","ast-breadcrumbs-content":"","ast-featured-img":"","footer-sml-layout":"","ast-disable-related-posts":"","theme-transparent-header-meta":"default","adv-header-id-meta":"","stick-header-meta":"","header-above-stick-meta":"","header-main-stick-meta":"","header-below-stick-meta":"","astra-migrate-meta-layouts":"set","ast-page-background-enabled":"default","ast-page-background-meta":{"desktop":{"background-color":"","background-image":"","background-repeat":"repeat","background-position":"center center","background-size":"auto","background-attachment":"scroll","background-type":"","background-media":"","overlay-type":"","overlay-color":"","overlay-opacity":"","overlay-gradient":""},"tablet":{"background-color":"","background-image":"","background-repeat":"repeat","background-position":"center center","background-size":"auto","background-attachment":"scroll","background-type":"","background-media":"","overlay-type":"","overlay-color":"","overlay-opacity":"","overlay-gradient":""},"mobile":{"background-color":"","background-image":"","background-repeat":"repeat","background-position":"center center","background-size":"auto","background-attachment":"scroll","background-type":"","background-media":"","overlay-type":"","overlay-color":"","overlay-opacity":"","overlay-gradient":""}},"ast-content-background-meta":{"desktop":{"background-color":"var(--ast-global-color-5)","background-image":"","background-repeat":"repeat","background-position":"center center","background-size":"auto","background-attachment":"scroll","background-type":"","background-media":"","overlay-type":"","overlay-color":"","overlay-opacity":"","overlay-gradient":""},"tablet":{"background-color":"var(--ast-global-color-5)","background-image":"","background-repeat":"repeat","background-position":"center center","background-size":"auto","background-attachment":"scroll","background-type":"","background-media":"","overlay-type":"","overlay-color":"","overlay-opacity":"","overlay-gradient":""},"mobile":{"background-color":"var(--ast-global-color-5)","background-image":"","background-repeat":"repeat","background-position":"center center","background-size":"auto","background-attachment":"scroll","background-type":"","background-media":"","overlay-type":"","overlay-color":"","overlay-opacity":"","overlay-gradient":""}}},"product_brand":[],"product_cat":[39],"product_tag":[],"class_list":{"0":"post-6592","1":"product","2":"type-product","3":"status-publish","4":"has-post-thumbnail","6":"product_cat-na-chudnutie","7":"desktop-align-left","8":"tablet-align-left","9":"mobile-align-left","11":"first","12":"instock","13":"sale","14":"taxable","15":"shipping-taxable","16":"purchasable","17":"product-type-simple"},"_links":{"self":[{"href":"https:\/\/wellness4you.cz\/sk\/wp-json\/wp\/v2\/product\/6592","targetHints":{"allow":["GET"]}}],"collection":[{"href":"https:\/\/wellness4you.cz\/sk\/wp-json\/wp\/v2\/product"}],"about":[{"href":"https:\/\/wellness4you.cz\/sk\/wp-json\/wp\/v2\/types\/product"}],"replies":[{"embeddable":true,"href":"https:\/\/wellness4you.cz\/sk\/wp-json\/wp\/v2\/comments?post=6592"}],"wp:featuredmedia":[{"embeddable":true,"href":"https:\/\/wellness4you.cz\/sk\/wp-json\/wp\/v2\/media\/6766"}],"wp:attachment":[{"href":"https:\/\/wellness4you.cz\/sk\/wp-json\/wp\/v2\/media?parent=6592"}],"wp:term":[{"taxonomy":"product_brand","embeddable":true,"href":"https:\/\/wellness4you.cz\/sk\/wp-json\/wp\/v2\/product_brand?post=6592"},{"taxonomy":"product_cat","embeddable":true,"href":"https:\/\/wellness4you.cz\/sk\/wp-json\/wp\/v2\/product_cat?post=6592"},{"taxonomy":"product_tag","embeddable":true,"href":"https:\/\/wellness4you.cz\/sk\/wp-json\/wp\/v2\/product_tag?post=6592"}],"curies":[{"name":"wp","href":"https:\/\/api.w.org\/{rel}","templated":true}]}}