{"id":6590,"date":"2023-01-15T04:11:45","date_gmt":"2023-01-15T03:11:45","guid":{"rendered":"https:\/\/wellness4you.cz\/sk\/?post_type=product&#038;p=6590"},"modified":"2026-01-08T22:52:33","modified_gmt":"2026-01-08T21:52:33","slug":"amarok","status":"publish","type":"product","link":"https:\/\/wellness4you.cz\/sk\/amarok\/","title":{"rendered":"Amarok"},"content":{"rendered":"<h2>Ste v\u00e1\u0161niv\u00fd \u0161portov\u00fd nad\u0161enec? Nedosahujete v\u00fdsledky, ktor\u00e9 si prajete od svojho s\u00fa\u010dasn\u00e9ho doplnkov\u00e9ho programu?<\/h2>\n<p>Ak \u00e1no, Amarok m\u00f4\u017ee by\u0165 pr\u00e1ve to, \u010do potrebujete pre lep\u0161\u00ed v\u00fdkon.<\/p>\n<p>Je univerz\u00e1lny doplnok stravy, ktor\u00fd p\u00f4sob\u00ed na zlep\u0161enie celkovej pohody \u0161portovca &#8211; psychickej aj fyzickej. Neobsahuje \u017eiadny pridan\u00fd cukor, umel\u00e9 farbiv\u00e1 ani ar\u00f3my, \u010do z neho rob\u00ed jeden z najprirodzenej\u0161\u00edch a naj\u00fa\u010dinnej\u0161\u00edch doplnkov na trhu. Pri pravidelnom u\u017e\u00edvan\u00ed pom\u00e1ha zvy\u0161ova\u0165 v\u00fdkonnos\u0165, zvy\u0161ova\u0165 \u00farove\u0148 vytrvalosti a podporova\u0165 celkov\u00e9 zdravie.<\/p>\n<p>Z produktu Amarok m\u00f4\u017eu profitova\u0165 nielen \u0161portovci! Ka\u017ed\u00fd, kto h\u013ead\u00e1 zv\u00fd\u0161en\u00fa energiu po\u010das svojich ka\u017edodenn\u00fdch \u00faloh, sa m\u00f4\u017ee podie\u013ea\u0165 na jeho pozit\u00edvnych \u00fa\u010dinkoch v kombin\u00e1cii so zdrav\u00fdm \u017eivotn\u00fdm \u0161t\u00fdlom a vyv\u00e1\u017eenou stravou. Ak teda h\u013ead\u00e1te spo\u013eahliv\u00fd doplnok, ktor\u00fd nesklame ani toho najn\u00e1ro\u010dnej\u0161ieho \u0161portovca alebo v\u00edkendov\u00e9ho bojovn\u00edka, neh\u013eadajte ni\u010d in\u00e9 ako Amarok!<\/p>\n<h2>Amarok &#8211; nov\u00fd doplnok stravy, ktor\u00fd zmen\u00ed v\u00e1\u0161 vzh\u013ead a pocit!<\/h2>\n<p>Amarok sa \u0161pecializuje na pomoc pri maximaliz\u00e1cii hladiny energie, ke\u010f ju najviac potrebujete. Kombin\u00e1ciou jedine\u010dnej zmesi vitam\u00ednov, miner\u00e1lov a pr\u00edrodn\u00fdch extraktov poskytuj\u00fa na\u0161e kapsuly vyv\u00e1\u017een\u00fa v\u00fd\u017eivov\u00fa d\u00e1vku, aby ste sa mohli s \u013eahkos\u0165ou a sebavedom\u00edm pusti\u0165 do akejko\u013evek \u00falohy.<\/p>\n<p>K\u013e\u00fa\u010dom k \u00faspechu produktu je patentovan\u00e1 zmes \u00fa\u010dinn\u00fdch zlo\u017eiek, ako je extrakt z kore\u0148a \u017een\u0161enu a guarany: byl\u00edn zn\u00e1mych svojou schopnos\u0165ou zvy\u0161ova\u0165 s\u00fastredenie a doda\u0165 intenz\u00edvny pr\u00edval energie. Navy\u0161e na\u0161a starostlivo vybran\u00e1 kombin\u00e1cia vitam\u00ednov pom\u00e1ha udr\u017eiava\u0165 va\u0161e bunky zdrav\u00e9 a z\u00e1rove\u0148 dod\u00e1va energiu po\u010das cel\u00e9ho d\u0148a. Nech u\u017e v\u00e1s \u010dakaj\u00fa ak\u00e9ko\u013evek aktivity &#8211; \u010di u\u017e je to pr\u00e1ca na pln\u00fd \u00fav\u00e4zok alebo pr\u00edle\u017eitostn\u00e9 cvi\u010denie &#8211; Amarok m\u00e1 pre v\u00e1s v\u0161etko!<\/p>\n<p>Tak pre\u010do \u010daka\u0165? Za\u010dnite u\u017e dnes podnika\u0165 kroky k tomu, aby ste boli produkt\u00edvnej\u0161\u00ed, v\u00fdkonnej\u0161\u00ed &#8211; a lep\u0161ie vyzerali! Vysk\u00fa\u0161ajte Amarok a za\u010dnite poci\u0165ova\u0165 rozdiel e\u0161te dnes.<\/p>\n","protected":false},"excerpt":{"rendered":"<p>Amarok &#8211; nov\u00fd doplnok stravy, ktor\u00fd zmen\u00ed v\u00e1\u0161 vzh\u013ead a pocit! K\u00fapi\u0165 Amarok v Slovenskej Republike za v\u00fdhodn\u00fa cenu. Cena. Hodnotenie. Kde k\u00fapi\u0165. Doru\u010denie na celom Slovensku: Prievidza, Poprad, Martin, Tren\u010d\u00edn, Trnava, Bansk\u00e1 Bystrica, Nitra, \u017dilina, Pre\u0161ov, Ko\u0161ice, Bratislava, Zvolen, Liptovsk\u00fd Mikul\u00e1\u0161, Bardejov a Humenn\u00e9. Indik\u00e1cie pre pou\u017eitie, Kontraindik\u00e1cie, Ako si tovar vzia\u0165. K\u00fapte si Amarok online.<\/p>\n","protected":false},"featured_media":6761,"comment_status":"open","ping_status":"closed","template":"","meta":{"site-sidebar-layout":"default","site-content-layout":"default","ast-site-content-layout":"default","site-content-style":"default","site-sidebar-style":"default","ast-global-header-display":"","ast-banner-title-visibility":"","ast-main-header-display":"","ast-hfb-above-header-display":"","ast-hfb-below-header-display":"","ast-hfb-mobile-header-display":"","site-post-title":"","ast-breadcrumbs-content":"","ast-featured-img":"","footer-sml-layout":"","ast-disable-related-posts":"","theme-transparent-header-meta":"default","adv-header-id-meta":"","stick-header-meta":"","header-above-stick-meta":"","header-main-stick-meta":"","header-below-stick-meta":"","astra-migrate-meta-layouts":"default","ast-page-background-enabled":"default","ast-page-background-meta":{"desktop":{"background-color":"","background-image":"","background-repeat":"repeat","background-position":"center center","background-size":"auto","background-attachment":"scroll","background-type":"","background-media":"","overlay-type":"","overlay-color":"","overlay-opacity":"","overlay-gradient":""},"tablet":{"background-color":"","background-image":"","background-repeat":"repeat","background-position":"center center","background-size":"auto","background-attachment":"scroll","background-type":"","background-media":"","overlay-type":"","overlay-color":"","overlay-opacity":"","overlay-gradient":""},"mobile":{"background-color":"","background-image":"","background-repeat":"repeat","background-position":"center center","background-size":"auto","background-attachment":"scroll","background-type":"","background-media":"","overlay-type":"","overlay-color":"","overlay-opacity":"","overlay-gradient":""}},"ast-content-background-meta":{"desktop":{"background-color":"var(--ast-global-color-5)","background-image":"","background-repeat":"repeat","background-position":"center center","background-size":"auto","background-attachment":"scroll","background-type":"","background-media":"","overlay-type":"","overlay-color":"","overlay-opacity":"","overlay-gradient":""},"tablet":{"background-color":"var(--ast-global-color-5)","background-image":"","background-repeat":"repeat","background-position":"center center","background-size":"auto","background-attachment":"scroll","background-type":"","background-media":"","overlay-type":"","overlay-color":"","overlay-opacity":"","overlay-gradient":""},"mobile":{"background-color":"var(--ast-global-color-5)","background-image":"","background-repeat":"repeat","background-position":"center center","background-size":"auto","background-attachment":"scroll","background-type":"","background-media":"","overlay-type":"","overlay-color":"","overlay-opacity":"","overlay-gradient":""}}},"product_brand":[],"product_cat":[40],"product_tag":[],"class_list":{"0":"post-6590","1":"product","2":"type-product","3":"status-publish","4":"has-post-thumbnail","6":"product_cat-produkty-pre-muzov","7":"desktop-align-left","8":"tablet-align-left","9":"mobile-align-left","11":"first","12":"instock","13":"sale","14":"taxable","15":"shipping-taxable","16":"purchasable","17":"product-type-simple"},"_links":{"self":[{"href":"https:\/\/wellness4you.cz\/sk\/wp-json\/wp\/v2\/product\/6590","targetHints":{"allow":["GET"]}}],"collection":[{"href":"https:\/\/wellness4you.cz\/sk\/wp-json\/wp\/v2\/product"}],"about":[{"href":"https:\/\/wellness4you.cz\/sk\/wp-json\/wp\/v2\/types\/product"}],"replies":[{"embeddable":true,"href":"https:\/\/wellness4you.cz\/sk\/wp-json\/wp\/v2\/comments?post=6590"}],"wp:featuredmedia":[{"embeddable":true,"href":"https:\/\/wellness4you.cz\/sk\/wp-json\/wp\/v2\/media\/6761"}],"wp:attachment":[{"href":"https:\/\/wellness4you.cz\/sk\/wp-json\/wp\/v2\/media?parent=6590"}],"wp:term":[{"taxonomy":"product_brand","embeddable":true,"href":"https:\/\/wellness4you.cz\/sk\/wp-json\/wp\/v2\/product_brand?post=6590"},{"taxonomy":"product_cat","embeddable":true,"href":"https:\/\/wellness4you.cz\/sk\/wp-json\/wp\/v2\/product_cat?post=6590"},{"taxonomy":"product_tag","embeddable":true,"href":"https:\/\/wellness4you.cz\/sk\/wp-json\/wp\/v2\/product_tag?post=6590"}],"curies":[{"name":"wp","href":"https:\/\/api.w.org\/{rel}","templated":true}]}}